{"id":5565,"date":"2023-10-04T16:09:41","date_gmt":"2023-10-04T20:09:41","guid":{"rendered":"https:\/\/dglawga.com\/?page_id=5565"},"modified":"2025-06-11T23:35:30","modified_gmt":"2025-06-12T04:35:30","slug":"maria-fernanda-quintal","status":"publish","type":"page","link":"https:\/\/dglawga.com\/es\/our-team\/maria-fernanda-quintal\/","title":{"rendered":"Mar\u00eda Fernanda Quintal"},"content":{"rendered":"<p>Idiomas: Ingl\u00e9s, Espa\u00f1ol, Portugu\u00e9s<\/p>\n<div dir=\"ltr\">\n<div dir=\"ltr\">\n<p>Mar\u00eda Fernanda Quintal, nativa de Venezuela, se embarc\u00f3 en un viaje que le cambiar\u00eda la vida a los Estados Unidos a la edad de 17 a\u00f1os. Su determinaci\u00f3n y dedicaci\u00f3n la llevaron a graduarse con una licenciatura en Comunicaciones y Cine.<\/p>\n<div>Impulsada por una profunda pasi\u00f3n por comprender y contribuir a su nuevo hogar, Mar\u00eda se sinti\u00f3 atra\u00edda por el mundo del derecho. Como inmigrante, estaba especialmente familiarizada con los desaf\u00edos que enfrentan quienes buscan una vida mejor en Estados Unidos. Esta conexi\u00f3n personal impuls\u00f3 su compromiso con el derecho migratorio.<\/div>\n<\/div>\n<div dir=\"ltr\">Hoy, Mar\u00eda Fernanda Quintal es una respetada recepcionista en Diaz &amp; Gaeta Law, donde combina su experiencia legal con un sincero deseo de ayudar a sus compatriotas inmigrantes. Su inspiradora historia ejemplifica el sue\u00f1o americano: una trayectoria de resiliencia y dedicaci\u00f3n en busca de un futuro mejor para ella y su familia.<\/div>\n<\/div>","protected":false},"excerpt":{"rendered":"<p>Languages: English, Spanish, Portuguese Maria Fernanda Quintal, a native of Venezuela, embarked on a life-changing journey to the United States at the age of 17. Her determination and dedication led her to graduate with a degree in Communications and Film. Driven by a deep-seated passion for understanding and contributing to her new home, Maria found [&hellip;]<\/p>\n","protected":false},"author":34,"featured_media":7184,"parent":3292,"menu_order":0,"comment_status":"closed","ping_status":"closed","template":"wp-custom-template-bio","meta":{"_acf_changed":false,"_themeisle_gutenberg_block_has_review":false,"footnotes":""},"categories":[4,50,52,51],"tags":[],"class_list":["post-5565","page","type-page","status-publish","has-post-thumbnail","hentry","category-atlanta-location","category-marietta-location","category-sandy-springs-location","category-smyrna-location"],"acf":[],"aioseo_notices":[],"_links":{"self":[{"href":"https:\/\/dglawga.com\/es\/wp-json\/wp\/v2\/pages\/5565","targetHints":{"allow":["GET"]}}],"collection":[{"href":"https:\/\/dglawga.com\/es\/wp-json\/wp\/v2\/pages"}],"about":[{"href":"https:\/\/dglawga.com\/es\/wp-json\/wp\/v2\/types\/page"}],"author":[{"embeddable":true,"href":"https:\/\/dglawga.com\/es\/wp-json\/wp\/v2\/users\/34"}],"replies":[{"embeddable":true,"href":"https:\/\/dglawga.com\/es\/wp-json\/wp\/v2\/comments?post=5565"}],"version-history":[{"count":6,"href":"https:\/\/dglawga.com\/es\/wp-json\/wp\/v2\/pages\/5565\/revisions"}],"predecessor-version":[{"id":5611,"href":"https:\/\/dglawga.com\/es\/wp-json\/wp\/v2\/pages\/5565\/revisions\/5611"}],"up":[{"embeddable":true,"href":"https:\/\/dglawga.com\/es\/wp-json\/wp\/v2\/pages\/3292"}],"wp:featuredmedia":[{"embeddable":true,"href":"https:\/\/dglawga.com\/es\/wp-json\/wp\/v2\/media\/7184"}],"wp:attachment":[{"href":"https:\/\/dglawga.com\/es\/wp-json\/wp\/v2\/media?parent=5565"}],"wp:term":[{"taxonomy":"category","embeddable":true,"href":"https:\/\/dglawga.com\/es\/wp-json\/wp\/v2\/categories?post=5565"},{"taxonomy":"post_tag","embeddable":true,"href":"https:\/\/dglawga.com\/es\/wp-json\/wp\/v2\/tags?post=5565"}],"curies":[{"name":"wp","href":"https:\/\/api.w.org\/{rel}","templated":true}]}}