{"id":5585,"date":"2023-10-04T20:36:51","date_gmt":"2023-10-05T00:36:51","guid":{"rendered":"https:\/\/dglawga.com\/?page_id=5585"},"modified":"2025-06-12T08:40:53","modified_gmt":"2025-06-12T13:40:53","slug":"denise-lane","status":"publish","type":"page","link":"https:\/\/dglawga.com\/es\/our-team\/denise-lane\/","title":{"rendered":"Denise Lane"},"content":{"rendered":"<p id=\"tw-target-text\" class=\"tw-data-text tw-text-large tw-ta\" dir=\"ltr\" data-placeholder=\"Tradu\u00e7\u00e3o\" data-ved=\"2ahUKEwjug4Pwzt2BAxWbnpUCHWtWClEQ3ewLegQICRAQ\"><span class=\"Y2IQFc\" lang=\"en\">Idiomas: ingl\u00e9s, portugu\u00e9s<\/span><\/p>\n<p><span class=\"m_-1167819037829319243contentpasted0\">Denise Lane es una profesional dedicada con una trayectoria \u00fanica y una pasi\u00f3n por crear entornos de oficina excepcionales. Nacida en Goiania, Goi\u00e1s, Brasil, Denise se mud\u00f3 a Estados Unidos a la edad de un a\u00f1o. Domina el portugu\u00e9s y el ingl\u00e9s, y aporta una perspectiva multicultural a su trabajo.\u00a0<\/span><u><\/u><u><\/u><\/p>\n<p><span class=\"m_-1167819037829319243contentpasted0\">Denise posee un talento extraordinario para tareas administrativas que otros podr\u00edan considerar desafiantes. Se esfuerza por organizar y optimizar las operaciones, lo que la convierte en un recurso invaluable para cualquier equipo. Su compromiso con el fomento de un ambiente de oficina positivo y productivo se refleja en su trabajo, garantizando que tanto el personal como los clientes disfruten de un ambiente acogedor.<\/span><u><\/u><u><\/u><\/p>\n<p><span class=\"m_-1167819037829319243contentpasted0\">Una de las motivaciones principales de Denise es su experiencia personal con las necesidades migratorias, lo que ha alimentado su pasi\u00f3n por trabajar en el \u00e1mbito legal. Su perspectiva \u00fanica y su dedicaci\u00f3n la convierten en un miembro valioso de nuestro equipo, dedicado a atender las necesidades de nuestra diversa clientela.<\/span><u><\/u><u><\/u><\/p>\n<p>En su tiempo libre, a Denise le gusta pasar tiempo con su esposo y su cachorro rescatado Lacey.<\/p>","protected":false},"excerpt":{"rendered":"<p>Languages: English, Portuguese Denise Lane is a dedicated professional with a unique background and a passion for creating exceptional office environments. Born in Goiania, Goi\u00e1s, Brazil, Denise made the United States her home at the age of one. Fluent in both Portuguese and English, she brings a multicultural perspective to her work.\u00a0 Denise possesses a [&hellip;]<\/p>\n","protected":false},"author":34,"featured_media":7211,"parent":3292,"menu_order":0,"comment_status":"closed","ping_status":"closed","template":"wp-custom-template-bio","meta":{"_acf_changed":false,"_themeisle_gutenberg_block_has_review":false,"footnotes":""},"categories":[4,50,52,51],"tags":[],"class_list":["post-5585","page","type-page","status-publish","has-post-thumbnail","hentry","category-atlanta-location","category-marietta-location","category-sandy-springs-location","category-smyrna-location"],"acf":[],"aioseo_notices":[],"_links":{"self":[{"href":"https:\/\/dglawga.com\/es\/wp-json\/wp\/v2\/pages\/5585","targetHints":{"allow":["GET"]}}],"collection":[{"href":"https:\/\/dglawga.com\/es\/wp-json\/wp\/v2\/pages"}],"about":[{"href":"https:\/\/dglawga.com\/es\/wp-json\/wp\/v2\/types\/page"}],"author":[{"embeddable":true,"href":"https:\/\/dglawga.com\/es\/wp-json\/wp\/v2\/users\/34"}],"replies":[{"embeddable":true,"href":"https:\/\/dglawga.com\/es\/wp-json\/wp\/v2\/comments?post=5585"}],"version-history":[{"count":4,"href":"https:\/\/dglawga.com\/es\/wp-json\/wp\/v2\/pages\/5585\/revisions"}],"predecessor-version":[{"id":5590,"href":"https:\/\/dglawga.com\/es\/wp-json\/wp\/v2\/pages\/5585\/revisions\/5590"}],"up":[{"embeddable":true,"href":"https:\/\/dglawga.com\/es\/wp-json\/wp\/v2\/pages\/3292"}],"wp:featuredmedia":[{"embeddable":true,"href":"https:\/\/dglawga.com\/es\/wp-json\/wp\/v2\/media\/7211"}],"wp:attachment":[{"href":"https:\/\/dglawga.com\/es\/wp-json\/wp\/v2\/media?parent=5585"}],"wp:term":[{"taxonomy":"category","embeddable":true,"href":"https:\/\/dglawga.com\/es\/wp-json\/wp\/v2\/categories?post=5585"},{"taxonomy":"post_tag","embeddable":true,"href":"https:\/\/dglawga.com\/es\/wp-json\/wp\/v2\/tags?post=5585"}],"curies":[{"name":"wp","href":"https:\/\/api.w.org\/{rel}","templated":true}]}}