{"id":5695,"date":"2023-11-09T20:15:48","date_gmt":"2023-11-10T01:15:48","guid":{"rendered":"https:\/\/dglawga.com\/?page_id=5695"},"modified":"2025-06-11T23:52:46","modified_gmt":"2025-06-12T04:52:46","slug":"bruna_passos","status":"publish","type":"page","link":"https:\/\/dglawga.com\/es\/our-team\/bruna_passos\/","title":{"rendered":"Bruna Passos"},"content":{"rendered":"<p>Idiomas: portugu\u00e9s, espa\u00f1ol e ingl\u00e9s<\/p>\n<p>Bruna Passos, abogada brasile\u00f1a, trae su experiencia legal a Estados Unidos despu\u00e9s de mudarse en 2022. A sus 25 a\u00f1os, es graduada de la Facultad de Derecho de Brasil y miembro registrada de la Ordem dos Advogados do Brasil, con el n\u00famero de registro OAB\/SC 63016.<\/p>\n<p>El compromiso profesional de Bruna es inquebrantable, marcado por su constante b\u00fasqueda de la superaci\u00f3n personal para mantenerse al d\u00eda con las novedades legales. Sus habilidades comunicativas le permiten interactuar eficazmente con clientes, colegas y diversos p\u00fablicos.<\/p>\n<p>Adem\u00e1s de su experiencia legal, Bruna siente un gran entusiasmo por explorar el mundo a trav\u00e9s de los viajes y el estudio de idiomas. Sus experiencias internacionales no solo ampl\u00edan su perspectiva, sino que tambi\u00e9n enriquecen su comprensi\u00f3n intercultural, lo que enriquece su pr\u00e1ctica legal. Su reciente traslado a Estados Unidos refleja su dedicaci\u00f3n a expandir sus horizontes legales a escala global.<\/p>\n<p>&nbsp;<\/p>\n<p>&nbsp;<\/p>","protected":false},"excerpt":{"rendered":"<p>Languages: Portuguese, Spanish and English Bruna Passos, a Brazilian attorney, brings her legal expertise to the United States after relocating in 2022. At 25 years old, she is a Law School graduate from Brazil and a registered member of the Ordem dos Advogados do Brasil, holding the registration number OAB\/SC 63016. Bruna&#8217;s professional commitment is [&hellip;]<\/p>\n","protected":false},"author":34,"featured_media":7192,"parent":3292,"menu_order":0,"comment_status":"closed","ping_status":"closed","template":"wp-custom-template-bio","meta":{"_acf_changed":false,"_themeisle_gutenberg_block_has_review":false,"footnotes":""},"categories":[4,52,51],"tags":[],"class_list":["post-5695","page","type-page","status-publish","has-post-thumbnail","hentry","category-atlanta-location","category-sandy-springs-location","category-smyrna-location"],"acf":[],"aioseo_notices":[],"_links":{"self":[{"href":"https:\/\/dglawga.com\/es\/wp-json\/wp\/v2\/pages\/5695","targetHints":{"allow":["GET"]}}],"collection":[{"href":"https:\/\/dglawga.com\/es\/wp-json\/wp\/v2\/pages"}],"about":[{"href":"https:\/\/dglawga.com\/es\/wp-json\/wp\/v2\/types\/page"}],"author":[{"embeddable":true,"href":"https:\/\/dglawga.com\/es\/wp-json\/wp\/v2\/users\/34"}],"replies":[{"embeddable":true,"href":"https:\/\/dglawga.com\/es\/wp-json\/wp\/v2\/comments?post=5695"}],"version-history":[{"count":4,"href":"https:\/\/dglawga.com\/es\/wp-json\/wp\/v2\/pages\/5695\/revisions"}],"predecessor-version":[{"id":5705,"href":"https:\/\/dglawga.com\/es\/wp-json\/wp\/v2\/pages\/5695\/revisions\/5705"}],"up":[{"embeddable":true,"href":"https:\/\/dglawga.com\/es\/wp-json\/wp\/v2\/pages\/3292"}],"wp:featuredmedia":[{"embeddable":true,"href":"https:\/\/dglawga.com\/es\/wp-json\/wp\/v2\/media\/7192"}],"wp:attachment":[{"href":"https:\/\/dglawga.com\/es\/wp-json\/wp\/v2\/media?parent=5695"}],"wp:term":[{"taxonomy":"category","embeddable":true,"href":"https:\/\/dglawga.com\/es\/wp-json\/wp\/v2\/categories?post=5695"},{"taxonomy":"post_tag","embeddable":true,"href":"https:\/\/dglawga.com\/es\/wp-json\/wp\/v2\/tags?post=5695"}],"curies":[{"name":"wp","href":"https:\/\/api.w.org\/{rel}","templated":true}]}}