{"id":5707,"date":"2023-11-21T12:22:41","date_gmt":"2023-11-21T17:22:41","guid":{"rendered":"https:\/\/dglawga.com\/?page_id=5707"},"modified":"2025-06-11T22:54:04","modified_gmt":"2025-06-12T03:54:04","slug":"loren_rodrigues_silva","status":"publish","type":"page","link":"https:\/\/dglawga.com\/es\/our-team\/loren_rodrigues_silva\/","title":{"rendered":"Loren Rodr\u00edguez Silva"},"content":{"rendered":"<p>Idiomas: portugu\u00e9s, espa\u00f1ol e ingl\u00e9s<\/p>\n<div>Loren Rodrigues Silva creci\u00f3 en Brasil antes de mudarse a Atlanta en 2019. Se gradu\u00f3 de la facultad de derecho en Brasil en 2018 y obtuvo una maestr\u00eda en Derecho (LLM) en la Facultad de Derecho de Emory en 2023. Trabaj\u00f3 en la Defensor\u00eda P\u00fablica de Brasil, en la divisi\u00f3n penal. Tambi\u00e9n fue voluntaria en la Cl\u00ednica de Inmigraci\u00f3n y la Cl\u00ednica de Veteranos de Emory. Reconocida por su excepcional dedicaci\u00f3n, Loren recibi\u00f3 la Medalla Pro Bono de Emory en su graduaci\u00f3n y\u00a0<i>El premio literario Betty y Burt Schear<\/i>, un premio otorgado \u201cal estudiante con m\u00e1s probabilidades de dejar una huella positiva \u00fanica en su universo\u201d.\u201d<\/div>\n<div>\u00a0<\/div>\n<div>La filosof\u00eda de Loren se centra en la creencia de que la perfecci\u00f3n puede ser dif\u00edcil de alcanzar, pero la excelencia siempre se puede alcanzar mediante el trabajo duro, la honestidad y una integridad inquebrantable. Comprende el valor de la comunicaci\u00f3n abierta con los clientes como piedra angular para construir relaciones s\u00f3lidas y obtener resultados satisfactorios. Adem\u00e1s de su carrera legal, Loren disfruta del arte de la reposter\u00eda y la pintura, dando rienda suelta a su creatividad. Tambi\u00e9n valora el tiempo de calidad con su familia y su fiel perro, mestizo de husky. Como orgullosa miembro de la comunidad Peloton, conoce la importancia de mantener una vida equilibrada y el impacto positivo que esto puede tener en su trabajo profesional.<\/div>\n\n\n<p><\/p>","protected":false},"excerpt":{"rendered":"<p>Languages: Portuguese, Spanish and English Loren Rodrigues Silva grew up in Brazil before moving to Atlanta in 2019. Loren graduated from law school in Brazil in 2018 and achieved an LLM degree from Emory Law School in 2023. Loren worked at the Public Defender&#8217;s Office in Brazil in the criminal division. She also volunteered at [&hellip;]<\/p>\n","protected":false},"author":34,"featured_media":7168,"parent":3292,"menu_order":0,"comment_status":"closed","ping_status":"closed","template":"wp-custom-template-bio","meta":{"_acf_changed":false,"_themeisle_gutenberg_block_has_review":false,"footnotes":""},"categories":[4,50,52,51],"tags":[],"class_list":["post-5707","page","type-page","status-publish","has-post-thumbnail","hentry","category-atlanta-location","category-marietta-location","category-sandy-springs-location","category-smyrna-location"],"acf":[],"aioseo_notices":[],"_links":{"self":[{"href":"https:\/\/dglawga.com\/es\/wp-json\/wp\/v2\/pages\/5707","targetHints":{"allow":["GET"]}}],"collection":[{"href":"https:\/\/dglawga.com\/es\/wp-json\/wp\/v2\/pages"}],"about":[{"href":"https:\/\/dglawga.com\/es\/wp-json\/wp\/v2\/types\/page"}],"author":[{"embeddable":true,"href":"https:\/\/dglawga.com\/es\/wp-json\/wp\/v2\/users\/34"}],"replies":[{"embeddable":true,"href":"https:\/\/dglawga.com\/es\/wp-json\/wp\/v2\/comments?post=5707"}],"version-history":[{"count":7,"href":"https:\/\/dglawga.com\/es\/wp-json\/wp\/v2\/pages\/5707\/revisions"}],"predecessor-version":[{"id":7444,"href":"https:\/\/dglawga.com\/es\/wp-json\/wp\/v2\/pages\/5707\/revisions\/7444"}],"up":[{"embeddable":true,"href":"https:\/\/dglawga.com\/es\/wp-json\/wp\/v2\/pages\/3292"}],"wp:featuredmedia":[{"embeddable":true,"href":"https:\/\/dglawga.com\/es\/wp-json\/wp\/v2\/media\/7168"}],"wp:attachment":[{"href":"https:\/\/dglawga.com\/es\/wp-json\/wp\/v2\/media?parent=5707"}],"wp:term":[{"taxonomy":"category","embeddable":true,"href":"https:\/\/dglawga.com\/es\/wp-json\/wp\/v2\/categories?post=5707"},{"taxonomy":"post_tag","embeddable":true,"href":"https:\/\/dglawga.com\/es\/wp-json\/wp\/v2\/tags?post=5707"}],"curies":[{"name":"wp","href":"https:\/\/api.w.org\/{rel}","templated":true}]}}