{"id":6068,"date":"2024-04-15T21:52:02","date_gmt":"2024-04-16T02:52:02","guid":{"rendered":"https:\/\/dglawga.com\/?page_id=6068"},"modified":"2025-06-12T08:38:47","modified_gmt":"2025-06-12T13:38:47","slug":"jashiel-valerio","status":"publish","type":"page","link":"https:\/\/dglawga.com\/es\/our-team\/jashiel-valerio\/","title":{"rendered":"Jashiel Valerio"},"content":{"rendered":"<p>Idiomas: Ingl\u00e9s y espa\u00f1ol<\/p>\n<div dir=\"ltr\" data-sider-select-id=\"967391af-5301-44a5-a3d4-3c68cf84bf1b\">\n<p>Jashiel Valerio, originario de Brooklyn, Nueva York, y estadounidense de primera generaci\u00f3n con ra\u00edces dominicanas, aporta una combinaci\u00f3n \u00fanica de experiencias a su puesto como asistente legal en D&amp;G Law. Tras graduarse con una licenciatura en Administraci\u00f3n, Jashiel desarroll\u00f3 una s\u00f3lida formaci\u00f3n en gesti\u00f3n de operaciones trabajando en Express Jet Airlines en el Aeropuerto JFK. Su experiencia abarca la aeron\u00e1utica, el dise\u00f1o de moda y las bellas artes, lo que demuestra su versatilidad y su entusiasmo por afrontar nuevos retos. Tras a\u00f1os de \u00e9xito en la industria del entretenimiento, Jashiel decidi\u00f3 dedicarse a otra de sus pasiones, el derecho, y se incorpor\u00f3 al despacho en la primavera de 2023.<\/p>\n<p>Especializado en derecho penal, Jashiel se esfuerza por ayudar a sus clientes a abordar asuntos legales complejos. Su atenci\u00f3n al detalle, su capacidad para resolver problemas y su dedicaci\u00f3n a la defensa del cliente lo convierten en un activo para el equipo. Jashiel est\u00e1 profundamente comprometido a garantizar que los clientes est\u00e9n informados, apoyados y empoderados a lo largo de sus casos.<\/p>\n<p>Fuera del trabajo, Jashiel contin\u00faa explorando su lado creativo y se mantiene conectado con sus ra\u00edces, esforz\u00e1ndose siempre por hacer una diferencia positiva en su comunidad.<\/p>\n<\/div>\n<p>&nbsp;<\/p>","protected":false},"excerpt":{"rendered":"<p>Languages: English and Spanish Jashiel Valerio, a Brooklyn New York native and first-generation American with Dominican roots, brings a unique blend of experiences to his role as a Paralegal at D&amp;G Law. After graduating with a Bachelor\u2019s in Management, Jashiel built a strong foundation in operations management, working at Express Jet Airlines at JFK Airport. [&hellip;]<\/p>\n","protected":false},"author":34,"featured_media":7209,"parent":3292,"menu_order":0,"comment_status":"closed","ping_status":"closed","template":"wp-custom-template-bio","meta":{"_acf_changed":false,"_themeisle_gutenberg_block_has_review":false,"footnotes":""},"categories":[4,50,52,51],"tags":[],"class_list":["post-6068","page","type-page","status-publish","has-post-thumbnail","hentry","category-atlanta-location","category-marietta-location","category-sandy-springs-location","category-smyrna-location"],"acf":[],"aioseo_notices":[],"_links":{"self":[{"href":"https:\/\/dglawga.com\/es\/wp-json\/wp\/v2\/pages\/6068","targetHints":{"allow":["GET"]}}],"collection":[{"href":"https:\/\/dglawga.com\/es\/wp-json\/wp\/v2\/pages"}],"about":[{"href":"https:\/\/dglawga.com\/es\/wp-json\/wp\/v2\/types\/page"}],"author":[{"embeddable":true,"href":"https:\/\/dglawga.com\/es\/wp-json\/wp\/v2\/users\/34"}],"replies":[{"embeddable":true,"href":"https:\/\/dglawga.com\/es\/wp-json\/wp\/v2\/comments?post=6068"}],"version-history":[{"count":4,"href":"https:\/\/dglawga.com\/es\/wp-json\/wp\/v2\/pages\/6068\/revisions"}],"predecessor-version":[{"id":6585,"href":"https:\/\/dglawga.com\/es\/wp-json\/wp\/v2\/pages\/6068\/revisions\/6585"}],"up":[{"embeddable":true,"href":"https:\/\/dglawga.com\/es\/wp-json\/wp\/v2\/pages\/3292"}],"wp:featuredmedia":[{"embeddable":true,"href":"https:\/\/dglawga.com\/es\/wp-json\/wp\/v2\/media\/7209"}],"wp:attachment":[{"href":"https:\/\/dglawga.com\/es\/wp-json\/wp\/v2\/media?parent=6068"}],"wp:term":[{"taxonomy":"category","embeddable":true,"href":"https:\/\/dglawga.com\/es\/wp-json\/wp\/v2\/categories?post=6068"},{"taxonomy":"post_tag","embeddable":true,"href":"https:\/\/dglawga.com\/es\/wp-json\/wp\/v2\/tags?post=6068"}],"curies":[{"name":"wp","href":"https:\/\/api.w.org\/{rel}","templated":true}]}}