{"id":6235,"date":"2024-09-17T20:43:50","date_gmt":"2024-09-18T01:43:50","guid":{"rendered":"https:\/\/dglawga.com\/?page_id=6235"},"modified":"2025-06-11T23:24:44","modified_gmt":"2025-06-12T04:24:44","slug":"maura_finn","status":"publish","type":"page","link":"https:\/\/dglawga.com\/es\/our-team\/maura_finn\/","title":{"rendered":"Maura Finn"},"content":{"rendered":"<p>Idiomas: Ingl\u00e9s<\/p>\n<p>Maura Finn ejerce la abogac\u00eda migratoria desde 2013. Es originaria de Nueva Jersey y se mud\u00f3 a Atlanta, Georgia, para estudiar derecho en 2010, donde reside desde entonces. Maura es abogada asociada en Diaz &amp; Gaeta Law, LLC, donde representa a clientes inmigrantes en diversos casos de defensa contra la deportaci\u00f3n, inmigraci\u00f3n familiar y asuntos humanitarios. Recientemente regres\u00f3 a la pr\u00e1ctica privada tras cuatro a\u00f1os como abogada principal s\u00e9nior de la Iniciativa para la Libertad de los Inmigrantes del Sureste (SIFI) del Southern Poverty Law Center, donde dirigi\u00f3 un equipo de abogados que representaban a inmigrantes detenidos en el sureste. Anteriormente, Maura ejerci\u00f3 la abogac\u00eda migratoria como asociada en Vazquez &amp; Servi, PC. Cuando no est\u00e1 en el tribunal de inmigraci\u00f3n, disfruta del senderismo, la acampada y viajar con su perro Jojo.<\/p>","protected":false},"excerpt":{"rendered":"<p>Languages: English Maura Finn has been practicing immigration law since 2013. She is originally from New Jersey and moved to Atlanta, Georgia for law school in 2010, where she has resided since. Maura is an Associate Attorney at Diaz &amp;amp; Gaeta Law, LLC, where she represents immigrant clients in a range of removal defense, family-based [&hellip;]<\/p>\n","protected":false},"author":34,"featured_media":7170,"parent":3292,"menu_order":0,"comment_status":"closed","ping_status":"closed","template":"wp-custom-template-bio","meta":{"_acf_changed":false,"_themeisle_gutenberg_block_has_review":false,"footnotes":""},"categories":[4,50,51],"tags":[],"class_list":["post-6235","page","type-page","status-publish","has-post-thumbnail","hentry","category-atlanta-location","category-marietta-location","category-smyrna-location"],"acf":[],"aioseo_notices":[],"_links":{"self":[{"href":"https:\/\/dglawga.com\/es\/wp-json\/wp\/v2\/pages\/6235","targetHints":{"allow":["GET"]}}],"collection":[{"href":"https:\/\/dglawga.com\/es\/wp-json\/wp\/v2\/pages"}],"about":[{"href":"https:\/\/dglawga.com\/es\/wp-json\/wp\/v2\/types\/page"}],"author":[{"embeddable":true,"href":"https:\/\/dglawga.com\/es\/wp-json\/wp\/v2\/users\/34"}],"replies":[{"embeddable":true,"href":"https:\/\/dglawga.com\/es\/wp-json\/wp\/v2\/comments?post=6235"}],"version-history":[{"count":3,"href":"https:\/\/dglawga.com\/es\/wp-json\/wp\/v2\/pages\/6235\/revisions"}],"predecessor-version":[{"id":6543,"href":"https:\/\/dglawga.com\/es\/wp-json\/wp\/v2\/pages\/6235\/revisions\/6543"}],"up":[{"embeddable":true,"href":"https:\/\/dglawga.com\/es\/wp-json\/wp\/v2\/pages\/3292"}],"wp:featuredmedia":[{"embeddable":true,"href":"https:\/\/dglawga.com\/es\/wp-json\/wp\/v2\/media\/7170"}],"wp:attachment":[{"href":"https:\/\/dglawga.com\/es\/wp-json\/wp\/v2\/media?parent=6235"}],"wp:term":[{"taxonomy":"category","embeddable":true,"href":"https:\/\/dglawga.com\/es\/wp-json\/wp\/v2\/categories?post=6235"},{"taxonomy":"post_tag","embeddable":true,"href":"https:\/\/dglawga.com\/es\/wp-json\/wp\/v2\/tags?post=6235"}],"curies":[{"name":"wp","href":"https:\/\/api.w.org\/{rel}","templated":true}]}}