{"id":7450,"date":"2025-06-12T08:46:43","date_gmt":"2025-06-12T13:46:43","guid":{"rendered":"https:\/\/dglawga.com\/?page_id=7450"},"modified":"2025-06-12T11:58:46","modified_gmt":"2025-06-12T16:58:46","slug":"caramelos_robles","status":"publish","type":"page","link":"https:\/\/dglawga.com\/es\/our-team\/candy_robles\/","title":{"rendered":"Candy Robles"},"content":{"rendered":"<div class=\"translate-result-text select-text whitespace-pre-line\">Idiomas: Ingl\u00e9s y espa\u00f1ol<\/div>\n<div>\u00a0<\/div>\n<div class=\"translate-result-text select-text whitespace-pre-line\">Candelaria Robles, conocida como Candy, naci\u00f3 en M\u00e9xico y se crio en Atlanta, Georgia, desde muy joven. Como exinmigrante, aporta a su trabajo una profunda empat\u00eda y una genuina pasi\u00f3n por ayudar a los dem\u00e1s. Con una s\u00f3lida trayectoria en apoyo comunitario y atenci\u00f3n al cliente, Candy descubri\u00f3 su vocaci\u00f3n como asistente legal de inmigraci\u00f3n. En este puesto, combina su experiencia legal con una sincera dedicaci\u00f3n a la defensa y asistencia de sus compatriotas inmigrantes.<\/div>\n<div>\u00a0<\/div>\n<div class=\"translate-result-text select-text whitespace-pre-line\">Su viaje encarna el sue\u00f1o americano, marcado por la resiliencia, el compromiso y un impulso inquebrantable para crear un futuro mejor para ella, su familia y la comunidad.<\/div>\n\n\n<p><\/p>","protected":false},"excerpt":{"rendered":"<p>Languages: English and Spanish \u00a0 Candelaria Robles, known as Candy, was born in Mexico and raised in Atlanta, Georgia from a young age. As a former immigrant, she brings a deep sense of empathy and a genuine passion for helping others to her work. With a strong background in community support and client care, Candy [&hellip;]<\/p>\n","protected":false},"author":34,"featured_media":7194,"parent":3292,"menu_order":0,"comment_status":"closed","ping_status":"closed","template":"wp-custom-template-bio","meta":{"_acf_changed":false,"_themeisle_gutenberg_block_has_review":false,"footnotes":""},"categories":[4,52,51],"tags":[],"class_list":["post-7450","page","type-page","status-publish","has-post-thumbnail","hentry","category-atlanta-location","category-sandy-springs-location","category-smyrna-location"],"acf":[],"aioseo_notices":[],"_links":{"self":[{"href":"https:\/\/dglawga.com\/es\/wp-json\/wp\/v2\/pages\/7450","targetHints":{"allow":["GET"]}}],"collection":[{"href":"https:\/\/dglawga.com\/es\/wp-json\/wp\/v2\/pages"}],"about":[{"href":"https:\/\/dglawga.com\/es\/wp-json\/wp\/v2\/types\/page"}],"author":[{"embeddable":true,"href":"https:\/\/dglawga.com\/es\/wp-json\/wp\/v2\/users\/34"}],"replies":[{"embeddable":true,"href":"https:\/\/dglawga.com\/es\/wp-json\/wp\/v2\/comments?post=7450"}],"version-history":[{"count":3,"href":"https:\/\/dglawga.com\/es\/wp-json\/wp\/v2\/pages\/7450\/revisions"}],"predecessor-version":[{"id":7470,"href":"https:\/\/dglawga.com\/es\/wp-json\/wp\/v2\/pages\/7450\/revisions\/7470"}],"up":[{"embeddable":true,"href":"https:\/\/dglawga.com\/es\/wp-json\/wp\/v2\/pages\/3292"}],"wp:featuredmedia":[{"embeddable":true,"href":"https:\/\/dglawga.com\/es\/wp-json\/wp\/v2\/media\/7194"}],"wp:attachment":[{"href":"https:\/\/dglawga.com\/es\/wp-json\/wp\/v2\/media?parent=7450"}],"wp:term":[{"taxonomy":"category","embeddable":true,"href":"https:\/\/dglawga.com\/es\/wp-json\/wp\/v2\/categories?post=7450"},{"taxonomy":"post_tag","embeddable":true,"href":"https:\/\/dglawga.com\/es\/wp-json\/wp\/v2\/tags?post=7450"}],"curies":[{"name":"wp","href":"https:\/\/api.w.org\/{rel}","templated":true}]}}