{"id":7455,"date":"2025-06-12T11:54:40","date_gmt":"2025-06-12T16:54:40","guid":{"rendered":"https:\/\/dglawga.com\/?page_id=7455"},"modified":"2025-06-12T11:54:42","modified_gmt":"2025-06-12T16:54:42","slug":"peter_isbister","status":"publish","type":"page","link":"https:\/\/dglawga.com\/es\/our-team\/peter_isbister\/","title":{"rendered":"Pedro Isbister"},"content":{"rendered":"<p><em>Idiomas: Ingl\u00e9s y espa\u00f1ol<\/em><\/p>\n<p><em>De Asesor\u00eda Jur\u00eddica<\/em><\/p>\n<p>Peter Isbister (\u00e9l) lleva m\u00e1s de veinte a\u00f1os ejerciendo la abogac\u00eda y se especializ\u00f3 en inmigraci\u00f3n en 2009. Ha representado a clientes en tribunales de inmigraci\u00f3n de todo el pa\u00eds, ante la Junta de Apelaciones de Inmigraci\u00f3n y en tribunales federales. Ejerce en todos los \u00e1mbitos de la inmigraci\u00f3n familiar, humanitaria y de defensa contra la deportaci\u00f3n, con especial atenci\u00f3n a clientes en procesos de deportaci\u00f3n y en detenci\u00f3n migratoria. Le apasiona defender a sus clientes en los tribunales.<\/p>\n<p>Graduado del Centro de Derecho de la Universidad de Georgetown, Peter comenz\u00f3 como defensor p\u00fablico penal en el estado de Washington. Tras mudarse a Georgia, fue abogado del personal legislativo del Fondo Mexicano-Americano de Defensa Legal y Educaci\u00f3n (MALDEF). Trabaj\u00f3 ocho a\u00f1os en la pr\u00e1ctica privada en el bufete de abogados de inmigraci\u00f3n Vasquez and Servi, PC, con sede en Atlanta, donde fue socio. M\u00e1s recientemente, se desempe\u00f1\u00f3 durante siete a\u00f1os como abogado principal s\u00e9nior de la Iniciativa para la Libertad de los Inmigrantes del Sureste en el Centro Legal para la Pobreza del Sur. Justo antes de unirse a Diaz &amp; Gaeta, fue abogado gerente interino en Kids in Need of Defense, Atlanta.<\/p>\n<p>Peter es miembro de la Asociaci\u00f3n Americana de Abogados de Inmigraci\u00f3n y ha impartido conferencias de la AILA en Georgia y Arizona. Miembro del Colegio de Abogados de Georgia, est\u00e1 habilitado para ejercer ante el Tribunal de Apelaciones del Und\u00e9cimo Circuito y el Distrito Medio de Georgia.<\/p>\n<p>Peter conoci\u00f3 por primera vez el derecho migratorio durante su pasant\u00eda en el proyecto de asilo del Comit\u00e9 de Abogados por los Derechos Humanos (ahora Derechos Humanos Primero). Su dedicaci\u00f3n a la justicia migratoria se intensific\u00f3 durante el a\u00f1o que pas\u00f3 como voluntario de derechos humanos en Guatemala en 1999. Como estudiante de derecho, realiz\u00f3 pr\u00e1cticas en el Proyecto Florence para los Derechos de los Inmigrantes y Refugiados en Arizona y en la Corte Interamericana de Derechos Humanos en Costa Rica.<\/p>\n<p>Peter fue uno de los fundadores de la Red de Vigilancia de Detenciones de Georgia. Tambi\u00e9n fund\u00f3 Metro Atlanta TransParent, un grupo de apoyo entre pares para padres de ni\u00f1os transg\u00e9nero, no binarios y de g\u00e9nero no conforme. Es presidente de la junta directiva de la Congregaci\u00f3n Bet Haverim, la \u00fanica sinagoga reconstruccionista de Georgia.<\/p>\n<p>Nacido en Santa Cruz, California, Peter se mud\u00f3 a Decatur, Georgia, con su esposa Robyn, propietaria y directora del bufete de abogados especializado en defensa de la educaci\u00f3n Painter Legal, LLC, en 2008. Juntos tienen tres hijos, un perro enorme, un gato y un n\u00famero variable de gallinas. Uno de sus hijos tiene un gecko leopardo. Cuando no est\u00e1n cuidando a sus amigos peludos, emplumados y escamosos, a Peter y a su familia les encanta viajar, ver m\u00fasica en vivo y teatro, y organizar reuniones en su casa.<\/p>","protected":false},"excerpt":{"rendered":"<p>Languages: English and Spanish Of Counsel Peter Isbister (he\/him\/el) has been practicing law for over twenty years, and became an immigration specialist\u00a0 in 2009.\u00a0 He has represented clients in immigration courts around the country, at the Board of Immigration Appeals and in federal court. He practices the full range of family-based, humanitarian, and removal defense [&hellip;]<\/p>\n","protected":false},"author":34,"featured_media":7172,"parent":3292,"menu_order":0,"comment_status":"closed","ping_status":"closed","template":"wp-custom-template-bio","meta":{"_acf_changed":false,"_themeisle_gutenberg_block_has_review":false,"footnotes":""},"categories":[4,50,52,51],"tags":[],"class_list":["post-7455","page","type-page","status-publish","has-post-thumbnail","hentry","category-atlanta-location","category-marietta-location","category-sandy-springs-location","category-smyrna-location"],"acf":[],"aioseo_notices":[],"_links":{"self":[{"href":"https:\/\/dglawga.com\/es\/wp-json\/wp\/v2\/pages\/7455","targetHints":{"allow":["GET"]}}],"collection":[{"href":"https:\/\/dglawga.com\/es\/wp-json\/wp\/v2\/pages"}],"about":[{"href":"https:\/\/dglawga.com\/es\/wp-json\/wp\/v2\/types\/page"}],"author":[{"embeddable":true,"href":"https:\/\/dglawga.com\/es\/wp-json\/wp\/v2\/users\/34"}],"replies":[{"embeddable":true,"href":"https:\/\/dglawga.com\/es\/wp-json\/wp\/v2\/comments?post=7455"}],"version-history":[{"count":2,"href":"https:\/\/dglawga.com\/es\/wp-json\/wp\/v2\/pages\/7455\/revisions"}],"predecessor-version":[{"id":7469,"href":"https:\/\/dglawga.com\/es\/wp-json\/wp\/v2\/pages\/7455\/revisions\/7469"}],"up":[{"embeddable":true,"href":"https:\/\/dglawga.com\/es\/wp-json\/wp\/v2\/pages\/3292"}],"wp:featuredmedia":[{"embeddable":true,"href":"https:\/\/dglawga.com\/es\/wp-json\/wp\/v2\/media\/7172"}],"wp:attachment":[{"href":"https:\/\/dglawga.com\/es\/wp-json\/wp\/v2\/media?parent=7455"}],"wp:term":[{"taxonomy":"category","embeddable":true,"href":"https:\/\/dglawga.com\/es\/wp-json\/wp\/v2\/categories?post=7455"},{"taxonomy":"post_tag","embeddable":true,"href":"https:\/\/dglawga.com\/es\/wp-json\/wp\/v2\/tags?post=7455"}],"curies":[{"name":"wp","href":"https:\/\/api.w.org\/{rel}","templated":true}]}}