{"id":7457,"date":"2025-06-12T11:58:37","date_gmt":"2025-06-12T16:58:37","guid":{"rendered":"https:\/\/dglawga.com\/?page_id=7457"},"modified":"2025-06-12T11:58:39","modified_gmt":"2025-06-12T16:58:39","slug":"maritza_olivares","status":"publish","type":"page","link":"https:\/\/dglawga.com\/es\/our-team\/maritza_olivares\/","title":{"rendered":"Maritza Olivares"},"content":{"rendered":"<div class=\"translate-result-text select-text whitespace-pre-line\">Idiomas: Ingl\u00e9s y espa\u00f1ol<\/div>\n<div><\/div>\n<div>Maritza naci\u00f3 en Smyrna, Georgia, y se cri\u00f3 en un hogar biling\u00fce que le inculc\u00f3 un fuerte aprecio por su cultura y su comunidad.<\/div>\n<div><\/div>\n<div>Su capacidad para navegar entre el ingl\u00e9s y el espa\u00f1ol le ha permitido generar confianza y comunicarse eficazmente con una gama diversa de clientes.<\/div>\n<div class=\"translate-result-text select-text whitespace-pre-line\">\n<p>Trabaja en el \u00e1mbito jur\u00eddico desde el a\u00f1o 2022, con experiencia en derecho de familia.<\/p>\n<p>Su comportamiento accesible y su atenci\u00f3n a los detalles la convierten en un valioso punto de contacto para los clientes durante procesos legales a menudo estresantes.<\/p>\n<\/div>","protected":false},"excerpt":{"rendered":"<p>Languages: English and Spanish Maritza was born in Smyrna, Georgia, and raised in a bilingual household that instilled a strong appreciation for both her culture and community. Her ability to navigate between English and Spanish has allowed her to build trust and communicate effectively with a diverse range of clients. She has been working in [&hellip;]<\/p>\n","protected":false},"author":35,"featured_media":7196,"parent":3292,"menu_order":0,"comment_status":"closed","ping_status":"closed","template":"wp-custom-template-bio","meta":{"_acf_changed":false,"_themeisle_gutenberg_block_has_review":false,"footnotes":""},"categories":[4,50,52,51],"tags":[],"class_list":["post-7457","page","type-page","status-publish","has-post-thumbnail","hentry","category-atlanta-location","category-marietta-location","category-sandy-springs-location","category-smyrna-location"],"acf":[],"aioseo_notices":[],"_links":{"self":[{"href":"https:\/\/dglawga.com\/es\/wp-json\/wp\/v2\/pages\/7457","targetHints":{"allow":["GET"]}}],"collection":[{"href":"https:\/\/dglawga.com\/es\/wp-json\/wp\/v2\/pages"}],"about":[{"href":"https:\/\/dglawga.com\/es\/wp-json\/wp\/v2\/types\/page"}],"author":[{"embeddable":true,"href":"https:\/\/dglawga.com\/es\/wp-json\/wp\/v2\/users\/35"}],"replies":[{"embeddable":true,"href":"https:\/\/dglawga.com\/es\/wp-json\/wp\/v2\/comments?post=7457"}],"version-history":[{"count":2,"href":"https:\/\/dglawga.com\/es\/wp-json\/wp\/v2\/pages\/7457\/revisions"}],"predecessor-version":[{"id":7471,"href":"https:\/\/dglawga.com\/es\/wp-json\/wp\/v2\/pages\/7457\/revisions\/7471"}],"up":[{"embeddable":true,"href":"https:\/\/dglawga.com\/es\/wp-json\/wp\/v2\/pages\/3292"}],"wp:featuredmedia":[{"embeddable":true,"href":"https:\/\/dglawga.com\/es\/wp-json\/wp\/v2\/media\/7196"}],"wp:attachment":[{"href":"https:\/\/dglawga.com\/es\/wp-json\/wp\/v2\/media?parent=7457"}],"wp:term":[{"taxonomy":"category","embeddable":true,"href":"https:\/\/dglawga.com\/es\/wp-json\/wp\/v2\/categories?post=7457"},{"taxonomy":"post_tag","embeddable":true,"href":"https:\/\/dglawga.com\/es\/wp-json\/wp\/v2\/tags?post=7457"}],"curies":[{"name":"wp","href":"https:\/\/api.w.org\/{rel}","templated":true}]}}