{"id":7461,"date":"2025-06-12T11:59:02","date_gmt":"2025-06-12T16:59:02","guid":{"rendered":"https:\/\/dglawga.com\/?page_id=7461"},"modified":"2025-12-02T16:19:23","modified_gmt":"2025-12-02T21:19:23","slug":"carlos_aragon","status":"publish","type":"page","link":"https:\/\/dglawga.com\/es\/our-team\/carlos_aragon\/","title":{"rendered":"Carlos Arag\u00f3n"},"content":{"rendered":"<div class=\"translate-result-text select-text whitespace-pre-line\">Idiomas: Ingl\u00e9s y espa\u00f1ol<\/div>\n<div>\u00a0<\/div>\n<div class=\"translate-result-text select-text whitespace-pre-line\">\n<div class=\"translate-result-text select-text whitespace-pre-line\">Nacido y criado en Guadalajara, M\u00e9xico, Carlos se mud\u00f3 a Estados Unidos a los 15 a\u00f1os. Obtuvo su t\u00edtulo en Psicolog\u00eda en la Universidad Estatal de Kennesaw en 2018, aportando valiosos conocimientos sobre atenci\u00f3n al cliente, comunicaci\u00f3n y liderazgo de equipo. Con una s\u00f3lida experiencia en la admisi\u00f3n de clientes, comenz\u00f3 su carrera trabajando con abogados de cobranza y lesiones personales como especialista en admisi\u00f3n.<\/div>\n<div>\u00a0<\/div>\n<div class=\"translate-result-text select-text whitespace-pre-line\">Carlos es el Gerente del Departamento de Admisi\u00f3n en D\u00edaz y Gaeta, donde lidera un equipo dedicado a brindar una experiencia profesional, emp\u00e1tica y eficiente a cada cliente desde el primer contacto. Carlos se compromete a garantizar que cada persona que contacta con el bufete se sienta escuchada, apoyada y segura al comenzar su trayectoria legal. Fuera de su \u00e1mbito profesional, a Carlos le gusta leer, explorar la programaci\u00f3n inform\u00e1tica y los videojuegos. Tiene un gran inter\u00e9s por la tecnolog\u00eda y siempre est\u00e1 dispuesto a aprender nuevas habilidades. Tambi\u00e9n disfruta viajando, encontrando inspiraci\u00f3n y perspectiva al conocer nuevos lugares y culturas.<\/div>\n<\/div>\n\n\n<p><\/p>","protected":false},"excerpt":{"rendered":"<p>Languages: English and Spanish \u00a0 Born and raised in Guadalajara, Mexico, Carlos moved to the United States at the age of 15. He earned his degree in Psychology from Kennesaw State University in 2018, bringing valuable insight into client care, communication, and team leadership. With a strong background in client intake, he began his career [&hellip;]<\/p>\n","protected":false},"author":35,"featured_media":7215,"parent":3292,"menu_order":0,"comment_status":"closed","ping_status":"closed","template":"wp-custom-template-bio","meta":{"_acf_changed":false,"_themeisle_gutenberg_block_has_review":false,"footnotes":""},"categories":[4,50,52,51],"tags":[],"class_list":["post-7461","page","type-page","status-publish","has-post-thumbnail","hentry","category-atlanta-location","category-marietta-location","category-sandy-springs-location","category-smyrna-location"],"acf":[],"aioseo_notices":[],"_links":{"self":[{"href":"https:\/\/dglawga.com\/es\/wp-json\/wp\/v2\/pages\/7461","targetHints":{"allow":["GET"]}}],"collection":[{"href":"https:\/\/dglawga.com\/es\/wp-json\/wp\/v2\/pages"}],"about":[{"href":"https:\/\/dglawga.com\/es\/wp-json\/wp\/v2\/types\/page"}],"author":[{"embeddable":true,"href":"https:\/\/dglawga.com\/es\/wp-json\/wp\/v2\/users\/35"}],"replies":[{"embeddable":true,"href":"https:\/\/dglawga.com\/es\/wp-json\/wp\/v2\/comments?post=7461"}],"version-history":[{"count":3,"href":"https:\/\/dglawga.com\/es\/wp-json\/wp\/v2\/pages\/7461\/revisions"}],"predecessor-version":[{"id":8267,"href":"https:\/\/dglawga.com\/es\/wp-json\/wp\/v2\/pages\/7461\/revisions\/8267"}],"up":[{"embeddable":true,"href":"https:\/\/dglawga.com\/es\/wp-json\/wp\/v2\/pages\/3292"}],"wp:featuredmedia":[{"embeddable":true,"href":"https:\/\/dglawga.com\/es\/wp-json\/wp\/v2\/media\/7215"}],"wp:attachment":[{"href":"https:\/\/dglawga.com\/es\/wp-json\/wp\/v2\/media?parent=7461"}],"wp:term":[{"taxonomy":"category","embeddable":true,"href":"https:\/\/dglawga.com\/es\/wp-json\/wp\/v2\/categories?post=7461"},{"taxonomy":"post_tag","embeddable":true,"href":"https:\/\/dglawga.com\/es\/wp-json\/wp\/v2\/tags?post=7461"}],"curies":[{"name":"wp","href":"https:\/\/api.w.org\/{rel}","templated":true}]}}