{"id":7465,"date":"2025-06-12T10:19:08","date_gmt":"2025-06-12T15:19:08","guid":{"rendered":"https:\/\/dglawga.com\/?page_id=7465"},"modified":"2025-06-12T12:06:52","modified_gmt":"2025-06-12T17:06:52","slug":"maria-luisa-lopez","status":"publish","type":"page","link":"https:\/\/dglawga.com\/es\/our-team\/maria_luisa_lopez\/","title":{"rendered":"Mar\u00eda Luisa L\u00f3pez"},"content":{"rendered":"<div class=\"translate-result-text select-text whitespace-pre-line\">Idiomas: Ingl\u00e9s y espa\u00f1ol<\/div>\n<div><\/div>\n<div class=\"translate-result-text select-text whitespace-pre-line\">\n<p>Originariamente de Venezuela, Mar\u00eda Luisa es parte del equipo de admisi\u00f3n de D\u00edaz &amp; Gaeta, donde ofrece apoyo emp\u00e1tico y atento a quienes se acercan por primera vez.<\/p>\n<p>Estudi\u00f3 Comunicaci\u00f3n Social en Venezuela \u2013carrera que no pudo concluir por la migraci\u00f3n\u2013, pero todo lo aprendido lo aplica a su trabajo: escuchar profundamente, comprender las necesidades de las personas y guiarlas con cari\u00f1o.<\/p>\n<p>Apasionada por las causas sociales, el maquillaje, las humanidades y la m\u00fasica, aporta una perspectiva creativa a todo lo que hace.<\/p>\n<\/div>","protected":false},"excerpt":{"rendered":"<p>Languages: English and Spanish Originally from Venezuela, Maria Luisa is part of the intake team at Diaz &amp; Gaeta, where she offers empathetic and attentive support to those reaching out for the first time. She studied Social Communication in Venezuela \u2013 a degree she was unable to complete due to migration \u2013 but she applies [&hellip;]<\/p>\n","protected":false},"author":35,"featured_media":7217,"parent":3292,"menu_order":0,"comment_status":"closed","ping_status":"closed","template":"wp-custom-template-bio","meta":{"_acf_changed":false,"_themeisle_gutenberg_block_has_review":false,"footnotes":""},"categories":[4,50,52,51],"tags":[],"class_list":["post-7465","page","type-page","status-publish","has-post-thumbnail","hentry","category-atlanta-location","category-marietta-location","category-sandy-springs-location","category-smyrna-location"],"acf":[],"aioseo_notices":[],"_links":{"self":[{"href":"https:\/\/dglawga.com\/es\/wp-json\/wp\/v2\/pages\/7465","targetHints":{"allow":["GET"]}}],"collection":[{"href":"https:\/\/dglawga.com\/es\/wp-json\/wp\/v2\/pages"}],"about":[{"href":"https:\/\/dglawga.com\/es\/wp-json\/wp\/v2\/types\/page"}],"author":[{"embeddable":true,"href":"https:\/\/dglawga.com\/es\/wp-json\/wp\/v2\/users\/35"}],"replies":[{"embeddable":true,"href":"https:\/\/dglawga.com\/es\/wp-json\/wp\/v2\/comments?post=7465"}],"version-history":[{"count":1,"href":"https:\/\/dglawga.com\/es\/wp-json\/wp\/v2\/pages\/7465\/revisions"}],"predecessor-version":[{"id":7466,"href":"https:\/\/dglawga.com\/es\/wp-json\/wp\/v2\/pages\/7465\/revisions\/7466"}],"up":[{"embeddable":true,"href":"https:\/\/dglawga.com\/es\/wp-json\/wp\/v2\/pages\/3292"}],"wp:featuredmedia":[{"embeddable":true,"href":"https:\/\/dglawga.com\/es\/wp-json\/wp\/v2\/media\/7217"}],"wp:attachment":[{"href":"https:\/\/dglawga.com\/es\/wp-json\/wp\/v2\/media?parent=7465"}],"wp:term":[{"taxonomy":"category","embeddable":true,"href":"https:\/\/dglawga.com\/es\/wp-json\/wp\/v2\/categories?post=7465"},{"taxonomy":"post_tag","embeddable":true,"href":"https:\/\/dglawga.com\/es\/wp-json\/wp\/v2\/tags?post=7465"}],"curies":[{"name":"wp","href":"https:\/\/api.w.org\/{rel}","templated":true}]}}