{"id":7942,"date":"2025-06-18T08:26:25","date_gmt":"2025-06-18T13:26:25","guid":{"rendered":"https:\/\/dglawga.com\/?page_id=7942"},"modified":"2025-06-18T08:43:41","modified_gmt":"2025-06-18T13:43:41","slug":"preguntas-frecuentes","status":"publish","type":"page","link":"https:\/\/dglawga.com\/es\/faq\/","title":{"rendered":"Preguntas frecuentes destacadas"},"content":{"rendered":"<div class=\"wp-block-group has-link-color-background-color has-background has-global-padding is-layout-constrained wp-container-core-group-is-layout-689b5f1e wp-block-group-is-layout-constrained\" style=\"padding-top:0;padding-right:20px;padding-bottom:0;padding-left:20px\">\n<div class=\"wp-block-columns is-layout-flex wp-container-core-columns-is-layout-28f84493 wp-block-columns-is-layout-flex\">\n<div class=\"wp-block-column is-layout-flow wp-block-column-is-layout-flow\">\n<div class=\"wp-block-group has-background has-link-color wp-elements-60dd0dbb4ede72ee359b4d40a69bf750 is-vertical is-content-justification-left is-layout-flex wp-container-core-group-is-layout-aa6bada2 wp-block-group-is-layout-flex\" style=\"border-top-left-radius:15px;border-top-right-radius:15px;border-bottom-left-radius:0px;border-bottom-right-radius:0px;border-bottom-color:#cfcabe;border-bottom-width:1px;background-color:#f3f3f3;margin-top:var(--wp--preset--spacing--20);margin-bottom:0;padding-top:var(--wp--preset--spacing--20);padding-right:var(--wp--preset--spacing--40);padding-left:var(--wp--preset--spacing--40)\">\n<p class=\"has-text-align-left\" style=\"padding-top:var(--wp--preset--spacing--20);padding-bottom:var(--wp--preset--spacing--20);font-size:clamp(0.875rem, 0.875rem + ((1vw - 0.2rem) * 0.667), 1.3rem);text-transform:uppercase\"><a href=\"https:\/\/dglawga.com\/es\/wrongful-death-lawsuit-no-criminal-charges\/\" title=\"\"><\/a><a href=\"https:\/\/dglawga.com\/es\/wrongful-death-lawsuit-no-criminal-charges\/\" title=\"\">\u00bfPuede presentar una demanda por muerte por negligencia si no existen cargos penales?<\/a><\/p>\n<\/div>\n\n\n\n<div class=\"wp-block-group has-background has-link-color wp-elements-95305f94052fb3cdafeedf1e26f8329c is-vertical is-content-justification-left is-layout-flex wp-container-core-group-is-layout-53c5894a wp-block-group-is-layout-flex\" style=\"border-bottom-left-radius:0px;border-bottom-right-radius:0px;border-bottom-color:var(--wp--preset--color--accent);border-bottom-width:1px;background-color:#f3f3f3;margin-bottom:0;padding-right:var(--wp--preset--spacing--40);padding-left:var(--wp--preset--spacing--40)\">\n<p class=\"has-text-align-left\" style=\"padding-top:var(--wp--preset--spacing--20);padding-bottom:var(--wp--preset--spacing--20);font-size:clamp(0.875rem, 0.875rem + ((1vw - 0.2rem) * 0.667), 1.3rem);text-transform:uppercase\"><a href=\"https:\/\/dglawga.com\/es\/quien-es-responsable-en-un-accidente-de-varios-vehiculos\/\" title=\"\">\u00bfQui\u00e9n es responsable en un accidente entre varios veh\u00edculos?<\/a><\/p>\n<\/div>\n\n\n\n<div class=\"wp-block-group has-background has-link-color wp-elements-c0ceb8977fde96ccc5ba1d9a6d657d05 is-vertical is-content-justification-left is-layout-flex wp-container-core-group-is-layout-53c5894a wp-block-group-is-layout-flex\" style=\"border-bottom-left-radius:0px;border-bottom-right-radius:0px;border-bottom-color:var(--wp--preset--color--accent);border-bottom-width:1px;background-color:#f3f3f3;margin-bottom:0;padding-right:var(--wp--preset--spacing--40);padding-left:var(--wp--preset--spacing--40)\">\n<p class=\"has-text-align-left\" style=\"padding-top:var(--wp--preset--spacing--20);padding-bottom:var(--wp--preset--spacing--20);font-size:clamp(0.875rem, 0.875rem + ((1vw - 0.2rem) * 0.667), 1.3rem);text-transform:uppercase\"><a href=\"https:\/\/dglawga.com\/es\/costo-de-un-abogado-de-accidentes-automovilisticos\/\" title=\"\">\u00bfCu\u00e1nto cuesta un abogado de accidentes automovil\u00edsticos?<\/a><\/p>\n<\/div>\n\n\n\n<div class=\"wp-block-group has-background has-link-color wp-elements-b5137d7ed42d69f15e4c3155a15e1025 is-vertical is-content-justification-left is-layout-flex wp-container-core-group-is-layout-53c5894a wp-block-group-is-layout-flex\" style=\"border-bottom-left-radius:0px;border-bottom-right-radius:0px;border-bottom-color:var(--wp--preset--color--accent);border-bottom-width:1px;background-color:#f3f3f3;margin-bottom:0;padding-right:var(--wp--preset--spacing--40);padding-left:var(--wp--preset--spacing--40)\">\n<p class=\"has-text-align-left\" style=\"padding-top:var(--wp--preset--spacing--20);padding-bottom:var(--wp--preset--spacing--20);font-size:clamp(0.875rem, 0.875rem + ((1vw - 0.2rem) * 0.667), 1.3rem);text-transform:uppercase\"><a href=\"https:\/\/dglawga.com\/es\/que-probabilidades-hay-de-que-haya-un-accidente-de-coche-en-georgia\/\" title=\"\">\u00bfQu\u00e9 probabilidades hay de sufrir un accidente automovil\u00edstico en Georgia?<\/a><\/p>\n<\/div>\n\n\n\n<div class=\"wp-block-group has-background has-link-color wp-elements-c149448fe5775ce2120ebd5e60fa50d3 is-vertical is-content-justification-left is-layout-flex wp-container-core-group-is-layout-53c5894a wp-block-group-is-layout-flex\" style=\"border-bottom-left-radius:0px;border-bottom-right-radius:0px;border-bottom-color:var(--wp--preset--color--accent);border-bottom-width:1px;background-color:#f3f3f3;margin-bottom:0;padding-right:var(--wp--preset--spacing--40);padding-left:var(--wp--preset--spacing--40)\">\n<p class=\"has-text-align-left\" style=\"padding-top:var(--wp--preset--spacing--20);padding-bottom:var(--wp--preset--spacing--20);font-size:clamp(0.875rem, 0.875rem + ((1vw - 0.2rem) * 0.667), 1.3rem);text-transform:uppercase\"><a href=\"https:\/\/dglawga.com\/es\/costo-de-un-abogado-de-accidentes-automovilisticos\/\" title=\"\">\u00bfQu\u00e9 probabilidades hay de sufrir un accidente automovil\u00edstico en Georgia?<\/a><\/p>\n<\/div>\n\n\n\n<div class=\"wp-block-group has-background has-link-color wp-elements-9df5dd31bafbe2a9da31e90321dab8e7 is-vertical is-content-justification-left is-layout-flex wp-container-core-group-is-layout-53c5894a wp-block-group-is-layout-flex\" style=\"border-bottom-left-radius:15px;border-bottom-right-radius:15px;background-color:#f3f3f3;margin-bottom:0;padding-right:var(--wp--preset--spacing--40);padding-left:var(--wp--preset--spacing--40)\">\n<p class=\"has-text-align-left\" style=\"padding-top:var(--wp--preset--spacing--20);padding-bottom:var(--wp--preset--spacing--20);font-size:clamp(0.875rem, 0.875rem + ((1vw - 0.2rem) * 0.667), 1.3rem);text-transform:uppercase\"><a href=\"https:\/\/dglawga.com\/es\/despues-de-un-accidente-de-camion\/\"><\/a><a href=\"https:\/\/dglawga.com\/es\/quien-es-responsable-en-un-accidente-de-varios-vehiculos\/\"><\/a><a href=\"https:\/\/dglawga.com\/es\/despues-de-un-accidente-automovilistico\/\"><\/a><a href=\"https:\/\/dglawga.com\/es\/costo-de-un-abogado-de-accidentes-automovilisticos\/\"><\/a><a href=\"https:\/\/dglawga.com\/es\/demanda-por-lesiones-personales-por-estatus-migratorio\/\"><\/a><a href=\"https:\/\/dglawga.com\/es\/costo-de-un-abogado-de-accidentes-automovilisticos\/\"><\/a><a href=\"https:\/\/dglawga.com\/es\/que-es-el-estatus-especial-de-inmigrante-juvenil-y-quien-califica\/\" title=\"\">\u00bfQu\u00e9 es el estatus especial de inmigrante juvenil y qui\u00e9n califica para ello?<\/a><\/p>\n<\/div>\n<\/div>\n\n\n\n<div class=\"wp-block-column is-layout-flow wp-block-column-is-layout-flow\">\n<div class=\"wp-block-group has-background has-link-color wp-elements-348649cb6b137aa96317ee62704863ce is-vertical is-content-justification-left is-layout-flex wp-container-core-group-is-layout-aa6bada2 wp-block-group-is-layout-flex\" style=\"border-top-left-radius:15px;border-top-right-radius:15px;border-bottom-left-radius:0px;border-bottom-right-radius:0px;border-bottom-color:#cfcabe;border-bottom-width:1px;background-color:#f3f3f3;margin-top:var(--wp--preset--spacing--20);margin-bottom:0;padding-top:var(--wp--preset--spacing--20);padding-right:var(--wp--preset--spacing--40);padding-left:var(--wp--preset--spacing--40)\">\n<p class=\"has-text-align-left\" style=\"padding-top:var(--wp--preset--spacing--20);padding-bottom:var(--wp--preset--spacing--20);font-size:clamp(0.875rem, 0.875rem + ((1vw - 0.2rem) * 0.667), 1.3rem);text-transform:uppercase\"><a href=\"https:\/\/dglawga.com\/es\/demanda-por-lesiones-personales-por-estatus-migratorio\/\" title=\"\">\u00bfSu estatus migratorio juega un papel en su demanda por lesiones personales?<\/a><\/p>\n<\/div>\n\n\n\n<div class=\"wp-block-group has-background has-link-color wp-elements-375d54ec144dd51e062a183653ccf14d is-vertical is-content-justification-left is-layout-flex wp-container-core-group-is-layout-53c5894a wp-block-group-is-layout-flex\" style=\"border-bottom-left-radius:0px;border-bottom-right-radius:0px;border-bottom-color:var(--wp--preset--color--accent);border-bottom-width:1px;background-color:#f3f3f3;margin-bottom:0;padding-right:var(--wp--preset--spacing--40);padding-left:var(--wp--preset--spacing--40)\">\n<p class=\"has-text-align-left\" style=\"padding-top:var(--wp--preset--spacing--20);padding-bottom:var(--wp--preset--spacing--20);font-size:clamp(0.875rem, 0.875rem + ((1vw - 0.2rem) * 0.667), 1.3rem);text-transform:uppercase\"><a href=\"https:\/\/dglawga.com\/es\/el-otro-conductor-no-informa-de-un-accidente-de-coche\/\" title=\"\">\u00bfQu\u00e9 hacer si el otro conductor no quiere denunciar un accidente de coche?i-Accidente de coche?<\/a><\/p>\n<\/div>\n\n\n\n<div class=\"wp-block-group has-background has-link-color wp-elements-c0ceb8977fde96ccc5ba1d9a6d657d05 is-vertical is-content-justification-left is-layout-flex wp-container-core-group-is-layout-53c5894a wp-block-group-is-layout-flex\" style=\"border-bottom-left-radius:0px;border-bottom-right-radius:0px;border-bottom-color:var(--wp--preset--color--accent);border-bottom-width:1px;background-color:#f3f3f3;margin-bottom:0;padding-right:var(--wp--preset--spacing--40);padding-left:var(--wp--preset--spacing--40)\">\n<p class=\"has-text-align-left\" style=\"padding-top:var(--wp--preset--spacing--20);padding-bottom:var(--wp--preset--spacing--20);font-size:clamp(0.875rem, 0.875rem + ((1vw - 0.2rem) * 0.667), 1.3rem);text-transform:uppercase\"><a href=\"https:\/\/dglawga.com\/es\/costo-de-un-abogado-de-accidentes-automovilisticos\/\" title=\"\">\u00bfCu\u00e1nto cuesta un abogado de accidentes automovil\u00edsticos?<\/a><\/p>\n<\/div>\n\n\n\n<div class=\"wp-block-group has-background has-link-color wp-elements-0e5a5b4d66b51181b6693e499bcbe639 is-vertical is-content-justification-left is-layout-flex wp-container-core-group-is-layout-53c5894a wp-block-group-is-layout-flex\" style=\"border-bottom-left-radius:0px;border-bottom-right-radius:0px;border-bottom-color:var(--wp--preset--color--accent);border-bottom-width:1px;background-color:#f3f3f3;margin-bottom:0;padding-right:var(--wp--preset--spacing--40);padding-left:var(--wp--preset--spacing--40)\">\n<p class=\"has-text-align-left\" style=\"padding-top:var(--wp--preset--spacing--20);padding-bottom:var(--wp--preset--spacing--20);font-size:clamp(0.875rem, 0.875rem + ((1vw - 0.2rem) * 0.667), 1.3rem);text-transform:uppercase\"><a href=\"https:\/\/dglawga.com\/es\/despues-de-un-accidente-de-camion\/\" title=\"\u00bfQu\u00e9 debe hacer despu\u00e9s de un accidente de cami\u00f3n?\">\u00bfQu\u00e9 debe hacer despu\u00e9s de un accidente de cami\u00f3n?<\/a><\/p>\n<\/div>\n\n\n\n<div class=\"wp-block-group has-background has-link-color wp-elements-93c2aaf7e530a911e8018cd9453cb8c9 is-vertical is-content-justification-left is-layout-flex wp-container-core-group-is-layout-53c5894a wp-block-group-is-layout-flex\" style=\"border-bottom-left-radius:0px;border-bottom-right-radius:0px;border-bottom-color:var(--wp--preset--color--accent);border-bottom-width:1px;background-color:#f3f3f3;margin-bottom:0;padding-right:var(--wp--preset--spacing--40);padding-left:var(--wp--preset--spacing--40)\">\n<p class=\"has-text-align-left\" style=\"padding-top:var(--wp--preset--spacing--20);padding-bottom:var(--wp--preset--spacing--20);font-size:clamp(0.875rem, 0.875rem + ((1vw - 0.2rem) * 0.667), 1.3rem);text-transform:uppercase\"><a href=\"https:\/\/dglawga.com\/es\/caso-de-lesiones-personales\/\" title=\"\">\u00bfQu\u00e9 es un caso de lesiones personales?<\/a><\/p>\n<\/div>\n\n\n\n<div class=\"wp-block-group has-background has-link-color wp-elements-c8e31b84e7e567a0f6293c55f2f956d6 is-vertical is-content-justification-left is-layout-flex wp-container-core-group-is-layout-53c5894a wp-block-group-is-layout-flex\" style=\"border-bottom-left-radius:15px;border-bottom-right-radius:15px;background-color:#f3f3f3;margin-bottom:0;padding-right:var(--wp--preset--spacing--40);padding-left:var(--wp--preset--spacing--40)\">\n<p class=\"has-text-align-left\" style=\"padding-top:var(--wp--preset--spacing--20);padding-bottom:var(--wp--preset--spacing--20);font-size:clamp(0.875rem, 0.875rem + ((1vw - 0.2rem) * 0.667), 1.3rem);text-transform:uppercase\"><a href=\"https:\/\/dglawga.com\/es\/despues-de-un-accidente-de-camion\/\"><\/a><a href=\"https:\/\/dglawga.com\/es\/quien-es-responsable-en-un-accidente-de-varios-vehiculos\/\"><\/a><a href=\"https:\/\/dglawga.com\/es\/despues-de-un-accidente-automovilistico\/\"><\/a><a href=\"https:\/\/dglawga.com\/es\/costo-de-un-abogado-de-accidentes-automovilisticos\/\"><\/a><a href=\"https:\/\/dglawga.com\/es\/demanda-por-lesiones-personales-por-estatus-migratorio\/\"><\/a><a href=\"https:\/\/dglawga.com\/es\/costo-de-un-abogado-de-accidentes-automovilisticos\/\"><\/a><a href=\"https:\/\/dglawga.com\/es\/por-que-ofrecemos-la-primera-consulta-gratuita\/\" title=\"\u00bfPor qu\u00e9 ofrecemos la primera consulta gratis?\">\u00bfPor qu\u00e9 ofrecemos la primera consulta gratis?<\/a><\/p>\n<\/div>\n<\/div>\n<\/div>\n<\/div>","protected":false},"excerpt":{"rendered":"<p>Can You File a Wrongful Death Lawsuit If There Are No Criminal Charges? Who Is Liable in a Multi-Car Accident? How Much Does a Car Accident Lawyer Cost? How Likely Are You to Get in a Car Accident in Georgia? How Likely Are You to Get in a Car Accident in Georgia? What Is Special [&hellip;]<\/p>\n","protected":false},"author":35,"featured_media":0,"parent":0,"menu_order":0,"comment_status":"closed","ping_status":"closed","template":"","meta":{"_acf_changed":false,"_themeisle_gutenberg_block_has_review":false,"footnotes":""},"categories":[],"tags":[],"class_list":["post-7942","page","type-page","status-publish","hentry"],"acf":[],"aioseo_notices":[],"_links":{"self":[{"href":"https:\/\/dglawga.com\/es\/wp-json\/wp\/v2\/pages\/7942","targetHints":{"allow":["GET"]}}],"collection":[{"href":"https:\/\/dglawga.com\/es\/wp-json\/wp\/v2\/pages"}],"about":[{"href":"https:\/\/dglawga.com\/es\/wp-json\/wp\/v2\/types\/page"}],"author":[{"embeddable":true,"href":"https:\/\/dglawga.com\/es\/wp-json\/wp\/v2\/users\/35"}],"replies":[{"embeddable":true,"href":"https:\/\/dglawga.com\/es\/wp-json\/wp\/v2\/comments?post=7942"}],"version-history":[{"count":2,"href":"https:\/\/dglawga.com\/es\/wp-json\/wp\/v2\/pages\/7942\/revisions"}],"predecessor-version":[{"id":7946,"href":"https:\/\/dglawga.com\/es\/wp-json\/wp\/v2\/pages\/7942\/revisions\/7946"}],"wp:attachment":[{"href":"https:\/\/dglawga.com\/es\/wp-json\/wp\/v2\/media?parent=7942"}],"wp:term":[{"taxonomy":"category","embeddable":true,"href":"https:\/\/dglawga.com\/es\/wp-json\/wp\/v2\/categories?post=7942"},{"taxonomy":"post_tag","embeddable":true,"href":"https:\/\/dglawga.com\/es\/wp-json\/wp\/v2\/tags?post=7942"}],"curies":[{"name":"wp","href":"https:\/\/api.w.org\/{rel}","templated":true}]}}