{"id":8263,"date":"2025-12-02T16:04:10","date_gmt":"2025-12-02T21:04:10","guid":{"rendered":"https:\/\/dglawga.com\/?page_id=8263"},"modified":"2025-12-02T16:06:14","modified_gmt":"2025-12-02T21:06:14","slug":"lupe_soberanis","status":"publish","type":"page","link":"https:\/\/dglawga.com\/es\/our-team\/lupe_soberanis\/","title":{"rendered":"Lupe Soberanis"},"content":{"rendered":"<p class=\"has-text-align-left has-primary-color has-text-color has-link-color wp-elements-cf4f6c44cf2594860440c4fd0b49a6dd\">Idiomas: Ingl\u00e9s, Espa\u00f1ol<\/p>\n\n\n\n<p class=\"has-text-align-left has-primary-color has-text-color has-link-color wp-elements-d742034828f090a1b6c3273b81713c65\">Lupe Soberanis naci\u00f3 y creci\u00f3 en Atlanta, Georgia. Lupe se uni\u00f3 a la familia de Diaz &amp; Gaeta Law en 2025. Lupe cuenta con una amplia trayectoria tanto en el sector privado como en organizaciones sin fines de lucro. Trabaja en el campo de la inmigraci\u00f3n desde 2015. Lupe es una profesional dedicada, trabajadora y compasiva. Su compromiso con este trabajo est\u00e1 profundamente arraigado en sus experiencias personales. Apoyar a su familia y servir a su comunidad siempre han sido sus motivaciones. Estos valores contin\u00faan inspirando y guiando su trabajo d\u00eda a d\u00eda.<\/p>","protected":false},"excerpt":{"rendered":"<p>Languages: English, Spanish Lupe Soberanis was born and raised in Atlanta, Georgia. Lupe joined the Diaz &amp; Gaeta Law family in 2025. Lupe has an extensive background in both the private and non-profit sectors. She has been working in the immigration field since 2015. Lupe is a dedicated, hardworking, and compassionate professional. Lupe\u2019s commitment to [&hellip;]<\/p>\n","protected":false},"author":34,"featured_media":8249,"parent":3292,"menu_order":0,"comment_status":"closed","ping_status":"closed","template":"wp-custom-template-bio","meta":{"_acf_changed":false,"_themeisle_gutenberg_block_has_review":false,"footnotes":""},"categories":[4,50,52,51],"tags":[],"class_list":["post-8263","page","type-page","status-publish","has-post-thumbnail","hentry","category-atlanta-location","category-marietta-location","category-sandy-springs-location","category-smyrna-location"],"acf":[],"aioseo_notices":[],"_links":{"self":[{"href":"https:\/\/dglawga.com\/es\/wp-json\/wp\/v2\/pages\/8263","targetHints":{"allow":["GET"]}}],"collection":[{"href":"https:\/\/dglawga.com\/es\/wp-json\/wp\/v2\/pages"}],"about":[{"href":"https:\/\/dglawga.com\/es\/wp-json\/wp\/v2\/types\/page"}],"author":[{"embeddable":true,"href":"https:\/\/dglawga.com\/es\/wp-json\/wp\/v2\/users\/34"}],"replies":[{"embeddable":true,"href":"https:\/\/dglawga.com\/es\/wp-json\/wp\/v2\/comments?post=8263"}],"version-history":[{"count":1,"href":"https:\/\/dglawga.com\/es\/wp-json\/wp\/v2\/pages\/8263\/revisions"}],"predecessor-version":[{"id":8265,"href":"https:\/\/dglawga.com\/es\/wp-json\/wp\/v2\/pages\/8263\/revisions\/8265"}],"up":[{"embeddable":true,"href":"https:\/\/dglawga.com\/es\/wp-json\/wp\/v2\/pages\/3292"}],"wp:featuredmedia":[{"embeddable":true,"href":"https:\/\/dglawga.com\/es\/wp-json\/wp\/v2\/media\/8249"}],"wp:attachment":[{"href":"https:\/\/dglawga.com\/es\/wp-json\/wp\/v2\/media?parent=8263"}],"wp:term":[{"taxonomy":"category","embeddable":true,"href":"https:\/\/dglawga.com\/es\/wp-json\/wp\/v2\/categories?post=8263"},{"taxonomy":"post_tag","embeddable":true,"href":"https:\/\/dglawga.com\/es\/wp-json\/wp\/v2\/tags?post=8263"}],"curies":[{"name":"wp","href":"https:\/\/api.w.org\/{rel}","templated":true}]}}