{"id":8268,"date":"2025-12-02T16:31:15","date_gmt":"2025-12-02T21:31:15","guid":{"rendered":"https:\/\/dglawga.com\/?page_id=8268"},"modified":"2025-12-02T16:33:13","modified_gmt":"2025-12-02T21:33:13","slug":"jessica_gutierrez","status":"publish","type":"page","link":"https:\/\/dglawga.com\/es\/our-team\/jessica_gutierrez\/","title":{"rendered":"Jessica Guti\u00e9rrez"},"content":{"rendered":"<p class=\"has-text-align-left has-primary-color has-text-color has-link-color wp-elements-cf4f6c44cf2594860440c4fd0b49a6dd\">Idiomas: Ingl\u00e9s, Espa\u00f1ol<\/p>\n\n\n\n<p class=\"has-text-align-left has-primary-color has-text-color has-link-color wp-elements-84bbf91ccd2f86dea4c4740f0d4889b0\">Ella es Jessica Guti\u00e9rrez M., miembro de nuestro equipo de especialistas en admisi\u00f3n legal. Se enfoca en ayudar a quienes buscan ayuda legal a que nos llegue su informaci\u00f3n de forma r\u00e1pida, profesional y eficiente. La Sra. Guti\u00e9rrez habla espa\u00f1ol e ingl\u00e9s con fluidez y tiene experiencia como asistente legal. Comenz\u00f3 su carrera en 2015, cuando se incorpor\u00f3 a un bufete de abogados en Chicago, donde empez\u00f3 como recepcionista y ascendi\u00f3 profesionalmente hasta convertirse en asistente legal, donde adquiri\u00f3 experiencia en lesiones personales y compensaci\u00f3n laboral.<\/p>\n\n\n\n<p>Obtuvo su certificaci\u00f3n como asistente legal, completando sus estudios de asociado en el Harold Washington College de Chicago y finaliz\u00f3 sus estudios en la Universidad Saint Leo en Florida, donde obtuvo un t\u00edtulo en administraci\u00f3n de empresas con especializaci\u00f3n en gesti\u00f3n de proyectos. Cuenta con m\u00e1s de 10 a\u00f1os de experiencia en el \u00e1mbito legal y posee m\u00faltiples especialidades. La Sra. Guti\u00e9rrez es una persona muy apasionada y disfruta ayudando a quienes tienen dificultades con el idioma a obtener la ayuda que merecen en el \u00e1mbito legal. Ayuda a la comunidad hispana a comprender sus derechos y a que comprendan que ellos tambi\u00e9n tienen voz.<\/p>\n\n\n\n<p>Tambi\u00e9n cuenta con su certificaci\u00f3n como int\u00e9rprete para la pr\u00e1ctica legal y m\u00e9dica, ayudando a la comunidad hispana de diversas maneras. Es muy eficiente, dedicada y cumple con su trabajo. Sus metas son tener m\u00faltiples negocios, m\u00faltiples propiedades y m\u00faltiples t\u00edtulos.<\/p>\n\n\n\n<p class=\"has-text-align-left has-primary-color has-text-color has-link-color wp-elements-b6e21618e5a674cac90cbc4ee0414e7b\">Est\u00e1 trabajando para convertirse en abogada, aprovechando lo aprendido a lo largo de los a\u00f1os para servir, ayudar y contribuir a su comunidad. Estamos muy contentos de tenerla en nuestro equipo y esperamos crecer con ella en el futuro.<\/p>","protected":false},"excerpt":{"rendered":"<p>Languages: English, Spanish This is Jessica Gutierrez M. , she is part of our legal intake specialist team. She focuses on helping those seeking legal help get their information to us in a fast, professional and efficient way. Ms. Gutierrez is fluent in English in Spanish, she comes from a background as a paralegal, she [&hellip;]<\/p>\n","protected":false},"author":34,"featured_media":8245,"parent":3292,"menu_order":0,"comment_status":"closed","ping_status":"closed","template":"wp-custom-template-bio","meta":{"_acf_changed":false,"_themeisle_gutenberg_block_has_review":false,"footnotes":""},"categories":[4,50,52,51],"tags":[],"class_list":["post-8268","page","type-page","status-publish","has-post-thumbnail","hentry","category-atlanta-location","category-marietta-location","category-sandy-springs-location","category-smyrna-location"],"acf":[],"aioseo_notices":[],"_links":{"self":[{"href":"https:\/\/dglawga.com\/es\/wp-json\/wp\/v2\/pages\/8268","targetHints":{"allow":["GET"]}}],"collection":[{"href":"https:\/\/dglawga.com\/es\/wp-json\/wp\/v2\/pages"}],"about":[{"href":"https:\/\/dglawga.com\/es\/wp-json\/wp\/v2\/types\/page"}],"author":[{"embeddable":true,"href":"https:\/\/dglawga.com\/es\/wp-json\/wp\/v2\/users\/34"}],"replies":[{"embeddable":true,"href":"https:\/\/dglawga.com\/es\/wp-json\/wp\/v2\/comments?post=8268"}],"version-history":[{"count":1,"href":"https:\/\/dglawga.com\/es\/wp-json\/wp\/v2\/pages\/8268\/revisions"}],"predecessor-version":[{"id":8270,"href":"https:\/\/dglawga.com\/es\/wp-json\/wp\/v2\/pages\/8268\/revisions\/8270"}],"up":[{"embeddable":true,"href":"https:\/\/dglawga.com\/es\/wp-json\/wp\/v2\/pages\/3292"}],"wp:featuredmedia":[{"embeddable":true,"href":"https:\/\/dglawga.com\/es\/wp-json\/wp\/v2\/media\/8245"}],"wp:attachment":[{"href":"https:\/\/dglawga.com\/es\/wp-json\/wp\/v2\/media?parent=8268"}],"wp:term":[{"taxonomy":"category","embeddable":true,"href":"https:\/\/dglawga.com\/es\/wp-json\/wp\/v2\/categories?post=8268"},{"taxonomy":"post_tag","embeddable":true,"href":"https:\/\/dglawga.com\/es\/wp-json\/wp\/v2\/tags?post=8268"}],"curies":[{"name":"wp","href":"https:\/\/api.w.org\/{rel}","templated":true}]}}