{"id":8271,"date":"2025-12-02T16:37:19","date_gmt":"2025-12-02T21:37:19","guid":{"rendered":"https:\/\/dglawga.com\/?page_id=8271"},"modified":"2025-12-02T16:57:50","modified_gmt":"2025-12-02T21:57:50","slug":"yaire_encelmo","status":"publish","type":"page","link":"https:\/\/dglawga.com\/es\/our-team\/yaire_encelmo\/","title":{"rendered":"Yaire Encelmo"},"content":{"rendered":"<div class=\"translate-result-text select-text whitespace-pre-line\">Idiomas: Ingl\u00e9s y espa\u00f1ol<\/div>\n<div><\/div>\n<div class=\"translate-result-text select-text whitespace-pre-line\">Hija de padres inmigrantes que llegaron a Estados Unidos sin recursos, Yaire aborda cada d\u00eda con calidez y prop\u00f3sito, viendo a cada visitante no solo como un cliente, sino como un padre, un hijo o un abuelo, igual que ella. Domina el ingl\u00e9s y el espa\u00f1ol y cuenta con cuatro a\u00f1os de experiencia en recepci\u00f3n. Se enorgullece de ser un puente para su comunidad hispana, ofreciendo no solo traducciones, sino tambi\u00e9n comprensi\u00f3n y compasi\u00f3n genuinas. Con su excelente atenci\u00f3n al detalle y su tono c\u00e1lido, se destaca no solo por brindar un flujo de trabajo efectivo, sino tambi\u00e9n por asegurarse de que cada cliente sea visto y escuchado. Sus ojos se iluminan cuando recibe a una abuela nerviosa o a una madre joven que no sabe por d\u00f3nde empezar, porque en ellas ve a su propia familia, sus ra\u00edces, su cultura, su coraz\u00f3n. Para Yaire, ayudar a los dem\u00e1s no es solo parte del trabajo, es algo personal.<\/div>","protected":false},"excerpt":{"rendered":"<p>Languages: English and Spanish A daughter of immigrant parents who came to the United States with nothing. Yaire approaches each day with warmth and purpose, seeing every visitor not just as a client, but as someone\u2019s parent, child, or grandparent, just like her own. Fluent in both English and Spanish &amp; 4 years of reception [&hellip;]<\/p>\n","protected":false},"author":35,"featured_media":8253,"parent":3292,"menu_order":0,"comment_status":"closed","ping_status":"closed","template":"wp-custom-template-bio","meta":{"_acf_changed":false,"_themeisle_gutenberg_block_has_review":false,"footnotes":""},"categories":[4,50,52,51],"tags":[],"class_list":["post-8271","page","type-page","status-publish","has-post-thumbnail","hentry","category-atlanta-location","category-marietta-location","category-sandy-springs-location","category-smyrna-location"],"acf":[],"aioseo_notices":[],"_links":{"self":[{"href":"https:\/\/dglawga.com\/es\/wp-json\/wp\/v2\/pages\/8271","targetHints":{"allow":["GET"]}}],"collection":[{"href":"https:\/\/dglawga.com\/es\/wp-json\/wp\/v2\/pages"}],"about":[{"href":"https:\/\/dglawga.com\/es\/wp-json\/wp\/v2\/types\/page"}],"author":[{"embeddable":true,"href":"https:\/\/dglawga.com\/es\/wp-json\/wp\/v2\/users\/35"}],"replies":[{"embeddable":true,"href":"https:\/\/dglawga.com\/es\/wp-json\/wp\/v2\/comments?post=8271"}],"version-history":[{"count":1,"href":"https:\/\/dglawga.com\/es\/wp-json\/wp\/v2\/pages\/8271\/revisions"}],"predecessor-version":[{"id":8272,"href":"https:\/\/dglawga.com\/es\/wp-json\/wp\/v2\/pages\/8271\/revisions\/8272"}],"up":[{"embeddable":true,"href":"https:\/\/dglawga.com\/es\/wp-json\/wp\/v2\/pages\/3292"}],"wp:featuredmedia":[{"embeddable":true,"href":"https:\/\/dglawga.com\/es\/wp-json\/wp\/v2\/media\/8253"}],"wp:attachment":[{"href":"https:\/\/dglawga.com\/es\/wp-json\/wp\/v2\/media?parent=8271"}],"wp:term":[{"taxonomy":"category","embeddable":true,"href":"https:\/\/dglawga.com\/es\/wp-json\/wp\/v2\/categories?post=8271"},{"taxonomy":"post_tag","embeddable":true,"href":"https:\/\/dglawga.com\/es\/wp-json\/wp\/v2\/tags?post=8271"}],"curies":[{"name":"wp","href":"https:\/\/api.w.org\/{rel}","templated":true}]}}