{"id":8620,"date":"2026-02-18T20:07:32","date_gmt":"2026-02-19T01:07:32","guid":{"rendered":"https:\/\/dglawga.com\/?page_id=8620"},"modified":"2026-02-27T19:23:05","modified_gmt":"2026-02-28T00:23:05","slug":"asylum","status":"publish","type":"page","link":"https:\/\/dglawga.com\/es\/asylum\/","title":{"rendered":"Asilo"},"content":{"rendered":"<h2 class=\"wp-block-heading\">Protecci\u00f3n humanitaria cuando m\u00e1s la necesitas<\/h2>\n\n\n\n<p>Si tiene miedo de regresar a su pa\u00eds de origen debido a la violencia, la persecuci\u00f3n o amenazas a su vida o libertad, el asilo puede ofrecerle un camino hacia la seguridad en los Estados Unidos.<\/p>\n\n\n\n<p>En <strong>D\u00edaz &amp; Gaeta Law<\/strong>, Entendemos que detr\u00e1s de cada caso de asilo hay una historia de miedo, valent\u00eda y supervivencia. Nuestro equipo de inmigraci\u00f3n est\u00e1 aqu\u00ed para escuchar su historia, explicarle claramente sus opciones y guiarle en cada paso del proceso de asilo con respeto y compasi\u00f3n.<\/p>\n\n\n\n<h4 class=\"wp-block-heading\">\u00bfQu\u00e9 es el asilo?<\/h4>\n\n\n\n<p>El asilo es una forma de protecci\u00f3n para las personas que ya est\u00e1n en los Estados Unidos o en una frontera estadounidense y no pueden regresar a su pa\u00eds de origen porque han sido perseguidas o temen ser perseguidas en el futuro debido a:<\/p>\n\n\n\n<ul style=\"line-height:1.6\" class=\"wp-block-list\">\n<li>Carrera.<\/li>\n\n\n\n<li>Religi\u00f3n.<\/li>\n\n\n\n<li>Nacionalidad.<\/li>\n\n\n\n<li>Opini\u00f3n pol\u00edtica.<\/li>\n\n\n\n<li>Pertenencia a un grupo social determinado.<\/li>\n<\/ul>\n\n\n\n<p>Si se le concede asilo, es posible que pueda vivir y trabajar en los EE. UU., traer a ciertos miembros de su familia para que se re\u00fanan con usted y, eventualmente, solicitar una tarjeta verde.<\/p>\n\n\n\n<h2 class=\"wp-block-heading\">\u00bfQui\u00e9n puede calificar para asilo?<\/h2>\n\n\n\n<h4 class=\"wp-block-heading\">Usted puede ser elegible para solicitar asilo si:<\/h4>\n\n\n\n<ul style=\"line-height:1.6\" class=\"wp-block-list\">\n<li>Est\u00e1 f\u00edsicamente presente en los Estados Unidos o en un puerto de entrada de los Estados Unidos.<\/li>\n\n\n\n<li>Ha sufrido da\u00f1os en el pasado o teme sufrir da\u00f1os graves en el futuro en su pa\u00eds de origen, y<\/li>\n\n\n\n<li>El da\u00f1o est\u00e1 relacionado con uno de los motivos protegidos (raza, religi\u00f3n, nacionalidad, opini\u00f3n pol\u00edtica o pertenencia a un determinado grupo social).<\/li>\n<\/ul>\n\n\n\n<h4 class=\"wp-block-heading\">Algunos ejemplos comunes de personas que pueden solicitar asilo incluyen:<\/h4>\n\n\n\n<ul style=\"line-height:1.6\" class=\"wp-block-list\">\n<li>Activistas pol\u00edticos que son blanco de sus gobiernos o de grupos que \u00e9stos no pueden controlar.<\/li>\n\n\n\n<li>Periodistas, trabajadores de derechos humanos o l\u00edderes comunitarios que reciben amenazas o ataques.<\/li>\n\n\n\n<li>Sobrevivientes de violencia dom\u00e9stica o violencia de pandillas, en determinadas circunstancias.<\/li>\n\n\n\n<li>Personas que son perseguidas por su religi\u00f3n o actividades religiosas.<\/li>\n\n\n\n<li>Personas que son blanco de ataques debido a su origen \u00e9tnico o nacionalidad.<\/li>\n<\/ul>\n\n\n\n<p>Cada caso es \u00fanico. Incluso si no est\u00e1 seguro de si su situaci\u00f3n califica, es importante hablar con un abogado especializado en asilo sobre sus opciones.<\/p>\n\n\n\n<h2 class=\"wp-block-heading\">Asilo afirmativo vs. asilo defensivo<\/h2>\n\n\n\n<h4 class=\"wp-block-heading\">Hay dos formas principales de solicitar asilo en los Estados Unidos:<\/h4>\n\n\n\n<h4 class=\"wp-block-heading\">Asilo afirmativo<\/h4>\n\n\n\n<ul style=\"line-height:1.6\" class=\"wp-block-list\">\n<li>No se encuentra en proceso de deportaci\u00f3n.<\/li>\n\n\n\n<li>Presenta el Formulario I-589 ante el Servicio de Ciudadan\u00eda e Inmigraci\u00f3n de Estados Unidos (USCIS).<\/li>\n\n\n\n<li>Por lo general, asistir\u00e1 a una entrevista con un oficial de asilo para explicar su caso.<\/li>\n<\/ul>\n\n\n\n<h4 class=\"wp-block-heading\">Asilo defensivo<\/h4>\n\n\n\n<ul style=\"line-height:1.6\" class=\"wp-block-list\">\n<li>Usted ya est\u00e1 en proceso de deportaci\u00f3n ante un juez de inmigraci\u00f3n.<\/li>\n\n\n\n<li>Solicita asilo como defensa contra la deportaci\u00f3n.<\/li>\n\n\n\n<li>Su caso se presenta en el tribunal de inmigraci\u00f3n, donde usted y su abogado pueden presentar pruebas y testimonios.<\/li>\n<\/ul>\n\n\n\n<p>Nuestro equipo maneja casos de asilo tanto afirmativos como defensivos y puede ayudarle a comprender qu\u00e9 opci\u00f3n se aplica a usted.<\/p>\n\n\n\n<h2 class=\"wp-block-heading\">C\u00f3mo Diaz &amp; Gaeta Law ayuda con los casos de asilo<\/h2>\n\n\n\n<p>Los casos de asilo suelen ser complejos y muy detallados. Muchos se resuelven en funci\u00f3n de la claridad y coherencia con la que se presenta y fundamenta su historia. <strong>D\u00edaz &amp; Gaeta Law<\/strong>, Te ayudamos mediante:<\/p>\n\n\n\n<ul style=\"line-height:1.6\" class=\"wp-block-list\">\n<li>Escuchar atentamente tu historia para entender lo que viviste y lo que temes que pueda pasar si regresas.<\/li>\n\n\n\n<li>Evaluar su elegibilidad para asilo y otras formas de protecci\u00f3n, como la retenci\u00f3n de deportaci\u00f3n o la protecci\u00f3n bajo la Convenci\u00f3n contra la Tortura (CAT).<\/li>\n\n\n\n<li>Preparar y presentar su solicitud (Formulario I-589) con evidencia s\u00f3lida y organizada.<\/li>\n\n\n\n<li>Recopilar documentos de respaldo, como informes sobre la condici\u00f3n del pa\u00eds, registros m\u00e9dicos, informes policiales, evaluaciones psicol\u00f3gicas y declaraciones de testigos, cuando corresponda.<\/li>\n\n\n\n<li>Prepar\u00e1ndote para tu entrevista o audiencia judicial, para que sepas qu\u00e9 esperar y te sientas m\u00e1s seguro al contar tu historia.<\/li>\n\n\n\n<li>Representarlo ante USCIS o en la corte de inmigraci\u00f3n, presentando argumentos legales y evidencia en su nombre.<\/li>\n\n\n\n<li>Asesorarlo sobre los pr\u00f3ximos pasos despu\u00e9s de una decisi\u00f3n, incluidas apelaciones u opciones para los miembros de la familia.<\/li>\n<\/ul>\n\n\n\n<p>Sabemos que compartir experiencias dolorosas puede ser dif\u00edcil. Nuestros abogados y personal se toman el tiempo para crear un ambiente seguro y de apoyo para que usted pueda hablar abiertamente y ser escuchado.<\/p>\n\n\n\n<h2 class=\"wp-block-heading\">\u00bfPor qu\u00e9 trabajar con Diaz &amp; Gaeta Law en su caso de asilo?<\/h2>\n\n\n\n<ul style=\"line-height:1.6\" class=\"wp-block-list\">\n<li>Equipo de inmigraci\u00f3n experimentado que maneja casos complejos de asilo y humanitarios.<\/li>\n\n\n\n<li>Personal biling\u00fce (ingl\u00e9s y espa\u00f1ol) y representaci\u00f3n culturalmente sensible.<\/li>\n\n\n\n<li>Comunicaci\u00f3n clara sobre su caso, plazos y qu\u00e9 esperar en cada etapa.<\/li>\n\n\n\n<li>Un enfoque hol\u00edstico que considera c\u00f3mo su caso de inmigraci\u00f3n puede afectar a su familia, su trabajo y sus planes.<\/li>\n<\/ul>\n\n\n\n<p>Cuando su seguridad y su futuro est\u00e1n en juego, usted merece un equipo que trate su caso con la seriedad y el cuidado que merece.<\/p>\n\n\n\n<h2 class=\"wp-block-heading\">Preguntas frecuentes sobre el asilo<\/h2>\n\n\n\n<h4 class=\"wp-block-heading\">\u00bfCu\u00e1nto tiempo tengo para solicitar asilo?<\/h4>\n\n\n\n<p>En muchos casos, debe solicitar asilo dentro de <strong>un a\u00f1o<\/strong> de su \u00faltima llegada a Estados Unidos. Existen excepciones limitadas por circunstancias extraordinarias o cambios en las circunstancias. Si cree que no cumpli\u00f3 con el plazo, consulte con un abogado lo antes posible para ver si una excepci\u00f3n podr\u00eda aplicarse a su situaci\u00f3n.<\/p>\n\n\n\n<h4 class=\"wp-block-heading\">\u00bfPuedo incluir a mi familia en mi solicitud de asilo?<\/h4>\n\n\n\n<p>En muchos casos, puede incluir en su solicitud a su c\u00f3nyuge e hijos solteros menores de 21 a\u00f1os que se encuentren en Estados Unidos. Si se encuentran fuera de EE. UU., podr\u00eda solicitar su asilo posteriormente si se le concede.<\/p>\n\n\n\n<h4 class=\"wp-block-heading\">\u00bfPuedo trabajar mientras mi caso de asilo est\u00e1 pendiente?<\/h4>\n\n\n\n<p>Usted puede ser elegible para solicitar un permiso de trabajo (autorizaci\u00f3n de empleo) despu\u00e9s de que su solicitud de asilo haya estado pendiente durante un cierto per\u00edodo de tiempo, si cumple con los requisitos legales.<\/p>\n\n\n\n<h4 class=\"wp-block-heading\">\u00bfQu\u00e9 pasa si mi caso de asilo es denegado?<\/h4>\n\n\n\n<p>El proceso posterior depende de si su caso se present\u00f3 ante el USCIS o en un tribunal de inmigraci\u00f3n. Podr\u00eda tener opciones como apelar la decisi\u00f3n o explorar otras opciones de alivio. Un abogado puede explicarle sus opciones seg\u00fan los hechos espec\u00edficos de su caso.<\/p>\n\n\n\n<h4 class=\"wp-block-heading\">\u00bfTodo lo que le digo a mi abogado es confidencial?<\/h4>\n\n\n\n<p>S\u00ed. Las conversaciones con su abogado son confidenciales. Sabemos lo delicados que pueden ser los casos de asilo y nos tomamos muy en serio su privacidad.<\/p>\n\n\n\n<h2 class=\"wp-block-heading\">Hable con un abogado especializado en asilo sobre su caso<\/h2>\n\n\n\n<p>Si tiene miedo de regresar a su pa\u00eds de origen, no tiene por qu\u00e9 afrontar este proceso solo. Las decisiones que tome ahora pueden afectar su seguridad y el futuro de su familia en los a\u00f1os venideros.<\/p>\n\n\n\n<p><strong>Contacte con Diaz &amp; Gaeta Law hoy<\/strong> para programar una consulta confidencial con nuestro equipo de inmigraci\u00f3n <a href=\"tel:+16785032780\"><strong>678-503-2780<\/strong><\/a>. Revisaremos su situaci\u00f3n, le explicaremos sus opciones con claridad y le ayudaremos a dar el siguiente paso hacia su protecci\u00f3n en Estados Unidos.<\/p>","protected":false},"excerpt":{"rendered":"<p>Humanitarian Protection When You Need It Most If you are afraid to return to your home country because of violence, persecution, or threats to your life or freedom, asylum may offer you a path to safety in the United States. At Diaz &amp; Gaeta Law, we understand that behind every asylum case there is a [&hellip;]<\/p>\n","protected":false},"author":34,"featured_media":8626,"parent":0,"menu_order":0,"comment_status":"closed","ping_status":"closed","template":"immigration","meta":{"_acf_changed":false,"_themeisle_gutenberg_block_has_review":false,"footnotes":""},"categories":[73,4,74,50,75,52,76,51],"tags":[],"class_list":["post-8620","page","type-page","status-publish","has-post-thumbnail","hentry","category-atlanta-location-es","category-atlanta-location","category-marietta-location-es","category-marietta-location","category-sandy-springs-location-es","category-sandy-springs-location","category-smyrna-location-es","category-smyrna-location"],"acf":[],"aioseo_notices":[],"_links":{"self":[{"href":"https:\/\/dglawga.com\/es\/wp-json\/wp\/v2\/pages\/8620","targetHints":{"allow":["GET"]}}],"collection":[{"href":"https:\/\/dglawga.com\/es\/wp-json\/wp\/v2\/pages"}],"about":[{"href":"https:\/\/dglawga.com\/es\/wp-json\/wp\/v2\/types\/page"}],"author":[{"embeddable":true,"href":"https:\/\/dglawga.com\/es\/wp-json\/wp\/v2\/users\/34"}],"replies":[{"embeddable":true,"href":"https:\/\/dglawga.com\/es\/wp-json\/wp\/v2\/comments?post=8620"}],"version-history":[{"count":6,"href":"https:\/\/dglawga.com\/es\/wp-json\/wp\/v2\/pages\/8620\/revisions"}],"predecessor-version":[{"id":8801,"href":"https:\/\/dglawga.com\/es\/wp-json\/wp\/v2\/pages\/8620\/revisions\/8801"}],"wp:featuredmedia":[{"embeddable":true,"href":"https:\/\/dglawga.com\/es\/wp-json\/wp\/v2\/media\/8626"}],"wp:attachment":[{"href":"https:\/\/dglawga.com\/es\/wp-json\/wp\/v2\/media?parent=8620"}],"wp:term":[{"taxonomy":"category","embeddable":true,"href":"https:\/\/dglawga.com\/es\/wp-json\/wp\/v2\/categories?post=8620"},{"taxonomy":"post_tag","embeddable":true,"href":"https:\/\/dglawga.com\/es\/wp-json\/wp\/v2\/tags?post=8620"}],"curies":[{"name":"wp","href":"https:\/\/api.w.org\/{rel}","templated":true}]}}