{"id":8675,"date":"2026-02-20T20:29:04","date_gmt":"2026-02-21T01:29:04","guid":{"rendered":"https:\/\/dglawga.com\/?page_id=8675"},"modified":"2026-02-24T19:39:05","modified_gmt":"2026-02-25T00:39:05","slug":"immigration-waivers","status":"publish","type":"page","link":"https:\/\/dglawga.com\/es\/immigration-waivers\/","title":{"rendered":"Exenciones de inmigraci\u00f3n"},"content":{"rendered":"<h2 class=\"wp-block-heading has-text-align-left\">Una segunda oportunidad para arreglar tu situaci\u00f3n<\/h2>\n\n\n\n<p>Las leyes de inmigraci\u00f3n pueden ser estrictas, pero en muchas situaciones, existe la posibilidad de solicitar perd\u00f3n. Ah\u00ed es donde entran en juego las exenciones migratorias. Si usted o un ser querido se enfrenta a un obst\u00e1culo para obtener un green card, una visa u otro beneficio migratorio, una exenci\u00f3n podr\u00eda permitirle seguir adelante y permanecer con su familia en Estados Unidos.<\/p>\n\n\n\n<h2 class=\"wp-block-heading\">\u00bfQu\u00e9 es una exenci\u00f3n de inmigraci\u00f3n?<\/h2>\n\n\n\n<h4 class=\"wp-block-heading\">Una exenci\u00f3n de inmigraci\u00f3n es una solicitud formal que pide al gobierno de EE. UU. que \u201cperdone\u201d ciertos problemas de inmigraci\u00f3n, como:<\/h4>\n\n\n\n<ul class=\"wp-block-list\">\n<li style=\"line-height:1.6\">Entrar a los EE.UU. sin permiso.<\/li>\n\n\n\n<li style=\"line-height:1.6\">Permanecer en los EE.UU. m\u00e1s tiempo del permitido (exceder el tiempo permitido).<\/li>\n\n\n\n<li style=\"line-height:1.6\">Ciertas tergiversaciones o fraudes (por ejemplo, utilizar documentos de otra persona).<\/li>\n\n\n\n<li style=\"line-height:1.6\">Algunas cuestiones penales (caso por caso).<\/li>\n\n\n\n<li style=\"line-height:1.6\">Haber sido previamente ordenado deportado o expulsado.<\/li>\n<\/ul>\n\n\n\n<p>Cuando se aprueba una exenci\u00f3n, puede eliminar o reducir un obst\u00e1culo legal para que su tarjeta verde, visa u otra solicitud puedan ser aprobadas.<\/p>\n\n\n\n<h2 class=\"wp-block-heading\">Situaciones comunes en las que una exenci\u00f3n puede ayudar<\/h2>\n\n\n\n<h4 class=\"wp-block-heading\">Es posible que necesite una exenci\u00f3n si:<\/h4>\n\n\n\n<ul class=\"wp-block-list\">\n<li style=\"line-height:1.6\">Ingres\u00f3 a los EE. UU. sin visa y ahora desea solicitar una tarjeta verde a trav\u00e9s de un ciudadano estadounidense o un familiar residente.<\/li>\n\n\n\n<li style=\"line-height:1.6\">Tiene m\u00e1s de 6 meses o 1 a\u00f1o de \u201cpresencia ilegal\u201d en los EE. UU. y est\u00e1 sujeto a una prohibici\u00f3n de 3 o 10 a\u00f1os.<\/li>\n\n\n\n<li style=\"line-height:1.6\">Le dijeron en una entrevista consular que usted es \u201cinadmisible\u201d, pero que podr\u00eda calificar para una exenci\u00f3n.<\/li>\n\n\n\n<li style=\"line-height:1.6\">Usted utiliz\u00f3 informaci\u00f3n o documentos falsos para ingresar a los EE. UU. u obtener un beneficio en el pasado.<\/li>\n\n\n\n<li style=\"line-height:1.6\">Usted fue deportado o se orden\u00f3 su expulsi\u00f3n y ahora desea regresar legalmente.<\/li>\n<\/ul>\n\n\n\n<p>Cada caso es diferente. Es fundamental realizar una revisi\u00f3n minuciosa antes de solicitar cualquier exenci\u00f3n.<\/p>\n\n\n\n<h4 class=\"wp-block-heading\">Tipos de exenciones que manejamos com\u00fanmente<\/h4>\n\n\n\n<h5 class=\"wp-block-heading\"><strong>Renuncia por presencia ilegal<\/strong><\/h5>\n\n\n\n<p>Para personas que han vivido en los EE. UU. sin estatus legal y enfrentan una prohibici\u00f3n de 3 o 10 a\u00f1os cuando salen.<\/p>\n\n\n\n<h5 class=\"wp-block-heading\"><strong>Exenci\u00f3n provisional (exenci\u00f3n por presencia ilegal presentada en los EE. UU.)<\/strong><\/h5>\n\n\n\n<p>Esta exenci\u00f3n permite que ciertos solicitantes con v\u00ednculos familiares soliciten el perd\u00f3n de la presencia ilegal antes de salir de los EE. UU. para su entrevista consular, reduciendo as\u00ed el tiempo que pasan lejos de sus familias.<\/p>\n\n\n\n<h5 class=\"wp-block-heading\"><strong>Renuncia por tergiversaci\u00f3n o fraude<\/strong><\/h5>\n\n\n\n<p>Las personas que dieron informaci\u00f3n incorrecta o utilizaron documentos falsos en el proceso de inmigraci\u00f3n ahora son consideradas inadmisibles por eso.<\/p>\n\n\n\n<h5 class=\"wp-block-heading\"><strong>Exenci\u00f3n despu\u00e9s de la expulsi\u00f3n\/deportaci\u00f3n<\/strong><\/h5>\n\n\n\n<p>Para personas que fueron deportadas o expulsadas y necesitan permiso para regresar a los EE. UU. legalmente.<\/p>\n\n\n\n<h5 class=\"wp-block-heading\"><strong>Otras exenciones espec\u00edficas para cada caso<\/strong><\/h5>\n\n\n\n<p>Algunas exenciones est\u00e1n vinculadas a causas espec\u00edficas de inadmisibilidad o tipos espec\u00edficos de solicitudes. Podemos ayudarle a identificar cu\u00e1les podr\u00edan serle aplicables.<\/p>\n\n\n\n<h2 class=\"wp-block-heading\">\u00bfQui\u00e9n puede calificar para una exenci\u00f3n?<\/h2>\n\n\n\n<h4 class=\"wp-block-heading\">La elegibilidad depende del tipo de exenci\u00f3n, pero muchas exenciones requieren que demuestre que:<\/h4>\n\n\n\n<ul class=\"wp-block-list\">\n<li style=\"line-height:1.6\">Tiene un familiar calificado (a menudo un c\u00f3nyuge o padre ciudadano estadounidense o residente permanente) y<\/li>\n\n\n\n<li style=\"line-height:1.6\">Esa persona sufrir\u00eda dificultades extremas si su solicitud es denegada o no puede regresar o permanecer en los EE. UU.<\/li>\n<\/ul>\n\n\n\n<h4 class=\"wp-block-heading\">La dificultad extrema es mayor que la tristeza o el estr\u00e9s financiero normales. Los agentes de inmigraci\u00f3n consideran factores como:<\/h4>\n\n\n\n<ul class=\"wp-block-list\">\n<li style=\"line-height:1.6\">Condiciones m\u00e9dicas graves y qui\u00e9n proporciona atenci\u00f3n.<\/li>\n\n\n\n<li style=\"line-height:1.6\">Impacto financiero y p\u00e9rdida de ingresos.<\/li>\n\n\n\n<li style=\"line-height:1.6\">Interrupci\u00f3n educativa para los ni\u00f1os.<\/li>\n\n\n\n<li style=\"line-height:1.6\">Seguridad o condiciones en el pa\u00eds de origen.<\/li>\n\n\n\n<li style=\"line-height:1.6\">Impacto emocional y psicol\u00f3gico.<\/li>\n\n\n\n<li style=\"line-height:1.6\">Lazos familiares en Estados Unidos versus en el extranjero.<\/li>\n<\/ul>\n\n\n\n<p>Trabajamos estrechamente con usted para comprender la historia de su familia y reunir evidencia s\u00f3lida para respaldar su exenci\u00f3n.<\/p>\n\n\n\n<h2 class=\"wp-block-heading\">Nuestro enfoque en los casos de exenci\u00f3n<\/h2>\n\n\n\n<p>Los casos de exenci\u00f3n requieren mucha evidencia y son muy sensibles a los detalles. Un peque\u00f1o error o la falta de un documento pueden provocar una denegaci\u00f3n o largas demoras.<\/p>\n\n\n\n<h4 class=\"wp-block-heading\">Cuando trabaja con nuestra oficina, nosotros:<\/h4>\n\n\n\n<ul class=\"wp-block-list\">\n<li style=\"line-height:1.6\">Revise su historial de inmigraci\u00f3n completo, incluidas entradas, salidas, solicitudes anteriores, arrestos, registros judiciales y cualquier orden anterior de inmigraci\u00f3n.<\/li>\n\n\n\n<li style=\"line-height:1.6\">Identifique la exenci\u00f3n o exenciones correctas que puedan aplicarse a su situaci\u00f3n.<\/li>\n\n\n\n<li style=\"line-height:1.6\">Construya un poderoso paquete de ayuda con registros m\u00e9dicos, evaluaciones psicol\u00f3gicas (si corresponde), documentos financieros, registros escolares, informes sobre la condici\u00f3n del pa\u00eds y declaraciones personales.<\/li>\n\n\n\n<li style=\"line-height:1.6\">Prepare argumentos legales detallados que expliquen c\u00f3mo su situaci\u00f3n cumple con el est\u00e1ndar legal de dificultades extremas u otros requisitos aplicables.<\/li>\n\n\n\n<li style=\"line-height:1.6\">Lo guiaremos a trav\u00e9s de cada paso, desde formularios y presentaci\u00f3n hasta datos biom\u00e9tricos, procesamiento consular y preparaci\u00f3n para entrevistas.<\/li>\n<\/ul>\n\n\n\n<h2 class=\"wp-block-heading\">\u00bfPor qu\u00e9 trabajar con un abogado de inmigraci\u00f3n en su exenci\u00f3n?<\/h2>\n\n\n\n<ul class=\"wp-block-list\">\n<li style=\"line-height:1.6\">Las exenciones son complejas: se le est\u00e1 pidiendo al gobierno que pase por alto cuestiones de inmigraci\u00f3n graves, lo que requiere una estrategia legal precisa.<\/li>\n\n\n\n<li style=\"line-height:1.6\">Su pasado importa: entradas anteriores, tergiversaciones, arrestos o deportaciones deben analizarse cuidadosamente para evitar empeorar las cosas.<\/li>\n\n\n\n<li style=\"line-height:1.6\">El futuro de su familia est\u00e1 en juego: una exenci\u00f3n s\u00f3lida puede significar la diferencia entre permanecer juntos en los EE. UU. o estar separados durante a\u00f1os.<\/li>\n<\/ul>\n\n\n\n<p>Nuestro equipo de inmigraci\u00f3n se enfoca en ayudar a las familias a superar las barreras y avanzar con sus vidas de manera legal y segura.<\/p>\n\n\n\n<h2 class=\"wp-block-heading\">Preguntas frecuentes sobre las exenciones de inmigraci\u00f3n<\/h2>\n\n\n\n<h5 class=\"wp-block-heading\"><strong>1.<\/strong> <strong>\u00bfCu\u00e1nto tiempo dura un proceso de exenci\u00f3n?<\/strong><\/h5>\n\n\n\n<p>Los tiempos de procesamiento var\u00edan seg\u00fan el tipo de exenci\u00f3n y d\u00f3nde se presente. Pueden tardar varios meses y, a veces, m\u00e1s de un a\u00f1o. Durante su consulta, le daremos un presupuesto actualizado seg\u00fan su tipo de caso.<\/p>\n\n\n\n<h5 class=\"wp-block-heading\"><strong>2.<\/strong> <strong>\u00bfLa aprobaci\u00f3n de una exenci\u00f3n garantiza que mi tarjeta verde o visa ser\u00e1n aprobadas?<\/strong><\/h5>\n\n\n\n<p>No. Una exenci\u00f3n solo aborda causales espec\u00edficas de inadmisibilidad. Debe cumplir con los requisitos para el beneficio subyacente (tarjeta de residencia permanente, visa, etc.) y los funcionarios pueden revisar otros aspectos de su caso.<\/p>\n\n\n\n<h5 class=\"wp-block-heading\"><strong>3. \u00bfQu\u00e9 pasa si se niega mi exenci\u00f3n?<\/strong><\/h5>\n\n\n\n<p>Es posible que tenga opciones, como volver a presentar la solicitud con pruebas m\u00e1s s\u00f3lidas, apelar o explorar otras formas de alivio. Analizaremos los posibles riesgos y alternativas antes de que presente su solicitud.<\/p>\n\n\n\n<h5 class=\"wp-block-heading\"><strong>4.<\/strong> <strong>\u00bfPuedo presentar una exenci\u00f3n por m\u00ed mismo?<\/strong><\/h5>\n\n\n\n<p>Puede ser posible, pero debido a que las exenciones involucran leyes complejas y evidencia detallada de dificultades, muchas personas eligen trabajar con un abogado para reducir errores y fortalecer su caso.<\/p>\n\n\n\n<h5 class=\"wp-block-heading\"><strong>5.<\/strong> <strong>\u00bfC\u00f3mo puedo saber si realmente necesito una exenci\u00f3n?<\/strong><\/h5>\n\n\n\n<p>Es posible que no lo sepa hasta que revisemos cuidadosamente su historial. Si tiene presencia ilegal, deportaciones previas, declaraciones falsas o antecedentes penales, es importante consultar con un abogado de inmigraci\u00f3n antes de presentar cualquier solicitud o salir de EE. UU.<\/p>\n\n\n\n<h2 class=\"wp-block-heading\">\u00bfListo para hablar sobre una exenci\u00f3n?<\/h2>\n\n\n\n<p>Si cree que puede necesitar una exenci\u00f3n, o recibi\u00f3 una carta o decisi\u00f3n que dice que es \u201cinadmisible\u201d, no la ignore y no adivine.<\/p>\n\n\n\n<p><strong>Ll\u00e1manos hoy<\/strong> <a href=\"tel:+16785032780\"><strong>678-503-2780<\/strong><\/a> para programar una consulta confidencial.<\/p>\n\n\n\n<p><\/p>","protected":false},"excerpt":{"rendered":"<p>A Second Chance to Fix Your Status Immigration law can be strict\u2014but in many situations, there is a way to ask for forgiveness. That\u2019s where immigration waivers come in. If you or a loved one is facing a bar to obtaining a green card, visa, or other immigration benefit, a waiver may allow you to [&hellip;]<\/p>\n","protected":false},"author":34,"featured_media":8733,"parent":0,"menu_order":0,"comment_status":"closed","ping_status":"closed","template":"immigration","meta":{"_acf_changed":false,"_themeisle_gutenberg_block_has_review":false,"footnotes":""},"categories":[73,4,74,50,75,52,76,51],"tags":[],"class_list":["post-8675","page","type-page","status-publish","has-post-thumbnail","hentry","category-atlanta-location-es","category-atlanta-location","category-marietta-location-es","category-marietta-location","category-sandy-springs-location-es","category-sandy-springs-location","category-smyrna-location-es","category-smyrna-location"],"acf":[],"aioseo_notices":[],"_links":{"self":[{"href":"https:\/\/dglawga.com\/es\/wp-json\/wp\/v2\/pages\/8675","targetHints":{"allow":["GET"]}}],"collection":[{"href":"https:\/\/dglawga.com\/es\/wp-json\/wp\/v2\/pages"}],"about":[{"href":"https:\/\/dglawga.com\/es\/wp-json\/wp\/v2\/types\/page"}],"author":[{"embeddable":true,"href":"https:\/\/dglawga.com\/es\/wp-json\/wp\/v2\/users\/34"}],"replies":[{"embeddable":true,"href":"https:\/\/dglawga.com\/es\/wp-json\/wp\/v2\/comments?post=8675"}],"version-history":[{"count":5,"href":"https:\/\/dglawga.com\/es\/wp-json\/wp\/v2\/pages\/8675\/revisions"}],"predecessor-version":[{"id":8761,"href":"https:\/\/dglawga.com\/es\/wp-json\/wp\/v2\/pages\/8675\/revisions\/8761"}],"wp:featuredmedia":[{"embeddable":true,"href":"https:\/\/dglawga.com\/es\/wp-json\/wp\/v2\/media\/8733"}],"wp:attachment":[{"href":"https:\/\/dglawga.com\/es\/wp-json\/wp\/v2\/media?parent=8675"}],"wp:term":[{"taxonomy":"category","embeddable":true,"href":"https:\/\/dglawga.com\/es\/wp-json\/wp\/v2\/categories?post=8675"},{"taxonomy":"post_tag","embeddable":true,"href":"https:\/\/dglawga.com\/es\/wp-json\/wp\/v2\/tags?post=8675"}],"curies":[{"name":"wp","href":"https:\/\/api.w.org\/{rel}","templated":true}]}}