{"id":8679,"date":"2026-02-20T20:41:46","date_gmt":"2026-02-21T01:41:46","guid":{"rendered":"https:\/\/dglawga.com\/?page_id=8679"},"modified":"2026-02-24T12:45:34","modified_gmt":"2026-02-24T17:45:34","slug":"sijs-juvenile-visa","status":"publish","type":"page","link":"https:\/\/dglawga.com\/es\/sijs-juvenile-visa\/","title":{"rendered":"SIJS \u2013 Visa juvenil"},"content":{"rendered":"<h2 class=\"wp-block-heading\">SIJS \/ Visa Juvenil (Estatus Especial de Inmigrante Juvenil)<\/h2>\n\n\n\n<p>El Estatus Especial de Inmigrante Juvenil (SIJS), a veces llamado \u201cvisa juvenil\u201d, es una poderosa forma de alivio migratorio para ni\u00f1os y j\u00f3venes que han sido abusados, abandonados o descuidados por uno o ambos padres.<\/p>\n\n\n\n<p>Nuestro equipo de inmigraci\u00f3n comprende la sensibilidad de estos casos. Trabajamos con compasi\u00f3n y discreci\u00f3n para ayudar a nuestros j\u00f3venes clientes a obtener protecci\u00f3n, estabilidad y un camino hacia un estatus legal en Estados Unidos.<a id=\"_msocom_1\"><\/a><\/p>\n\n\n\n<h2 class=\"wp-block-heading\">\u00bfQu\u00e9 es SIJS?<\/h2>\n\n\n\n<h4 class=\"wp-block-heading\">El Estatus Especial de Inmigrante Juvenil es un beneficio de inmigraci\u00f3n federal para ciertos ni\u00f1os y adultos j\u00f3venes indocumentados que:<\/h4>\n\n\n\n<ul class=\"wp-block-list\">\n<li style=\"line-height:1.6\">Tienen menos de una edad espec\u00edfica establecida por la ley estatal (a menudo menos de 21 a\u00f1os) en el momento en que se presenta el caso.<\/li>\n\n\n\n<li style=\"line-height:1.6\">Son solteros.<\/li>\n\n\n\n<li style=\"line-height:1.6\">Han sido abusados, abandonados o descuidados por uno o ambos padres.<\/li>\n\n\n\n<li style=\"line-height:1.6\">Tener una orden judicial de menores que indique que no es lo mejor para el ni\u00f1o regresar a su pa\u00eds de origen.<\/li>\n<\/ul>\n\n\n\n<p>Con SIJS, un joven puede solicitar la residencia permanente (una tarjeta verde) en los Estados Unidos y obtener seguridad y protecci\u00f3n a largo plazo contra la deportaci\u00f3n.<\/p>\n\n\n\n<h2 class=\"wp-block-heading\">\u00bfQui\u00e9n califica para SIJS?<\/h2>\n\n\n\n<h4 class=\"wp-block-heading\">Cada caso es \u00fanico, pero en general, un joven puede calificar para SIJS si:<\/h4>\n\n\n\n<ul class=\"wp-block-list\">\n<li style=\"line-height:1.6\">Est\u00e1n presentes en Estados Unidos.<\/li>\n\n\n\n<li style=\"line-height:1.6\">Ellos son solteros.<\/li>\n\n\n\n<li style=\"line-height:1.6\">Tienen una orden judicial de menores (por ejemplo: custodia, tutela, dependencia o una orden similar) que:\n<ul class=\"wp-block-list\">\n<li style=\"line-height:1.6\">Los coloca bajo la custodia o tutela de una persona o agencia<\/li>\n\n\n\n<li style=\"line-height:1.6\">Determina que la reunificaci\u00f3n con uno o ambos padres no es posible debido a abuso, abandono, negligencia o una base similar seg\u00fan la ley estatal.<\/li>\n\n\n\n<li style=\"line-height:1.6\">Afirma que regresar a su pa\u00eds de origen no es lo mejor para ellos.<\/li>\n<\/ul>\n<\/li>\n<\/ul>\n\n\n\n<p>Debido a que los casos de SIJS involucran tanto a la corte estatal como a la ley federal de inmigraci\u00f3n, es crucial trabajar con un abogado que comprenda ambos aspectos del proceso y pueda coordinar cada paso cuidadosamente.<\/p>\n\n\n\n<h2 class=\"wp-block-heading\">Beneficios del SIJS<\/h2>\n\n\n\n<h4 class=\"wp-block-heading\">Para los j\u00f3venes que cumplen los requisitos, el SIJS puede ser un cambio de vida. Puede ofrecer:<\/h4>\n\n\n\n<ul class=\"wp-block-list\">\n<li style=\"line-height:1.6\">Protecci\u00f3n contra la expulsi\u00f3n\/deportaci\u00f3n.<\/li>\n\n\n\n<li style=\"line-height:1.6\">Elegibilidad para solicitar una tarjeta verde (residencia permanente legal).<\/li>\n\n\n\n<li style=\"line-height:1.6\">Acceso a la autorizaci\u00f3n de trabajo (una vez concedida la residencia permanente o alcanzados determinados pasos).<\/li>\n\n\n\n<li style=\"line-height:1.6\">Mayor estabilidad para la educaci\u00f3n, la atenci\u00f3n m\u00e9dica y la planificaci\u00f3n a largo plazo.<\/li>\n<\/ul>\n\n\n\n<p>SIJS no es una soluci\u00f3n r\u00e1pida y tiene algunas limitaciones (por ejemplo, no permite que un ni\u00f1o solicite posteriormente la asunci\u00f3n de cualquiera de sus padres), pero puede brindar seguridad y estabilidad fundamentales para un joven vulnerable.<\/p>\n\n\n\n<h2 class=\"wp-block-heading\">C\u00f3mo funciona el proceso SIJS<\/h2>\n\n\n\n<h4 class=\"wp-block-heading\">Dado que el SIJS es un proceso de dos pasos (tribunal estatal e inmigraci\u00f3n), el tiempo y la estrategia son cruciales. En muchos casos, los pasos pueden incluir:<\/h4>\n\n\n\n<h5 class=\"wp-block-heading\"><strong>1.<\/strong> <strong>Procedimientos judiciales de menores o de familia<\/strong><\/h5>\n\n\n\n<ul class=\"wp-block-list\">\n<li style=\"line-height:1.6\">Presentar un caso en un tribunal estatal de menores, de familia o de sucesiones (por ejemplo, custodia, tutela o dependencia).<\/li>\n\n\n\n<li style=\"line-height:1.6\">Solicitar al tribunal que emita conclusiones especiales en el sentido de que el ni\u00f1o ha sido abusado, abandonado o descuidado; que la reunificaci\u00f3n con uno o ambos padres no es viable; y que no es lo mejor para el ni\u00f1o regresar a su pa\u00eds de origen.<\/li>\n<\/ul>\n\n\n\n<h5 class=\"wp-block-heading\"><strong>2.<\/strong> <strong>Presentar la petici\u00f3n SIJS ante USCIS<\/strong><\/h5>\n\n\n\n<ul class=\"wp-block-list\">\n<li style=\"line-height:1.6\">Presentar el Formulario I-360 (Petici\u00f3n para amerasi\u00e1tico, viudo(a) o inmigrante especial) con evidencia de respaldo y la orden del tribunal de menores.<\/li>\n\n\n\n<li style=\"line-height:1.6\">Responder a cualquier solicitud de evidencia (RFE) del USCIS.<\/li>\n<\/ul>\n\n\n\n<h5 class=\"wp-block-heading\"><strong>3.<\/strong> <strong>Solicitar una tarjeta verde (cuando sea elegible)<\/strong><\/h5>\n\n\n\n<ul class=\"wp-block-list\">\n<li style=\"line-height:1.6\">Una vez que se aprueba el SIJS y hay una visa disponible en la categor\u00eda correcta, solicite un ajuste de estatus (tarjeta verde).<\/li>\n\n\n\n<li style=\"line-height:1.6\">Completar datos biom\u00e9tricos, entrevistas (si se requieren) y cualquier paso adicional con USCIS.<\/li>\n<\/ul>\n\n\n\n<p>Nuestra firma maneja el proceso de principio a fin, coordinando con la familia, el tribunal y las agencias de inmigraci\u00f3n para asegurarse de que el caso del joven se presente de manera clara y cuidadosa.<\/p>\n\n\n\n<h2 class=\"wp-block-heading\">\u00bfPor qu\u00e9 trabajar con D\u00edaz y Gaeta Law para casos de SIJS \/ Visas Juveniles?<\/h2>\n\n\n\n<p>Los casos de SIJS son m\u00e1s que formularios y fechas de audiencias judiciales: se trata de proteger a los j\u00f3venes que ya han sufrido demasiado.<\/p>\n\n\n\n<h4 class=\"wp-block-heading\">Cuando trabajas con nuestro equipo, puedes esperar:<\/h4>\n\n\n\n<ul class=\"wp-block-list\">\n<li style=\"line-height:1.6\">Apoyo compasivo y basado en informaci\u00f3n sobre traumas para ni\u00f1os y adolescentes.<\/li>\n\n\n\n<li style=\"line-height:1.6\">Explicaciones claras en cada paso, tanto para el joven como para su cuidador.<\/li>\n\n\n\n<li style=\"line-height:1.6\">Experiencia trabajando con tribunales de menores y de familia, as\u00ed como con autoridades de inmigraci\u00f3n.<\/li>\n\n\n\n<li style=\"line-height:1.6\">Personal biling\u00fce (si corresponde) que pueda comunicarse en el idioma preferido de la familia.<\/li>\n\n\n\n<li style=\"line-height:1.6\">Colaboraci\u00f3n con escuelas, terapeutas y organizaciones comunitarias cuando sea apropiado y con su consentimiento.<\/li>\n<\/ul>\n\n\n\n<p>Sabemos lo emotivos que pueden ser estos casos. Nuestro objetivo es que el proceso sea lo m\u00e1s seguro y comprensible posible para el ni\u00f1o y su familia o tutor.<\/p>\n\n\n\n<h2 class=\"wp-block-heading\">Se\u00f1ales de que su hijo o un joven que le importa podr\u00eda calificar<\/h2>\n\n\n\n<h4 class=\"wp-block-heading\">Quiz\u00e1s quieras preguntar sobre SIJS si:<\/h4>\n\n\n\n<ul class=\"wp-block-list\">\n<li style=\"line-height:1.6\">Un ni\u00f1o o adolescente lleg\u00f3 a los EE. UU. solo o con alguien que no fueran sus padres.<\/li>\n\n\n\n<li style=\"line-height:1.6\">Uno o ambos padres han desaparecido, han sido deportados o se les ha cortado el contacto.<\/li>\n\n\n\n<li style=\"line-height:1.6\">El joven sufri\u00f3 abuso, negligencia o abandono por parte de uno de sus padres en su pa\u00eds de origen o en los EE. UU.<\/li>\n\n\n\n<li style=\"line-height:1.6\">Actualmente un pariente, un amigo de la familia u otro adulto de confianza est\u00e1 cuidando al ni\u00f1o.<\/li>\n\n\n\n<li style=\"line-height:1.6\">Ya existe un caso de custodia, tutela o dependencia en un tribunal estatal, o est\u00e1 pensando en iniciar uno.<\/li>\n<\/ul>\n\n\n\n<p>Si alguna de estas situaciones le suena familiar, es importante hablar con un abogado de inmigraci\u00f3n lo antes posible, porque los l\u00edmites de edad y las fechas l\u00edmite pueden afectar la elegibilidad.<\/p>\n\n\n\n<h2 class=\"wp-block-heading\">Preguntas frecuentes sobre SIJS<\/h2>\n\n\n\n<h5 class=\"wp-block-heading\"><strong>\u00bfEs SIJS lo mismo que asilo?<\/strong><\/h5>\n\n\n\n<p>No. El SIJS es una forma independiente de ayuda basada en el abuso, abandono o negligencia por parte de uno de los padres y una orden judicial de menores. Algunos ni\u00f1os pueden calificar tanto para el SIJS como para el asilo, pero los requisitos y procesos son diferentes.<\/p>\n\n\n\n<h5 class=\"wp-block-heading\"><strong>\u00bfPuede un ni\u00f1o con SIJS traer a sus padres a los EE. UU. m\u00e1s tarde?<\/strong><\/h5>\n\n\n\n<p>No. Una limitaci\u00f3n importante del SIJS es que un menor que se convierte en residente permanente a trav\u00e9s del SIJS no puede solicitar la ciudadan\u00eda estadounidense por ninguno de sus padres posteriormente, ni siquiera por el padre no abusador. Sin embargo, podr\u00eda solicitar la ciudadan\u00eda estadounidense por otros familiares que cumplan los requisitos, como su c\u00f3nyuge o hijos.<\/p>\n\n\n\n<h5 class=\"wp-block-heading\"><strong>\u00bfEs necesario que un ni\u00f1o tenga un padre en los EE. UU. para calificar?<\/strong><\/h5>\n\n\n\n<p>No necesariamente. Lo que importa es la orden del tribunal de menores y las conclusiones sobre abuso, abandono o negligencia por parte de uno o ambos progenitores, y que regresar a su pa\u00eds de origen no es lo mejor para el ni\u00f1o.<\/p>\n\n\n\n<h5 class=\"wp-block-heading\"><strong>\u00bfQu\u00e9 pasa si el ni\u00f1o est\u00e1 a punto de cumplir 18 o 21 a\u00f1os?<\/strong><\/h5>\n\n\n\n<p>La edad es crucial en los casos de SIJS. Algunos estados permiten la jurisdicci\u00f3n de los tribunales de menores solo hasta los 18 a\u00f1os, otros hasta los 21. Por ello, es fundamental hablar con un abogado r\u00e1pidamente para no perder opciones importantes.<\/p>\n\n\n\n<h2 class=\"wp-block-heading\">Programe una consulta confidencial SIJS\/juvenil<\/h2>\n\n\n\n<p>Si est\u00e1 cuidando a un ni\u00f1o o joven que ha sido abusado, abandonado o descuidado por un<\/p>\n\n\n\n<p>Padres, pueden tener opciones de inmigraci\u00f3n importantes, pero el tiempo importa.<\/p>\n\n\n\n<h4 class=\"wp-block-heading\">Estamos aqu\u00ed para ayudarle a comprender:<\/h4>\n\n\n\n<ul class=\"wp-block-list\">\n<li style=\"line-height:1.6\">Si el SIJS es una opci\u00f3n.<\/li>\n\n\n\n<li style=\"line-height:1.6\">\u00bfQu\u00e9 pasos se deben seguir en el tribunal de menores o de familia?.<\/li>\n\n\n\n<li style=\"line-height:1.6\">C\u00f3mo se conecta SIJS a una futura tarjeta verde.<\/li>\n\n\n\n<li style=\"line-height:1.6\">\u00bfQu\u00e9 cronograma esperar en su situaci\u00f3n?.<\/li>\n<\/ul>\n\n\n\n<p><strong>Cont\u00e1ctenos hoy para una consulta<\/strong> <a href=\"tel:+16785032780\"><strong>678-503-2780<\/strong><\/a><\/p>\n\n\n\n<p>La seguridad y el futuro de su hijo son nuestra prioridad. Permita que nuestro equipo le gu\u00ede en el proceso de SIJS con atenci\u00f3n, respeto y experiencia.<a id=\"_msocom_1\"><\/a><\/p>\n\n\n\n<p><\/p>","protected":false},"excerpt":{"rendered":"<p>SIJS \/ Juvenile Visa (Special Immigrant Juvenile Status) Special Immigrant Juvenile Status (SIJS), sometimes called the \u201cjuvenile visa,\u201d is a powerful form of immigration relief for children and young people who have been abused, abandoned, or neglected by one or both parents. Our immigration team understands how sensitive these cases are. We work with compassion [&hellip;]<\/p>\n","protected":false},"author":34,"featured_media":8750,"parent":0,"menu_order":0,"comment_status":"closed","ping_status":"closed","template":"immigration","meta":{"_acf_changed":false,"_themeisle_gutenberg_block_has_review":false,"footnotes":""},"categories":[73,4,74,50,75,52,76,51],"tags":[],"class_list":["post-8679","page","type-page","status-publish","has-post-thumbnail","hentry","category-atlanta-location-es","category-atlanta-location","category-marietta-location-es","category-marietta-location","category-sandy-springs-location-es","category-sandy-springs-location","category-smyrna-location-es","category-smyrna-location"],"acf":[],"aioseo_notices":[],"_links":{"self":[{"href":"https:\/\/dglawga.com\/es\/wp-json\/wp\/v2\/pages\/8679","targetHints":{"allow":["GET"]}}],"collection":[{"href":"https:\/\/dglawga.com\/es\/wp-json\/wp\/v2\/pages"}],"about":[{"href":"https:\/\/dglawga.com\/es\/wp-json\/wp\/v2\/types\/page"}],"author":[{"embeddable":true,"href":"https:\/\/dglawga.com\/es\/wp-json\/wp\/v2\/users\/34"}],"replies":[{"embeddable":true,"href":"https:\/\/dglawga.com\/es\/wp-json\/wp\/v2\/comments?post=8679"}],"version-history":[{"count":7,"href":"https:\/\/dglawga.com\/es\/wp-json\/wp\/v2\/pages\/8679\/revisions"}],"predecessor-version":[{"id":8757,"href":"https:\/\/dglawga.com\/es\/wp-json\/wp\/v2\/pages\/8679\/revisions\/8757"}],"wp:featuredmedia":[{"embeddable":true,"href":"https:\/\/dglawga.com\/es\/wp-json\/wp\/v2\/media\/8750"}],"wp:attachment":[{"href":"https:\/\/dglawga.com\/es\/wp-json\/wp\/v2\/media?parent=8679"}],"wp:term":[{"taxonomy":"category","embeddable":true,"href":"https:\/\/dglawga.com\/es\/wp-json\/wp\/v2\/categories?post=8679"},{"taxonomy":"post_tag","embeddable":true,"href":"https:\/\/dglawga.com\/es\/wp-json\/wp\/v2\/tags?post=8679"}],"curies":[{"name":"wp","href":"https:\/\/api.w.org\/{rel}","templated":true}]}}