{"id":8687,"date":"2026-02-21T08:52:59","date_gmt":"2026-02-21T13:52:59","guid":{"rendered":"https:\/\/dglawga.com\/?page_id=8687"},"modified":"2026-02-24T12:51:04","modified_gmt":"2026-02-24T17:51:04","slug":"t-visa","status":"publish","type":"page","link":"https:\/\/dglawga.com\/es\/t-visa\/","title":{"rendered":"Visa T"},"content":{"rendered":"<h2 class=\"wp-block-heading\">Protecci\u00f3n para las v\u00edctimas de la trata de personas<\/h2>\n\n\n\n<p>Si usted o un ser querido ha sido v\u00edctima de trata de personas, no est\u00e1 solo y podr\u00eda calificar para una Visa T. Nuestro equipo de inmigraci\u00f3n est\u00e1 aqu\u00ed para guiarlo con compasi\u00f3n, confidencialidad y explicaciones claras en cada paso.<\/p>\n\n\n\n<h2 class=\"wp-block-heading\">\u00bfQu\u00e9 es una visa T?<\/h2>\n\n\n\n<p>La Visa T es un beneficio migratorio especial para las v\u00edctimas de trata de personas, tanto laboral como sexual, que se encuentran en Estados Unidos y han sufrido da\u00f1os graves o explotaci\u00f3n. Se cre\u00f3 para proteger a los sobrevivientes y animarlos a buscar seguridad y justicia sin temor a ser deportados.<\/p>\n\n\n\n<h4 class=\"wp-block-heading\">Con una Visa T, las v\u00edctimas elegibles podr\u00edan:<\/h4>\n\n\n\n<ul class=\"wp-block-list\">\n<li style=\"line-height:1.6\">Permanecer legalmente en los Estados Unidos por un per\u00edodo limitado.<\/li>\n\n\n\n<li style=\"line-height:1.6\">Trabajar legalmente con autorizaci\u00f3n de empleo.<\/li>\n\n\n\n<li style=\"line-height:1.6\">Acceda a ciertos beneficios y servicios para apoyar la recuperaci\u00f3n.<\/li>\n\n\n\n<li style=\"line-height:1.6\">Solicitar la residencia permanente (tarjeta verde) en el futuro, si cumplen con los requisitos.<\/li>\n<\/ul>\n\n\n\n<h2 class=\"wp-block-heading\">\u00bfQui\u00e9n puede calificar para una Visa T?<\/h2>\n\n\n\n<h4 class=\"wp-block-heading\">Cada caso es \u00fanico, pero en general, usted puede ser elegible para una Visa T si:<\/h4>\n\n\n\n<ul class=\"wp-block-list\">\n<li style=\"line-height:1.6\">Eres una v\u00edctima de <strong>trata de personas grave<\/strong> (trata laboral o sexual).<\/li>\n\n\n\n<li style=\"line-height:1.6\">Eres <strong>f\u00edsicamente presente en los Estados Unidos<\/strong> (o en un puerto de entrada) debido al tr\u00e1fico.<\/li>\n\n\n\n<li style=\"line-height:1.6\">Tienes <strong>cumpli\u00f3 con las solicitudes razonables<\/strong> de las fuerzas del orden en la investigaci\u00f3n o el procesamiento de los traficantes (con algunas excepciones, especialmente en el caso de los ni\u00f1os o de aquellos que no pueden cooperar debido a un trauma).<\/li>\n\n\n\n<li style=\"line-height:1.6\">Sufrir\u00edas <strong>Dificultades extremas que implican da\u00f1os inusuales y graves<\/strong> Si te obligaron a regresar a tu pa\u00eds de origen.<\/li>\n\n\n\n<li style=\"line-height:1.6\">Eres de otra manera <strong>admisible<\/strong> a los Estados Unidos o calificar para una exenci\u00f3n de inadmisibilidad.<\/li>\n<\/ul>\n\n\n\n<p>Debido a que las situaciones de trata son complejas y a menudo implican amenazas, coerci\u00f3n y miedo, muchos sobrevivientes desconocen que podr\u00edan calificar para este tipo de protecci\u00f3n. Hablar con un abogado de inmigraci\u00f3n con experiencia puede ayudarle a comprender sus opciones de forma segura.<\/p>\n\n\n\n<h2 class=\"wp-block-heading\">Se\u00f1ales de que usted puede haber sido v\u00edctima de trata de personas<\/h2>\n\n\n\n<h4 class=\"wp-block-heading\">La trata de personas no siempre se parece a lo que vemos en las pel\u00edculas. Puede ocurrir en hogares, granjas, restaurantes, f\u00e1bricas, obras de construcci\u00f3n, hoteles y muchos otros lugares. Es posible que haya sido v\u00edctima si se encuentra en una o m\u00e1s de estas situaciones:<\/h4>\n\n\n\n<ul class=\"wp-block-list\">\n<li style=\"line-height:1.6\">Alguien controlaba tu <strong>pasaporte o documentos de identidad<\/strong> y se neg\u00f3 a devolverlos.<\/li>\n\n\n\n<li style=\"line-height:1.6\">Te obligaron a trabajar <strong>horas muy largas<\/strong> con poco o ning\u00fan salario.<\/li>\n\n\n\n<li style=\"line-height:1.6\">T\u00fa eras <strong>amenazado con deportaci\u00f3n, arresto o da\u00f1o<\/strong> Si te negaste a trabajar.<\/li>\n\n\n\n<li style=\"line-height:1.6\">Se le restringi\u00f3 el acceso <strong>salir de su lugar de trabajo o de su casa<\/strong> sin permiso.<\/li>\n\n\n\n<li style=\"line-height:1.6\">Fuiste presionado, enga\u00f1ado o forzado a <strong>sexo o trabajo comercial<\/strong>.<\/li>\n\n\n\n<li style=\"line-height:1.6\">Su traficante amenaz\u00f3 a su <strong>familia<\/strong> Si no obedeciste.<\/li>\n<\/ul>\n\n\n\n<p>Si algo de esto le suena familiar, usted merece seguridad, apoyo y orientaci\u00f3n legal.<\/p>\n\n\n\n<h2 class=\"wp-block-heading\">Beneficios de una Visa T<\/h2>\n\n\n\n<h4 class=\"wp-block-heading\">La Visa AT puede ser un paso importante para reconstruir tu vida. Si tu solicitud es aprobada, podr\u00edas:<\/h4>\n\n\n\n<ul class=\"wp-block-list\">\n<li style=\"line-height:1.6\">Recibir<strong> estatus migratorio legal<\/strong> en los EE.UU. por hasta 4 a\u00f1os (con posibles extensiones en ciertos casos).<\/li>\n\n\n\n<li style=\"line-height:1.6\">Solicitar <strong>autorizaci\u00f3n de trabajo<\/strong>, para que puedas trabajar legalmente y mantenerte.<\/li>\n\n\n\n<li style=\"line-height:1.6\">Acceder a ciertos <strong>beneficios y servicios federales y estatales<\/strong> Disponible para los sobrevivientes de la trata.<\/li>\n\n\n\n<li style=\"line-height:1.6\">Solicitar <strong>Estado T para ciertos miembros de la familia<\/strong>, como:\n<ul class=\"wp-block-list\">\n<li>C\u00f3nyuge<\/li>\n\n\n\n<li>Ni\u00f1os<\/li>\n\n\n\n<li>Padres y hermanos menores (en algunos casos, especialmente si la v\u00edctima es menor de 21 a\u00f1os)<\/li>\n<\/ul>\n<\/li>\n\n\n\n<li style=\"line-height:1.6\">Solicitar una <strong>tarjeta verde<\/strong> despu\u00e9s de cumplir requisitos espec\u00edficos<\/li>\n<\/ul>\n\n\n\n<p>Nuestra firma puede ayudarle a comprender qu\u00e9 miembros de la familia pueden estar incluidos y qu\u00e9 pasos son necesarios.<\/p>\n\n\n\n<h2 class=\"wp-block-heading\">C\u00f3mo nuestro equipo de inmigraci\u00f3n ayuda a los clientes de visa T<\/h2>\n\n\n\n<p>Entendemos que hablar sobre la trata de personas puede ser extremadamente doloroso y aterrador. Nuestro papel es crear un entorno seguro y de apoyo donde te sientas escuchado y protegido.<\/p>\n\n\n\n<h4 class=\"wp-block-heading\">Cuando trabaje con nuestra firma, haremos lo siguiente:<\/h4>\n\n\n\n<ul class=\"wp-block-list\">\n<li style=\"line-height:1.6\"><strong>Escuche su historia con atenci\u00f3n y confidencialidad<\/strong>.<\/li>\n\n\n\n<li style=\"line-height:1.6\">Te ayudo <strong>Identificar si su situaci\u00f3n se ajusta a la definici\u00f3n legal<\/strong> de trata.<\/li>\n\n\n\n<li style=\"line-height:1.6\">Recopilar y organizar <strong>evidencia<\/strong> para respaldar su solicitud de Visa T.<\/li>\n\n\n\n<li style=\"line-height:1.6\">Coordinar, cuando corresponda, con <strong>agentes del orden o defensores<\/strong> involucrado en su caso.<\/li>\n\n\n\n<li style=\"line-height:1.6\">Preparar y archivar todos los documentos requeridos <strong>Formularios y documentos de respaldo del USCIS<\/strong>.<\/li>\n\n\n\n<li style=\"line-height:1.6\">Mantenerte <strong>informado en cada paso<\/strong>, Respondiendo a sus preguntas con un lenguaje claro y sencillo. No tiene que pasar por este proceso solo.<\/li>\n<\/ul>\n\n\n\n<h2 class=\"wp-block-heading\">Visa T vs. Visa U: \u00bfCu\u00e1l es la diferencia?<\/h2>\n\n\n\n<p>Muchos sobrevivientes no est\u00e1n seguros de si un <strong>Visa T<\/strong> o una <strong>Visa U<\/strong> Es adecuado para ellos. Si bien ambas son formas de protecci\u00f3n para las v\u00edctimas de ciertos delitos, son diferentes:<\/p>\n\n\n\n<ul class=\"wp-block-list\">\n<li style=\"line-height:1.6\"><strong>Visa T<\/strong> es espec\u00edficamente para <strong>v\u00edctimas de trata de personas.<\/strong><\/li>\n\n\n\n<li style=\"line-height:1.6\"><strong>Visa U<\/strong> es para v\u00edctimas de una gama m\u00e1s amplia de delitos graves (como violencia dom\u00e9stica, agresi\u00f3n u otros delitos calificados) que cooperan con las fuerzas del orden.<\/li>\n<\/ul>\n\n\n\n<p>En ocasiones, los sobrevivientes pueden optar a m\u00e1s de una opci\u00f3n. Nuestros abogados revisar\u00e1n sus circunstancias y le explicar\u00e1n qu\u00e9 v\u00eda, o combinaci\u00f3n de opciones, puede brindarle la mayor protecci\u00f3n a usted y a su familia.<\/p>\n\n\n\n<h2 class=\"wp-block-heading\">Tu seguridad es lo primero<\/h2>\n\n\n\n<p>Sabemos que muchas sobrevivientes de la trata temen represalias por parte de los tratantes o empleadores, o les preocupa que denunciar pueda poner en riesgo a su familia. Su seguridad es nuestra m\u00e1xima prioridad.<\/p>\n\n\n\n<ul class=\"wp-block-list\">\n<li style=\"line-height:1.6\">Tratamos su informaci\u00f3n como <strong>confidencial<\/strong>.<\/li>\n\n\n\n<li style=\"line-height:1.6\">Te explicamos c\u00f3mo funciona el proceso y qu\u00e9 esperar.<\/li>\n\n\n\n<li style=\"line-height:1.6\">Trabajamos contigo para <strong>desarrollar un plan de seguridad<\/strong> cuando sea necesario.<\/li>\n\n\n\n<li style=\"line-height:1.6\">Tambi\u00e9n podemos conectarle, cuando sea apropiado, con <strong>organizaciones comunitarias y servicios de apoyo<\/strong> para obtener ayuda adicional.<\/li>\n<\/ul>\n\n\n\n<h2 class=\"wp-block-heading\">Da el primer paso hacia la protecci\u00f3n<\/h2>\n\n\n\n<p>Si cree que usted o un ser querido pudo haber sido v\u00edctima de trata de personas, no tiene por qu\u00e9 permanecer en la sombra. Es posible que existan protecciones legales disponibles para ayudarle a permanecer en Estados Unidos y reconstruir su vida.<\/p>\n\n\n\n<p><strong><a href=\"https:\/\/dglawga.com\/es\/contactanos\/\" target=\"_blank\" rel=\"noopener\" title=\"\">Hable con un abogado de inmigraci\u00f3n sobre sus opciones.<\/a><\/strong><\/p>\n\n\n\n<p>Estamos aqu\u00ed para escucharle, creerle y ayudarle a avanzar hacia la seguridad y la estabilidad en los EE. UU.<\/p>\n\n\n\n<p><\/p>","protected":false},"excerpt":{"rendered":"<p>Protection for Victims of Human Trafficking If you or a loved one has been a victim of human trafficking, you are not alone\u2014and you may qualify for a T Visa. Our immigration team is here to guide you with compassion, confidentiality, and clear explanations at every step. What Is a T Visa? The T Visa [&hellip;]<\/p>\n","protected":false},"author":34,"featured_media":8729,"parent":0,"menu_order":0,"comment_status":"closed","ping_status":"closed","template":"immigration","meta":{"_acf_changed":false,"_themeisle_gutenberg_block_has_review":false,"footnotes":""},"categories":[73,4,74,50,75,52,76,51],"tags":[],"class_list":["post-8687","page","type-page","status-publish","has-post-thumbnail","hentry","category-atlanta-location-es","category-atlanta-location","category-marietta-location-es","category-marietta-location","category-sandy-springs-location-es","category-sandy-springs-location","category-smyrna-location-es","category-smyrna-location"],"acf":[],"aioseo_notices":[],"_links":{"self":[{"href":"https:\/\/dglawga.com\/es\/wp-json\/wp\/v2\/pages\/8687","targetHints":{"allow":["GET"]}}],"collection":[{"href":"https:\/\/dglawga.com\/es\/wp-json\/wp\/v2\/pages"}],"about":[{"href":"https:\/\/dglawga.com\/es\/wp-json\/wp\/v2\/types\/page"}],"author":[{"embeddable":true,"href":"https:\/\/dglawga.com\/es\/wp-json\/wp\/v2\/users\/34"}],"replies":[{"embeddable":true,"href":"https:\/\/dglawga.com\/es\/wp-json\/wp\/v2\/comments?post=8687"}],"version-history":[{"count":4,"href":"https:\/\/dglawga.com\/es\/wp-json\/wp\/v2\/pages\/8687\/revisions"}],"predecessor-version":[{"id":8758,"href":"https:\/\/dglawga.com\/es\/wp-json\/wp\/v2\/pages\/8687\/revisions\/8758"}],"wp:featuredmedia":[{"embeddable":true,"href":"https:\/\/dglawga.com\/es\/wp-json\/wp\/v2\/media\/8729"}],"wp:attachment":[{"href":"https:\/\/dglawga.com\/es\/wp-json\/wp\/v2\/media?parent=8687"}],"wp:term":[{"taxonomy":"category","embeddable":true,"href":"https:\/\/dglawga.com\/es\/wp-json\/wp\/v2\/categories?post=8687"},{"taxonomy":"post_tag","embeddable":true,"href":"https:\/\/dglawga.com\/es\/wp-json\/wp\/v2\/tags?post=8687"}],"curies":[{"name":"wp","href":"https:\/\/api.w.org\/{rel}","templated":true}]}}