{"id":8692,"date":"2026-02-21T10:54:12","date_gmt":"2026-02-21T15:54:12","guid":{"rendered":"https:\/\/dglawga.com\/?page_id=8692"},"modified":"2026-02-24T19:33:08","modified_gmt":"2026-02-25T00:33:08","slug":"u-visa","status":"publish","type":"page","link":"https:\/\/dglawga.com\/es\/u-visa\/","title":{"rendered":"Visa U"},"content":{"rendered":"<h2 class=\"wp-block-heading\">Visa U<a> <\/a>para las v\u00edctimas de delitos<\/h2>\n\n\n\n<p>Ayuda de inmigraci\u00f3n para quienes han sufrido abuso o violencia<\/p>\n\n\n\n<p>Si usted es v\u00edctima de un delito grave en Estados Unidos y ha colaborado (o est\u00e1 dispuesto a colaborar) con las fuerzas del orden, podr\u00eda calificar para una protecci\u00f3n migratoria especial llamada Visa U (estatus de no inmigrante U). Esta visa se cre\u00f3 para proteger a las v\u00edctimas y animarlas a denunciar delitos sin temor a la deportaci\u00f3n.<\/p>\n\n\n\n<p>Nuestro equipo de inmigraci\u00f3n est\u00e1 aqu\u00ed para guiarlo a trav\u00e9s de este proceso sensible y complejo con compasi\u00f3n, confidencialidad y experiencia.<\/p>\n\n\n\n<h2 class=\"wp-block-heading\">\u00bfQu\u00e9 es una visa U?<\/h2>\n\n\n\n<p>La Visa U es un estatus migratorio temporal para no ciudadanos que:<\/p>\n\n\n\n<ul class=\"wp-block-list\">\n<li style=\"line-height:1.6\">Han sido v\u00edctimas de ciertos delitos calificados;<\/li>\n\n\n\n<li style=\"line-height:1.6\">Sufri\u00f3 abuso f\u00edsico o mental sustancial como resultado de ello, y;<\/li>\n\n\n\n<li style=\"line-height:1.6\">Han ayudado, est\u00e1n ayudando o est\u00e1n dispuestos a ayudar a las autoridades o a los fiscales a investigar o procesar el delito.<\/li>\n<\/ul>\n\n\n\n<p>Si se aprueba, la Visa U puede otorgarle estatus legal en los EE. UU. por hasta 4 a\u00f1os, autorizaci\u00f3n de trabajo y, en muchos casos, un camino para solicitar una tarjeta verde (residencia permanente legal) en el futuro.<\/p>\n\n\n\n<h2 class=\"wp-block-heading\">\u00bfQui\u00e9n califica para una visa U?<\/h2>\n\n\n\n<h4 class=\"wp-block-heading\">Usted puede calificar para una Visa U si:<\/h4>\n\n\n\n<ul class=\"wp-block-list\">\n<li style=\"line-height:1.6\">Usted fue v\u00edctima de un delito calificado como violencia dom\u00e9stica, agresi\u00f3n sexual, tr\u00e1fico, secuestro, agresi\u00f3n criminal, acecho u otros delitos graves.<\/li>\n\n\n\n<li style=\"line-height:1.6\">El delito ocurri\u00f3 en Estados Unidos o viol\u00f3 las leyes estadounidenses.<\/li>\n\n\n\n<li style=\"line-height:1.6\">Sufri\u00f3 da\u00f1os f\u00edsicos o emocionales sustanciales debido al delito.<\/li>\n\n\n\n<li style=\"line-height:1.6\">Tienes informaci\u00f3n sobre lo que pas\u00f3.<\/li>\n\n\n\n<li style=\"line-height:1.6\">Usted cooper\u00f3, est\u00e1 cooperando o est\u00e1 dispuesto a cooperar con las autoridades policiales (polic\u00eda, fiscales, jueces u otras autoridades) en la investigaci\u00f3n o el enjuiciamiento.<\/li>\n\n\n\n<li style=\"line-height:1.6\">Usted es admisible en los EE. UU. o califica para una exenci\u00f3n de inadmisibilidad.<\/li>\n<\/ul>\n\n\n\n<p>Incluso si no est\u00e1 seguro de si su situaci\u00f3n califica, vale la pena hablar con un abogado de inmigraci\u00f3n con experiencia. Muchas personas desconocen que su experiencia podr\u00eda hacerlos elegibles para una visa U.<\/p>\n\n\n\n<h2 class=\"wp-block-heading\">Beneficios de una visa U<\/h2>\n\n\n\n<h4 class=\"wp-block-heading\">La visa AU puede ofrecer protecciones y oportunidades poderosas, que incluyen:<\/h4>\n\n\n\n<ul class=\"wp-block-list\">\n<li style=\"line-height:1.6\">Estatus legal en los Estados Unidos (generalmente hasta 4 a\u00f1os).<\/li>\n\n\n\n<li style=\"line-height:1.6\">Permiso de trabajo (EAD) para que puedas trabajar legalmente.<\/li>\n\n\n\n<li style=\"line-height:1.6\">Posibilidad de solicitar que ciertos miembros de la familia reciban el estatus U como derivados (como c\u00f3nyuge, hijos y, en algunos casos, padres o hermanos solteros).<\/li>\n\n\n\n<li style=\"line-height:1.6\">Un camino potencial hacia una tarjeta verde despu\u00e9s de cumplir requisitos espec\u00edficos y presencia continua.<\/li>\n\n\n\n<li style=\"line-height:1.6\">Protecci\u00f3n contra la deportaci\u00f3n mientras su caso est\u00e9 pendiente y, si se aprueba, durante su estatus U.<\/li>\n<\/ul>\n\n\n\n<h2 class=\"wp-block-heading\">El proceso de la visa U<\/h2>\n\n\n\n<h4 class=\"wp-block-heading\">Si bien cada caso es \u00fanico, el proceso de Visa U generalmente incluye:<\/h4>\n\n\n\n<h5 class=\"wp-block-heading\"><strong>1.<\/strong> <strong>Evaluaci\u00f3n de su caso<\/strong><\/h5>\n\n\n\n<p>Revisamos su historia, su historial migratorio y su elegibilidad para un estatus U y cualquier exenci\u00f3n necesaria.<\/p>\n\n\n\n<h5 class=\"wp-block-heading\"><strong>2.<\/strong> <strong>Certificaci\u00f3n de cumplimiento de la ley (Formulario I-918, Suplemento B)<\/strong><\/h5>\n\n\n\n<p>Este es un paso crucial. Una agencia del orden p\u00fablico (como un departamento de polic\u00eda, una fiscal\u00eda o un juez) debe firmar una certificaci\u00f3n que confirme que usted fue v\u00edctima de un delito tipificado y que ayud\u00f3, ayuda o es probable que ayude en la investigaci\u00f3n o el enjuiciamiento.<\/p>\n\n\n\n<h5 class=\"wp-block-heading\"><strong>3.<\/strong> <strong>Preparaci\u00f3n y presentaci\u00f3n de su solicitud de visa U<\/strong><\/h5>\n\n\n\n<p>Ayudamos a reunir evidencia del delito y el da\u00f1o que sufri\u00f3 (informes policiales, registros m\u00e9dicos, evaluaciones psicol\u00f3gicas, declaraciones de testigos, etc.), y preparamos y enviamos su paquete de Visa U al USCIS.<\/p>\n\n\n\n<h2 class=\"wp-block-heading\">Exenciones de inadmisibilidad (si es necesario)<\/h2>\n\n\n\n<p>Si tiene antecedentes penales de inmigraci\u00f3n, problemas penales u otros motivos de inadmisibilidad, analizamos si califica para una exenci\u00f3n y le ayudamos a preparar la solicitud m\u00e1s s\u00f3lida posible.<\/p>\n\n\n\n<h5 class=\"wp-block-heading\"><strong>1.<\/strong> <strong>Per\u00edodo de espera y autorizaci\u00f3n de trabajo<\/strong><\/h5>\n\n\n\n<p>Debido a que existe un l\u00edmite anual de visas U, puede haber largos tiempos de espera. Durante este tiempo, es posible que a\u00fan est\u00e9n disponibles ciertas protecciones y beneficios. Nuestro equipo monitorea su caso, responde a las solicitudes de inmigraci\u00f3n y lo mantiene informado.<\/p>\n\n\n\n<h5 class=\"wp-block-heading\"><strong>2.<\/strong> <strong>Despu\u00e9s de la aprobaci\u00f3n<\/strong><\/h5>\n\n\n\n<p>Una vez aprobado, lo guiamos a trav\u00e9s del mantenimiento de su estatus, la solicitud de autorizaci\u00f3n de trabajo (si a\u00fan no ha sido otorgada) y, posteriormente, la exploraci\u00f3n de la posibilidad de solicitar una tarjeta verde.<\/p>\n\n\n\n<h2 class=\"wp-block-heading\">C\u00f3mo ayudan nuestros abogados de inmigraci\u00f3n<\/h2>\n\n\n\n<h4 class=\"wp-block-heading\">Solicitar una visa U puede ser emocionalmente dif\u00edcil y legalmente complejo. Nuestra firma le apoya en cada paso del proceso:<\/h4>\n\n\n\n<ul class=\"wp-block-list\">\n<li style=\"line-height:1.6\">Consultas confidenciales e informadas sobre el trauma.<\/li>\n\n\n\n<li style=\"line-height:1.6\">Revisi\u00f3n cuidadosa de sus informes policiales, registros judiciales y pruebas.<\/li>\n\n\n\n<li style=\"line-height:1.6\">Coordinaci\u00f3n con las fuerzas del orden para solicitar la certificaci\u00f3n necesaria.<\/li>\n\n\n\n<li style=\"line-height:1.6\">Preparaci\u00f3n s\u00f3lida de su declaraci\u00f3n personal para explicar el da\u00f1o que sufri\u00f3.<\/li>\n\n\n\n<li style=\"line-height:1.6\">An\u00e1lisis de las exenciones que necesite y preparaci\u00f3n de dichas solicitudes.<\/li>\n\n\n\n<li style=\"line-height:1.6\">Seguimiento continuo con USCIS y orientaci\u00f3n sobre los pr\u00f3ximos pasos despu\u00e9s de la aprobaci\u00f3n.<\/li>\n<\/ul>\n\n\n\n<p>Sabemos que ya ha pasado por mucho. Nuestro objetivo es aliviarle el estr\u00e9s lo m\u00e1ximo posible mientras protegemos sus derechos y su futuro en este pa\u00eds.<\/p>\n\n\n\n<h2 class=\"wp-block-heading\">Preguntas frecuentes sobre la visa U<\/h2>\n\n\n\n<h5 class=\"wp-block-heading\"><strong>1.<\/strong> <strong>\u00bfA\u00fan tengo que estar ayudando a la polic\u00eda para calificar?<\/strong><\/h5>\n\n\n\n<p>Debe haber sido \u00fatil, estarlo actualmente o estar dispuesto a serlo en la investigaci\u00f3n o el proceso judicial. En muchos casos, denunciar el delito, prestar declaraci\u00f3n o testificar puede ser un requisito, pero cada caso es diferente.<\/p>\n\n\n\n<h5 class=\"wp-block-heading\"><strong>2.<\/strong> <strong>\u00bfQu\u00e9 pasa si soy indocumentado o entr\u00e9 sin visa?<\/strong><\/h5>\n\n\n\n<p>Muchos solicitantes de Visa U son indocumentados o tienen infracciones migratorias. La Visa U fue dise\u00f1ada para ayudar precisamente a personas en estas situaciones vulnerables, y puede haber exenciones disponibles para muchos tipos de problemas pasados.<\/p>\n\n\n\n<h5 class=\"wp-block-heading\"><strong>3.<\/strong> <strong>\u00bfPuede mi familia obtener estatus a trav\u00e9s de mi Visa U?<\/strong><\/h5>\n\n\n\n<p>En muchos casos, s\u00ed. Ciertos familiares pueden ser elegibles como derivados, como su c\u00f3nyuge, hijos solteros menores de 21 a\u00f1os y, en algunos casos, padres o hermanos, dependiendo de su edad y situaci\u00f3n.<\/p>\n\n\n\n<h5 class=\"wp-block-heading\"><strong>4.<\/strong> <strong>\u00bfCu\u00e1nto tiempo se tarda?<\/strong><\/h5>\n\n\n\n<p>Los tiempos de procesamiento pueden ser largos debido a que existe un l\u00edmite anual de visas U. Sin embargo, existen pasos a lo largo del proceso que pueden brindar protecci\u00f3n y, en algunos casos, autorizaci\u00f3n de trabajo mientras espera.<\/p>\n\n\n\n<h5 class=\"wp-block-heading\"><strong>5.<\/strong> <strong>\u00bfQu\u00e9 pasa si tengo miedo de hablar de lo sucedido?<\/strong><\/h5>\n\n\n\n<p>Entendemos que compartir su historia puede ser doloroso y aterrador. Nuestro equipo trata su caso con respeto, paciencia y confidencialidad. Nos adaptamos a su ritmo y le explicamos cada paso para que pueda tomar decisiones informadas.<\/p>\n\n\n\n<h2 class=\"wp-block-heading\">Hable con un abogado de inmigraci\u00f3n sobre sus opciones de visa U<\/h2>\n\n\n\n<p>Si usted o un ser querido ha sido v\u00edctima de un delito grave, no tiene que afrontarlo solo. Es posible que existan protecciones migratorias disponibles que puedan ayudarle a usted y a su familia a mantenerse seguros en Estados Unidos.<\/p>\n\n\n\n<p><strong>Cont\u00e1ctenos en l\u00ednea<\/strong> para programar una consulta confidencial<\/p>\n\n\n\n<p>Atendemos a clientes en toda Smyrna, GA y m\u00e1s all\u00e1.<\/p>\n\n\n\n<p>Deje que nuestro equipo de inmigraci\u00f3n est\u00e9 a su lado mientras reconstruye su vida y su futuro.<\/p>","protected":false},"excerpt":{"rendered":"<p>U Visa for Victims of Crime Immigration Help for Those Who Have Suffered Abuse or Violence If you are a victim of a serious crime in the United States and you have helped (or are willing to help) law enforcement, you may qualify for a special immigration protection called the U Visa (U nonimmigrant status). [&hellip;]<\/p>\n","protected":false},"author":34,"featured_media":8743,"parent":0,"menu_order":0,"comment_status":"closed","ping_status":"closed","template":"immigration","meta":{"_acf_changed":false,"_themeisle_gutenberg_block_has_review":false,"footnotes":""},"categories":[73,4,74,50,75,52,76,51],"tags":[],"class_list":["post-8692","page","type-page","status-publish","has-post-thumbnail","hentry","category-atlanta-location-es","category-atlanta-location","category-marietta-location-es","category-marietta-location","category-sandy-springs-location-es","category-sandy-springs-location","category-smyrna-location-es","category-smyrna-location"],"acf":[],"aioseo_notices":[],"_links":{"self":[{"href":"https:\/\/dglawga.com\/es\/wp-json\/wp\/v2\/pages\/8692","targetHints":{"allow":["GET"]}}],"collection":[{"href":"https:\/\/dglawga.com\/es\/wp-json\/wp\/v2\/pages"}],"about":[{"href":"https:\/\/dglawga.com\/es\/wp-json\/wp\/v2\/types\/page"}],"author":[{"embeddable":true,"href":"https:\/\/dglawga.com\/es\/wp-json\/wp\/v2\/users\/34"}],"replies":[{"embeddable":true,"href":"https:\/\/dglawga.com\/es\/wp-json\/wp\/v2\/comments?post=8692"}],"version-history":[{"count":6,"href":"https:\/\/dglawga.com\/es\/wp-json\/wp\/v2\/pages\/8692\/revisions"}],"predecessor-version":[{"id":8759,"href":"https:\/\/dglawga.com\/es\/wp-json\/wp\/v2\/pages\/8692\/revisions\/8759"}],"wp:featuredmedia":[{"embeddable":true,"href":"https:\/\/dglawga.com\/es\/wp-json\/wp\/v2\/media\/8743"}],"wp:attachment":[{"href":"https:\/\/dglawga.com\/es\/wp-json\/wp\/v2\/media?parent=8692"}],"wp:term":[{"taxonomy":"category","embeddable":true,"href":"https:\/\/dglawga.com\/es\/wp-json\/wp\/v2\/categories?post=8692"},{"taxonomy":"post_tag","embeddable":true,"href":"https:\/\/dglawga.com\/es\/wp-json\/wp\/v2\/tags?post=8692"}],"curies":[{"name":"wp","href":"https:\/\/api.w.org\/{rel}","templated":true}]}}