{"id":1765,"date":"2022-06-06T20:10:28","date_gmt":"2022-06-06T20:10:28","guid":{"rendered":"https:\/\/diazgaetalaw.wpengine.com\/?page_id=1765"},"modified":"2025-12-02T15:33:35","modified_gmt":"2025-12-02T20:33:35","slug":"jessica-calmes-esq","status":"publish","type":"page","link":"https:\/\/dglawga.com\/pt\/our-team\/jessica-calmes-esq\/","title":{"rendered":"Jessica Calmes, advogada."},"content":{"rendered":"<p class=\"has-text-align-left has-primary-color has-text-color has-link-color wp-elements-cf4f6c44cf2594860440c4fd0b49a6dd\">Idiomas: ingl\u00eas, espanhol<\/p>\n\n\n\n<p class=\"has-text-align-left has-primary-color has-text-color has-link-color wp-elements-fa2c40f8c6c050088494f12ed2590e5a\">Jessie Calmes cresceu em Baton Rouge, Louisiana, antes de se mudar para Atlanta, onde se formou em Ci\u00eancias Pol\u00edticas pela Agnes Scott College, com foco em rela\u00e7\u00f5es entre os EUA e a Am\u00e9rica Latina. Em seguida, obteve seu diploma de Direito pela Georgia State University. Durante a faculdade de Direito, Jessie se dedicou a representar clientes carentes em diversos escrit\u00f3rios de defensores p\u00fablicos na regi\u00e3o metropolitana de Atlanta, antes de se formar e expandir seu foco para o direito imigrat\u00f3rio.<\/p>\n\n\n\n<p class=\"has-text-align-left has-primary-color has-text-color has-link-color wp-elements-63d728008e3b9b54dcf1cd6c74eca4fd\">Como advogada, Jessie representou centenas de clientes perante tribunais de imigra\u00e7\u00e3o e escrit\u00f3rios do USCIS em todos os Estados Unidos. Ela tamb\u00e9m continuou seu trabalho na \u00e1rea criminal, atuando em tribunais em todo o estado da Ge\u00f3rgia, tanto em casos pr\u00e9-condena\u00e7\u00e3o quanto p\u00f3s-condena\u00e7\u00e3o. Jessie \u00e9 uma defensora apaixonada e dedicada a ajudar seus clientes a transformarem suas vidas para melhor.<\/p>\n\n\n\n<p class=\"has-text-align-left has-primary-color has-text-color has-link-color wp-elements-ad8e49780938014b4a6ef7bdd0fdd4d7\">Jessie \u00e9 membro da Associa\u00e7\u00e3o Americana de Advogados de Imigra\u00e7\u00e3o (AILA) e j\u00e1 participou como palestrante em seus pain\u00e9is.<\/p>","protected":false},"excerpt":{"rendered":"<p>Languages: English, Spanish Jessie Calmes grew up in Baton Rouge, Louisiana, before moving to Atlanta, where she earned a B.A. in Political Science at Agnes Scott College, with a focus on U.S.-Latin American relations.&nbsp;She then earned her law degree at Georgia State University.&nbsp;During law school, Jessie focused on representing indigent clients at various public defenders [&hellip;]<\/p>\n","protected":false},"author":34,"featured_media":7166,"parent":3292,"menu_order":0,"comment_status":"closed","ping_status":"closed","template":"wp-custom-template-bio","meta":{"_acf_changed":false,"_themeisle_gutenberg_block_has_review":false,"footnotes":""},"categories":[4,50,52,51],"tags":[],"class_list":["post-1765","page","type-page","status-publish","has-post-thumbnail","hentry","category-atlanta-location","category-marietta-location","category-sandy-springs-location","category-smyrna-location"],"acf":[],"aioseo_notices":[],"_links":{"self":[{"href":"https:\/\/dglawga.com\/pt\/wp-json\/wp\/v2\/pages\/1765","targetHints":{"allow":["GET"]}}],"collection":[{"href":"https:\/\/dglawga.com\/pt\/wp-json\/wp\/v2\/pages"}],"about":[{"href":"https:\/\/dglawga.com\/pt\/wp-json\/wp\/v2\/types\/page"}],"author":[{"embeddable":true,"href":"https:\/\/dglawga.com\/pt\/wp-json\/wp\/v2\/users\/34"}],"replies":[{"embeddable":true,"href":"https:\/\/dglawga.com\/pt\/wp-json\/wp\/v2\/comments?post=1765"}],"version-history":[{"count":3,"href":"https:\/\/dglawga.com\/pt\/wp-json\/wp\/v2\/pages\/1765\/revisions"}],"predecessor-version":[{"id":8262,"href":"https:\/\/dglawga.com\/pt\/wp-json\/wp\/v2\/pages\/1765\/revisions\/8262"}],"up":[{"embeddable":true,"href":"https:\/\/dglawga.com\/pt\/wp-json\/wp\/v2\/pages\/3292"}],"wp:featuredmedia":[{"embeddable":true,"href":"https:\/\/dglawga.com\/pt\/wp-json\/wp\/v2\/media\/7166"}],"wp:attachment":[{"href":"https:\/\/dglawga.com\/pt\/wp-json\/wp\/v2\/media?parent=1765"}],"wp:term":[{"taxonomy":"category","embeddable":true,"href":"https:\/\/dglawga.com\/pt\/wp-json\/wp\/v2\/categories?post=1765"},{"taxonomy":"post_tag","embeddable":true,"href":"https:\/\/dglawga.com\/pt\/wp-json\/wp\/v2\/tags?post=1765"}],"curies":[{"name":"wp","href":"https:\/\/api.w.org\/{rel}","templated":true}]}}