{"id":1769,"date":"2022-06-06T20:13:15","date_gmt":"2022-06-06T20:13:15","guid":{"rendered":"https:\/\/diazgaetalaw.wpengine.com\/?page_id=1769"},"modified":"2025-06-12T08:36:49","modified_gmt":"2025-06-12T13:36:49","slug":"silvia-gonzalez","status":"publish","type":"page","link":"https:\/\/dglawga.com\/pt\/our-team\/silvia-gonzalez\/","title":{"rendered":"Silvia Gonzalez"},"content":{"rendered":"<p>Idiomas: ingl\u00eas, espanhol<\/p>\n<p>Silvia Gonzalez nasceu e cresceu em Tampico, M\u00e9xico, onde se formou em L\u00ednguas Estrangeiras e Com\u00e9rcio Internacional. Em 2001, Gonzalez imigrou para os Estados Unidos e decidiu fixar resid\u00eancia no pa\u00eds. Em 2010, iniciou sua carreira como assistente jur\u00eddica, auxiliando advogados em diversas \u00e1reas do direito, incluindo direito civil, direito penal e direito de fam\u00edlia.<\/p>\n<p>Desde que ingressou na equipe da Diaz &amp; Gaeta em 2019, Gonzalez atua como assistente jur\u00eddica na \u00e1rea de defesa criminal. Ela \u00e9 apaixonada por sua fun\u00e7\u00e3o, que lhe proporciona grande satisfa\u00e7\u00e3o pessoal e profissional por poder ajudar a defender os direitos de seus clientes. Gonzalez realmente se sente realizada ao fazer parte das hist\u00f3rias de sucesso de seus clientes.<\/p>\n<p>Em seu tempo livre, ela adora se exercitar, praticar atividades ao ar livre, viajar e aproveitar o tempo com os amigos.<\/p>","protected":false},"excerpt":{"rendered":"<p>Languages: English, Spanish Silvia Gonzalez was born and raised in Tampico, Mexico, where she earned a bachelor\u2019s degree in Foreign Languages and International Trade. In 2001, Gonzalez came to the United States and decided to call it home. In 2010, she began her career as a paralegal supporting attorneys in different areas of the law, [&hellip;]<\/p>\n","protected":false},"author":34,"featured_media":7207,"parent":3292,"menu_order":0,"comment_status":"closed","ping_status":"closed","template":"wp-custom-template-bio","meta":{"_acf_changed":false,"_themeisle_gutenberg_block_has_review":false,"footnotes":""},"categories":[4,50,52,51],"tags":[],"class_list":["post-1769","page","type-page","status-publish","has-post-thumbnail","hentry","category-atlanta-location","category-marietta-location","category-sandy-springs-location","category-smyrna-location"],"acf":[],"aioseo_notices":[],"_links":{"self":[{"href":"https:\/\/dglawga.com\/pt\/wp-json\/wp\/v2\/pages\/1769","targetHints":{"allow":["GET"]}}],"collection":[{"href":"https:\/\/dglawga.com\/pt\/wp-json\/wp\/v2\/pages"}],"about":[{"href":"https:\/\/dglawga.com\/pt\/wp-json\/wp\/v2\/types\/page"}],"author":[{"embeddable":true,"href":"https:\/\/dglawga.com\/pt\/wp-json\/wp\/v2\/users\/34"}],"replies":[{"embeddable":true,"href":"https:\/\/dglawga.com\/pt\/wp-json\/wp\/v2\/comments?post=1769"}],"version-history":[{"count":1,"href":"https:\/\/dglawga.com\/pt\/wp-json\/wp\/v2\/pages\/1769\/revisions"}],"predecessor-version":[{"id":6041,"href":"https:\/\/dglawga.com\/pt\/wp-json\/wp\/v2\/pages\/1769\/revisions\/6041"}],"up":[{"embeddable":true,"href":"https:\/\/dglawga.com\/pt\/wp-json\/wp\/v2\/pages\/3292"}],"wp:featuredmedia":[{"embeddable":true,"href":"https:\/\/dglawga.com\/pt\/wp-json\/wp\/v2\/media\/7207"}],"wp:attachment":[{"href":"https:\/\/dglawga.com\/pt\/wp-json\/wp\/v2\/media?parent=1769"}],"wp:term":[{"taxonomy":"category","embeddable":true,"href":"https:\/\/dglawga.com\/pt\/wp-json\/wp\/v2\/categories?post=1769"},{"taxonomy":"post_tag","embeddable":true,"href":"https:\/\/dglawga.com\/pt\/wp-json\/wp\/v2\/tags?post=1769"}],"curies":[{"name":"wp","href":"https:\/\/api.w.org\/{rel}","templated":true}]}}