{"id":1773,"date":"2022-06-06T20:15:42","date_gmt":"2022-06-06T20:15:42","guid":{"rendered":"https:\/\/diazgaetalaw.wpengine.com\/?page_id=1773"},"modified":"2025-06-12T08:27:20","modified_gmt":"2025-06-12T13:27:20","slug":"barbara-fernandez-de-bautista","status":"publish","type":"page","link":"https:\/\/dglawga.com\/pt\/our-team\/barbara-fernandez-de-bautista\/","title":{"rendered":"B\u00e1rbara Fern\u00e1ndez de Bautista"},"content":{"rendered":"<p>Idiomas: ingl\u00eas, espanhol<\/p>\n<p>Barbara aposentou-se recentemente do Departamento de Investiga\u00e7\u00f5es da Pol\u00edcia da Universidade Estadual da Ge\u00f3rgia, onde tamb\u00e9m atuou como Supervisora de Seguran\u00e7a do Turno da Noite no campus de Atlanta. Ela \u00e9 instrutora certificada pelo POST (Peace Officer Standards and Training) da Ge\u00f3rgia e instrutora master do Programa de Resili\u00eancia da Ge\u00f3rgia. Trabalhou tamb\u00e9m no Minist\u00e9rio P\u00fablico do Condado de Clayton, onde defendeu v\u00edtimas de crimes graves em todo o condado, com foco principal na comunidade hisp\u00e2nica. Barbara possui mais de 20 anos de experi\u00eancia em Direito Penal e de Fam\u00edlia. Desde que se mudou de Chicago, Illinois, para a Ge\u00f3rgia em 1998, seu objetivo tem sido servir aqueles que n\u00e3o t\u00eam voz.<\/p>\n<p>Barbara e seu marido s\u00e3o pais de tr\u00eas filhos e av\u00f3s de um menino e uma menina. Ela espera ter mais netos no futuro.<\/p>","protected":false},"excerpt":{"rendered":"<p>Languages: English, Spanish Recently retired from Georgia State University Police Department Investigations, where she also served as the Evening Watch Security Supervisor of the Atlanta Campus. Barbara is a Georgia P.O.S.T Certified Instructor, who is a Master Instructor with the Georgia Resiliency Program. She also worked for Clayton County District Attorney\u2019s Office where she advocated [&hellip;]<\/p>\n","protected":false},"author":34,"featured_media":7204,"parent":3292,"menu_order":0,"comment_status":"closed","ping_status":"closed","template":"wp-custom-template-bio","meta":{"_acf_changed":false,"_themeisle_gutenberg_block_has_review":false,"footnotes":""},"categories":[4,50,52,51],"tags":[],"class_list":["post-1773","page","type-page","status-publish","has-post-thumbnail","hentry","category-atlanta-location","category-marietta-location","category-sandy-springs-location","category-smyrna-location"],"acf":[],"aioseo_notices":[],"_links":{"self":[{"href":"https:\/\/dglawga.com\/pt\/wp-json\/wp\/v2\/pages\/1773","targetHints":{"allow":["GET"]}}],"collection":[{"href":"https:\/\/dglawga.com\/pt\/wp-json\/wp\/v2\/pages"}],"about":[{"href":"https:\/\/dglawga.com\/pt\/wp-json\/wp\/v2\/types\/page"}],"author":[{"embeddable":true,"href":"https:\/\/dglawga.com\/pt\/wp-json\/wp\/v2\/users\/34"}],"replies":[{"embeddable":true,"href":"https:\/\/dglawga.com\/pt\/wp-json\/wp\/v2\/comments?post=1773"}],"version-history":[{"count":2,"href":"https:\/\/dglawga.com\/pt\/wp-json\/wp\/v2\/pages\/1773\/revisions"}],"predecessor-version":[{"id":6668,"href":"https:\/\/dglawga.com\/pt\/wp-json\/wp\/v2\/pages\/1773\/revisions\/6668"}],"up":[{"embeddable":true,"href":"https:\/\/dglawga.com\/pt\/wp-json\/wp\/v2\/pages\/3292"}],"wp:featuredmedia":[{"embeddable":true,"href":"https:\/\/dglawga.com\/pt\/wp-json\/wp\/v2\/media\/7204"}],"wp:attachment":[{"href":"https:\/\/dglawga.com\/pt\/wp-json\/wp\/v2\/media?parent=1773"}],"wp:term":[{"taxonomy":"category","embeddable":true,"href":"https:\/\/dglawga.com\/pt\/wp-json\/wp\/v2\/categories?post=1773"},{"taxonomy":"post_tag","embeddable":true,"href":"https:\/\/dglawga.com\/pt\/wp-json\/wp\/v2\/tags?post=1773"}],"curies":[{"name":"wp","href":"https:\/\/api.w.org\/{rel}","templated":true}]}}