{"id":1781,"date":"2022-06-06T20:28:27","date_gmt":"2022-06-06T20:28:27","guid":{"rendered":"https:\/\/diazgaetalaw.wpengine.com\/?page_id=1781"},"modified":"2025-06-11T23:27:44","modified_gmt":"2025-06-12T04:27:44","slug":"valeria-castrejon","status":"publish","type":"page","link":"https:\/\/dglawga.com\/pt\/our-team\/valeria-castrejon\/","title":{"rendered":"Valeria Castrejon"},"content":{"rendered":"<p>Idiomas: ingl\u00eas, espanhol, ASL (L\u00edngua de Sinais Americana).<\/p>\n<p>Nascida no M\u00e9xico, Valeria Castrejon foi criada nos Estados Unidos desde muito jovem. Com o espanhol como l\u00edngua principal, ela \u00e9 totalmente bil\u00edngue.<\/p>\n<p>Em 2014, Castrejon iniciou sua carreira trabalhando como assistente jur\u00eddica na \u00e1rea de imigra\u00e7\u00e3o. Ela obteve sua certifica\u00e7\u00e3o de assistente jur\u00eddica pela Universidade da Ge\u00f3rgia, onde tamb\u00e9m concluiu cursos de L\u00edngua Americana de Sinais.<\/p>\n<p>Para Castrejon, poder ajudar os outros \u00e9 a melhor parte do seu trabalho no escrit\u00f3rio de advocacia Diaz &amp; Gaeta. Ela quer continuar ajudando as pessoas e aprendendo mais sobre as leis de imigra\u00e7\u00e3o, que est\u00e3o em constante mudan\u00e7a.<\/p>","protected":false},"excerpt":{"rendered":"<p>Language: English, Spanish, ASL Born in Mexico, Valeria Castrejon was raised in the United States from a very young age. With her main language being Spanish, she is fully bilingual. In 2014, Castrejon began her career working as an immigration paralegal. She obtained her Paralegal Certification from the University of Georgia, where she has also [&hellip;]<\/p>\n","protected":false},"author":34,"featured_media":7174,"parent":3292,"menu_order":0,"comment_status":"closed","ping_status":"closed","template":"wp-custom-template-bio","meta":{"_acf_changed":false,"_themeisle_gutenberg_block_has_review":false,"footnotes":""},"categories":[4,50,52,51],"tags":[],"class_list":["post-1781","page","type-page","status-publish","has-post-thumbnail","hentry","category-atlanta-location","category-marietta-location","category-sandy-springs-location","category-smyrna-location"],"acf":[],"aioseo_notices":[],"_links":{"self":[{"href":"https:\/\/dglawga.com\/pt\/wp-json\/wp\/v2\/pages\/1781","targetHints":{"allow":["GET"]}}],"collection":[{"href":"https:\/\/dglawga.com\/pt\/wp-json\/wp\/v2\/pages"}],"about":[{"href":"https:\/\/dglawga.com\/pt\/wp-json\/wp\/v2\/types\/page"}],"author":[{"embeddable":true,"href":"https:\/\/dglawga.com\/pt\/wp-json\/wp\/v2\/users\/34"}],"replies":[{"embeddable":true,"href":"https:\/\/dglawga.com\/pt\/wp-json\/wp\/v2\/comments?post=1781"}],"version-history":[{"count":1,"href":"https:\/\/dglawga.com\/pt\/wp-json\/wp\/v2\/pages\/1781\/revisions"}],"predecessor-version":[{"id":6042,"href":"https:\/\/dglawga.com\/pt\/wp-json\/wp\/v2\/pages\/1781\/revisions\/6042"}],"up":[{"embeddable":true,"href":"https:\/\/dglawga.com\/pt\/wp-json\/wp\/v2\/pages\/3292"}],"wp:featuredmedia":[{"embeddable":true,"href":"https:\/\/dglawga.com\/pt\/wp-json\/wp\/v2\/media\/7174"}],"wp:attachment":[{"href":"https:\/\/dglawga.com\/pt\/wp-json\/wp\/v2\/media?parent=1781"}],"wp:term":[{"taxonomy":"category","embeddable":true,"href":"https:\/\/dglawga.com\/pt\/wp-json\/wp\/v2\/categories?post=1781"},{"taxonomy":"post_tag","embeddable":true,"href":"https:\/\/dglawga.com\/pt\/wp-json\/wp\/v2\/tags?post=1781"}],"curies":[{"name":"wp","href":"https:\/\/api.w.org\/{rel}","templated":true}]}}