{"id":1785,"date":"2022-06-06T20:30:17","date_gmt":"2022-06-06T20:30:17","guid":{"rendered":"https:\/\/diazgaetalaw.wpengine.com\/?page_id=1785"},"modified":"2025-06-11T23:29:45","modified_gmt":"2025-06-12T04:29:45","slug":"miluska-delgado","status":"publish","type":"page","link":"https:\/\/dglawga.com\/pt\/our-team\/miluska-delgado\/","title":{"rendered":"Miluska Delgado"},"content":{"rendered":"<p>Idiomas: ingl\u00eas, espanhol, portugu\u00eas<\/p>\n<p>Miluska Delgado nasceu e cresceu no Peru e mudou-se para Miami em 2005. Ela concluiu seu curso t\u00e9cnico em Estudos Jur\u00eddicos (Paralegal Studies), aprovado pela American Bar Association, no Miami Dade College em 2013. Delgado mudou-se para a Ge\u00f3rgia em 2013 e trabalha como assistente jur\u00eddica na \u00e1rea de imigra\u00e7\u00e3o desde ent\u00e3o.<\/p>\n<p>Em 2020, ela obteve seu diploma de bacharel em Lingu\u00edstica Aplicada e Ingl\u00eas como Segunda L\u00edngua (ESL) pela Georgia State University. Ela \u00e9 fluente em ingl\u00eas e espanhol e fala portugu\u00eas em n\u00edvel conversacional.<\/p>\n<p>Delgado tem experi\u00eancia em processos de deporta\u00e7\u00e3o para pessoas detidas e n\u00e3o detidas, bem como em solicita\u00e7\u00f5es ao Servi\u00e7o de Cidadania e Imigra\u00e7\u00e3o dos EUA. Ela adora seu trabalho e gosta de ajudar os outros. No futuro, planeja dedicar seus esfor\u00e7os ao ensino de ingl\u00eas para imigrantes.<\/p>\n<p>Delgado adora passar tempo com sua fam\u00edlia e seus animais de estima\u00e7\u00e3o. Ela aprecia a natureza, viajar e ler.<\/p>","protected":false},"excerpt":{"rendered":"<p>Language: English, Spanish, Portuguese Miluska Delgado was born and raised in Peru and moved to Miami in 2005. She completed her Associate\u2019s Degree in Paralegal Studies American Bar Association Approved at Miami Dade College in 2013. Delgado moved to Georgia in 2013 and has worked as an Immigration Paralegal ever since. In 2020, she obtained [&hellip;]<\/p>\n","protected":false},"author":34,"featured_media":7176,"parent":3292,"menu_order":0,"comment_status":"closed","ping_status":"closed","template":"wp-custom-template-bio","meta":{"_acf_changed":false,"_themeisle_gutenberg_block_has_review":false,"footnotes":""},"categories":[4,50,52,51],"tags":[],"class_list":["post-1785","page","type-page","status-publish","has-post-thumbnail","hentry","category-atlanta-location","category-marietta-location","category-sandy-springs-location","category-smyrna-location"],"acf":[],"aioseo_notices":[],"_links":{"self":[{"href":"https:\/\/dglawga.com\/pt\/wp-json\/wp\/v2\/pages\/1785","targetHints":{"allow":["GET"]}}],"collection":[{"href":"https:\/\/dglawga.com\/pt\/wp-json\/wp\/v2\/pages"}],"about":[{"href":"https:\/\/dglawga.com\/pt\/wp-json\/wp\/v2\/types\/page"}],"author":[{"embeddable":true,"href":"https:\/\/dglawga.com\/pt\/wp-json\/wp\/v2\/users\/34"}],"replies":[{"embeddable":true,"href":"https:\/\/dglawga.com\/pt\/wp-json\/wp\/v2\/comments?post=1785"}],"version-history":[{"count":1,"href":"https:\/\/dglawga.com\/pt\/wp-json\/wp\/v2\/pages\/1785\/revisions"}],"predecessor-version":[{"id":6039,"href":"https:\/\/dglawga.com\/pt\/wp-json\/wp\/v2\/pages\/1785\/revisions\/6039"}],"up":[{"embeddable":true,"href":"https:\/\/dglawga.com\/pt\/wp-json\/wp\/v2\/pages\/3292"}],"wp:featuredmedia":[{"embeddable":true,"href":"https:\/\/dglawga.com\/pt\/wp-json\/wp\/v2\/media\/7176"}],"wp:attachment":[{"href":"https:\/\/dglawga.com\/pt\/wp-json\/wp\/v2\/media?parent=1785"}],"wp:term":[{"taxonomy":"category","embeddable":true,"href":"https:\/\/dglawga.com\/pt\/wp-json\/wp\/v2\/categories?post=1785"},{"taxonomy":"post_tag","embeddable":true,"href":"https:\/\/dglawga.com\/pt\/wp-json\/wp\/v2\/tags?post=1785"}],"curies":[{"name":"wp","href":"https:\/\/api.w.org\/{rel}","templated":true}]}}