{"id":1793,"date":"2022-06-06T20:34:21","date_gmt":"2022-06-06T20:34:21","guid":{"rendered":"https:\/\/diazgaetalaw.wpengine.com\/?page_id=1793"},"modified":"2025-06-12T08:12:51","modified_gmt":"2025-06-12T13:12:51","slug":"nancy-cambert","status":"publish","type":"page","link":"https:\/\/dglawga.com\/pt\/our-team\/nancy-cambert\/","title":{"rendered":"Nancy A. Cambert"},"content":{"rendered":"<p>Idiomas: ingl\u00eas, espanhol<\/p>\n<p>Nancy A. Crambert \u00e9 int\u00e9rprete de espanhol e assistente jur\u00eddica certificada, tendo ingressado na Diaz &amp; Gaeta em 2018. Durante sua gradua\u00e7\u00e3o, estudou Hist\u00f3ria e, na p\u00f3s-gradua\u00e7\u00e3o, Desenvolvimento Organizacional. Ap\u00f3s a formatura, Crambert retornou aos estudos para se tornar assistente jur\u00eddica certificada.<\/p>\n<p>Desde que se tornou int\u00e9rprete e assistente jur\u00eddica certificada, ela trabalhou no Hava\u00ed, na Calif\u00f3rnia e na Ge\u00f3rgia. Em sua atua\u00e7\u00e3o na \u00e1rea jur\u00eddica, lidou com casos envolvendo les\u00f5es corporais, direito da constru\u00e7\u00e3o, direito contratual, direito de fam\u00edlia e direito internacional.<\/p>\n<p>Em seu tempo livre, Cambert gosta de participar das atividades escolares de seus filhos, al\u00e9m de passar tempo com o marido e seus golden retrievers. Cambert pretende refazer o exame de admiss\u00e3o para a faculdade de direito (LSAT) e, quando estiver pronta para se aposentar, planeja voltar para seu pa\u00eds natal, a Costa Rica.<\/p>","protected":false},"excerpt":{"rendered":"<p>Languages: English, Spanish Nancy A Crambert is a Spanish interpreter and certified paralegal who joined Diaz &amp; Gaeta in 2018. As an undergraduate student, she studied history. As a graduate student, she studied organizational development. After graduating, Crambert returned to school to become a certified paralegal. Since becoming an interpreter and certified paralegal, she has [&hellip;]<\/p>\n","protected":false},"author":34,"featured_media":7200,"parent":3292,"menu_order":0,"comment_status":"closed","ping_status":"closed","template":"wp-custom-template-bio","meta":{"_acf_changed":false,"_themeisle_gutenberg_block_has_review":false,"footnotes":""},"categories":[4,52,51],"tags":[],"class_list":["post-1793","page","type-page","status-publish","has-post-thumbnail","hentry","category-atlanta-location","category-sandy-springs-location","category-smyrna-location"],"acf":[],"aioseo_notices":[],"_links":{"self":[{"href":"https:\/\/dglawga.com\/pt\/wp-json\/wp\/v2\/pages\/1793","targetHints":{"allow":["GET"]}}],"collection":[{"href":"https:\/\/dglawga.com\/pt\/wp-json\/wp\/v2\/pages"}],"about":[{"href":"https:\/\/dglawga.com\/pt\/wp-json\/wp\/v2\/types\/page"}],"author":[{"embeddable":true,"href":"https:\/\/dglawga.com\/pt\/wp-json\/wp\/v2\/users\/34"}],"replies":[{"embeddable":true,"href":"https:\/\/dglawga.com\/pt\/wp-json\/wp\/v2\/comments?post=1793"}],"version-history":[{"count":2,"href":"https:\/\/dglawga.com\/pt\/wp-json\/wp\/v2\/pages\/1793\/revisions"}],"predecessor-version":[{"id":6667,"href":"https:\/\/dglawga.com\/pt\/wp-json\/wp\/v2\/pages\/1793\/revisions\/6667"}],"up":[{"embeddable":true,"href":"https:\/\/dglawga.com\/pt\/wp-json\/wp\/v2\/pages\/3292"}],"wp:featuredmedia":[{"embeddable":true,"href":"https:\/\/dglawga.com\/pt\/wp-json\/wp\/v2\/media\/7200"}],"wp:attachment":[{"href":"https:\/\/dglawga.com\/pt\/wp-json\/wp\/v2\/media?parent=1793"}],"wp:term":[{"taxonomy":"category","embeddable":true,"href":"https:\/\/dglawga.com\/pt\/wp-json\/wp\/v2\/categories?post=1793"},{"taxonomy":"post_tag","embeddable":true,"href":"https:\/\/dglawga.com\/pt\/wp-json\/wp\/v2\/tags?post=1793"}],"curies":[{"name":"wp","href":"https:\/\/api.w.org\/{rel}","templated":true}]}}