{"id":1797,"date":"2022-06-06T20:36:44","date_gmt":"2022-06-06T20:36:44","guid":{"rendered":"https:\/\/diazgaetalaw.wpengine.com\/?page_id=1797"},"modified":"2025-06-12T12:01:11","modified_gmt":"2025-06-12T17:01:11","slug":"michael-stepp","status":"publish","type":"page","link":"https:\/\/dglawga.com\/pt\/our-team\/michael-stepp\/","title":{"rendered":"Michael Stepp"},"content":{"rendered":"<p>Idiomas: ingl\u00eas, espanhol<\/p>\n<p>Michael Stepp nasceu na Cidade do Panam\u00e1, Panam\u00e1, e mudou-se para a Ge\u00f3rgia com apenas cinco anos de idade.<\/p>\n<p>Stepp serviu por cinco anos na Marinha dos Estados Unidos, dirigindo aeronaves em um porta-avi\u00f5es. Nos \u00faltimos 6 anos, sua especializa\u00e7\u00e3o tem sido o direito de danos pessoais.<\/p>\n<p>Ap\u00f3s o servi\u00e7o militar, ele obteve seu diploma de Associado em Criminologia pelo Kansas City Kansas Community College. Ao longo da maior parte de sua carreira, concentrou-se em casos de indeniza\u00e7\u00e3o trabalhista. No \u00faltimo ano, sua especializa\u00e7\u00e3o tem sido o direito de danos pessoais.<\/p>\n<p>Seu trabalho no escrit\u00f3rio de advocacia Diaz &amp; Gaeta \u00e9 gratificante pela satisfa\u00e7\u00e3o que ele v\u00ea em seus clientes quando o caso \u00e9 encerrado.<\/p>\n<p>Fora do trabalho, Stepp gosta de passar tempo com seus cachorros e amigos. \u00c9 bem prov\u00e1vel encontr\u00e1-lo ao ar livre, fazendo trilhas no lago ou na praia, ou preparando um churrasco. Depois da pandemia, Stepp planeja voltar a viajar.<\/p>\n\n\n<p><\/p>","protected":false},"excerpt":{"rendered":"<p>Languages: English, Spanish Michael Stepp was born in Panama City, Panama, and moved to Georgia at the young age of five. Stepp served five years in the United States Navy directing aircraft on an aircraft carrier. Over the last 6 years, his specialization has been personal injury law. After his service, he obtained his Associate\u2019s [&hellip;]<\/p>\n","protected":false},"author":34,"featured_media":7198,"parent":3292,"menu_order":0,"comment_status":"closed","ping_status":"closed","template":"wp-custom-template-bio","meta":{"_acf_changed":false,"_themeisle_gutenberg_block_has_review":false,"footnotes":""},"categories":[],"tags":[],"class_list":["post-1797","page","type-page","status-publish","has-post-thumbnail","hentry"],"acf":[],"aioseo_notices":[],"_links":{"self":[{"href":"https:\/\/dglawga.com\/pt\/wp-json\/wp\/v2\/pages\/1797","targetHints":{"allow":["GET"]}}],"collection":[{"href":"https:\/\/dglawga.com\/pt\/wp-json\/wp\/v2\/pages"}],"about":[{"href":"https:\/\/dglawga.com\/pt\/wp-json\/wp\/v2\/types\/page"}],"author":[{"embeddable":true,"href":"https:\/\/dglawga.com\/pt\/wp-json\/wp\/v2\/users\/34"}],"replies":[{"embeddable":true,"href":"https:\/\/dglawga.com\/pt\/wp-json\/wp\/v2\/comments?post=1797"}],"version-history":[{"count":2,"href":"https:\/\/dglawga.com\/pt\/wp-json\/wp\/v2\/pages\/1797\/revisions"}],"predecessor-version":[{"id":7473,"href":"https:\/\/dglawga.com\/pt\/wp-json\/wp\/v2\/pages\/1797\/revisions\/7473"}],"up":[{"embeddable":true,"href":"https:\/\/dglawga.com\/pt\/wp-json\/wp\/v2\/pages\/3292"}],"wp:featuredmedia":[{"embeddable":true,"href":"https:\/\/dglawga.com\/pt\/wp-json\/wp\/v2\/media\/7198"}],"wp:attachment":[{"href":"https:\/\/dglawga.com\/pt\/wp-json\/wp\/v2\/media?parent=1797"}],"wp:term":[{"taxonomy":"category","embeddable":true,"href":"https:\/\/dglawga.com\/pt\/wp-json\/wp\/v2\/categories?post=1797"},{"taxonomy":"post_tag","embeddable":true,"href":"https:\/\/dglawga.com\/pt\/wp-json\/wp\/v2\/tags?post=1797"}],"curies":[{"name":"wp","href":"https:\/\/api.w.org\/{rel}","templated":true}]}}