{"id":1801,"date":"2022-06-06T20:38:32","date_gmt":"2022-06-06T20:38:32","guid":{"rendered":"https:\/\/diazgaetalaw.wpengine.com\/?page_id=1801"},"modified":"2024-03-18T00:09:35","modified_gmt":"2024-03-18T05:09:35","slug":"kajsa-garcia","status":"publish","type":"page","link":"https:\/\/dglawga.com\/pt\/our-team\/kajsa-garcia\/","title":{"rendered":"Kajsa Garcia"},"content":{"rendered":"<p>Idiomas: ingl\u00eas, espanhol<\/p>\n<p>Descendente de cubano, Kajsa Garcia nasceu em Estocolmo, na Su\u00e9cia. Hoje, ela carrega com orgulho as culturas sueca e cubana.<\/p>\n<p>Garcia \u00e9 atualmente estudante da Universidade Estadual da Ge\u00f3rgia, onde cursa Ci\u00eancia Pol\u00edtica e tem como \u00e1rea de estudo secund\u00e1ria o espanhol.<\/p>\n<p>Desde os 14 anos, Garcia trabalha. Primeiro em um supermercado e depois passou sete anos como gar\u00e7onete. Essas experi\u00eancias moldaram uma forte \u00e9tica de trabalho, que se tornou parte de seus valores. Ela reconhece seu tempo na Diaz &amp; Gaeta Law como um dos trabalhos mais gratificantes e enriquecedores de sua carreira. Ela est\u00e1 aprendendo na pr\u00e1tica, cercada por uma excelente equipe de intelectuais.<\/p>\n<p>Quando n\u00e3o est\u00e1 estudando ou trabalhando, Garcia gosta de passar o tempo cozinhando e com seus entes queridos, principalmente viajando.<\/p>\n<p>Ap\u00f3s concluir sua gradua\u00e7\u00e3o, Garcia possivelmente seguir\u00e1 carreira na \u00e1rea jur\u00eddica.<\/p>","protected":false},"excerpt":{"rendered":"<p>Languages: English, Spanish From a Cuban family, Kajsa Garcia was born in Stockholm, Sweden. She now carries proudly both, Swedish and Cuban cultures. Garcia is currently a student at Georgia State University pursuing a degree in Political Science and a minor in Spanish. Since the age of 14, Garcia has been working. First at a [&hellip;]<\/p>\n","protected":false},"author":34,"featured_media":0,"parent":3292,"menu_order":0,"comment_status":"closed","ping_status":"closed","template":"","meta":{"_acf_changed":false,"_themeisle_gutenberg_block_has_review":false,"footnotes":""},"categories":[],"tags":[],"class_list":["post-1801","page","type-page","status-publish","hentry"],"acf":[],"aioseo_notices":[],"_links":{"self":[{"href":"https:\/\/dglawga.com\/pt\/wp-json\/wp\/v2\/pages\/1801","targetHints":{"allow":["GET"]}}],"collection":[{"href":"https:\/\/dglawga.com\/pt\/wp-json\/wp\/v2\/pages"}],"about":[{"href":"https:\/\/dglawga.com\/pt\/wp-json\/wp\/v2\/types\/page"}],"author":[{"embeddable":true,"href":"https:\/\/dglawga.com\/pt\/wp-json\/wp\/v2\/users\/34"}],"replies":[{"embeddable":true,"href":"https:\/\/dglawga.com\/pt\/wp-json\/wp\/v2\/comments?post=1801"}],"version-history":[{"count":1,"href":"https:\/\/dglawga.com\/pt\/wp-json\/wp\/v2\/pages\/1801\/revisions"}],"predecessor-version":[{"id":6034,"href":"https:\/\/dglawga.com\/pt\/wp-json\/wp\/v2\/pages\/1801\/revisions\/6034"}],"up":[{"embeddable":true,"href":"https:\/\/dglawga.com\/pt\/wp-json\/wp\/v2\/pages\/3292"}],"wp:attachment":[{"href":"https:\/\/dglawga.com\/pt\/wp-json\/wp\/v2\/media?parent=1801"}],"wp:term":[{"taxonomy":"category","embeddable":true,"href":"https:\/\/dglawga.com\/pt\/wp-json\/wp\/v2\/categories?post=1801"},{"taxonomy":"post_tag","embeddable":true,"href":"https:\/\/dglawga.com\/pt\/wp-json\/wp\/v2\/tags?post=1801"}],"curies":[{"name":"wp","href":"https:\/\/api.w.org\/{rel}","templated":true}]}}