{"id":1805,"date":"2022-06-06T20:40:52","date_gmt":"2022-06-06T20:40:52","guid":{"rendered":"https:\/\/diazgaetalaw.wpengine.com\/?page_id=1805"},"modified":"2025-06-11T23:51:37","modified_gmt":"2025-06-12T04:51:37","slug":"marcela-castro-gomez","status":"publish","type":"page","link":"https:\/\/dglawga.com\/pt\/our-team\/marcela-castro-gomez\/","title":{"rendered":"Marcela Castro Gomez"},"content":{"rendered":"<p>Idiomas: ingl\u00eas, espanhol<\/p>\n<p>Nascida e criada em El Salvador, Marcela Castro mudou-se para a Ge\u00f3rgia em 2014.<\/p>\n<p>Durante v\u00e1rios anos, Castro trabalhou em escrit\u00f3rios de advocacia, auxiliando a comunidade em seus processos de imigra\u00e7\u00e3o. Ela possui vasta experi\u00eancia com solicita\u00e7\u00f5es ao Servi\u00e7o de Cidadania e Imigra\u00e7\u00e3o dos Estados Unidos (USCIS), incluindo Documentos de Autoriza\u00e7\u00e3o de Trabalho.<\/p>\n<p>A maior alegria em seu trabalho \u00e9 a possibilidade de ajudar a comunidade e suas fam\u00edlias a realizarem seus sonhos.<\/p>\n<p>Castro ingressou no escrit\u00f3rio de advocacia Diaz &amp; Gaeta em novembro de 2020, e seu objetivo \u00e9 continuar aprendendo e se desenvolvendo na \u00e1rea do direito imigrat\u00f3rio.<\/p>","protected":false},"excerpt":{"rendered":"<p>Languages: English, Spanish Born and raised in El Salvador, Marcela Castro moved to Georgia in 2014. For several years, Castro has worked in legal offices helping the community during their immigration processes. She has extensive experience with U.S. Citizenship and Immigration Services applications, including Employment Authorization Documents. The greatest joy in her work is the [&hellip;]<\/p>\n","protected":false},"author":34,"featured_media":7188,"parent":3292,"menu_order":0,"comment_status":"closed","ping_status":"closed","template":"wp-custom-template-bio","meta":{"_acf_changed":false,"_themeisle_gutenberg_block_has_review":false,"footnotes":""},"categories":[4,50,52,51],"tags":[],"class_list":["post-1805","page","type-page","status-publish","has-post-thumbnail","hentry","category-atlanta-location","category-marietta-location","category-sandy-springs-location","category-smyrna-location"],"acf":[],"aioseo_notices":[],"_links":{"self":[{"href":"https:\/\/dglawga.com\/pt\/wp-json\/wp\/v2\/pages\/1805","targetHints":{"allow":["GET"]}}],"collection":[{"href":"https:\/\/dglawga.com\/pt\/wp-json\/wp\/v2\/pages"}],"about":[{"href":"https:\/\/dglawga.com\/pt\/wp-json\/wp\/v2\/types\/page"}],"author":[{"embeddable":true,"href":"https:\/\/dglawga.com\/pt\/wp-json\/wp\/v2\/users\/34"}],"replies":[{"embeddable":true,"href":"https:\/\/dglawga.com\/pt\/wp-json\/wp\/v2\/comments?post=1805"}],"version-history":[{"count":1,"href":"https:\/\/dglawga.com\/pt\/wp-json\/wp\/v2\/pages\/1805\/revisions"}],"predecessor-version":[{"id":6035,"href":"https:\/\/dglawga.com\/pt\/wp-json\/wp\/v2\/pages\/1805\/revisions\/6035"}],"up":[{"embeddable":true,"href":"https:\/\/dglawga.com\/pt\/wp-json\/wp\/v2\/pages\/3292"}],"wp:featuredmedia":[{"embeddable":true,"href":"https:\/\/dglawga.com\/pt\/wp-json\/wp\/v2\/media\/7188"}],"wp:attachment":[{"href":"https:\/\/dglawga.com\/pt\/wp-json\/wp\/v2\/media?parent=1805"}],"wp:term":[{"taxonomy":"category","embeddable":true,"href":"https:\/\/dglawga.com\/pt\/wp-json\/wp\/v2\/categories?post=1805"},{"taxonomy":"post_tag","embeddable":true,"href":"https:\/\/dglawga.com\/pt\/wp-json\/wp\/v2\/tags?post=1805"}],"curies":[{"name":"wp","href":"https:\/\/api.w.org\/{rel}","templated":true}]}}