{"id":1813,"date":"2022-06-06T20:45:22","date_gmt":"2022-06-06T20:45:22","guid":{"rendered":"https:\/\/diazgaetalaw.wpengine.com\/?page_id=1813"},"modified":"2025-06-11T23:50:25","modified_gmt":"2025-06-12T04:50:25","slug":"mayra-garcia","status":"publish","type":"page","link":"https:\/\/dglawga.com\/pt\/our-team\/mayra-garcia\/","title":{"rendered":"Mayra Garcia"},"content":{"rendered":"<p id=\"tw-target-text\" dir=\"ltr\" data-placeholder=\"Tradu\u00e7\u00e3o\" data-ved=\"2ahUKEwjug4Pwzt2BAxWbnpUCHWtWClEQ3ewLegQICRAQ\">Idiomas: ingl\u00eas, espanhol<\/p>\n<p dir=\"ltr\" data-placeholder=\"Tradu\u00e7\u00e3o\" data-ved=\"2ahUKEwjug4Pwzt2BAxWbnpUCHWtWClEQ3ewLegQICRAQ\">Nascida em Nuevo Le\u00f3n, M\u00e9xico, Mayra Garcia mudou-se para os Estados Unidos em 1997. Em 2013, come\u00e7ou a trabalhar como assistente jur\u00eddica, processando diversos pedidos para o Sistema de Cidadania e Imigra\u00e7\u00e3o dos EUA, especializando-se no processamento de Documentos de Autoriza\u00e7\u00e3o de Trabalho.<\/p>\n<p dir=\"ltr\" data-placeholder=\"Tradu\u00e7\u00e3o\" data-ved=\"2ahUKEwjug4Pwzt2BAxWbnpUCHWtWClEQ3ewLegQICRAQ\">Em outubro de 2020, Garcia juntou-se \u00e0 equipe do escrit\u00f3rio de advocacia Diaz &amp; Gaeta. Ap\u00f3s dedicar os \u00faltimos oito anos ao direito imigrat\u00f3rio, Garcia est\u00e1 focada em continuar aprendendo e ajudando a comunidade da melhor maneira poss\u00edvel.<\/p>","protected":false},"excerpt":{"rendered":"<p>Languages: English, Spanish Born in Nuevo Le\u00f3n, Mexico, Mayra Garcia moved to the United States in 1997. In 2013, she began working as a legal assistant processing various applications for the US Citizenship and Immigration System, specializing in processing Authorization Documents of Work. In October 2020, Garcia joined the Diaz &amp; Gaeta Law team. After [&hellip;]<\/p>\n","protected":false},"author":34,"featured_media":7186,"parent":3292,"menu_order":0,"comment_status":"closed","ping_status":"closed","template":"wp-custom-template-bio","meta":{"_acf_changed":false,"_themeisle_gutenberg_block_has_review":false,"footnotes":""},"categories":[4,50,52,51],"tags":[],"class_list":["post-1813","page","type-page","status-publish","has-post-thumbnail","hentry","category-atlanta-location","category-marietta-location","category-sandy-springs-location","category-smyrna-location"],"acf":[],"aioseo_notices":[],"_links":{"self":[{"href":"https:\/\/dglawga.com\/pt\/wp-json\/wp\/v2\/pages\/1813","targetHints":{"allow":["GET"]}}],"collection":[{"href":"https:\/\/dglawga.com\/pt\/wp-json\/wp\/v2\/pages"}],"about":[{"href":"https:\/\/dglawga.com\/pt\/wp-json\/wp\/v2\/types\/page"}],"author":[{"embeddable":true,"href":"https:\/\/dglawga.com\/pt\/wp-json\/wp\/v2\/users\/34"}],"replies":[{"embeddable":true,"href":"https:\/\/dglawga.com\/pt\/wp-json\/wp\/v2\/comments?post=1813"}],"version-history":[{"count":6,"href":"https:\/\/dglawga.com\/pt\/wp-json\/wp\/v2\/pages\/1813\/revisions"}],"predecessor-version":[{"id":6037,"href":"https:\/\/dglawga.com\/pt\/wp-json\/wp\/v2\/pages\/1813\/revisions\/6037"}],"up":[{"embeddable":true,"href":"https:\/\/dglawga.com\/pt\/wp-json\/wp\/v2\/pages\/3292"}],"wp:featuredmedia":[{"embeddable":true,"href":"https:\/\/dglawga.com\/pt\/wp-json\/wp\/v2\/media\/7186"}],"wp:attachment":[{"href":"https:\/\/dglawga.com\/pt\/wp-json\/wp\/v2\/media?parent=1813"}],"wp:term":[{"taxonomy":"category","embeddable":true,"href":"https:\/\/dglawga.com\/pt\/wp-json\/wp\/v2\/categories?post=1813"},{"taxonomy":"post_tag","embeddable":true,"href":"https:\/\/dglawga.com\/pt\/wp-json\/wp\/v2\/tags?post=1813"}],"curies":[{"name":"wp","href":"https:\/\/api.w.org\/{rel}","templated":true}]}}