{"id":1817,"date":"2022-06-06T20:49:33","date_gmt":"2022-06-06T20:49:33","guid":{"rendered":"https:\/\/diazgaetalaw.wpengine.com\/?page_id=1817"},"modified":"2025-06-11T23:32:21","modified_gmt":"2025-06-12T04:32:21","slug":"maria-alejandra-gonzalez","status":"publish","type":"page","link":"https:\/\/dglawga.com\/pt\/our-team\/maria-alejandra-gonzalez\/","title":{"rendered":"Maria Alejandra Gonzalez"},"content":{"rendered":"<p>Nascida em Los Angeles, Calif\u00f3rnia, Gonzalez deixou os Estados Unidos aos dois anos de idade. Ela foi criada em Jalisco, no M\u00e9xico, onde viveu por 20 anos. Somente em 2020 Atlanta se tornou seu lar.<\/p>\n<p>Gonzalez sente uma conex\u00e3o muito especial com o trabalho que realizamos na Diaz and Gaeta Law, pois v\u00ea seus pais refletidos em nossos clientes. Ela gostaria que seus pais tivessem recebido a ajuda que oferecemos quando estavam passando pelo sistema de imigra\u00e7\u00e3o neste pa\u00eds. Ela entende o qu\u00e3o dif\u00edcil pode ser chegar a um novo pa\u00eds, a luta com um novo idioma e o medo de estar longe de casa apenas para tentar ter uma vida melhor. Hoje, ela se orgulha de fazer parte de uma equipe que ajuda pessoas nas mesmas circunst\u00e2ncias.<\/p>","protected":false},"excerpt":{"rendered":"<p>Born in Los Angeles, CA, Gonzalez left the United States at the age of two. She was raised in Jalisco, Mexico, and lived there for 20 years. It was until 2020 that Atlanta became her home. Gonzalez finds a very special connection with the work we do at Diaz and Gaeta Law because she sees [&hellip;]<\/p>\n","protected":false},"author":34,"featured_media":7180,"parent":3292,"menu_order":0,"comment_status":"closed","ping_status":"closed","template":"wp-custom-template-bio","meta":{"_acf_changed":false,"_themeisle_gutenberg_block_has_review":false,"footnotes":""},"categories":[4,50,52,51],"tags":[],"class_list":["post-1817","page","type-page","status-publish","has-post-thumbnail","hentry","category-atlanta-location","category-marietta-location","category-sandy-springs-location","category-smyrna-location"],"acf":[],"aioseo_notices":[],"_links":{"self":[{"href":"https:\/\/dglawga.com\/pt\/wp-json\/wp\/v2\/pages\/1817","targetHints":{"allow":["GET"]}}],"collection":[{"href":"https:\/\/dglawga.com\/pt\/wp-json\/wp\/v2\/pages"}],"about":[{"href":"https:\/\/dglawga.com\/pt\/wp-json\/wp\/v2\/types\/page"}],"author":[{"embeddable":true,"href":"https:\/\/dglawga.com\/pt\/wp-json\/wp\/v2\/users\/34"}],"replies":[{"embeddable":true,"href":"https:\/\/dglawga.com\/pt\/wp-json\/wp\/v2\/comments?post=1817"}],"version-history":[{"count":1,"href":"https:\/\/dglawga.com\/pt\/wp-json\/wp\/v2\/pages\/1817\/revisions"}],"predecessor-version":[{"id":6036,"href":"https:\/\/dglawga.com\/pt\/wp-json\/wp\/v2\/pages\/1817\/revisions\/6036"}],"up":[{"embeddable":true,"href":"https:\/\/dglawga.com\/pt\/wp-json\/wp\/v2\/pages\/3292"}],"wp:featuredmedia":[{"embeddable":true,"href":"https:\/\/dglawga.com\/pt\/wp-json\/wp\/v2\/media\/7180"}],"wp:attachment":[{"href":"https:\/\/dglawga.com\/pt\/wp-json\/wp\/v2\/media?parent=1817"}],"wp:term":[{"taxonomy":"category","embeddable":true,"href":"https:\/\/dglawga.com\/pt\/wp-json\/wp\/v2\/categories?post=1817"},{"taxonomy":"post_tag","embeddable":true,"href":"https:\/\/dglawga.com\/pt\/wp-json\/wp\/v2\/tags?post=1817"}],"curies":[{"name":"wp","href":"https:\/\/api.w.org\/{rel}","templated":true}]}}