{"id":1854,"date":"2022-06-07T14:42:58","date_gmt":"2022-06-07T14:42:58","guid":{"rendered":"https:\/\/diazgaetalaw.wpengine.com\/?page_id=1854"},"modified":"2025-06-26T22:14:48","modified_gmt":"2025-06-27T03:14:48","slug":"marietta","status":"publish","type":"page","link":"https:\/\/dglawga.com\/pt\/areas-we-serve\/marietta\/","title":{"rendered":"Marietta"},"content":{"rendered":"<p>A equipe da Diaz &amp; Gaeta possui vasta experi\u00eancia em diferentes \u00e1reas do direito e trabalha em conjunto para lidar com casos complexos. Oferecemos representa\u00e7\u00e3o jur\u00eddica de excel\u00eancia em casos de les\u00f5es corporais, imigra\u00e7\u00e3o, direito de fam\u00edlia e defesa criminal. Somos um escrit\u00f3rio de advocacia totalmente bil\u00edngue, onde todos s\u00e3o tratados com respeito. Temos uma reputa\u00e7\u00e3o de excel\u00eancia.<\/p>\n<p>Temos a reputa\u00e7\u00e3o de tornar o impens\u00e1vel poss\u00edvel. Nosso escrit\u00f3rio j\u00e1 aceitou e venceu casos que foram recusados por outros advogados. Acreditamos que todos merecem uma representa\u00e7\u00e3o jur\u00eddica excepcional a pre\u00e7os razo\u00e1veis e, por isso, sempre oferecemos uma consulta inicial gratuita.<\/p>\n<p>Ligue hoje mesmo para o nosso escrit\u00f3rio de advocacia em Marietta. Estamos dispon\u00edveis 24 horas por dia, 7 dias por semana!<\/p>","protected":false},"excerpt":{"rendered":"<p>The team at Diaz &amp; Gaeta has extensive experience in different fields of the law and works together to handle complex cases. We offer top legal representation in personal injury, immigration, family law, and criminal defense cases. We are a fully bilingual law firm where everyone is treated with respect. We have a reputation for [&hellip;]<\/p>\n","protected":false},"author":34,"featured_media":3211,"parent":38,"menu_order":0,"comment_status":"closed","ping_status":"closed","template":"areas","meta":{"_acf_changed":false,"_themeisle_gutenberg_block_has_review":false,"footnotes":""},"categories":[50],"tags":[124,123,120,21,122,59,126,58,121,125,119,26,118,116,117,22,142,143],"class_list":["post-1854","page","type-page","status-publish","has-post-thumbnail","hentry","category-marietta-location","tag-abogado-coche-acidente","tag-abogado-gratis","tag-attorney-lawyer","tag-car-accidents","tag-car-accidents-lawyer","tag-family-law","tag-imigracion-abogados","tag-immigration","tag-immigration-lawyer","tag-marietta-abogado","tag-marietta-lawyer","tag-personal-injury","tag-top-lawyer-in-marietta","tag-top-lawyers-in-atlanta","tag-top-lawyers-in-smyrna","tag-truck-accident","tag-truck-accident-attorneys","tag-truck-crash"],"acf":[],"aioseo_notices":[],"_links":{"self":[{"href":"https:\/\/dglawga.com\/pt\/wp-json\/wp\/v2\/pages\/1854","targetHints":{"allow":["GET"]}}],"collection":[{"href":"https:\/\/dglawga.com\/pt\/wp-json\/wp\/v2\/pages"}],"about":[{"href":"https:\/\/dglawga.com\/pt\/wp-json\/wp\/v2\/types\/page"}],"author":[{"embeddable":true,"href":"https:\/\/dglawga.com\/pt\/wp-json\/wp\/v2\/users\/34"}],"replies":[{"embeddable":true,"href":"https:\/\/dglawga.com\/pt\/wp-json\/wp\/v2\/comments?post=1854"}],"version-history":[{"count":4,"href":"https:\/\/dglawga.com\/pt\/wp-json\/wp\/v2\/pages\/1854\/revisions"}],"predecessor-version":[{"id":7318,"href":"https:\/\/dglawga.com\/pt\/wp-json\/wp\/v2\/pages\/1854\/revisions\/7318"}],"up":[{"embeddable":true,"href":"https:\/\/dglawga.com\/pt\/wp-json\/wp\/v2\/pages\/38"}],"wp:featuredmedia":[{"embeddable":true,"href":"https:\/\/dglawga.com\/pt\/wp-json\/wp\/v2\/media\/3211"}],"wp:attachment":[{"href":"https:\/\/dglawga.com\/pt\/wp-json\/wp\/v2\/media?parent=1854"}],"wp:term":[{"taxonomy":"category","embeddable":true,"href":"https:\/\/dglawga.com\/pt\/wp-json\/wp\/v2\/categories?post=1854"},{"taxonomy":"post_tag","embeddable":true,"href":"https:\/\/dglawga.com\/pt\/wp-json\/wp\/v2\/tags?post=1854"}],"curies":[{"name":"wp","href":"https:\/\/api.w.org\/{rel}","templated":true}]}}