{"id":1869,"date":"2022-06-07T15:00:34","date_gmt":"2022-06-07T15:00:34","guid":{"rendered":"https:\/\/diazgaetalaw.wpengine.com\/?page_id=1869"},"modified":"2025-06-14T08:33:26","modified_gmt":"2025-06-14T13:33:26","slug":"enviar-mensagens-de-texto-enquanto-dirige","status":"publish","type":"page","link":"https:\/\/dglawga.com\/pt\/local-practice-areas\/marietta\/car-accident-lawyer\/texting-and-driving\/","title":{"rendered":"Advogado especializado em acidentes causados por mensagens de texto ao volante em Marietta"},"content":{"rendered":"<p>Embora os celulares sejam ferramentas indispens\u00e1veis, eles s\u00e3o viciantes e podem causar acidentes de carro terr\u00edveis. Enviar mensagens de texto enquanto dirige \u00e9 perigoso e ilegal na Ge\u00f3rgia, mas \u00e9 muito comum. Essa pr\u00e1tica est\u00e1 associada a in\u00fameros acidentes em Marietta e outras partes da Ge\u00f3rgia. Se voc\u00ea ou algu\u00e9m que voc\u00ea conhece est\u00e1 dirigindo, entre em contato com um m\u00e9dico imediatamente.<\/p>\n\n\n\n<p>Se voc\u00ea ou um ente querido se envolveram em um acidente desse tipo, o melhor \u00e9 buscar aconselhamento e representa\u00e7\u00e3o jur\u00eddica de um advogado experiente em acidentes causados por mensagens de texto ao volante em Marietta. No escrit\u00f3rio Diaz &amp; Gaeta, temos certeza de que podemos ajud\u00e1-lo a buscar justi\u00e7a e obter indeniza\u00e7\u00e3o por todos os seus ferimentos e perdas.<\/p>\n\n\n\n<p>Recomendamos vivamente que entre em contacto connosco o mais brevemente poss\u00edvel. A aten\u00e7\u00e3o imediata que os nossos advogados experientes dedicam a estas quest\u00f5es pode ser a diferen\u00e7a entre obter a indemniza\u00e7\u00e3o que merece ou perder esta oportunidade.<\/p>\n\n\n\n<p>Ligue para n\u00f3s em <a href=\"tel:+16785032780\"><strong>678-503-2780<\/strong><\/a> ou entre em contato conosco online para agendar uma an\u00e1lise do seu caso com um especialista. <strong><a href=\"https:\/\/dglawga.com\/pt\/marietta\/advogado-de-acidentes-de-carro\/\">Advogado especializado em acidentes de carro em Marietta<\/a><\/strong>.<\/p>\n\n\n\n<div class=\"wp-block-group has-accent-background-color has-background is-vertical is-layout-flex wp-container-core-group-is-layout-283d9697 wp-block-group-is-layout-flex\" style=\"border-top-left-radius:15px;border-top-right-radius:15px;margin-top:var(--wp--preset--spacing--30)\">\n<h2 class=\"wp-block-heading has-primary-color has-text-color has-link-color wp-elements-4164a61e17ffbe9e8a7446952ec87a5a\" id=\"aioseo-table-of-contents\">\u00cdNDICE<\/h2>\n<\/div>\n\n\n\n<div class=\"wp-block-group has-background is-vertical is-layout-flex wp-container-core-group-is-layout-d644fc7a wp-block-group-is-layout-flex\" style=\"border-bottom-left-radius:15px;border-bottom-right-radius:15px;background-color:#f3f3f3;margin-top:0\"><div class=\"wp-block-aioseo-table-of-contents\"><ul><li><a class=\"aioseo-toc-item\" href=\"#aioseo-georgia-state-laws-against-texting-and-driving\">Leis do estado da Ge\u00f3rgia contra o uso de celular ao volante<\/a><\/li><li><a class=\"aioseo-toc-item\" href=\"#aioseo-how-texting-can-affect-your-driving\">Como enviar mensagens de texto pode afetar sua dire\u00e7\u00e3o<\/a><\/li><li><a class=\"aioseo-toc-item\" href=\"#aioseo-how-can-you-prove-the-other-driver-caused-an-accident-because-of-texting\">Como voc\u00ea pode provar que o outro motorista causou um acidente por estar enviando mensagens de texto?<\/a><\/li><li><a class=\"aioseo-toc-item\" href=\"#aioseo-why-do-i-need-a-texting-and-driving-accident-lawyer-in-marietta\">Por que preciso de um advogado especializado em acidentes causados por mensagens de texto ao volante em Marietta?<\/a><\/li><li><a class=\"aioseo-toc-item\" href=\"#aioseo-how-much-will-a-lawyer-cost\">Quanto custa um advogado?<\/a><\/li><li><a class=\"aioseo-toc-item\" href=\"#aioseo-how-long-do-i-have-to-file-a-claim-in-georgia\">Qual o prazo para apresentar uma reclama\u00e7\u00e3o na Ge\u00f3rgia?<\/a><\/li><li><a class=\"aioseo-toc-item\" href=\"#aioseo-hire-the-best-personal-injury-attorneys-in-marietta-for-your-texting-and-driving-accident-claim\">Contrate os melhores advogados de danos pessoais em Marietta para sua reclama\u00e7\u00e3o por acidente causado por mensagens de texto ao volante!<\/a><\/li><\/ul><\/div><\/div>\n\n\n\n<h2 class=\"wp-block-heading has-primary-color has-text-color has-link-color wp-elements-78d5612ab35e3a23b37d228cc13fdf1d\" id=\"aioseo-georgia-state-laws-against-texting-and-driving\" style=\"padding-top:var(--wp--preset--spacing--20)\">Leis do estado da Ge\u00f3rgia contra o uso de celular ao volante<\/h2>\n\n\n\n<p>As leis sobre enviar mensagens de texto ao volante na Ge\u00f3rgia e em alguns outros estados americanos aplicavam-se principalmente a motoristas espec\u00edficos, como adolescentes. No entanto, <strong><a href=\"https:\/\/www.gahighwaysafety.org\/highway-safety\/hands-free-law\/\" target=\"_blank\" rel=\"noopener\">A Ge\u00f3rgia aprovou uma lei que pro\u00edbe o uso das m\u00e3os no tr\u00e2nsito.<\/a><\/strong> Em julho de 2018, foi imposta uma lei que restringe v\u00e1rias formas de uso de telefones celulares ao dirigir.<\/p>\n\n\n\n<p>A lei estipula que os motoristas n\u00e3o devem segurar o celular nas m\u00e3os nem deixar nenhum aparelho tocando em qualquer parte do corpo, como no colo ou entre o ombro e a orelha. No entanto, os motoristas podem fazer e receber chamadas enquanto dirigem usando um dispositivo m\u00e3os-livres. De acordo com esta lei:<\/p>\n\n\n\n<ul class=\"wp-block-list\">\n<li>\u00c9 ilegal ler, escrever ou enviar mensagens de texto ou e-mails enquanto dirige.<\/li>\n\n\n\n<li>Os motoristas n\u00e3o podem assistir ou gravar v\u00eddeos, nem tirar fotos com seus celulares enquanto dirigem.<\/li>\n\n\n\n<li>Os motoristas devem se abster de qualquer atividade online, como ler ou postar em redes sociais.<\/li>\n<\/ul>\n\n\n\n<p>Observe que essas regras e exig\u00eancias afetam todos os motoristas e se aplicam mesmo quando voc\u00ea para em um sem\u00e1foro vermelho ou placa de pare.<\/p>\n\n\n\n<h2 class=\"wp-block-heading has-primary-color has-text-color has-link-color wp-elements-190a1dcf45cde662700d789843a99093\" id=\"aioseo-how-texting-can-affect-your-driving\" style=\"padding-top:var(--wp--preset--spacing--20)\">Como enviar mensagens de texto pode afetar sua dire\u00e7\u00e3o<\/h2>\n\n\n\n<p>De acordo com pesquisas e dados da NHTSA, ler e digitar mensagens de texto afeta negativamente todas as medidas de seguran\u00e7a rodovi\u00e1ria ao dirigir. \u00c9 um h\u00e1bito perigoso que causa distra\u00e7\u00f5es cognitivas, visuais e f\u00edsicas.<\/p>\n\n\n\n<p>Estudos mostram que enviar mensagens de texto \u00e9 mais perigoso do que falar ao telefone. Os motoristas tiram as m\u00e3os e os olhos do volante e da estrada para ler ou digitar uma mensagem. Consequentemente, n\u00e3o conseguem reagir adequadamente a emerg\u00eancias inesperadas e manobrar o ve\u00edculo com seguran\u00e7a, evitando acidentes.<\/p>\n\n\n\n<h2 class=\"wp-block-heading has-primary-color has-text-color has-link-color wp-elements-63cc0bb38e474f3a83484c7f5fc66a9d\" id=\"aioseo-how-can-you-prove-the-other-driver-caused-an-accident-because-of-texting\" style=\"padding-top:var(--wp--preset--spacing--20)\">Como voc\u00ea pode provar que o outro motorista causou um acidente por estar enviando mensagens de texto?<\/h2>\n\n\n\n<p>Nossos celulares se tornam cada vez mais viciantes a cada novo lan\u00e7amento, cada aparelho com um recurso exclusivo que disputa nossa aten\u00e7\u00e3o. Vencer um processo de indeniza\u00e7\u00e3o depende de apresentar provas de responsabilidade e sustentar a validade da sua alega\u00e7\u00e3o. Portanto, voc\u00ea precisa de advogados experientes ao seu lado.<\/p>\n\n\n\n<p>Na Diaz &amp; Gaeta, contamos com profissionais jur\u00eddicos e os recursos necess\u00e1rios para conduzir investiga\u00e7\u00f5es minuciosas e coletar informa\u00e7\u00f5es de registros telef\u00f4nicos, boletins de ocorr\u00eancia, testemunhas, grava\u00e7\u00f5es de c\u00e2meras de tr\u00e2nsito e nossos especialistas em reconstru\u00e7\u00e3o de acidentes. Utilizaremos essas informa\u00e7\u00f5es para comprovar que o acusado foi respons\u00e1vel pelo acidente por estar enviando mensagens de texto enquanto dirigia.<\/p>\n\n\n\n<figure class=\"wp-block-image aligncenter has-custom-border\"><a href=\"https:\/\/dglawga.com\/wp-content\/uploads\/2022\/06\/marietta-texting-driving-lawyer-diaz.jpg\"><img loading=\"lazy\" decoding=\"async\" width=\"500\" height=\"333\" src=\"https:\/\/dglawga.com\/wp-content\/uploads\/2022\/06\/marietta-texting-driving-lawyer-diaz.jpg\" alt=\"Conceito de advogado especializado em acidentes por dirigir e enviar mensagens de texto em Marietta, motorista enviando mensagens de texto\" class=\"wp-image-2182\" style=\"border-radius:15px\" srcset=\"https:\/\/dglawga.com\/wp-content\/uploads\/2022\/06\/marietta-texting-driving-lawyer-diaz.jpg 500w, https:\/\/dglawga.com\/wp-content\/uploads\/2022\/06\/marietta-texting-driving-lawyer-diaz-300x200.jpg 300w\" sizes=\"auto, (max-width: 500px) 100vw, 500px\" \/><\/a><\/figure>\n\n\n\n<h2 class=\"wp-block-heading has-primary-color has-text-color has-link-color wp-elements-fc6b6703f6b50b0ffbec1dc7f3b89c9a\" id=\"aioseo-why-do-i-need-a-texting-and-driving-accident-lawyer-in-marietta\" style=\"padding-top:var(--wp--preset--spacing--20)\">Por que preciso de um advogado especializado em acidentes causados por mensagens de texto ao volante em Marietta?<\/h2>\n\n\n\n<p>Seu advogado estar\u00e1 preparado com provas que demonstram que o motorista estava enviando mensagens de texto, para que a seguradora n\u00e3o possa pagar um valor inferior ao que voc\u00ea merece. Mesmo assim, a seguradora pode n\u00e3o estar disposta a indeniz\u00e1-lo de forma justa. Se voc\u00ea deseja que o motorista distra\u00eddo arque com todos os seus preju\u00edzos, talvez seja necess\u00e1rio lev\u00e1-lo ao tribunal. Seu advogado estar\u00e1 preparado para apresentar um caso s\u00f3lido perante o j\u00fari.<\/p>\n\n\n\n<p>Um advogado especializado em acidentes causados por mensagens de texto ao volante em Marietta tamb\u00e9m garantir\u00e1 que voc\u00ea registre seu pedido de indeniza\u00e7\u00e3o dentro do prazo. Voc\u00ea tamb\u00e9m precisa de um profissional com amplo conhecimento jur\u00eddico para ajud\u00e1-lo a lidar com a equipe jur\u00eddica e as seguradoras da outra parte. N\u00f3s supervisionaremos as negocia\u00e7\u00f5es de acordo, caso eles decidam resolver a quest\u00e3o extrajudicialmente.<\/p>\n\n\n\n<h2 class=\"wp-block-heading has-primary-color has-text-color has-link-color wp-elements-b9b5cecec004b0dfe9c7393f32f9347b\" id=\"aioseo-how-much-will-a-lawyer-cost\" style=\"padding-top:var(--wp--preset--spacing--20)\">Quanto custa um advogado?<\/h2>\n\n\n\n<p>Nossa principal preocupa\u00e7\u00e3o \u00e9 garantir que voc\u00ea receba a indeniza\u00e7\u00e3o que lhe \u00e9 devida por aqueles que causaram o acidente. Oferecemos uma an\u00e1lise inicial gratuita do seu caso para ouvir sua reclama\u00e7\u00e3o e determinar se vale a pena prosseguir com o processo. Tamb\u00e9m lhe forneceremos assessoria jur\u00eddica confi\u00e1vel e representa\u00e7\u00e3o em todas as etapas do processo. <strong><a href=\"https:\/\/www.americanbar.org\/groups\/public_education\/resources\/law_issues_for_consumers\/lawyerfees_contingent\/\" target=\"_blank\" rel=\"noopener\">honor\u00e1rios de conting\u00eancia<\/a><\/strong> se encontrarmos raz\u00f5es substanciais para prosseguir com o seu caso.<\/p>\n\n\n\n<p>Voc\u00ea n\u00e3o precisar\u00e1 se preocupar com honor\u00e1rios advocat\u00edcios, que ser\u00e3o uma pequena porcentagem deduzida da indeniza\u00e7\u00e3o que conseguirmos para voc\u00ea, seja por meio de um acordo ou em ju\u00edzo. Se n\u00e3o conseguirmos uma indeniza\u00e7\u00e3o para voc\u00ea, voc\u00ea n\u00e3o nos paga nada.<\/p>\n\n\n\n<p>Explicaremos detalhadamente os termos do acordo de honor\u00e1rios de \u00eaxito para garantir que voc\u00ea concorde com tudo antes de prosseguirmos.<\/p>\n\n\n\n<h2 class=\"wp-block-heading has-primary-color has-text-color has-link-color wp-elements-21da8078e635edc8bf51908b5f52bdd8\" id=\"aioseo-how-long-do-i-have-to-file-a-claim-in-georgia\" style=\"padding-top:var(--wp--preset--spacing--20)\">Qual o prazo para apresentar uma reclama\u00e7\u00e3o na Ge\u00f3rgia?<\/h2>\n\n\n\n<p>Os acidentes causados por dire\u00e7\u00e3o distra\u00edda na Ge\u00f3rgia geralmente t\u00eam um <strong><a href=\"http:\/\/ga.elaws.us\/law\/section9-3-33\" target=\"_blank\" rel=\"noopener nofollow\">prazo de prescri\u00e7\u00e3o de dois anos<\/a><\/strong> que as v\u00edtimas devem cumprir ao solicitar indeniza\u00e7\u00e3o. Portanto, voc\u00ea tem dois anos a partir da data do acidente causado pelo envio de mensagens de texto ao volante para apresentar sua reclama\u00e7\u00e3o.<\/p>\n\n\n\n<p>\u00c9 um per\u00edodo mais curto do que voc\u00ea imagina, e o ideal \u00e9 iniciar o processo de abertura do processo o quanto antes. Daremos in\u00edcio ao processo imediatamente ap\u00f3s voc\u00ea nos contratar como seus advogados e contar com profissionais que lutar\u00e3o pelos seus direitos e interesses.<\/p>\n\n\n\n<h2 class=\"wp-block-heading has-primary-color has-text-color has-link-color wp-elements-ad49fda990a8b5c27615152853a8bb70\" id=\"aioseo-hire-the-best-personal-injury-attorneys-in-marietta-for-your-texting-and-driving-accident-claim\" style=\"padding-top:var(--wp--preset--spacing--20)\">Contrate os melhores advogados de danos pessoais em Marietta para sua reclama\u00e7\u00e3o por acidente causado por mensagens de texto ao volante!<\/h2>\n\n\n\n<p>Enviar mensagens de texto enquanto dirige est\u00e1 associado a in\u00fameros acidentes de tr\u00e2nsito em Marietta e outras partes da Ge\u00f3rgia. Esses acidentes podem resultar em ferimentos graves e at\u00e9 mesmo mortes. No entanto, tais casos podem apresentar diversos elementos que complicam o processo judicial contra as partes respons\u00e1veis. \u00c9 por isso que ter um advogado experiente ao seu lado \u00e9 fundamental.<\/p>\n\n\n\n<p>Se voc\u00ea ou um ente querido estiveram envolvidos nesse tipo de acidente, o melhor \u00e9 procurar aconselhamento e representa\u00e7\u00e3o jur\u00eddica de um advogado experiente e confi\u00e1vel. <strong><a href=\"https:\/\/dglawga.com\/pt\/marietta\/advogado-de-lesoes-corporais\/\">advogado de les\u00f5es corporais<\/a><\/strong>. No <a href=\"https:\/\/dglawga.com\/pt\/contate-nos\/\"><strong>Diaz e Gaeta<\/strong><\/a>, Estamos confiantes de que podemos ajud\u00e1-lo a buscar justi\u00e7a ao processar os respons\u00e1veis e buscar indeniza\u00e7\u00e3o por seus ferimentos e perdas.<\/p>\n\n\n\n<p>Ligue para n\u00f3s em <a href=\"tel:+16785032780\"><strong>678-503-2780<\/strong><\/a> Ou entre em contato conosco online para agendar uma an\u00e1lise do seu caso com um advogado especializado em acidentes causados por mensagens de texto ao volante em Marietta.<\/p>","protected":false},"excerpt":{"rendered":"<p>While cell phones are a tool that we cannot do without, they are addictive and can lead to horrific car accidents. Texting while driving is dangerous and illegal in Georgia, but it is far too common. Texting while driving is associated with numerous accidents in Marietta and other parts of Georgia. If you or a [&hellip;]<\/p>\n","protected":false},"author":34,"featured_media":0,"parent":1857,"menu_order":0,"comment_status":"closed","ping_status":"closed","template":"wp-custom-template-marietta-services","meta":{"_acf_changed":false,"_themeisle_gutenberg_block_has_review":false,"footnotes":""},"categories":[50],"tags":[124,123,120,21,122,59,126,58,121,125,119,26,118,116,117,22,142,143],"class_list":["post-1869","page","type-page","status-publish","hentry","category-marietta-location","tag-abogado-coche-acidente","tag-abogado-gratis","tag-attorney-lawyer","tag-car-accidents","tag-car-accidents-lawyer","tag-family-law","tag-imigracion-abogados","tag-immigration","tag-immigration-lawyer","tag-marietta-abogado","tag-marietta-lawyer","tag-personal-injury","tag-top-lawyer-in-marietta","tag-top-lawyers-in-atlanta","tag-top-lawyers-in-smyrna","tag-truck-accident","tag-truck-accident-attorneys","tag-truck-crash"],"acf":[],"aioseo_notices":[],"_links":{"self":[{"href":"https:\/\/dglawga.com\/pt\/wp-json\/wp\/v2\/pages\/1869","targetHints":{"allow":["GET"]}}],"collection":[{"href":"https:\/\/dglawga.com\/pt\/wp-json\/wp\/v2\/pages"}],"about":[{"href":"https:\/\/dglawga.com\/pt\/wp-json\/wp\/v2\/types\/page"}],"author":[{"embeddable":true,"href":"https:\/\/dglawga.com\/pt\/wp-json\/wp\/v2\/users\/34"}],"replies":[{"embeddable":true,"href":"https:\/\/dglawga.com\/pt\/wp-json\/wp\/v2\/comments?post=1869"}],"version-history":[{"count":2,"href":"https:\/\/dglawga.com\/pt\/wp-json\/wp\/v2\/pages\/1869\/revisions"}],"predecessor-version":[{"id":7559,"href":"https:\/\/dglawga.com\/pt\/wp-json\/wp\/v2\/pages\/1869\/revisions\/7559"}],"up":[{"embeddable":true,"href":"https:\/\/dglawga.com\/pt\/wp-json\/wp\/v2\/pages\/1857"}],"wp:attachment":[{"href":"https:\/\/dglawga.com\/pt\/wp-json\/wp\/v2\/media?parent=1869"}],"wp:term":[{"taxonomy":"category","embeddable":true,"href":"https:\/\/dglawga.com\/pt\/wp-json\/wp\/v2\/categories?post=1869"},{"taxonomy":"post_tag","embeddable":true,"href":"https:\/\/dglawga.com\/pt\/wp-json\/wp\/v2\/tags?post=1869"}],"curies":[{"name":"wp","href":"https:\/\/api.w.org\/{rel}","templated":true}]}}