{"id":1889,"date":"2022-06-07T15:08:48","date_gmt":"2022-06-07T15:08:48","guid":{"rendered":"https:\/\/diazgaetalaw.wpengine.com\/?page_id=1889"},"modified":"2025-06-14T13:51:30","modified_gmt":"2025-06-14T18:51:30","slug":"advogado-de-lesao-cerebral-traumatica","status":"publish","type":"page","link":"https:\/\/dglawga.com\/pt\/local-practice-areas\/marietta\/traumatic-brain-injury-lawyer\/","title":{"rendered":"Advogado especializado em les\u00f5es cerebrais traum\u00e1ticas em Marietta"},"content":{"rendered":"<p>Les\u00f5es cerebrais graves s\u00e3o a principal causa de incapacidade e morte nos EUA, de acordo com o CDC. Aproximadamente 170 americanos morrem todos os dias devido a traumatismos cranioencef\u00e1licos, e mais de 200.000 pessoas s\u00e3o hospitalizadas. A triste realidade \u00e9 que o caminho para a recupera\u00e7\u00e3o \u00e9 longo e caro. N\u00e3o se permita passar pelo sofrimento da dor e da tentativa de recupera\u00e7\u00e3o enquanto enfrenta perdas.<\/p>\n\n\n\n<p>Buscar indeniza\u00e7\u00e3o \u00e9 a decis\u00e3o mais sensata que voc\u00ea pode tomar. \u00c9 a\u00ed que entramos. Protegeremos seus direitos legais e o ajudaremos a buscar a indeniza\u00e7\u00e3o que lhe \u00e9 devida. Por isso, se voc\u00ea ou um ente querido foi v\u00edtima de uma les\u00e3o cerebral grave causada por neglig\u00eancia de terceiros, considere conversar com nossos advogados especializados em les\u00f5es cerebrais traum\u00e1ticas em Marietta.<\/p>\n\n\n\n<p>Somos altamente qualificados, experientes e com profundo conhecimento jur\u00eddico. No escrit\u00f3rio de advocacia Diaz &amp; Gaeta, valorizamos nossos clientes e garantimos a melhor representa\u00e7\u00e3o legal poss\u00edvel. Trabalhamos com honor\u00e1rios de conting\u00eancia, o que significa que s\u00f3 recebemos se ganharmos o caso. Al\u00e9m disso, n\u00e3o solicitaremos nenhum pagamento antecipado.<\/p>\n\n\n\n<p>Agende uma consulta gratuita e uma sess\u00e3o de avalia\u00e7\u00e3o do seu caso com nossa equipe. <a href=\"https:\/\/dglawga.com\/pt\/marietta\/advogado-de-lesoes-corporais\/\"><strong>Advogados de les\u00f5es pessoais em Marietta<\/strong><\/a> ligando <br><a href=\"tel:+16785032780\"><strong>678-503-2780<\/strong><\/a>.<\/p>\n\n\n\n<div class=\"wp-block-group has-accent-background-color has-background is-vertical is-layout-flex wp-container-core-group-is-layout-283d9697 wp-block-group-is-layout-flex\" style=\"border-top-left-radius:15px;border-top-right-radius:15px;margin-top:var(--wp--preset--spacing--30)\">\n<h2 class=\"wp-block-heading has-primary-color has-text-color has-link-color wp-elements-4164a61e17ffbe9e8a7446952ec87a5a\" id=\"aioseo-table-of-contents\">\u00cdNDICE<\/h2>\n<\/div>\n\n\n\n<div class=\"wp-block-group has-background is-vertical is-layout-flex wp-container-core-group-is-layout-d644fc7a wp-block-group-is-layout-flex\" style=\"border-bottom-left-radius:15px;border-bottom-right-radius:15px;background-color:#f3f3f3;margin-top:0\"><div class=\"wp-block-aioseo-table-of-contents\"><ul><li><a class=\"aioseo-toc-item\" href=\"#aioseo-how-do-i-know-if-i-have-a-brain-injury\">Como saber se tenho uma les\u00e3o cerebral?<\/a><\/li><li><a class=\"aioseo-toc-item\" href=\"#aioseo-the-types-of-brain-injuries\">Tipos de Les\u00f5es Cerebrais<\/a><ul><li><a class=\"aioseo-toc-item\" href=\"#aioseo-closed-injury\">Les\u00e3o fechada<\/a><\/li><li><a class=\"aioseo-toc-item\" href=\"#aioseo-open-injury\">Les\u00e3o aberta<\/a><\/li><li><a class=\"aioseo-toc-item\" href=\"#aioseo-toxic-or-chemical-injury\">Les\u00e3o T\u00f3xica ou Qu\u00edmica<\/a><\/li><li><a class=\"aioseo-toc-item\" href=\"#aioseo-deceleration-injury\">Les\u00e3o por desacelera\u00e7\u00e3o<\/a><\/li><li><a class=\"aioseo-toc-item\" href=\"#aioseo-hypoxia\">Hip\u00f3xia<\/a><\/li><\/ul><\/li><li><a class=\"aioseo-toc-item\" href=\"#aioseo-the-symptoms-of-traumatic-brain-injury\">Os sintomas de les\u00e3o cerebral traum\u00e1tica<\/a><\/li><li><a class=\"aioseo-toc-item\" href=\"#aioseo-why-is-it-important-to-see-a-doctor-after-a-head-injury\">Por que \u00e9 importante consultar um m\u00e9dico ap\u00f3s um traumatismo craniano?<\/a><\/li><li><a class=\"aioseo-toc-item\" href=\"#aioseo-why-should-i-hire-a-traumatic-brain-injury-attorney\">Por que devo contratar um advogado especializado em les\u00f5es cerebrais traum\u00e1ticas?<\/a><\/li><li><a class=\"aioseo-toc-item\" href=\"#aioseo-can-insurance-companies-obtain-my-past-medical-records\">As seguradoras podem obter meu hist\u00f3rico m\u00e9dico?<\/a><\/li><li><a class=\"aioseo-toc-item\" href=\"#aioseo-what-will-happen-if-the-insurance-company-denies-paying-my-medical-bills\">O que acontecer\u00e1 se a seguradora se recusar a pagar minhas despesas m\u00e9dicas?<\/a><\/li><li><a class=\"aioseo-toc-item\" href=\"#aioseo-what-compensation-can-i-receive-for-my-brain-injury\">Que tipo de indeniza\u00e7\u00e3o posso receber pela minha les\u00e3o cerebral?<\/a><\/li><li><a class=\"aioseo-toc-item\" href=\"#aioseo-what-is-the-time-limit-for-filing-a-brain-injury-claim-in-georgia\">Qual \u00e9 o prazo limite para apresentar uma reclama\u00e7\u00e3o por les\u00e3o cerebral na Ge\u00f3rgia?<\/a><\/li><li><a class=\"aioseo-toc-item\" href=\"#aioseo-call-our-marietta-traumatic-brain-injury-lawyers-today\">Ligue hoje mesmo para nossos advogados especializados em les\u00f5es cerebrais traum\u00e1ticas em Marietta!<\/a><\/li><\/ul><\/div><\/div>\n\n\n\n<h2 class=\"wp-block-heading has-primary-color has-text-color has-link-color wp-elements-1204a3eabeac4a126b357cf91ccb69f4\" id=\"aioseo-how-do-i-know-if-i-have-a-brain-injury\" style=\"padding-top:var(--wp--preset--spacing--20)\">Como saber se tenho uma les\u00e3o cerebral?<\/h2>\n\n\n\n<p>A realidade \u00e9 que a maioria de n\u00f3s se concentra apenas em les\u00f5es e ferimentos externos ap\u00f3s um acidente. Mas acidentes podem causar les\u00f5es internas graves. Voc\u00ea sabia que les\u00f5es internas s\u00e3o dif\u00edceis de detectar sem a ajuda de um m\u00e9dico experiente e a realiza\u00e7\u00e3o de exames?<\/p>\n\n\n\n<p>Para identificar uma les\u00e3o cerebral, voc\u00ea precisar\u00e1 observar os sinais e sintomas que apresenta. Os sintomas de uma les\u00e3o cerebral podem ser graves ou leves, dependendo, obviamente, da natureza e da extens\u00e3o da les\u00e3o. Os sintomas podem piorar se forem ignorados por muito tempo. Alguns sintomas podem se manifestar ap\u00f3s algumas horas, enquanto outros podem levar semanas. Por isso, \u00e9 sempre prudente consultar um m\u00e9dico ap\u00f3s um acidente.<\/p>\n\n\n\n<p>Com isso em mente, quais s\u00e3o algumas das principais causas de traumatismo cranioencef\u00e1lico? Bem, de acordo com... <strong><a href=\"https:\/\/www.cdc.gov\/traumaticbraininjury\/get_the_facts.html\" target=\"_blank\" rel=\"noopener nofollow\">Relat\u00f3rios do CDC<\/a><\/strong>, As causas comuns incluem:<\/p>\n\n\n\n<ul class=\"wp-block-list\">\n<li><a href=\"https:\/\/dglawga.com\/pt\/marietta\/advogado-de-acidentes-de-carro\/\"><strong>Acidentes de tr\u00e2nsito<\/strong>.<\/a><\/li>\n\n\n\n<li><a href=\"https:\/\/dglawga.com\/pt\/marietta\/advogado-de-casos-de-escorregoes-e-quedas\/\"><strong>Acidentes por escorreg\u00f5es e quedas<\/strong>.<\/a><\/li>\n\n\n\n<li>Les\u00f5es esportivas.<\/li>\n\n\n\n<li>Atos de viol\u00eancia, incluindo abuso dom\u00e9stico e agress\u00e3o.<\/li>\n<\/ul>\n\n\n\n<h2 class=\"wp-block-heading has-primary-color has-text-color has-link-color wp-elements-2539e9fcb10a02c1e1fb36a63ebaf170\" id=\"aioseo-the-types-of-brain-injuries\" style=\"padding-top:var(--wp--preset--spacing--20)\">Tipos de Les\u00f5es Cerebrais<\/h2>\n\n\n\n<p>Voc\u00ea sabia que a gravidade da les\u00e3o cerebral, o plano de tratamento e o tempo de recupera\u00e7\u00e3o s\u00e3o determinados pelo tipo de les\u00e3o cerebral? O tipo de les\u00e3o cerebral tamb\u00e9m influencia o valor da indeniza\u00e7\u00e3o que voc\u00ea receber\u00e1. Os tipos de les\u00f5es cerebrais incluem:<\/p>\n\n\n\n<h4 class=\"wp-block-heading has-base-color has-text-color has-link-color wp-elements-21c1a3782f0bc998518c861651b7240f\" id=\"aioseo-closed-injury\" style=\"padding-top:var(--wp--preset--spacing--10);font-style:normal;font-weight:600\">Les\u00e3o fechada<\/h4>\n\n\n\n<p>Esse tipo de les\u00e3o cerebral ocorre quando um objeto n\u00e3o penetra o cr\u00e2nio. Em outras palavras, o cr\u00e2nio n\u00e3o \u00e9 perfurado por um objeto, mas o c\u00e9rebro \u00e9 lesionado. Esse tipo de les\u00e3o \u00e9 comum em quedas e acidentes automobil\u00edsticos, nos quais o c\u00e9rebro \u00e9 deslocado para frente ou para tr\u00e1s rapidamente, causando tremores.<\/p>\n\n\n\n<h4 class=\"wp-block-heading has-base-color has-text-color has-link-color wp-elements-e6b534ed546106eff28f7b3100dd4e89\" id=\"aioseo-open-injury\" style=\"padding-top:var(--wp--preset--spacing--10);font-style:normal;font-weight:600\">Les\u00e3o aberta<\/h4>\n\n\n\n<p>Esse tipo de les\u00e3o ocorre quando um objeto penetra o cr\u00e2nio e atinge o c\u00e9rebro. \u00c9 comum em acidentes de carro e atos de viol\u00eancia, especialmente quando o objeto est\u00e1 em alta velocidade.<\/p>\n\n\n\n<h4 class=\"wp-block-heading has-base-color has-text-color has-link-color wp-elements-a8e48b01ad999560c184dc4b3c3b56aa\" id=\"aioseo-toxic-or-chemical-injury\" style=\"padding-top:var(--wp--preset--spacing--10);font-style:normal;font-weight:600\">Les\u00e3o T\u00f3xica ou Qu\u00edmica<\/h4>\n\n\n\n<p>Voc\u00ea sabia que vapores e produtos qu\u00edmicos t\u00f3xicos podem causar danos neurol\u00f3gicos? Sim! A exposi\u00e7\u00e3o a toxinas como chumbo, pesticidas e mon\u00f3xido de carbono pode causar les\u00f5es cerebrais. Esse tipo de les\u00e3o \u00e9 comum em acidentes de trabalho.<\/p>\n\n\n\n<h4 class=\"wp-block-heading has-base-color has-text-color has-link-color wp-elements-f7293e8d5e3c531c92431b08a13dcde6\" id=\"aioseo-deceleration-injury\" style=\"padding-top:var(--wp--preset--spacing--10);font-style:normal;font-weight:600\">Les\u00e3o por desacelera\u00e7\u00e3o<\/h4>\n\n\n\n<p>Esse tipo de traumatismo craniano ocorre quando a cabe\u00e7a de uma pessoa \u00e9 arremessada contra uma superf\u00edcie dura, mas sem penetra\u00e7\u00e3o. Nesse caso, o c\u00e9rebro \u00e9 impactado contra o cr\u00e2nio. Esse tipo de les\u00e3o \u00e9 comum em acidentes de tr\u00e2nsito, atos de viol\u00eancia e acidentes ou movimentos relacionados ao trabalho.<\/p>\n\n\n\n<h4 class=\"wp-block-heading has-base-color has-text-color has-link-color wp-elements-f1202ab0bcccbdded2753390c5a5f63f\" id=\"aioseo-hypoxia\" style=\"padding-top:var(--wp--preset--spacing--10);font-style:normal;font-weight:600\">Hip\u00f3xia<\/h4>\n\n\n\n<p>Esse tipo de les\u00e3o cerebral ocorre quando o c\u00e9rebro n\u00e3o recebe oxig\u00eanio suficiente. Essa les\u00e3o geralmente \u00e9 causada por doen\u00e7as como acidente vascular cerebral (AVC) e ataque card\u00edaco. Tamb\u00e9m pode ocorrer devido a infec\u00e7\u00f5es, afogamento e tumores.<\/p>\n\n\n\n<figure class=\"wp-block-image aligncenter is-resized has-custom-border\" style=\"margin-top:var(--wp--preset--spacing--20);margin-bottom:var(--wp--preset--spacing--20)\"><a href=\"https:\/\/dglawga.com\/wp-content\/uploads\/2022\/11\/symptoms-of-traumatic-brain-injury-diaz-gaeta.webp\"><img loading=\"lazy\" decoding=\"async\" width=\"800\" height=\"833\" src=\"https:\/\/dglawga.com\/wp-content\/uploads\/2022\/11\/symptoms-of-traumatic-brain-injury-diaz-gaeta.webp\" alt=\"Sintomas de Les\u00e3o Cerebral Traum\u00e1tica - Advogados de Les\u00e3o Cerebral Traum\u00e1tica da Diaz &amp; Gaeta\" class=\"wp-image-4992\" style=\"border-radius:15px;width:550px\" srcset=\"https:\/\/dglawga.com\/wp-content\/uploads\/2022\/11\/symptoms-of-traumatic-brain-injury-diaz-gaeta.webp 800w, https:\/\/dglawga.com\/wp-content\/uploads\/2022\/11\/symptoms-of-traumatic-brain-injury-diaz-gaeta-288x300.webp 288w, https:\/\/dglawga.com\/wp-content\/uploads\/2022\/11\/symptoms-of-traumatic-brain-injury-diaz-gaeta-768x800.webp 768w\" sizes=\"auto, (max-width: 800px) 100vw, 800px\" \/><\/a><\/figure>\n\n\n\n<h2 class=\"wp-block-heading has-primary-color has-text-color has-link-color wp-elements-19a9edcce2b8ae97d1e4994534b664f2\" id=\"aioseo-the-symptoms-of-traumatic-brain-injury\" style=\"padding-top:var(--wp--preset--spacing--20)\">Os sintomas de les\u00e3o cerebral traum\u00e1tica<\/h2>\n\n\n\n<p>Assim como acontece com todos os tipos de condi\u00e7\u00f5es, les\u00f5es ou doen\u00e7as, uma les\u00e3o cerebral tem seus pr\u00f3prios sintomas. No entanto, \u00e9 importante observar que os sintomas variam de pessoa para pessoa e dependem do tipo de les\u00e3o sofrida. Tamb\u00e9m dependem da gravidade da les\u00e3o.<\/p>\n\n\n\n<p>O comum <a href=\"https:\/\/www.mayoclinic.org\/diseases-conditions\/traumatic-brain-injury\/symptoms-causes\/syc-20378557\" target=\"_blank\" rel=\"noopener\"><strong>sintomas de uma les\u00e3o cerebral traum\u00e1tica<\/strong><\/a> incluem:<\/p>\n\n\n\n<ul class=\"wp-block-list\">\n<li>Dificuldade de concentra\u00e7\u00e3o.<\/li>\n\n\n\n<li>Fadiga.<\/li>\n\n\n\n<li>Perda de mem\u00f3ria.<\/li>\n\n\n\n<li>Dores de cabe\u00e7a recorrentes.<\/li>\n\n\n\n<li>Explos\u00f5es emocionais.<\/li>\n\n\n\n<li>Tontura.<\/li>\n\n\n\n<li>Depress\u00e3o.<\/li>\n\n\n\n<li>Convuls\u00f5es.<\/li>\n\n\n\n<li>Sens\u00edvel \u00e0 luz ou ao ru\u00eddo.<\/li>\n\n\n\n<li>Problemas de equil\u00edbrio.<\/li>\n\n\n\n<li>Incapacidade de realizar tarefas cotidianas.<\/li>\n<\/ul>\n\n\n\n<h2 class=\"wp-block-heading has-primary-color has-text-color has-link-color wp-elements-19475293b6075ce6a99ce3f8099e8ca2\" id=\"aioseo-why-is-it-important-to-see-a-doctor-after-a-head-injury\" style=\"padding-top:var(--wp--preset--spacing--20)\">Por que \u00e9 importante consultar um m\u00e9dico ap\u00f3s um traumatismo craniano?<\/h2>\n\n\n\n<p>N\u00e3o \u00e9 f\u00e1cil detectar uma les\u00e3o cerebral, a menos que se trate de um traumatismo craniano aberto e o cr\u00e2nio esteja afetado de alguma forma. Al\u00e9m disso, os sintomas podem levar semanas para come\u00e7ar a se manifestar e, nesse per\u00edodo, o quadro pode j\u00e1 ter piorado. Por isso, \u00e9 aconselh\u00e1vel procurar atendimento m\u00e9dico imediato ap\u00f3s um traumatismo craniano, mesmo que voc\u00ea se sinta bem no momento. Isso ajudar\u00e1 a evitar problemas futuros.<\/p>\n\n\n\n<figure class=\"wp-block-image aligncenter has-custom-border\" style=\"margin-top:var(--wp--preset--spacing--20);margin-bottom:var(--wp--preset--spacing--20)\"><a href=\"https:\/\/dglawga.com\/wp-content\/uploads\/2022\/06\/Marietta-traumatic-brain-injury-lawyer-diaz.jpg\"><img loading=\"lazy\" decoding=\"async\" width=\"500\" height=\"333\" src=\"https:\/\/dglawga.com\/wp-content\/uploads\/2022\/06\/Marietta-traumatic-brain-injury-lawyer-diaz.jpg\" alt=\"Conceito de advogado especializado em les\u00f5es cerebrais traum\u00e1ticas em Marietta, m\u00e9dico mostrando tomografia cerebral\" class=\"wp-image-2703\" style=\"border-radius:15px\" srcset=\"https:\/\/dglawga.com\/wp-content\/uploads\/2022\/06\/Marietta-traumatic-brain-injury-lawyer-diaz.jpg 500w, https:\/\/dglawga.com\/wp-content\/uploads\/2022\/06\/Marietta-traumatic-brain-injury-lawyer-diaz-300x200.jpg 300w\" sizes=\"auto, (max-width: 500px) 100vw, 500px\" \/><\/a><\/figure>\n\n\n\n<h2 class=\"wp-block-heading has-primary-color has-text-color has-link-color wp-elements-0f0e20ab6317b065acf557a6888e32e3\" id=\"aioseo-why-should-i-hire-a-traumatic-brain-injury-attorney\" style=\"padding-top:var(--wp--preset--spacing--20)\">Por que devo contratar um advogado especializado em les\u00f5es cerebrais traum\u00e1ticas?<\/h2>\n\n\n\n<p>Uma les\u00e3o cerebral pode mudar sua vida para sempre. Por isso, voc\u00ea deve sempre buscar indeniza\u00e7\u00e3o se suas les\u00f5es forem causadas por neglig\u00eancia ou imprud\u00eancia de outra pessoa. Todo o processo de abertura de um processo \u00e9 complexo, especialmente quando se trata de um problema s\u00e9rio como uma les\u00e3o cerebral grave.<\/p>\n\n\n\n<p>N\u00e3o se esque\u00e7a de que a seguradora do r\u00e9u far\u00e1 tudo ao seu alcance para negar a indeniza\u00e7\u00e3o a que voc\u00ea tem direito por lei. Por que fazem isso? Bem, as seguradoras s\u00e3o empresas como quaisquer outras, e o principal objetivo de qualquer empresa \u00e9 minimizar os custos (despesas) e maximizar os lucros.<\/p>\n\n\n\n<p>Ao contratar nossos advogados especializados em les\u00f5es cerebrais traum\u00e1ticas em Marietta, do escrit\u00f3rio Diaz &amp; Gaeta Attorneys At Law, facilitaremos todo o processo para voc\u00ea e permitiremos que se recupere em paz. Os motivos pelos quais voc\u00ea deve nos contratar incluem:<\/p>\n\n\n\n<ul class=\"wp-block-list\">\n<li>Lute pelos seus direitos.<\/li>\n\n\n\n<li>Protege seus direitos legais e constitucionais.<\/li>\n\n\n\n<li>Garanta que voc\u00ea receba a indeniza\u00e7\u00e3o que lhe \u00e9 devida.<\/li>\n\n\n\n<li>Ajude a negociar com a seguradora em seu nome.<\/li>\n\n\n\n<li>Temos experi\u00eancia em lidar com esses casos.<\/li>\n\n\n\n<li>Ajude a coletar provas.<\/li>\n\n\n\n<li>Represente seus interesses e seu caso perante o tribunal.<\/li>\n<\/ul>\n\n\n\n<h2 class=\"wp-block-heading has-primary-color has-text-color has-link-color wp-elements-4bf6a9ba4ca583aefc60b35e9e50f4bf\" id=\"aioseo-can-insurance-companies-obtain-my-past-medical-records\" style=\"padding-top:var(--wp--preset--spacing--20)\">As seguradoras podem obter meu hist\u00f3rico m\u00e9dico?<\/h2>\n\n\n\n<p>Sim! A seguradora pode obter seu hist\u00f3rico m\u00e9dico para encontrar algo que a ajude a diminuir ou negar a indeniza\u00e7\u00e3o. A seguradora procurar\u00e1 por qualquer condi\u00e7\u00e3o preexistente que possa estar relacionada a uma les\u00e3o cerebral.<\/p>\n\n\n\n<h2 class=\"wp-block-heading has-primary-color has-text-color has-link-color wp-elements-4d68aea7433ea35cf03b6a5ce6140944\" id=\"aioseo-what-will-happen-if-the-insurance-company-denies-paying-my-medical-bills\" style=\"padding-top:var(--wp--preset--spacing--20)\">O que acontecer\u00e1 se a seguradora se recusar a pagar minhas despesas m\u00e9dicas?<\/h2>\n\n\n\n<p>Se a seguradora se recusar a pagar as despesas m\u00e9dicas, a melhor op\u00e7\u00e3o \u00e9 levar o caso para um tribunal c\u00edvel. Por isso, \u00e9 fundamental contratar um advogado especializado em les\u00f5es corporais. Aproveite nossa consulta gratuita para falar com um advogado especializado em les\u00f5es cerebrais. N\u00f3s o ajudaremos, orientando-o em todo o processo e garantindo que voc\u00ea receba a indeniza\u00e7\u00e3o a que tem direito.<\/p>\n\n\n\n<h2 class=\"wp-block-heading has-primary-color has-text-color has-link-color wp-elements-adbc92faec9a9c32f886f950132d5bd6\" id=\"aioseo-what-compensation-can-i-receive-for-my-brain-injury\" style=\"padding-top:var(--wp--preset--spacing--20)\">Que tipo de indeniza\u00e7\u00e3o posso receber pela minha les\u00e3o cerebral?<\/h2>\n\n\n\n<p>A verdade \u00e9 que \u00e9 dif\u00edcil determinar o valor exato da indeniza\u00e7\u00e3o que voc\u00ea pode receber. A \u00fanica maneira de conseguir isso \u00e9 conversando com um advogado experiente. No entanto, de acordo com a lei da Ge\u00f3rgia, uma pessoa tem direito a indeniza\u00e7\u00e3o por todas as perdas sofridas se os danos foram causados pela neglig\u00eancia de outra pessoa.<\/p>\n\n\n\n<p>Assim sendo, uma pessoa pode receber a seguinte compensa\u00e7\u00e3o:<\/p>\n\n\n\n<ul class=\"wp-block-list\">\n<li>Projeto de lei sobre despesas m\u00e9dicas e de reabilita\u00e7\u00e3o (passado e futuro).<\/li>\n\n\n\n<li>Perda de rendimentos (atuais e futuros).<\/li>\n\n\n\n<li>Danos n\u00e3o econ\u00f4micos por dor, sofrimento, trauma, ang\u00fastia e redu\u00e7\u00e3o da qualidade de vida.<\/li>\n\n\n\n<li>Custo do sepultamento no caso de <a href=\"https:\/\/dglawga.com\/pt\/marietta\/advogado-de-morte-por-negligencia\/\"><strong>morte injusta<\/strong><\/a>.<\/li>\n<\/ul>\n\n\n\n<p>De acordo com as leis da Ge\u00f3rgia, uma v\u00edtima pode receber indeniza\u00e7\u00e3o punitiva. Trata-se de um tipo de compensa\u00e7\u00e3o concedida pelos tribunais como forma de punir o infrator. O tribunal civil s\u00f3 pode conceder indeniza\u00e7\u00e3o punitiva se considerar que as a\u00e7\u00f5es do r\u00e9u foram maliciosas ou extremamente imprudentes.<\/p>\n\n\n\n<h2 class=\"wp-block-heading has-primary-color has-text-color has-link-color wp-elements-05bc3880a5760ccd2118bf455e6dec1b\" id=\"aioseo-what-is-the-time-limit-for-filing-a-brain-injury-claim-in-georgia\" style=\"padding-top:var(--wp--preset--spacing--20)\">Qual \u00e9 o prazo limite para apresentar uma reclama\u00e7\u00e3o por les\u00e3o cerebral na Ge\u00f3rgia?<\/h2>\n\n\n\n<p>Se voc\u00ea reside em Marietta, Ge\u00f3rgia, e sofreu uma les\u00e3o cerebral grave, voc\u00ea tem <a href=\"http:\/\/ga.elaws.us\/law\/section9-3-33\" target=\"_blank\" rel=\"noopener nofollow\"><strong>2 anos<\/strong><\/a> Para apresentar uma a\u00e7\u00e3o de indeniza\u00e7\u00e3o civil. Se voc\u00ea n\u00e3o apresentar a a\u00e7\u00e3o dentro desse prazo, significa que voc\u00ea perdeu o direito ao processo definitivamente.<\/p>\n\n\n\n<p>Se o processo c\u00edvel for contra qualquer \u00f3rg\u00e3o ou ag\u00eancia governamental, voc\u00ea deve apresentar uma reclama\u00e7\u00e3o administrativa antes de entrar com a a\u00e7\u00e3o judicial. Voc\u00ea tem apenas 6 meses a partir da data da sua reclama\u00e7\u00e3o para apresent\u00e1-la em casos envolvendo munic\u00edpios e um ano em casos envolvendo o governo estadual ou do condado.<\/p>\n\n\n\n<p>N\u00e3o perca tempo e ligue para n\u00f3s hoje mesmo.<\/p>\n\n\n\n<h2 class=\"wp-block-heading has-primary-color has-text-color has-link-color wp-elements-70321fffd0560edc22e1a0ea7814d088\" id=\"aioseo-call-our-marietta-traumatic-brain-injury-lawyers-today\" style=\"padding-top:var(--wp--preset--spacing--20)\">Ligue hoje mesmo para nossos advogados especializados em les\u00f5es cerebrais traum\u00e1ticas em Marietta!<\/h2>\n\n\n\n<p>Uma les\u00e3o cerebral grave tem o potencial de mudar sua vida para sempre. Pode afetar sua qualidade de vida e tamb\u00e9m sua situa\u00e7\u00e3o financeira.<\/p>\n\n\n\n<p>Se voc\u00ea ou um ente querido estiver enfrentando uma situa\u00e7\u00e3o como essa, ligue hoje mesmo para nossos advogados especializados em les\u00f5es cerebrais traum\u00e1ticas. <a href=\"tel:+16785032780\"><strong>678-503-2780<\/strong><\/a>. <br>No <strong><a href=\"https:\/\/dglawga.com\/pt\/\">Diaz &amp; Gaeta Advogados<\/a><\/strong>, N\u00f3s o guiaremos pelo complexo sistema jur\u00eddico e lutaremos para que voc\u00ea receba a indeniza\u00e7\u00e3o que lhe \u00e9 devida.<\/p>","protected":false},"excerpt":{"rendered":"<p>Serious brain injury is the leading cause of disability and death in the U.S., according to the CDC. Approximately 170 Americans die every day due to traumatic brain injuries, and over 200,000 people are hospitalized. The sad reality is that the path to recovery is long and expensive. Do not allow yourself to go through [&hellip;]<\/p>\n","protected":false},"author":34,"featured_media":0,"parent":1854,"menu_order":0,"comment_status":"closed","ping_status":"closed","template":"wp-custom-template-marietta-services","meta":{"_acf_changed":false,"_themeisle_gutenberg_block_has_review":false,"footnotes":""},"categories":[50],"tags":[124,123,120,21,122,59,126,58,121,125,119,26,118,116,117,54],"class_list":["post-1889","page","type-page","status-publish","hentry","category-marietta-location","tag-abogado-coche-acidente","tag-abogado-gratis","tag-attorney-lawyer","tag-car-accidents","tag-car-accidents-lawyer","tag-family-law","tag-imigracion-abogados","tag-immigration","tag-immigration-lawyer","tag-marietta-abogado","tag-marietta-lawyer","tag-personal-injury","tag-top-lawyer-in-marietta","tag-top-lawyers-in-atlanta","tag-top-lawyers-in-smyrna","tag-traumatic-brain-injuries"],"acf":[],"aioseo_notices":[],"_links":{"self":[{"href":"https:\/\/dglawga.com\/pt\/wp-json\/wp\/v2\/pages\/1889","targetHints":{"allow":["GET"]}}],"collection":[{"href":"https:\/\/dglawga.com\/pt\/wp-json\/wp\/v2\/pages"}],"about":[{"href":"https:\/\/dglawga.com\/pt\/wp-json\/wp\/v2\/types\/page"}],"author":[{"embeddable":true,"href":"https:\/\/dglawga.com\/pt\/wp-json\/wp\/v2\/users\/34"}],"replies":[{"embeddable":true,"href":"https:\/\/dglawga.com\/pt\/wp-json\/wp\/v2\/comments?post=1889"}],"version-history":[{"count":6,"href":"https:\/\/dglawga.com\/pt\/wp-json\/wp\/v2\/pages\/1889\/revisions"}],"predecessor-version":[{"id":7600,"href":"https:\/\/dglawga.com\/pt\/wp-json\/wp\/v2\/pages\/1889\/revisions\/7600"}],"up":[{"embeddable":true,"href":"https:\/\/dglawga.com\/pt\/wp-json\/wp\/v2\/pages\/1854"}],"wp:attachment":[{"href":"https:\/\/dglawga.com\/pt\/wp-json\/wp\/v2\/media?parent=1889"}],"wp:term":[{"taxonomy":"category","embeddable":true,"href":"https:\/\/dglawga.com\/pt\/wp-json\/wp\/v2\/categories?post=1889"},{"taxonomy":"post_tag","embeddable":true,"href":"https:\/\/dglawga.com\/pt\/wp-json\/wp\/v2\/tags?post=1889"}],"curies":[{"name":"wp","href":"https:\/\/api.w.org\/{rel}","templated":true}]}}