{"id":1897,"date":"2022-06-07T15:11:23","date_gmt":"2022-06-07T15:11:23","guid":{"rendered":"https:\/\/diazgaetalaw.wpengine.com\/?page_id=1897"},"modified":"2025-06-14T21:33:18","modified_gmt":"2025-06-15T02:33:18","slug":"advogado-de-defesa-criminal","status":"publish","type":"page","link":"https:\/\/dglawga.com\/pt\/local-practice-areas\/marietta\/criminal-defense-lawyer\/","title":{"rendered":"Advogado de Defesa Criminal em Marietta"},"content":{"rendered":"<p>Lidar com qualquer tipo de problema legal \u00e9 sempre estressante, mas nada \u00e9 t\u00e3o angustiante e desgastante quanto enfrentar uma acusa\u00e7\u00e3o criminal. O impacto potencial que uma condena\u00e7\u00e3o criminal pode ter sobre sua liberdade, finan\u00e7as, vida pessoal e profissional pode ser devastador. Voc\u00ea pode enfrentar uma longa pena de pris\u00e3o e\/ou multas pesadas, suas futuras oportunidades de emprego podem ser limitadas e voc\u00ea pode perder certos direitos.<\/p>\n\n\n\n<p>Considerando o que est\u00e1 em jogo, voc\u00ea precisa combater a acusa\u00e7\u00e3o com todas as suas for\u00e7as, e sua melhor arma \u00e9 um advogado de defesa criminal experiente em [localiza\u00e7\u00e3o]. <strong><a href=\"https:\/\/dglawga.com\/pt\/marietta\/\">Marietta<\/a><\/strong>. Contratar os servi\u00e7os de um advogado imediatamente ap\u00f3s ser preso pode ajudar a evitar uma acusa\u00e7\u00e3o formal. Se voc\u00ea j\u00e1 foi formalmente acusado, um advogado pode ajudar a arquivar o caso, obter um veredito de inoc\u00eancia ou minimizar as consequ\u00eancias de uma condena\u00e7\u00e3o.<\/p>\n\n\n\n<p>Nossos advogados de defesa criminal em Marietta, do escrit\u00f3rio Diaz &amp; Gaeta, est\u00e3o comprometidos em fornecer uma defesa agressiva para pessoas que foram acusadas ou indiciadas por todos os tipos de crimes, incluindo agress\u00e3o, infra\u00e7\u00f5es de tr\u00e2nsito, furto e roubo, dire\u00e7\u00e3o sob influ\u00eancia de \u00e1lcool ou drogas, crimes relacionados a drogas, crimes sexuais, viola\u00e7\u00e3o de liberdade condicional, crimes violentos e muito mais.<\/p>\n\n\n\n<p>Ligue para o nosso <strong><a href=\"https:\/\/dglawga.com\/pt\/marietta\/\">Escrit\u00f3rios de advocacia em Marietta<\/a><\/strong> hoje em <a href=\"tel:+16785032780\"><strong>678-503-2780<\/strong><\/a> Agende uma avalia\u00e7\u00e3o gratuita do seu caso e garanta o melhor resultado poss\u00edvel.<\/p>\n\n\n\n<div class=\"wp-block-group has-accent-background-color has-background is-vertical is-layout-flex wp-container-core-group-is-layout-283d9697 wp-block-group-is-layout-flex\" style=\"border-top-left-radius:15px;border-top-right-radius:15px;margin-top:var(--wp--preset--spacing--30)\">\n<h2 class=\"wp-block-heading has-primary-color has-text-color has-link-color wp-elements-4164a61e17ffbe9e8a7446952ec87a5a\" id=\"aioseo-table-of-contents\">\u00cdNDICE<\/h2>\n<\/div>\n\n\n\n<div class=\"wp-block-group has-background is-vertical is-layout-flex wp-container-core-group-is-layout-d644fc7a wp-block-group-is-layout-flex\" style=\"border-bottom-left-radius:15px;border-bottom-right-radius:15px;background-color:#f3f3f3;margin-top:0\"><div class=\"wp-block-aioseo-table-of-contents\"><ul><li><a class=\"aioseo-toc-item\" href=\"#https:\/\/dglawga.com\/\">EN<\/a><\/li><li><a class=\"aioseo-toc-item\" href=\"#aioseo-what-are-your-rights-as-a-criminal-defendant-in-georgia\">Quais s\u00e3o os seus direitos como r\u00e9u em um processo criminal na Ge\u00f3rgia?<\/a><ul><li><a class=\"aioseo-toc-item\" href=\"#aioseo-the-fourth-amendment\">A Quarta Emenda<\/a><\/li><li><a class=\"aioseo-toc-item\" href=\"#aioseo-the-fifth-amendment\">A Quinta Emenda<\/a><\/li><li><a class=\"aioseo-toc-item\" href=\"#aioseo-the-sixth-amendment\">A Sexta Emenda<\/a><\/li><li><a class=\"aioseo-toc-item\" href=\"#aioseo-the-eighth-amendment\">A Oitava Emenda<\/a><\/li><\/ul><\/li><li><a class=\"aioseo-toc-item\" href=\"#aioseo-what-is-a-misdemeanor-vs-a-felony-in-georgia\">Qual a diferen\u00e7a entre um delito menor e um crime grave na Ge\u00f3rgia?<\/a><\/li><li><a class=\"aioseo-toc-item\" href=\"#aioseo-should-i-consult-a-lawyer-before-speaking-to-the-police\">Devo consultar um advogado antes de falar com a pol\u00edcia?<\/a><\/li><li><a class=\"aioseo-toc-item\" href=\"#aioseo-what-is-the-habitual-offender-law\">O que \u00e9 a Lei de Reincid\u00eancia?<\/a><\/li><li><a class=\"aioseo-toc-item\" href=\"#aioseo-how-can-a-criminal-defense-lawyer-in-marietta-help-me\">Como um advogado de defesa criminal em Marietta pode me ajudar?<\/a><ul><li><a class=\"aioseo-toc-item\" href=\"#aioseo-case-preparation\">Prepara\u00e7\u00e3o do caso<\/a><\/li><li><a class=\"aioseo-toc-item\" href=\"#aioseo-plea-bargains\">Acordos de confiss\u00e3o de culpa<\/a><\/li><li><a class=\"aioseo-toc-item\" href=\"#aioseo-ability-to-gauge-case-outcomes\">Capacidade de avaliar os resultados dos casos<\/a><\/li><li><a class=\"aioseo-toc-item\" href=\"#aioseo-knowledge-of-law-court-rules\">Conhecimento da lei e das normas judiciais<\/a><\/li><li><a class=\"aioseo-toc-item\" href=\"#aioseo-trial-experience\">Experi\u00eancia de teste<\/a><\/li><\/ul><\/li><li><a class=\"aioseo-toc-item\" href=\"#aioseo-what-is-the-cost-of-legal-representation\">Qual o custo da representa\u00e7\u00e3o legal?<\/a><\/li><li><a class=\"aioseo-toc-item\" href=\"#aioseo-is-there-a-benefit-to-having-a-private-attorney-vs-a-court-appointed-attorney\">H\u00e1 alguma vantagem em ter um advogado particular em vez de um advogado nomeado pelo tribunal?<\/a><\/li><li><a class=\"aioseo-toc-item\" href=\"#aioseo-can-you-represent-yourself\">Voc\u00ea pode se representar?<\/a><\/li><li><a class=\"aioseo-toc-item\" href=\"#aioseo-should-i-accept-a-plea-bargain\">Devo aceitar um acordo judicial?<\/a><\/li><li><a class=\"aioseo-toc-item\" href=\"#aioseo-appealing-a-conviction-in-georgia\">Recorrendo de uma condena\u00e7\u00e3o na Ge\u00f3rgia<\/a><\/li><li><a class=\"aioseo-toc-item\" href=\"#aioseo-get-in-touch-with-an-experienced-marietta-criminal-defense-lawyer-today\">Entre em contato hoje mesmo com um advogado de defesa criminal experiente em Marietta!<\/a><\/li><\/ul><\/div><\/div>\n\n\n\n<h2 class=\"wp-block-heading\" id=\"aioseo-what-are-your-rights-as-a-criminal-defendant-in-georgia\">Quais s\u00e3o os seus direitos como r\u00e9u em um processo criminal na Ge\u00f3rgia?<\/h2>\n\n\n\n<p>A Constitui\u00e7\u00e3o dos EUA garante uma s\u00e9rie de direitos a voc\u00ea como r\u00e9u em um processo criminal na Ge\u00f3rgia. Se voc\u00ea foi acusado de um crime, entender esses direitos o ajudar\u00e1 a se colocar em uma posi\u00e7\u00e3o mais favor\u00e1vel.<\/p>\n\n\n\n<p>Seus direitos como r\u00e9u em um processo criminal est\u00e3o previstos em diversas emendas constitucionais:<\/p>\n\n\n\n<h4 class=\"wp-block-heading\" id=\"aioseo-the-fourth-amendment\">A Quarta Emenda<\/h4>\n\n\n\n<p>A Quarta Emenda pro\u00edbe que as autoridades policiais realizem buscas ou apreens\u00f5es sem mandado judicial. Ela estipula que a pol\u00edcia precisa de justa causa para abordar algu\u00e9m e realizar uma busca sem mandado.<\/p>\n\n\n\n<p>A pol\u00edcia \u00e9 obrigada a obter um mandado judicial antes de realizar qualquer busca ou apreens\u00e3o. A lei tamb\u00e9m estipula que provas obtidas por meios ilegais n\u00e3o s\u00e3o admiss\u00edveis em ju\u00edzo.<\/p>\n\n\n\n<h4 class=\"wp-block-heading\" id=\"aioseo-the-fifth-amendment\">A Quinta Emenda<\/h4>\n\n\n\n<p>A Quinta Emenda abrange uma s\u00e9rie de prote\u00e7\u00f5es importantes para pessoas que enfrentam acusa\u00e7\u00f5es criminais, incluindo:<\/p>\n\n\n\n<ul class=\"wp-block-list\">\n<li>Prote\u00e7\u00e3o contra a autoincrimina\u00e7\u00e3o (direito de permanecer em sil\u00eancio).<\/li>\n\n\n\n<li>Prote\u00e7\u00e3o contra dupla puni\u00e7\u00e3o (ser processado duas vezes pela mesma acusa\u00e7\u00e3o criminal).<\/li>\n\n\n\n<li>O direito a um julgamento justo.<\/li>\n\n\n\n<li>O direito a um julgamento por j\u00fari.<\/li>\n<\/ul>\n\n\n\n<h4 class=\"wp-block-heading\" id=\"aioseo-the-sixth-amendment\">A Sexta Emenda<\/h4>\n\n\n\n<p>De acordo com a Sexta Emenda, os r\u00e9us em processos criminais devem ser informados das acusa\u00e7\u00f5es que lhes s\u00e3o imputadas. Ela tamb\u00e9m garante o direito a um julgamento p\u00fablico sem demora. A Sexta Emenda tamb\u00e9m garante aos r\u00e9us o direito de conhecer seus acusadores e confront\u00e1-los.<\/p>\n\n\n\n<p>Esta emenda tamb\u00e9m garante o seu direito \u00e0 representa\u00e7\u00e3o legal (o direito a um advogado). Para aqueles que n\u00e3o podem pagar um, o tribunal deve fornecer um. De acordo com esta emenda, a acusa\u00e7\u00e3o \u00e9 obrigada a revelar qualquer prova contra voc\u00ea que ser\u00e1 apresentada ao juiz e ao j\u00fari. Qualquer prova apresentada em ju\u00edzo pela acusa\u00e7\u00e3o que n\u00e3o tenha sido mencionada anteriormente viola a Sexta Emenda.<\/p>\n\n\n\n<h4 class=\"wp-block-heading\" id=\"aioseo-the-eighth-amendment\">A Oitava Emenda<\/h4>\n\n\n\n<p>A oitava emenda garante o seu direito \u00e0 fian\u00e7a e protege voc\u00ea contra fian\u00e7as ou multas excessivas, bem como contra puni\u00e7\u00f5es cru\u00e9is ou incomuns. Esta emenda pro\u00edbe os tribunais de aplicarem puni\u00e7\u00f5es desproporcionais baseadas em sentimentos pessoais ou preconceitos contra o r\u00e9u.<\/p>\n\n\n\n<h2 class=\"wp-block-heading\" id=\"aioseo-what-is-a-misdemeanor-vs-a-felony-in-georgia\">Qual a diferen\u00e7a entre um delito menor e um crime grave na Ge\u00f3rgia?<\/h2>\n\n\n\n<p>Como voc\u00ea provavelmente j\u00e1 sabe, os crimes variam dependendo da gravidade da ofensa, bem como das circunst\u00e2ncias que a envolvem. O estado da Ge\u00f3rgia classifica os crimes em delitos graves (felonias) ou delitos menores (contraven\u00e7\u00f5es).<\/p>\n\n\n\n<p>Uma contraven\u00e7\u00e3o \u00e9 um crime menos grave em compara\u00e7\u00e3o com um crime doloso e acarreta consequ\u00eancias menos severas. Conforme <a href=\"https:\/\/casetext.com\/statute\/code-of-georgia\/title-17-criminal-procedure\/chapter-10-sentence-and-punishment\/article-1-procedure-for-sentencing-and-imposition-of-punishment\/section-17-10-3-punishment-for-misdemeanors-generally\" target=\"_blank\" rel=\"noopener nofollow\"><strong>Estatuto da Ge\u00f3rgia OCGA 17-10-3<\/strong><\/a>, um delito menor \u00e9 um crime pun\u00edvel com multa n\u00e3o superior a 1.000 ou pena de pris\u00e3o n\u00e3o superior a 12 meses, ou ambas.<\/p>\n\n\n\n<p>Caso voc\u00ea seja condenado por um delito menor e tenha que cumprir pena, voc\u00ea o far\u00e1 em uma cadeia municipal ou distrital. Exemplos de delitos menores na Ge\u00f3rgia incluem embriaguez em p\u00fablico, posse de menos de 28 gramas de maconha, dirigir sob a influ\u00eancia de \u00e1lcool ou drogas e furto em que o valor do bem furtado seja inferior a US$ 1.500.<\/p>\n\n\n\n<p>Existem tamb\u00e9m contraven\u00e7\u00f5es mais graves (conhecidas como contraven\u00e7\u00f5es de natureza grave e agravada). Isso pode incluir uma terceira condena\u00e7\u00e3o por dirigir sob influ\u00eancia de \u00e1lcool ou drogas, agress\u00e3o contra uma mulher gr\u00e1vida, dire\u00e7\u00e3o agressiva e tentativa de fuga de um policial.<\/p>\n\n\n\n<p>No estado da Ge\u00f3rgia, um crime grave \u00e9 definido como um delito pun\u00edvel com pena de pris\u00e3o de no m\u00ednimo 12 meses, pris\u00e3o perp\u00e9tua ou pena de morte. Diferentemente da maioria dos estados, a Ge\u00f3rgia n\u00e3o agrupa os crimes graves em classifica\u00e7\u00f5es; em vez disso, existem leis que estipulam a pena m\u00e1xima com base no crime. Alguns crimes acarretam penas agravadas, como penas m\u00ednimas obrigat\u00f3rias.<\/p>\n\n\n\n<p>Alguns exemplos de penas m\u00e1ximas para crimes graves incluem:<\/p>\n\n\n\n<ul class=\"wp-block-list\">\n<li><strong>Crime com pena de at\u00e9 5 anos de pris\u00e3o:<\/strong> Agress\u00e3o sexual contra menor de 16 anos, obstru\u00e7\u00e3o de um agente policial.<\/li>\n\n\n\n<li><strong>Crime com pena de at\u00e9 10 anos de pris\u00e3o:<\/strong> Roubo mediante extors\u00e3o, persegui\u00e7\u00e3o agravada.<\/li>\n\n\n\n<li><strong>Pris\u00e3o perp\u00e9tua:<\/strong> Estupro, homic\u00eddio em segundo grau, sequestro para resgate.<\/li>\n\n\n\n<li><strong>Pena de morte:<\/strong> homic\u00eddio qualificado, trai\u00e7\u00e3o e sequestro de aeronave.<\/li>\n<\/ul>\n\n\n\n<figure class=\"wp-block-image aligncenter\" style=\"margin-top:var(--wp--preset--spacing--20);margin-bottom:var(--wp--preset--spacing--20)\"><a href=\"https:\/\/dglawga.com\/wp-content\/uploads\/2022\/06\/Marietta-criminal-defense-lawyer-diaz-1.jpeg\"><img loading=\"lazy\" decoding=\"async\" width=\"500\" height=\"333\" src=\"https:\/\/dglawga.com\/wp-content\/uploads\/2022\/06\/Marietta-criminal-defense-lawyer-diaz-1.jpeg\" alt=\"Homem algemado, conceito de advogado de defesa criminal em Marietta\" class=\"wp-image-2729\" srcset=\"https:\/\/dglawga.com\/wp-content\/uploads\/2022\/06\/Marietta-criminal-defense-lawyer-diaz-1.jpeg 500w, https:\/\/dglawga.com\/wp-content\/uploads\/2022\/06\/Marietta-criminal-defense-lawyer-diaz-1-300x200.jpeg 300w\" sizes=\"auto, (max-width: 500px) 100vw, 500px\" \/><\/a><\/figure>\n\n\n\n<h2 class=\"wp-block-heading\" id=\"aioseo-should-i-consult-a-lawyer-before-speaking-to-the-police\">Devo consultar um advogado antes de falar com a pol\u00edcia?<\/h2>\n\n\n\n<p>Conforme previsto na Quinta Emenda, voc\u00ea tem o direito de permanecer em sil\u00eancio enquanto estiver sob cust\u00f3dia policial. A pol\u00edcia n\u00e3o pode obrig\u00e1-lo a fornecer detalhes sobre o crime do qual est\u00e1 sendo acusado.<\/p>\n\n\n\n<p>\u00c9 do seu interesse exercer esse direito at\u00e9 que voc\u00ea tenha conversado com seu advogado. Como diz o ditado, \u201ctudo o que voc\u00ea disser poder\u00e1 ser usado contra voc\u00ea\u201d. Saber o que dizer e o que n\u00e3o dizer ajudar\u00e1 muito no seu caso.<\/p>\n\n\n\n<p>Portanto, s\u00f3 fale com a pol\u00edcia sob a orienta\u00e7\u00e3o de um advogado de defesa criminal de Marietta.<\/p>\n\n\n\n<h2 class=\"wp-block-heading\" id=\"aioseo-what-is-the-habitual-offender-law\">O que \u00e9 a Lei de Reincid\u00eancia?<\/h2>\n\n\n\n<p>A lei de reincid\u00eancia permite ao juiz impor puni\u00e7\u00f5es mais severas a quem j\u00e1 cumpriu pena. <strong><a href=\"https:\/\/casetext.com\/statute\/code-of-georgia\/title-17-criminal-procedure\/chapter-10-sentence-and-punishment\/article-1-procedure-for-sentencing-and-imposition-of-punishment\/section-17-10-7-punishment-of-repeat-offenders-punishment-and-eligibility-for-parole-of-persons-convicted-of-fourth-felony-offense\" target=\"_blank\" rel=\"noopener nofollow\">reincidentes<\/a><\/strong>. Nesse caso, o juiz modifica a pena com base em condena\u00e7\u00f5es anteriores. No estado da Ge\u00f3rgia, um criminoso habitual \u00e9 qualquer pessoa que tenha sido condenada por pelo menos tr\u00eas crimes graves nos \u00faltimos cinco anos. Essas pessoas s\u00e3o consideradas um perigo para a sociedade.<\/p>\n\n\n\n<h2 class=\"wp-block-heading\" id=\"aioseo-how-can-a-criminal-defense-lawyer-in-marietta-help-me\">Como um advogado de defesa criminal em Marietta pode me ajudar?<\/h2>\n\n\n\n<p>Responder a uma acusa\u00e7\u00e3o criminal \u00e9 uma quest\u00e3o s\u00e9ria. Mesmo uma contraven\u00e7\u00e3o em sua ficha criminal pode ter um grande impacto em sua vida, por exemplo, a perda de aux\u00edlio financeiro federal para educa\u00e7\u00e3o e a perda de certos empregos. Nossos advogados da Diaz &amp; Gaeta lutar\u00e3o para ajud\u00e1-lo a retomar sua vida.<\/p>\n\n\n\n<p>Eis como nossa equipe pode ajudar:<\/p>\n\n\n\n<h4 class=\"wp-block-heading\" id=\"aioseo-case-preparation\">Prepara\u00e7\u00e3o do caso<\/h4>\n\n\n\n<p>Nossos advogados ir\u00e3o, primeiramente, avaliar os detalhes espec\u00edficos do seu caso e fornecer a voc\u00ea a assessoria e a orienta\u00e7\u00e3o jur\u00eddica pertinentes. Em seguida, conduziremos uma investiga\u00e7\u00e3o independente e minuciosa do caso, reunindo todas as provas necess\u00e1rias para construir uma defesa s\u00f3lida. Isso incluir\u00e1 entrevistas com testemunhas e a colabora\u00e7\u00e3o com peritos.<\/p>\n\n\n\n<h4 class=\"wp-block-heading\" id=\"aioseo-plea-bargains\">Acordos de confiss\u00e3o de culpa<\/h4>\n\n\n\n<p>Dependendo dos fatos e circunst\u00e2ncias do seu caso, a melhor op\u00e7\u00e3o pode ser um acordo judicial. Seu advogado poder\u00e1 determinar se voc\u00ea tem chances de sucesso caso opte por levar o caso a julgamento. Acordos judiciais frequentemente resultam em redu\u00e7\u00e3o da pena, menor tempo de pris\u00e3o e at\u00e9 mesmo nenhuma pena de pris\u00e3o.<\/p>\n\n\n\n<p>Em um acordo judicial, o r\u00e9u normalmente se declara culpado de uma infra\u00e7\u00e3o menor ou (no caso de m\u00faltiplas infra\u00e7\u00f5es) de um n\u00famero reduzido das infra\u00e7\u00f5es imputadas em troca de uma senten\u00e7a mais branda.<\/p>\n\n\n\n<h4 class=\"wp-block-heading\" id=\"aioseo-ability-to-gauge-case-outcomes\">Capacidade de avaliar os resultados dos casos<\/h4>\n\n\n\n<p>Por meio de uma avalia\u00e7\u00e3o cuidadosa do seu caso, um advogado de defesa criminal experiente poder\u00e1 determinar o resultado mais prov\u00e1vel e orient\u00e1-lo sobre o melhor curso de a\u00e7\u00e3o. Ele poder\u00e1 lhe dizer se \u00e9 melhor contestar o caso no tribunal ou aceitar um acordo judicial.<\/p>\n\n\n\n<h4 class=\"wp-block-heading\" id=\"aioseo-knowledge-of-law-court-rules\">Conhecimento da lei e das normas judiciais<\/h4>\n\n\n\n<p>Nossos advogados de defesa criminal da Diaz &amp; Gaeta conhecem os meandros do sistema de justi\u00e7a criminal da Ge\u00f3rgia. Eles t\u00eam um entendimento claro das leis aplic\u00e1veis e dos procedimentos judiciais.<\/p>\n\n\n\n<p>Um advogado experiente consegue identificar quaisquer infra\u00e7\u00f5es e brechas legais que possam levar ao arquivamento do seu caso. Al\u00e9m disso, conhecer o juiz e a promotoria pode lhe dar uma vantagem no processo.<\/p>\n\n\n\n<h4 class=\"wp-block-heading\" id=\"aioseo-trial-experience\">Experi\u00eancia de teste<\/h4>\n\n\n\n<p>Nossos advogados de defesa criminal possuem vasta experi\u00eancia em lidar com casos e obter vit\u00f3rias em tribunais, ajudando nossos clientes a conquistar sua liberdade e um futuro melhor. Se um acordo judicial n\u00e3o for a melhor op\u00e7\u00e3o para o seu caso, n\u00f3s o ajudaremos a se preparar para o julgamento. N\u00e3o pouparemos esfor\u00e7os para provar sua inoc\u00eancia ou garantir o resultado mais favor\u00e1vel poss\u00edvel.<\/p>\n\n\n\n<h2 class=\"wp-block-heading\" id=\"aioseo-what-is-the-cost-of-legal-representation\">Qual o custo da representa\u00e7\u00e3o legal?<\/h2>\n\n\n\n<p>Cada caso criminal \u00e9 diferente. O valor que voc\u00ea pode esperar pagar por um advogado criminalista particular varia dependendo de diversos fatores, incluindo o tipo de caso, a gravidade do crime, a experi\u00eancia do advogado e sua situa\u00e7\u00e3o financeira. Se o seu caso for a julgamento, voc\u00ea acabar\u00e1 pagando mais.<\/p>\n\n\n\n<p>Mas, no geral, se voc\u00ea n\u00e3o tem condi\u00e7\u00f5es de pagar um advogado de defesa criminal particular, ainda tem direito a um defensor p\u00fablico.<\/p>\n\n\n\n<figure class=\"wp-block-image aligncenter\" style=\"margin-top:var(--wp--preset--spacing--20);margin-bottom:var(--wp--preset--spacing--20)\"><a href=\"https:\/\/dglawga.com\/wp-content\/uploads\/2022\/06\/Marietta-criminal-defense-lawyer-diaz-2.jpg\"><img loading=\"lazy\" decoding=\"async\" width=\"500\" height=\"333\" src=\"https:\/\/dglawga.com\/wp-content\/uploads\/2022\/06\/Marietta-criminal-defense-lawyer-diaz-2.jpg\" alt=\"Estatuto da justi\u00e7a vendada, conceito de advogado de defesa criminal em Marietta\" class=\"wp-image-2733\" srcset=\"https:\/\/dglawga.com\/wp-content\/uploads\/2022\/06\/Marietta-criminal-defense-lawyer-diaz-2.jpg 500w, https:\/\/dglawga.com\/wp-content\/uploads\/2022\/06\/Marietta-criminal-defense-lawyer-diaz-2-300x200.jpg 300w\" sizes=\"auto, (max-width: 500px) 100vw, 500px\" \/><\/a><\/figure>\n\n\n\n<h2 class=\"wp-block-heading\" id=\"aioseo-is-there-a-benefit-to-having-a-private-attorney-vs-a-court-appointed-attorney\">H\u00e1 alguma vantagem em ter um advogado particular em vez de um advogado nomeado pelo tribunal?<\/h2>\n\n\n\n<p>Advogados nomeados pelo tribunal s\u00e3o funcion\u00e1rios p\u00fablicos encarregados de representar r\u00e9us em processos criminais que n\u00e3o t\u00eam condi\u00e7\u00f5es de contratar seus pr\u00f3prios advogados. Consequentemente, muitas vezes est\u00e3o sobrecarregados e mal remunerados. Dado que frequentemente lidam com v\u00e1rios casos simultaneamente, podem ter tempo e recursos limitados para se dedicarem ao seu caso. Tamb\u00e9m podem estar menos motivados a fazer tudo o que for necess\u00e1rio para construir uma defesa s\u00f3lida para voc\u00ea, o que pode ter um grande impacto no resultado do processo.<\/p>\n\n\n\n<p>Por outro lado, um advogado particular lida apenas com um n\u00famero limitado de casos por vez. Isso permite que ele dedique o tempo necess\u00e1rio para realizar um trabalho eficaz. Ele tamb\u00e9m consegue oferecer mais apoio e um servi\u00e7o personalizado, pois conhece melhor o r\u00e9u.<\/p>\n\n\n\n<p>Advogados particulares tamb\u00e9m t\u00eam acesso a mais recursos, o que \u00e9 importante para construir uma defesa s\u00f3lida para seus clientes. Eles podem contratar todos os tipos de peritos e investigadores particulares, pois t\u00eam mais recursos financeiros do que os defensores p\u00fablicos. Al\u00e9m disso, a maioria dos advogados particulares conta com equipe adicional, associados e assistentes jur\u00eddicos que auxiliam nos casos.<\/p>\n\n\n\n<p>Como voc\u00ea pode ver, suas chances de sucesso s\u00e3o maiores ao contratar um advogado particular de defesa criminal em Marietta.<\/p>\n\n\n\n<h2 class=\"wp-block-heading\" id=\"aioseo-can-you-represent-yourself\">Voc\u00ea pode se representar?<\/h2>\n\n\n\n<p>Sim, voc\u00ea tem o direito de se representar em um processo criminal. Mas \u00e9 do seu interesse n\u00e3o faz\u00ea-lo. Quase todos os casos criminais em que o r\u00e9u se representa a si mesmo terminam em condena\u00e7\u00e3o, com penas mais severas. Os promotores n\u00e3o perder\u00e3o tempo em desmontar sua fr\u00e1gil estrat\u00e9gia de defesa. Voc\u00ea tamb\u00e9m corre o risco de ser condenado por uma tecnicalidade devido \u00e0 falta de conhecimento das leis e do sistema de justi\u00e7a criminal.<\/p>\n\n\n\n<p>Portanto, a melhor op\u00e7\u00e3o \u00e9 sempre contratar um advogado de defesa criminal profissional em Marietta ao lidar com qualquer caso criminal.<\/p>\n\n\n\n<h2 class=\"wp-block-heading\" id=\"aioseo-should-i-accept-a-plea-bargain\">Devo aceitar um acordo judicial?<\/h2>\n\n\n\n<p>Dependendo das circunst\u00e2ncias espec\u00edficas do seu caso, um acordo judicial pode ou n\u00e3o ser do seu melhor interesse. Nossos advogados da Diaz &amp; Gaeta poder\u00e3o determinar se aceitar um acordo judicial \u00e9 a melhor op\u00e7\u00e3o em compara\u00e7\u00e3o com um julgamento e aconselh\u00e1-lo sobre a melhor maneira de prosseguir.<\/p>\n\n\n\n<h2 class=\"wp-block-heading\" id=\"aioseo-appealing-a-conviction-in-georgia\">Recorrendo de uma condena\u00e7\u00e3o na Ge\u00f3rgia<\/h2>\n\n\n\n<p>Ser condenado por um crime n\u00e3o precisa significar o fim da linha para voc\u00ea, pois voc\u00ea tem o direito autom\u00e1tico de recorrer da condena\u00e7\u00e3o. Se voc\u00ea estiver insatisfeito com a decis\u00e3o, pode entrar com um recurso para que a condena\u00e7\u00e3o seja anulada. No estado da Ge\u00f3rgia, os casos de homic\u00eddio s\u00e3o levados \u00e0 Suprema Corte. <strong><a href=\"https:\/\/www.gasupreme.us\/\" target=\"_blank\" rel=\"noopener\">Suprema Corte<\/a><\/strong> enquanto outros casos criminais s\u00e3o levados \u00e0 aprecia\u00e7\u00e3o do <a href=\"https:\/\/www.gaappeals.us\/\" target=\"_blank\" rel=\"noopener\"><strong>Tribunal de Apela\u00e7\u00f5es<\/strong><\/a>.<\/p>\n\n\n\n<h2 class=\"wp-block-heading\" id=\"aioseo-get-in-touch-with-an-experienced-marietta-criminal-defense-lawyer-today\">Entre em contato hoje mesmo com um advogado de defesa criminal experiente em Marietta!<\/h2>\n\n\n\n<p>Uma condena\u00e7\u00e3o criminal pode mudar completamente a sua vida. Se voc\u00ea foi acusado de um crime, \u00e9 imprescind\u00edvel que tome medidas r\u00e1pidas e decisivas para salvaguardar a sua liberdade e o seu futuro. Isso significa contratar um advogado de defesa criminal experiente o mais breve poss\u00edvel para proteger os seus direitos e construir uma defesa s\u00f3lida e eficaz. <br>para voc\u00ea.<\/p>\n\n\n\n<p>Considerando tudo o que est\u00e1 em jogo em caso de condena\u00e7\u00e3o, voc\u00ea n\u00e3o pode se dar ao luxo de correr nenhum risco. <br>Um advogado de defesa criminal de Marietta <strong><a href=\"https:\/\/dglawga.com\/pt\/\">Diaz e Gaeta<\/a><\/strong> Garantiremos que voc\u00ea esteja amparado em todos os aspectos. Estamos comprometidos em obter o melhor resultado poss\u00edvel para o seu caso. Ligue para nossos escrit\u00f3rios hoje mesmo pelo telefone <br><a href=\"tel:+16785032780\"><strong>678-503-2780<\/strong><\/a> Para come\u00e7ar sua jornada rumo \u00e0 liberdade.<\/p>","protected":false},"excerpt":{"rendered":"<p>Tackling any kind of legal issue is always stressful, but nothing is as distressing and nerve-wracking as facing a criminal charge. The potential impact a criminal conviction can have on your freedom, finances, as well as personal and professional life can be devastating. You could face a lengthy prison sentence and\/or hefty fines, your future [&hellip;]<\/p>\n","protected":false},"author":34,"featured_media":0,"parent":1854,"menu_order":0,"comment_status":"closed","ping_status":"closed","template":"wp-custom-template-marietta-services","meta":{"_acf_changed":false,"_themeisle_gutenberg_block_has_review":false,"footnotes":""},"categories":[50],"tags":[124,123,120,21,122,57,59,126,58,121,125,119,26,118,116,117,22,142,143],"class_list":["post-1897","page","type-page","status-publish","hentry","category-marietta-location","tag-abogado-coche-acidente","tag-abogado-gratis","tag-attorney-lawyer","tag-car-accidents","tag-car-accidents-lawyer","tag-criminal-defense","tag-family-law","tag-imigracion-abogados","tag-immigration","tag-immigration-lawyer","tag-marietta-abogado","tag-marietta-lawyer","tag-personal-injury","tag-top-lawyer-in-marietta","tag-top-lawyers-in-atlanta","tag-top-lawyers-in-smyrna","tag-truck-accident","tag-truck-accident-attorneys","tag-truck-crash"],"acf":[],"aioseo_notices":[],"_links":{"self":[{"href":"https:\/\/dglawga.com\/pt\/wp-json\/wp\/v2\/pages\/1897","targetHints":{"allow":["GET"]}}],"collection":[{"href":"https:\/\/dglawga.com\/pt\/wp-json\/wp\/v2\/pages"}],"about":[{"href":"https:\/\/dglawga.com\/pt\/wp-json\/wp\/v2\/types\/page"}],"author":[{"embeddable":true,"href":"https:\/\/dglawga.com\/pt\/wp-json\/wp\/v2\/users\/34"}],"replies":[{"embeddable":true,"href":"https:\/\/dglawga.com\/pt\/wp-json\/wp\/v2\/comments?post=1897"}],"version-history":[{"count":3,"href":"https:\/\/dglawga.com\/pt\/wp-json\/wp\/v2\/pages\/1897\/revisions"}],"predecessor-version":[{"id":7624,"href":"https:\/\/dglawga.com\/pt\/wp-json\/wp\/v2\/pages\/1897\/revisions\/7624"}],"up":[{"embeddable":true,"href":"https:\/\/dglawga.com\/pt\/wp-json\/wp\/v2\/pages\/1854"}],"wp:attachment":[{"href":"https:\/\/dglawga.com\/pt\/wp-json\/wp\/v2\/media?parent=1897"}],"wp:term":[{"taxonomy":"category","embeddable":true,"href":"https:\/\/dglawga.com\/pt\/wp-json\/wp\/v2\/categories?post=1897"},{"taxonomy":"post_tag","embeddable":true,"href":"https:\/\/dglawga.com\/pt\/wp-json\/wp\/v2\/tags?post=1897"}],"curies":[{"name":"wp","href":"https:\/\/api.w.org\/{rel}","templated":true}]}}