{"id":1902,"date":"2022-06-07T15:13:14","date_gmt":"2022-06-07T15:13:14","guid":{"rendered":"https:\/\/diazgaetalaw.wpengine.com\/?page_id=1902"},"modified":"2025-06-15T09:04:01","modified_gmt":"2025-06-15T14:04:01","slug":"advogado-de-direito-familiar","status":"publish","type":"page","link":"https:\/\/dglawga.com\/pt\/local-practice-areas\/marietta\/family-law-attorney\/","title":{"rendered":"Advogado de Direito de Fam\u00edlia em Marietta"},"content":{"rendered":"<p>Obter o div\u00f3rcio n\u00e3o \u00e9 t\u00e3o simples quanto assinar um documento. Trata-se de compreender os fatos que envolvem o caso, como ele deve ser apresentado de acordo com as leis da Ge\u00f3rgia e qual estrat\u00e9gia otimizar\u00e1 o processo daqui para frente. \u00c9 a\u00ed que um advogado especializado em direito de fam\u00edlia em Marietta pode ajudar. No escrit\u00f3rio Diaz &amp; Gaeta,<\/p>\n\n\n\n<p>Na Diaz &amp; Gaeta, somos uma empresa credenciada. <strong><a href=\"https:\/\/dglawga.com\/pt\/marietta\/\">Escrit\u00f3rio de advocacia em Marietta<\/a><\/strong> que j\u00e1 ajudou clientes no passado com seus processos de div\u00f3rcio. Temos experi\u00eancia em lidar com casos de direito de fam\u00edlia e reconhecemos a import\u00e2ncia de nossos clientes receberem a aten\u00e7\u00e3o adequada durante todo o processo.<\/p>\n\n\n\n<p>Nossa aten\u00e7\u00e3o aos detalhes e paix\u00e3o por ajudar em casos de div\u00f3rcio, guarda de filhos e outras quest\u00f5es de direito familiar garantem que voc\u00ea receber\u00e1 orienta\u00e7\u00e3o profissional. Para saber mais sobre como podemos ajud\u00e1-lo(a), entre em contato conosco. <a href=\"tel:+16785032780\"><strong>678-503-2780<\/strong><\/a> Para agendar uma consulta gratuita, faremos tudo ao nosso alcance para alcan\u00e7ar os melhores resultados.<\/p>\n\n\n\n<div class=\"wp-block-group has-accent-background-color has-background is-vertical is-layout-flex wp-container-core-group-is-layout-283d9697 wp-block-group-is-layout-flex\" style=\"border-top-left-radius:15px;border-top-right-radius:15px;margin-top:var(--wp--preset--spacing--30)\">\n<h2 class=\"wp-block-heading has-primary-color has-text-color has-link-color wp-elements-4164a61e17ffbe9e8a7446952ec87a5a\" id=\"aioseo-table-of-contents\">\u00cdNDICE<\/h2>\n<\/div>\n\n\n\n<div class=\"wp-block-group has-background is-vertical is-layout-flex wp-container-core-group-is-layout-d644fc7a wp-block-group-is-layout-flex\" style=\"border-bottom-left-radius:15px;border-bottom-right-radius:15px;background-color:#f3f3f3;margin-top:0\"><div class=\"wp-block-aioseo-table-of-contents\"><ul><li><a class=\"aioseo-toc-item\" href=\"#https:\/\/dglawga.com\/\">EN<\/a><\/li><li><a class=\"aioseo-toc-item\" href=\"#aioseo-what-qualifies-as-a-family-law-case\">O que se qualifica como um caso de Direito de Fam\u00edlia?<\/a><\/li><li><a class=\"aioseo-toc-item\" href=\"#aioseo-what-are-the-grounds-for-divorce-in-georgia\">Quais s\u00e3o os motivos para div\u00f3rcio na Ge\u00f3rgia?<\/a><\/li><li><a class=\"aioseo-toc-item\" href=\"#aioseo-how-do-you-start-the-divorce-process\">Como iniciar o processo de div\u00f3rcio?<\/a><ul><li><a class=\"aioseo-toc-item\" href=\"#aioseo-consult-with-a-family-law-attorney-in-marietta\">Consulte um advogado especializado em Direito de Fam\u00edlia em Marietta.<\/a><\/li><li><a class=\"aioseo-toc-item\" href=\"#aioseo-file-a-divorce-application\">Apresentar um pedido de div\u00f3rcio<\/a><\/li><li><a class=\"aioseo-toc-item\" href=\"#aioseo-pay-the-court-fees\">Pagar as custas judiciais<\/a><\/li><li><a class=\"aioseo-toc-item\" href=\"#aioseo-follow-court-procedures\">Siga os procedimentos do tribunal<\/a><\/li><\/ul><\/li><li><a class=\"aioseo-toc-item\" href=\"#aioseo-how-does-the-division-of-property-work-in-georgia\">Como funciona a divis\u00e3o de bens na Ge\u00f3rgia?<\/a><\/li><li><a class=\"aioseo-toc-item\" href=\"#aioseo-how-is-child-custody-decided\">Como \u00e9 decidida a guarda dos filhos?<\/a><\/li><li><a class=\"aioseo-toc-item\" href=\"#aioseo-what-is-alimony-and-how-is-it-decided\">O que \u00e9 pens\u00e3o aliment\u00edcia e como ela \u00e9 definida?<\/a><\/li><li><a class=\"aioseo-toc-item\" href=\"#aioseo-call-a-top-marietta-family-lawyer-today\">Ligue hoje mesmo para um dos melhores advogados de direito familiar de Marietta!<\/a><\/li><\/ul><\/div><\/div>\n\n\n\n<h2 class=\"wp-block-heading\" id=\"aioseo-what-qualifies-as-a-family-law-case\">O que se qualifica como um caso de Direito de Fam\u00edlia?<\/h2>\n\n\n\n<p>O direito de fam\u00edlia trata de casos c\u00edveis que envolvem quest\u00f5es familiares que afetam c\u00f4njuges, pais e filhos.<\/p>\n\n\n\n<p>Alguns casos s\u00e3o mais simples do que outros. \u00c9 por isso que optar por um escrit\u00f3rio de advocacia competente como o Diaz &amp; Gaeta \u00e9 ideal. O escrit\u00f3rio se empenhar\u00e1 para entender a quest\u00e3o central e como apresent\u00e1-la em ju\u00edzo.<\/p>\n\n\n\n<p>Os casos de direito de fam\u00edlia incluem:<\/p>\n\n\n\n<ul class=\"wp-block-list\">\n<li>Div\u00f3rcio litigioso e consensual.<\/li>\n\n\n\n<li>Direitos parentais, guarda dos filhos e pens\u00e3o aliment\u00edcia.<\/li>\n\n\n\n<li>Acordos de pens\u00e3o aliment\u00edcia e sustento conjugal.<\/li>\n\n\n\n<li>Altera\u00e7\u00f5es legais de nome na Ge\u00f3rgia.<\/li>\n\n\n\n<li>Ordens de restri\u00e7\u00e3o.<\/li>\n\n\n\n<li>Casos do DSS.<\/li>\n<\/ul>\n\n\n\n<p>O ideal \u00e9 consultar um advogado credenciado quando voc\u00ea se encontra em uma situa\u00e7\u00e3o como essa. No escrit\u00f3rio Diaz &amp; Gaeta, estamos bem preparados para ajudar e garantiremos que tudo seja feito com profissionalismo. Para saber mais sobre os servi\u00e7os jur\u00eddicos oferecidos pelo nosso escrit\u00f3rio na Ge\u00f3rgia, entre em contato conosco pelo telefone [inserir n\u00famero de telefone]. <a href=\"tel:+16785032780\"><strong>678-503-2780<\/strong><\/a>.<\/p>\n\n\n\n<h2 class=\"wp-block-heading\" id=\"aioseo-what-are-the-grounds-for-divorce-in-georgia\">Quais s\u00e3o os motivos para div\u00f3rcio na Ge\u00f3rgia?<\/h2>\n\n\n\n<p>N\u00e3o \u00e9 f\u00e1cil estar numa situa\u00e7\u00e3o em que se pretende dar entrada num pedido de div\u00f3rcio. Isso pode gerar um cen\u00e1rio em que se tenta compreender o que \u00e9 aceit\u00e1vel e o que n\u00e3o \u00e9 legal. Isso inclui a forma como o pedido de div\u00f3rcio ser\u00e1 apresentado e o que dever\u00e1 constar nele.<\/p>\n\n\n\n<p>Para come\u00e7ar, voc\u00ea precisa saber o que \u00e9 <strong><a href=\"http:\/\/ga.elaws.us\/law\/section19-5-3\" target=\"_blank\" rel=\"noopener nofollow\">Os motivos para div\u00f3rcio s\u00e3o na Ge\u00f3rgia.<\/a><\/strong>. Isso pode esclarecer suas op\u00e7\u00f5es e como o caso ser\u00e1 apresentado.<\/p>\n\n\n\n<p>Isso pode incluir:<\/p>\n\n\n\n<ul class=\"wp-block-list\">\n<li>Adult\u00e9rio.<\/li>\n\n\n\n<li>Diferen\u00e7as irreconcili\u00e1veis.<\/li>\n\n\n\n<li>Deser\u00e7\u00e3o volunt\u00e1ria.<\/li>\n\n\n\n<li>Crueldade extrema.<\/li>\n\n\n\n<li>Insanidade.<\/li>\n\n\n\n<li>Neglig\u00eancia intencional.<\/li>\n\n\n\n<li>Certos crimes.<\/li>\n\n\n\n<li>Alcoolismo ou embriaguez habitual.<\/li>\n<\/ul>\n\n\n\n<p>Analise seu caso com um advogado de direito familiar de confian\u00e7a em Marietta. Isso lhe permitir\u00e1 ter uma melhor compreens\u00e3o das suas op\u00e7\u00f5es daqui para frente, o que \u00e9 essencial para tomar as medidas corretas. Para saber mais, entre em contato conosco pelo telefone [inserir n\u00famero de telefone]. <a href=\"tel:+16785032780\"><strong>678-503-2780<\/strong><\/a>.<\/p>\n\n\n\n<h2 class=\"wp-block-heading\" id=\"aioseo-how-do-you-start-the-divorce-process\">Como iniciar o processo de div\u00f3rcio?<\/h2>\n\n\n\n<p>Ao come\u00e7ar a entender os meandros do processo de div\u00f3rcio, torna-se importante come\u00e7ar da maneira correta. O processo de div\u00f3rcio possui uma s\u00e9rie de etapas que precisam ser seguidas. \u00c9 recomend\u00e1vel consultar um advogado para obter uma melhor compreens\u00e3o do que \u00e9 necess\u00e1rio para voc\u00ea.<\/p>\n\n\n\n<h4 class=\"wp-block-heading\" id=\"aioseo-consult-with-a-family-law-attorney-in-marietta\">Consulte um advogado especializado em Direito de Fam\u00edlia em Marietta.<\/h4>\n\n\n\n<p>A primeira coisa que voc\u00ea deve fazer \u00e9 falar com um advogado especializado em div\u00f3rcio. O objetivo \u00e9 ter ao seu lado algu\u00e9m com vasta experi\u00eancia nessa \u00e1rea. Isso lhe dar\u00e1 tranquilidade e permitir\u00e1 que voc\u00ea se concentre em obter os resultados desejados.<\/p>\n\n\n\n<p>N\u00e3o \u00e9 f\u00e1cil passar por esse processo sozinho, mas voc\u00ea n\u00e3o precisa. O escrit\u00f3rio Diaz &amp; Gaeta est\u00e1 pronto para ajudar a qualquer momento e ir\u00e1 orient\u00e1-lo em cada etapa do processo. Isso inclui o preenchimento do pedido de div\u00f3rcio e garantir que ele esteja impec\u00e1vel.<\/p>\n\n\n\n<h4 class=\"wp-block-heading\" id=\"aioseo-file-a-divorce-application\">Apresentar um pedido de div\u00f3rcio<\/h4>\n\n\n\n<p>Voc\u00ea tamb\u00e9m vai querer seguir em frente com <strong><a href=\"https:\/\/georgia.gov\/file-divorce\" target=\"_blank\" rel=\"noopener nofollow\">pedido de div\u00f3rcio<\/a><\/strong>. O advogado ir\u00e1 se reunir com voc\u00ea para analisar esses detalhes um por um. O objetivo \u00e9 entender melhor suas op\u00e7\u00f5es e, em seguida, buscar uma solu\u00e7\u00e3o confi\u00e1vel. Caso contr\u00e1rio, o formul\u00e1rio poder\u00e1 n\u00e3o conter informa\u00e7\u00f5es precisas.<\/p>\n\n\n\n<p>A Diaz &amp; Gaeta garantir\u00e1 que voc\u00ea receba orienta\u00e7\u00f5es s\u00f3lidas durante todo o processo. Isso inclui o que precisa ser inclu\u00eddo na solicita\u00e7\u00e3o e o que levar em considera\u00e7\u00e3o. S\u00e3o essas informa\u00e7\u00f5es que ajudar\u00e3o a moldar o processo para voc\u00ea daqui para frente.<\/p>\n\n\n\n<figure class=\"wp-block-image aligncenter\"><a href=\"https:\/\/dglawga.com\/wp-content\/uploads\/2022\/06\/marietta-family-law-attorney-diaz.jpg\"><img loading=\"lazy\" decoding=\"async\" width=\"500\" height=\"333\" src=\"https:\/\/dglawga.com\/wp-content\/uploads\/2022\/06\/marietta-family-law-attorney-diaz.jpg\" alt=\"Div\u00f3rcio, conceito de advogado de direito familiar em Marietta\" class=\"wp-image-2791\" srcset=\"https:\/\/dglawga.com\/wp-content\/uploads\/2022\/06\/marietta-family-law-attorney-diaz.jpg 500w, https:\/\/dglawga.com\/wp-content\/uploads\/2022\/06\/marietta-family-law-attorney-diaz-300x200.jpg 300w\" sizes=\"auto, (max-width: 500px) 100vw, 500px\" \/><\/a><\/figure>\n\n\n\n<h4 class=\"wp-block-heading\" id=\"aioseo-pay-the-court-fees\">Pagar as custas judiciais<\/h4>\n\n\n\n<p>Voc\u00ea tamb\u00e9m dever\u00e1 pagar as custas judiciais. Com nossa equipe jur\u00eddica, ajudaremos voc\u00ea a processar cada etapa do div\u00f3rcio, incluindo as custas, para facilitar o processo. Isso ajudar\u00e1 a identificar suas op\u00e7\u00f5es e a definir seu or\u00e7amento para o processo.<\/p>\n\n\n\n<p>Nosso objetivo \u00e9 ajudar a definir uma taxa clara e objetiva, que ser\u00e1 discutida durante a consulta jur\u00eddica. Queremos que voc\u00ea se concentre em seguir em frente com o div\u00f3rcio, em vez de ter que pagar uma quantia consider\u00e1vel de uma s\u00f3 vez.<\/p>\n\n\n\n<p>Fale conosco na Diaz &amp; Gaeta para saber mais sobre as suas op\u00e7\u00f5es. Teremos todo o prazer em trabalhar consigo para encontrar uma solu\u00e7\u00e3o adequada.<\/p>\n\n\n\n<h4 class=\"wp-block-heading\" id=\"aioseo-follow-court-procedures\">Siga os procedimentos do tribunal<\/h4>\n\n\n\n<p>Existem procedimentos judiciais espec\u00edficos que surgir\u00e3o durante o processo. Isso inclui a audi\u00eancia preliminar e uma poss\u00edvel data de comparecimento ao tribunal, dependendo do desenrolar dos acontecimentos. \u00c9 nesse momento que voc\u00ea precisar\u00e1 de um advogado de direito familiar de confian\u00e7a da Diaz &amp; Gaeta para ajud\u00e1-lo.<\/p>\n\n\n\n<p>Estamos sempre \u00e0 disposi\u00e7\u00e3o para auxiliar nessa etapa do processo e garantiremos que tudo seja feito pensando no seu melhor interesse. \u00c9 isso que nos torna os melhores no que fazemos. Voc\u00ea ter\u00e1 a certeza de que tudo ser\u00e1 cumprido conforme o combinado.<\/p>\n\n\n\n<p>Esses s\u00e3o os detalhes que far\u00e3o a diferen\u00e7a enquanto voc\u00ea analisa as informa\u00e7\u00f5es dispon\u00edveis. A parte mais importante do processo \u00e9 entrar em contato com um advogado de confian\u00e7a. Isso economizar\u00e1 seu tempo, pois voc\u00ea ser\u00e1 orientado durante todo o processo por algu\u00e9m experiente. Se essa for a dire\u00e7\u00e3o que voc\u00ea deseja seguir, entre em contato conosco pelo telefone [inserir n\u00famero de telefone]. <a href=\"tel:+16785032780\"><strong>678-503-2780<\/strong><\/a>.<\/p>\n\n\n\n<h2 class=\"wp-block-heading\" id=\"aioseo-how-does-the-division-of-property-work-in-georgia\">Como funciona a divis\u00e3o de bens na Ge\u00f3rgia?<\/h2>\n\n\n\n<p>Quando chega a hora de prosseguir com a divis\u00e3o de bens na Ge\u00f3rgia, o tribunal analisa dois tipos de bens. Os bens particulares incluem os ativos que pertenciam a um dos c\u00f4njuges individualmente antes do casamento. Esses ativos geralmente permanecem com o propriet\u00e1rio original.<\/p>\n\n\n\n<p>Por outro lado, a maioria dos bens adquiridos ou ganhos por qualquer um dos c\u00f4njuges durante o casamento s\u00e3o considerados patrim\u00f4nio conjugal. Isso pode incluir qualquer bem tang\u00edvel, como dinheiro, im\u00f3veis, empresas e\/ou qualquer outro elemento constitu\u00eddo durante o casamento.<\/p>\n\n\n\n<p>Os bens conjugais s\u00e3o divididos segundo o princ\u00edpio da partilha equitativa. Isso n\u00e3o significa necessariamente uma divis\u00e3o de 50-50. Os ju\u00edzes examinar\u00e3o diversos fatores para determinar a forma mais justa de dividir os bens, incluindo a contribui\u00e7\u00e3o de cada c\u00f4njuge para o casamento.<\/p>\n\n\n\n<h2 class=\"wp-block-heading\" id=\"aioseo-how-is-child-custody-decided\">Como \u00e9 decidida a guarda dos filhos?<\/h2>\n\n\n\n<p>A legisla\u00e7\u00e3o sobre guarda de filhos se concentra em dois tipos de guarda: a guarda legal e a guarda f\u00edsica. O juiz analisar\u00e1 todos os detalhes do caso, incluindo as necessidades espec\u00edficas da crian\u00e7a e qual dos pais est\u00e1 mais apto a cuidar dela naquela situa\u00e7\u00e3o particular.<\/p>\n\n\n\n<p>\u00c9 importante esclarecer esses detalhes antecipadamente com a ajuda de um advogado especializado em direito de fam\u00edlia. Para iniciar esse processo legal, acreditamos que o melhor seja consultar nosso escrit\u00f3rio de advocacia. <a href=\"tel:+16785032780\"><strong>678-503-2780<\/strong><\/a>. Vamos agendar uma consulta jur\u00eddica detalhada para explicar todos esses detalhes e como tudo vai se desenrolar.<\/p>\n\n\n\n<h2 class=\"wp-block-heading\" id=\"aioseo-what-is-alimony-and-how-is-it-decided\">O que \u00e9 pens\u00e3o aliment\u00edcia e como ela \u00e9 definida?<\/h2>\n\n\n\n<p>Ap\u00f3s o pedido de div\u00f3rcio ser protocolado, alguns detalhes precisam ser acertados. Isso inclui a divis\u00e3o de bens entre as partes e se um dos c\u00f4njuges pagar\u00e1 pens\u00e3o aliment\u00edcia ao outro.<\/p>\n\n\n\n<p>Isso depende de um dos c\u00f4njuges ser ou n\u00e3o dependente financeiramente do outro. Caso fossem, o tribunal pode determinar o pagamento de pens\u00e3o aliment\u00edcia. O valor depender\u00e1 da situa\u00e7\u00e3o e da divis\u00e3o financeira pr\u00e9via.<\/p>\n\n\n\n<h2 class=\"wp-block-heading\" id=\"aioseo-call-a-top-marietta-family-lawyer-today\">Ligue hoje mesmo para um dos melhores advogados de direito familiar de Marietta!<\/h2>\n\n\n\n<p>Se voc\u00ea est\u00e1 pensando em contratar um advogado de direito familiar credenciado em Marietta, ent\u00e3o \u00e9 hora de dar uma olhada em <a href=\"https:\/\/dglawga.com\/pt\/\">Diaz e Gaeta<\/a>. Somos um escrit\u00f3rio de advocacia com longa experi\u00eancia nessa \u00e1rea, e nossa equipe \u00e9 reconhecida pelo trabalho que realiza.<\/p>\n\n\n\n<p>N\u00e3o somos apenas profissionais, mas tamb\u00e9m comprometidos em ajudar nossos clientes com o div\u00f3rcio. Isso inclui cada etapa legal do processo e o que ser\u00e1 melhor para voc\u00ea daqui para frente. Se voc\u00ea quer o melhor, ligue para n\u00f3s hoje mesmo!<a href=\"tel:+16785032780\"><strong>678-503-2780<\/strong><\/a> Para agendar uma consulta gratuita.<\/p>","protected":false},"excerpt":{"rendered":"<p>Getting a divorce is not as simple as signing on the dotted line. It is about understanding the facts surrounding the case, how it needs to be positioned based on Georgia&#8217;s regulations, and which will optimize your process moving forward. This is where a family law attorney in Marietta can help. At Diaz &amp; Gaeta, [&hellip;]<\/p>\n","protected":false},"author":34,"featured_media":0,"parent":1854,"menu_order":0,"comment_status":"closed","ping_status":"closed","template":"wp-custom-template-marietta-services","meta":{"_acf_changed":false,"_themeisle_gutenberg_block_has_review":false,"footnotes":""},"categories":[50],"tags":[124,123,120,21,122,59,126,58,121,125,119,26,118,116,117,22,142,143],"class_list":["post-1902","page","type-page","status-publish","hentry","category-marietta-location","tag-abogado-coche-acidente","tag-abogado-gratis","tag-attorney-lawyer","tag-car-accidents","tag-car-accidents-lawyer","tag-family-law","tag-imigracion-abogados","tag-immigration","tag-immigration-lawyer","tag-marietta-abogado","tag-marietta-lawyer","tag-personal-injury","tag-top-lawyer-in-marietta","tag-top-lawyers-in-atlanta","tag-top-lawyers-in-smyrna","tag-truck-accident","tag-truck-accident-attorneys","tag-truck-crash"],"acf":[],"aioseo_notices":[],"_links":{"self":[{"href":"https:\/\/dglawga.com\/pt\/wp-json\/wp\/v2\/pages\/1902","targetHints":{"allow":["GET"]}}],"collection":[{"href":"https:\/\/dglawga.com\/pt\/wp-json\/wp\/v2\/pages"}],"about":[{"href":"https:\/\/dglawga.com\/pt\/wp-json\/wp\/v2\/types\/page"}],"author":[{"embeddable":true,"href":"https:\/\/dglawga.com\/pt\/wp-json\/wp\/v2\/users\/34"}],"replies":[{"embeddable":true,"href":"https:\/\/dglawga.com\/pt\/wp-json\/wp\/v2\/comments?post=1902"}],"version-history":[{"count":3,"href":"https:\/\/dglawga.com\/pt\/wp-json\/wp\/v2\/pages\/1902\/revisions"}],"predecessor-version":[{"id":7643,"href":"https:\/\/dglawga.com\/pt\/wp-json\/wp\/v2\/pages\/1902\/revisions\/7643"}],"up":[{"embeddable":true,"href":"https:\/\/dglawga.com\/pt\/wp-json\/wp\/v2\/pages\/1854"}],"wp:attachment":[{"href":"https:\/\/dglawga.com\/pt\/wp-json\/wp\/v2\/media?parent=1902"}],"wp:term":[{"taxonomy":"category","embeddable":true,"href":"https:\/\/dglawga.com\/pt\/wp-json\/wp\/v2\/categories?post=1902"},{"taxonomy":"post_tag","embeddable":true,"href":"https:\/\/dglawga.com\/pt\/wp-json\/wp\/v2\/tags?post=1902"}],"curies":[{"name":"wp","href":"https:\/\/api.w.org\/{rel}","templated":true}]}}