{"id":1904,"date":"2022-06-07T15:13:58","date_gmt":"2022-06-07T15:13:58","guid":{"rendered":"https:\/\/diazgaetalaw.wpengine.com\/?page_id=1904"},"modified":"2025-06-15T07:25:21","modified_gmt":"2025-06-15T12:25:21","slug":"advogado-lgbt","status":"publish","type":"page","link":"https:\/\/dglawga.com\/pt\/local-practice-areas\/marietta\/lgbt-lawyer\/","title":{"rendered":"Advogado LGBT de Marietta"},"content":{"rendered":"<p>No escrit\u00f3rio de advocacia Diaz &amp; Gaeta, apoiamos a comunidade LGBT. Por isso, estamos sempre prontos para defender os direitos e ajudar com os problemas que a comunidade LGBT enfrenta, seja individualmente ou em casal. Basta conversar conosco e expor sua quest\u00e3o jur\u00eddica aos nossos experientes advogados LGBT de Marietta.<\/p>\n\n\n\n<p>Temos anos de experi\u00eancia representando a comunidade LGBT em diversos processos legais e lit\u00edgios, como vistos de casamento LGBT, vistos de noivo(a) K-1, benef\u00edcios do Green Card, cidadania e naturaliza\u00e7\u00e3o nos EUA, asilo e muito mais.<\/p>\n\n\n\n<p>Isso significa que representamos clientes LGBT que enfrentam acusa\u00e7\u00f5es criminais como posse de drogas, viol\u00eancia dom\u00e9stica e outros crimes graves e leves. Por outro lado, conseguimos obter asilo para clientes LGBT que temem ser agredidos ou mortos em seus pa\u00edses por causa de sua orienta\u00e7\u00e3o sexual.<\/p>\n\n\n\n<p>Estamos plenamente cientes dos preconceitos que a comunidade LGBT enfrenta n\u00e3o apenas em suas atividades cotidianas, mas tamb\u00e9m no sistema judici\u00e1rio de Marietta, Ge\u00f3rgia. Por essa raz\u00e3o, assumimos o compromisso de lutar vigorosamente pelo respeito, igualdade e justi\u00e7a para a comunidade LGBT. No escrit\u00f3rio de advocacia Diaz &amp; Gaeta, estamos totalmente preparados para enfrentar diretamente a discrimina\u00e7\u00e3o judicial.<\/p>\n\n\n\n<p>Para quest\u00f5es relacionadas \u00e0 comunidade LGBT, ligue para n\u00f3s hoje mesmo em <a href=\"tel:+16785032780\"><strong>678-503-2780<\/strong><\/a>. Oferecemos servi\u00e7os de consultoria gratuitos. Durante a sess\u00e3o de consultoria, nosso <a href=\"https:\/\/dglawga.com\/pt\/marietta\/\"><strong>Advogados experientes em Marietta<\/strong><\/a> Responderemos a todas as suas perguntas, ouviremos o seu caso e ofereceremos consultoria jur\u00eddica.<\/p>\n\n\n\n<div class=\"wp-block-group has-accent-background-color has-background is-vertical is-layout-flex wp-container-core-group-is-layout-283d9697 wp-block-group-is-layout-flex\" style=\"border-top-left-radius:15px;border-top-right-radius:15px;margin-top:var(--wp--preset--spacing--30)\">\n<h2 class=\"wp-block-heading has-primary-color has-text-color has-link-color wp-elements-4164a61e17ffbe9e8a7446952ec87a5a\" id=\"aioseo-table-of-contents\">\u00cdNDICE<\/h2>\n<\/div>\n\n\n\n<div class=\"wp-block-group has-background is-vertical is-layout-flex wp-container-core-group-is-layout-d644fc7a wp-block-group-is-layout-flex\" style=\"border-bottom-left-radius:15px;border-bottom-right-radius:15px;background-color:#f3f3f3;margin-top:0\"><div class=\"wp-block-aioseo-table-of-contents\"><ul><li><a class=\"aioseo-toc-item\" href=\"#aioseo-what-are-the-rights-of-the-lgbt-community-in-georgia\">Quais s\u00e3o os direitos da comunidade LGBT na Ge\u00f3rgia?<\/a><\/li><li><a class=\"aioseo-toc-item\" href=\"#aioseo-what-types-of-cases-can-diaz-gaeta-attorneys-at-law-help-me-with\">Em que tipos de casos o escrit\u00f3rio de advocacia Diaz &amp; Gaeta pode me ajudar?<\/a><ul><li><a class=\"aioseo-toc-item\" href=\"#aioseo-immigration\">Imigra\u00e7\u00e3o<\/a><\/li><li><a class=\"aioseo-toc-item\" href=\"#aioseo-k-1-fiancee-visa\">Visto K-1 para noivo(a)<\/a><\/li><li><a class=\"aioseo-toc-item\" href=\"#aioseo-lgbt-marriage-visa\">Visto de casamento LGBT<\/a><\/li><li><a class=\"aioseo-toc-item\" href=\"#aioseo-u-s-citizenship-naturalization\">Cidadania e Naturaliza\u00e7\u00e3o dos EUA<\/a><\/li><li><a class=\"aioseo-toc-item\" href=\"#aioseo-green-card-benefits\">Benef\u00edcios do Green Card<\/a><\/li><li><a class=\"aioseo-toc-item\" href=\"#aioseo-asylum\">Asilo<\/a><\/li><li><a class=\"aioseo-toc-item\" href=\"#aioseo-withholding-of-removal\">Suspens\u00e3o da Deporta\u00e7\u00e3o<\/a><\/li><li><a class=\"aioseo-toc-item\" href=\"#aioseo-criminal-charges\">Acusa\u00e7\u00f5es criminais<\/a><\/li><li><a class=\"aioseo-toc-item\" href=\"#aioseo-personal-injury\">Les\u00f5es Pessoais<\/a><\/li><li><a class=\"aioseo-toc-item\" href=\"#aioseo-family-law\">Direito de Fam\u00edlia<\/a><\/li><\/ul><\/li><li><a class=\"aioseo-toc-item\" href=\"#aioseo-why-are-diaz-gaeta-attorneys-at-law-the-best-lawyers-for-cases-involving-the-lgbt-community\">Por que o escrit\u00f3rio de advocacia Diaz &amp; Gaeta \u00e9 o melhor para casos envolvendo a comunidade LGBT?<\/a><\/li><li><a class=\"aioseo-toc-item\" href=\"#aioseo-contact-our-marietta-lgbt-lawyers-today-if-you-have-any-questions-regarding-your-case\">Entre em contato com nossos advogados especializados em direito LGBT em Marietta hoje mesmo se tiver alguma d\u00favida sobre o seu caso.<\/a><\/li><\/ul><\/div><\/div>\n\n\n\n<h2 class=\"wp-block-heading\" id=\"aioseo-what-are-the-rights-of-the-lgbt-community-in-georgia\">Quais s\u00e3o os direitos da comunidade LGBT na Ge\u00f3rgia?<\/h2>\n\n\n\n<p>O governo federal pro\u00edbe a discrimina\u00e7\u00e3o em locais p\u00fablicos, ou seja, lugares que oferecem bens e servi\u00e7os ao p\u00fablico em geral. Mas n\u00e3o existe uma lei federal que proteja a comunidade LGBT da discrimina\u00e7\u00e3o. No entanto, a C\u00e2mara dos Representantes est\u00e1 trabalhando na Lei da Igualdade, que protegeria a comunidade LGBT em locais p\u00fablicos, no emprego, na habita\u00e7\u00e3o e em muitas outras \u00e1reas.<\/p>\n\n\n\n<p>Por outro lado, \u00e9 importante notar que o estado da Ge\u00f3rgia est\u00e1 entre os tr\u00eas estados (Mississippi e Alabama) que n\u00e3o possuem leis estaduais de direitos civis que protejam pessoas LGBT. As leis estaduais de direitos civis visam oferecer prote\u00e7\u00e3o contra a discrimina\u00e7\u00e3o \u00e0queles que n\u00e3o est\u00e3o abrangidos pela lei federal.<\/p>\n\n\n\n<p>No entanto, cidades em todo o estado da Ge\u00f3rgia promulgaram leis locais que pro\u00edbem essa discrimina\u00e7\u00e3o em diferentes graus. Isso come\u00e7ou em Atlanta, Ge\u00f3rgia, e agora se espalhou para outras cidades, incluindo Marietta, Ge\u00f3rgia. A Suprema Corte dos EUA decidiu em junho de 2020 que a discrimina\u00e7\u00e3o por orienta\u00e7\u00e3o sexual e identidade de g\u00eanero no emprego \u00e9 ilegal.<\/p>\n\n\n\n<p><a href=\"https:\/\/georgiaequality.org\/2020\/06\/3012\/\" target=\"_blank\" rel=\"noopener nofollow\"><strong>Lei de crimes de \u00f3dio da Ge\u00f3rgia<\/strong><\/a>, A lei, que entrou em vigor em 26 de junho de 2020, tamb\u00e9m abrange a orienta\u00e7\u00e3o sexual. De acordo com essa lei, criminosos que atacam v\u00edtimas com base em ra\u00e7a, religi\u00e3o, sexo, orienta\u00e7\u00e3o sexual, identidade de g\u00eanero ou defici\u00eancia recebem puni\u00e7\u00f5es mais severas.<\/p>\n\n\n\n<p>Antes de 1998, a homossexualidade era criminalizada com base nas leis de sodomia, que se aplicavam tanto a heterossexuais quanto a homossexuais. Desde 1998, as rela\u00e7\u00f5es sexuais entre pessoas do mesmo sexo s\u00e3o legais, e o casamento entre pessoas do mesmo sexo foi legalizado em 2015.<\/p>\n\n\n\n<p>Outro <strong><a href=\"https:\/\/www.lgbtmap.org\/equality-maps\/profile_state\/GA\" target=\"_blank\" rel=\"noopener\">Direitos da comunidade LGBT na Ge\u00f3rgia<\/a><\/strong> incluem:<\/p>\n\n\n\n<ul class=\"wp-block-list\">\n<li>Mudan\u00e7a legal de g\u00eanero \u2013 Legal, mas requer cirurgia de redesigna\u00e7\u00e3o sexual.<\/li>\n\n\n\n<li>Censura de quest\u00f5es LGBT na Ge\u00f3rgia<\/li>\n\n\n\n<li>Presun\u00e7\u00e3o parental para casais do mesmo sexo<\/li>\n\n\n\n<li>Ado\u00e7\u00e3o.<\/li>\n<\/ul>\n\n\n\n<h2 class=\"wp-block-heading\" id=\"aioseo-what-types-of-cases-can-diaz-gaeta-attorneys-at-law-help-me-with\">Em que tipos de casos o escrit\u00f3rio de advocacia Diaz &amp; Gaeta pode me ajudar?<\/h2>\n\n\n\n<p>Na Diaz &amp; Gaeta, contamos com uma equipe de advogados experientes com diferentes forma\u00e7\u00f5es jur\u00eddicas. Dessa forma, j\u00e1 atuamos e vencemos casos em todos os tribunais da Ge\u00f3rgia. Nossa equipe inclui profissionais com experi\u00eancia em casos de danos pessoais, direito de fam\u00edlia, direito penal e imigra\u00e7\u00e3o.<\/p>\n\n\n\n<p>Isso nos torna plenamente qualificados para lidar com diferentes tipos de casos, independentemente de sua complexidade. Garantimos sempre que os direitos de nossos clientes sejam protegidos em todos os momentos. Somos totalmente capazes de lidar com os seguintes casos:<\/p>\n\n\n\n<h4 class=\"wp-block-heading\" id=\"aioseo-immigration\">Imigra\u00e7\u00e3o<\/h4>\n\n\n\n<p>Somos especializados em servi\u00e7os para fam\u00edlias. <strong><a href=\"https:\/\/dglawga.com\/pt\/marietta\/advogado-de-imigracao\/\">defesa em casos de imigra\u00e7\u00e3o e deporta\u00e7\u00e3o<\/a><\/strong>. Temos experi\u00eancia em casos de DACA (A\u00e7\u00e3o Diferida para Chegadas na Inf\u00e2ncia) e renova\u00e7\u00f5es. Possu\u00edmos um hist\u00f3rico impressionante de sucesso na busca de asilo para nossos clientes em casos que envolvem afilia\u00e7\u00f5es pol\u00edticas, quest\u00f5es LGBT, religi\u00e3o e muito mais. Representamos clientes nos tribunais federais de imigra\u00e7\u00e3o e no USCIS (Servi\u00e7o de Cidadania e Imigra\u00e7\u00e3o dos Estados Unidos).<\/p>\n\n\n\n<h4 class=\"wp-block-heading\" id=\"aioseo-k-1-fiancee-visa\">Visto K-1 para noivo(a)<\/h4>\n\n\n\n<p>Este \u00e9 um tipo de <a href=\"https:\/\/www.uscis.gov\/family\/family-of-us-citizens\/visas-for-fiancees-of-us-citizens\" target=\"_blank\" rel=\"noopener\"><strong>Visto para noivo(a) estrangeiro(a) de cidad\u00e3o(\u00e3) americano(a).<\/strong><\/a>. Este tipo de visto permite que um(a) noivo(a) estrangeiro(a) viaje para os Estados Unidos para se casar com seu(sua) patrocinador(a) cidad\u00e3o(\u00e3) americano(a) dentro de 90 dias ap\u00f3s a chegada. J\u00e1 lidamos com quest\u00f5es relacionadas ao preenchimento do visto K-1 de noivo(a).<\/p>\n\n\n\n<h4 class=\"wp-block-heading\" id=\"aioseo-lgbt-marriage-visa\">Visto de casamento LGBT<\/h4>\n\n\n\n<p>O governo dos EUA deveria revisar <a href=\"https:\/\/www.uscis.gov\/family\/same-sex-marriages\" target=\"_blank\" rel=\"noopener nofollow\"><strong>pedidos de visto baseados em casamento entre pessoas do mesmo sexo<\/strong><\/a> Da mesma forma que analisam vistos para casamentos entre pessoas de sexos opostos. Isso significa simplesmente que o c\u00f4njuge do mesmo sexo de um solicitante de visto que vem aos Estados Unidos da Am\u00e9rica para qualquer finalidade, como estudo, trabalho, imigra\u00e7\u00e3o legal ou interc\u00e2mbio internacional, tem direito a receber um visto derivado.<\/p>\n\n\n\n<h4 class=\"wp-block-heading\" id=\"aioseo-u-s-citizenship-naturalization\">Cidadania e Naturaliza\u00e7\u00e3o dos EUA<\/h4>\n\n\n\n<p>A naturaliza\u00e7\u00e3o \u00e9 um processo pelo qual um imigrante nos EUA pode se tornar cidad\u00e3o. Para que uma pessoa se qualifique ou seja eleg\u00edvel para a naturaliza\u00e7\u00e3o, ela deve atender a certos requisitos. O processo de naturaliza\u00e7\u00e3o \u00e9 complexo e \u00e9 recomend\u00e1vel contar com a orienta\u00e7\u00e3o de um advogado qualificado.<\/p>\n\n\n\n<figure class=\"wp-block-image aligncenter\" style=\"margin-top:var(--wp--preset--spacing--20);margin-bottom:var(--wp--preset--spacing--20)\"><a href=\"https:\/\/dglawga.com\/wp-content\/uploads\/2022\/06\/marietta-lgbt-lawyer-diaz.jpg\"><img loading=\"lazy\" decoding=\"async\" width=\"500\" height=\"322\" src=\"https:\/\/dglawga.com\/wp-content\/uploads\/2022\/06\/marietta-lgbt-lawyer-diaz.jpg\" alt=\"Advogado LGBT de Marietta usando terno com a inscri\u00e7\u00e3o LGBTQ em seu cart\u00e3o de visitas.\" class=\"wp-image-3183\" srcset=\"https:\/\/dglawga.com\/wp-content\/uploads\/2022\/06\/marietta-lgbt-lawyer-diaz.jpg 500w, https:\/\/dglawga.com\/wp-content\/uploads\/2022\/06\/marietta-lgbt-lawyer-diaz-300x193.jpg 300w\" sizes=\"auto, (max-width: 500px) 100vw, 500px\" \/><\/a><\/figure>\n\n\n\n<h4 class=\"wp-block-heading\" id=\"aioseo-green-card-benefits\">Benef\u00edcios do Green Card<\/h4>\n\n\n\n<p>Estamos em condi\u00e7\u00f5es de ajud\u00e1-lo(a) a obter o green card. Isso significa que voc\u00ea ter\u00e1 direito a receber benef\u00edcios federais, como aux\u00edlio-educa\u00e7\u00e3o ou previd\u00eancia social.<\/p>\n\n\n\n<h4 class=\"wp-block-heading\" id=\"aioseo-asylum\">Asilo<\/h4>\n\n\n\n<p>Um requerente de asilo \u00e9 uma pessoa que est\u00e1 fugindo de seu pa\u00eds por um motivo ou outro. Por exemplo, uma pessoa que foge de seu pa\u00eds de origem devido \u00e0 sua orienta\u00e7\u00e3o sexual, cren\u00e7as pol\u00edticas ou amea\u00e7as de morte.<\/p>\n\n\n\n<h4 class=\"wp-block-heading\" id=\"aioseo-withholding-of-removal\">Suspens\u00e3o da Deporta\u00e7\u00e3o<\/h4>\n\n\n\n<p>Isso tamb\u00e9m \u00e9 conhecido como princ\u00edpio de n\u00e3o repuls\u00e3o, conforme a Conven\u00e7\u00e3o das Na\u00e7\u00f5es Unidas sobre o Estatuto dos Refugiados. A suspens\u00e3o da deporta\u00e7\u00e3o impede que o governo dos Estados Unidos deporte uma pessoa para um pa\u00eds onde sua vida ou suas liberdades estejam amea\u00e7adas em rela\u00e7\u00e3o a direitos constitucionais protegidos, como religi\u00e3o, ra\u00e7a, nacionalidade, posi\u00e7\u00e3o pol\u00edtica ou orienta\u00e7\u00e3o sexual.<\/p>\n\n\n\n<h4 class=\"wp-block-heading\" id=\"aioseo-criminal-charges\">Acusa\u00e7\u00f5es criminais<\/h4>\n\n\n\n<p>Estamos em condi\u00e7\u00f5es de prestar servi\u00e7os jur\u00eddicos a todos. <strong><a href=\"https:\/\/dglawga.com\/pt\/marietta\/advogado-de-defesa-criminal\/\">defesa criminal<\/a><\/strong> assuntos. Assim sendo, representamos pessoas acusadas ou indiciadas por dirigir sob influ\u00eancia de \u00e1lcool ou drogas, crimes relacionados a drogas, crimes sexuais, viola\u00e7\u00f5es de liberdade condicional e outras acusa\u00e7\u00f5es, incluindo infra\u00e7\u00f5es de tr\u00e2nsito.<\/p>\n\n\n\n<h4 class=\"wp-block-heading\" id=\"aioseo-personal-injury\">Les\u00f5es Pessoais<\/h4>\n\n\n\n<p>N\u00e3o importa se voc\u00ea tem culpa ou n\u00e3o, se voc\u00ea sofreu les\u00f5es ou danos devido \u00e0 neglig\u00eancia de outra pessoa, voc\u00ea tem o direito legal de buscar indeniza\u00e7\u00e3o. Nossa equipe experiente pode ajud\u00e1-lo(a) a encontrar a melhor solu\u00e7\u00e3o. <strong><a href=\"https:\/\/dglawga.com\/pt\/marietta\/advogado-de-lesoes-corporais\/\">Advogados especializados em les\u00f5es corporais em Marietta<\/a> <\/strong>Estamos prontos para trabalhar no seu caso e buscar a indeniza\u00e7\u00e3o que voc\u00ea merece. Lidamos com casos de les\u00f5es corporais envolvendo <strong><a href=\"https:\/\/dglawga.com\/pt\/marietta\/advogado-de-acidentes-de-carro\/\">acidentes de carro<\/a><\/strong>, <a href=\"https:\/\/dglawga.com\/pt\/marietta\/advogado-de-casos-de-escorregoes-e-quedas\/\"><strong>acidentes por escorreg\u00f5es e quedas<\/strong><\/a>, e outros.<\/p>\n\n\n\n<h4 class=\"wp-block-heading\" id=\"aioseo-family-law\">Direito de Fam\u00edlia<\/h4>\n\n\n\n<p><a href=\"https:\/\/dglawga.com\/pt\/marietta\/advogado-de-direito-familiar\/\">Direito de fam\u00edlia<\/a> O Direito de Fam\u00edlia \u00e9 uma \u00e1rea do Direito que se concentra em quest\u00f5es de rela\u00e7\u00f5es familiares. Os casos de Direito de Fam\u00edlia envolvem ado\u00e7\u00e3o, casamento, div\u00f3rcio, guarda de filhos, pens\u00e3o aliment\u00edcia, pens\u00e3o por div\u00f3rcio e at\u00e9 mesmo viol\u00eancia dom\u00e9stica. No escrit\u00f3rio Diaz &amp; Gaeta, oferecemos nossos servi\u00e7os jur\u00eddicos \u00e0queles que buscam orienta\u00e7\u00e3o e representa\u00e7\u00e3o em casos que envolvem rela\u00e7\u00f5es familiares. Lutaremos at\u00e9 o fim para garantir que seus direitos sejam protegidos e que voc\u00ea receba uma indeniza\u00e7\u00e3o justa e equitativa.<\/p>\n\n\n\n<h2 class=\"wp-block-heading\" id=\"aioseo-why-are-diaz-gaeta-attorneys-at-law-the-best-lawyers-for-cases-involving-the-lgbt-community\">Por que o escrit\u00f3rio de advocacia Diaz &amp; Gaeta \u00e9 o melhor para casos envolvendo a comunidade LGBT?<\/h2>\n\n\n\n<p>Al\u00e9m de apoiar a comunidade LGBT, lutamos para defender os direitos dessa comunidade, independentemente do tipo de caso que enfrentem. Por isso, como l\u00e9sbica, gay, bissexual ou transg\u00eanero, voc\u00ea precisa de representa\u00e7\u00e3o legal que entenda a legisla\u00e7\u00e3o com base na sua orienta\u00e7\u00e3o sexual ou identidade de g\u00eanero e que possa lutar pelos seus direitos com vigor.<\/p>\n\n\n\n<p>Gra\u00e7as \u00e0 nossa experi\u00eancia em diversas \u00e1reas do direito, estamos em posi\u00e7\u00e3o de oferecer o melhor servi\u00e7o. Nossa equipe no escrit\u00f3rio Diaz &amp; Gaeta Law auxiliar\u00e1 voc\u00ea em processos de imigra\u00e7\u00e3o, incluindo o visto K-1 de noivo(a), naturaliza\u00e7\u00e3o para cidadania americana, visto de casamento para pessoas LGBTQIA+, asilo, benef\u00edcios do Green Card e at\u00e9 mesmo pedidos de suspens\u00e3o de deporta\u00e7\u00e3o. Lutaremos por voc\u00ea e impediremos que voc\u00ea seja prejudicado(a) devido \u00e0 sua orienta\u00e7\u00e3o sexual.<\/p>\n\n\n\n<p>Assim como qualquer outra pessoa, indiv\u00edduos com diferentes orienta\u00e7\u00f5es sexuais tamb\u00e9m enfrentam outros problemas legais. Podem ser acusados de viol\u00eancia dom\u00e9stica, dire\u00e7\u00e3o sob efeito de \u00e1lcool ou drogas, posse de drogas e outros crimes, sejam eles graves ou leves. Sabemos dos preconceitos que a comunidade LGBT enfrenta no sistema judici\u00e1rio. Como uma equipe jur\u00eddica experiente, garantiremos que voc\u00ea obtenha igualdade, justi\u00e7a e respeito durante todo o processo.<\/p>\n\n\n\n<p>Nossa fam\u00edlia \u00e9 formada por um grupo diversificado de pessoas com diferentes origens e experi\u00eancias de vida. Por isso, nos conectamos e compreendemos nossos clientes em um n\u00edvel pessoal. Todos t\u00eam o direito de serem tratados com respeito e dignidade \u2013 independentemente de idioma, cor ou orienta\u00e7\u00e3o sexual.<\/p>\n\n\n\n<p>Para consultoria, orienta\u00e7\u00e3o ou representa\u00e7\u00e3o jur\u00eddica, ligue hoje mesmo e agende uma consulta gratuita com um advogado experiente em quest\u00f5es LGBT em Marietta.<\/p>\n\n\n\n<h2 class=\"wp-block-heading\" id=\"aioseo-contact-our-marietta-lgbt-lawyers-today-if-you-have-any-questions-regarding-your-case\">Entre em contato com nossos advogados especializados em direito LGBT em Marietta hoje mesmo se tiver alguma d\u00favida sobre o seu caso.<\/h2>\n\n\n\n<p>Se voc\u00ea for v\u00edtima de viol\u00eancia ou injusti\u00e7a com base em sua orienta\u00e7\u00e3o sexual ou identidade de g\u00eanero, ou precisar de nossos servi\u00e7os jur\u00eddicos em Marietta, Ge\u00f3rgia, n\u00e3o hesite em nos ligar. <a href=\"tel:+16785032780\"><strong>678-503-2780<\/strong><\/a> e agende uma consulta gratuita com um advogado experiente.<\/p>\n\n\n\n<p>No <a href=\"https:\/\/dglawga.com\/pt\/\"><strong>Diaz &amp; Gaeta Advogados<\/strong><\/a>, Possu\u00edmos amplo conhecimento em direito imigrat\u00f3rio, direito de danos pessoais, direito penal e direito de fam\u00edlia. Com isso, trabalhamos sempre em conjunto para lidar estrategicamente com casos complexos que exigem profundo conhecimento de diferentes ramos do direito.<\/p>","protected":false},"excerpt":{"rendered":"<p>At Diaz &amp; Gaeta Attorneys At Law, we support the LGBT community. For this reason, we are always ready to support the rights and help with the problems the LGBT community faces. This can be as a couple or as an individual. All it takes is talking to us and expressing your legal issue with [&hellip;]<\/p>\n","protected":false},"author":34,"featured_media":0,"parent":1854,"menu_order":0,"comment_status":"closed","ping_status":"closed","template":"wp-custom-template-marietta-services","meta":{"_acf_changed":false,"_themeisle_gutenberg_block_has_review":false,"footnotes":""},"categories":[50],"tags":[124,123,120,21,122,59,126,58,121,60,125,119,26,118,116,117,22,142,143],"class_list":["post-1904","page","type-page","status-publish","hentry","category-marietta-location","tag-abogado-coche-acidente","tag-abogado-gratis","tag-attorney-lawyer","tag-car-accidents","tag-car-accidents-lawyer","tag-family-law","tag-imigracion-abogados","tag-immigration","tag-immigration-lawyer","tag-lgbt","tag-marietta-abogado","tag-marietta-lawyer","tag-personal-injury","tag-top-lawyer-in-marietta","tag-top-lawyers-in-atlanta","tag-top-lawyers-in-smyrna","tag-truck-accident","tag-truck-accident-attorneys","tag-truck-crash"],"acf":[],"aioseo_notices":[],"_links":{"self":[{"href":"https:\/\/dglawga.com\/pt\/wp-json\/wp\/v2\/pages\/1904","targetHints":{"allow":["GET"]}}],"collection":[{"href":"https:\/\/dglawga.com\/pt\/wp-json\/wp\/v2\/pages"}],"about":[{"href":"https:\/\/dglawga.com\/pt\/wp-json\/wp\/v2\/types\/page"}],"author":[{"embeddable":true,"href":"https:\/\/dglawga.com\/pt\/wp-json\/wp\/v2\/users\/34"}],"replies":[{"embeddable":true,"href":"https:\/\/dglawga.com\/pt\/wp-json\/wp\/v2\/comments?post=1904"}],"version-history":[{"count":5,"href":"https:\/\/dglawga.com\/pt\/wp-json\/wp\/v2\/pages\/1904\/revisions"}],"predecessor-version":[{"id":7639,"href":"https:\/\/dglawga.com\/pt\/wp-json\/wp\/v2\/pages\/1904\/revisions\/7639"}],"up":[{"embeddable":true,"href":"https:\/\/dglawga.com\/pt\/wp-json\/wp\/v2\/pages\/1854"}],"wp:attachment":[{"href":"https:\/\/dglawga.com\/pt\/wp-json\/wp\/v2\/media?parent=1904"}],"wp:term":[{"taxonomy":"category","embeddable":true,"href":"https:\/\/dglawga.com\/pt\/wp-json\/wp\/v2\/categories?post=1904"},{"taxonomy":"post_tag","embeddable":true,"href":"https:\/\/dglawga.com\/pt\/wp-json\/wp\/v2\/tags?post=1904"}],"curies":[{"name":"wp","href":"https:\/\/api.w.org\/{rel}","templated":true}]}}