{"id":1931,"date":"2022-06-07T16:15:31","date_gmt":"2022-06-07T16:15:31","guid":{"rendered":"https:\/\/diazgaetalaw.wpengine.com\/?page_id=1931"},"modified":"2025-06-15T10:53:43","modified_gmt":"2025-06-15T15:53:43","slug":"advogado-especializado-em-acidentes-com-caminhoes","status":"publish","type":"page","link":"https:\/\/dglawga.com\/pt\/atlanta-2\/truck-accident-lawyer\/","title":{"rendered":"Advogado especializado em acidentes com caminh\u00f5es em Atlanta"},"content":{"rendered":"<p>A Ge\u00f3rgia ocupa o quarto lugar no pa\u00eds em acidentes com caminh\u00f5es, e esse tipo de acidente frequentemente deixa as v\u00edtimas com ferimentos devastadores. Voc\u00ea n\u00e3o deveria ter que arcar com os preju\u00edzos financeiros e o sofrimento causados pela neglig\u00eancia de algu\u00e9m.<\/p>\n\n\n\n<p>Voc\u00ea deve entrar em contato com um advogado de acidentes com caminh\u00f5es de boa reputa\u00e7\u00e3o em Atlanta o mais r\u00e1pido poss\u00edvel. Suas chances de obter indeniza\u00e7\u00e3o integral por seus ferimentos e perdas s\u00e3o maiores se voc\u00ea contratar um advogado especializado em processos por acidentes de tr\u00e2nsito.<\/p>\n\n\n\n<p>Na Diaz &amp; Gaeta, temos experi\u00eancia. <strong><a href=\"https:\/\/dglawga.com\/pt\/atlanta\/advogado-de-acidentes-de-carro\/\">Advogados especializados em acidentes de carro em Atlanta<\/a><\/strong> que s\u00e3o especialistas em processos por acidentes com caminh\u00f5es e sabem como garantir que os clientes recebam indeniza\u00e7\u00e3o integral por suas perdas, dor e sofrimento. Voc\u00ea pode nos ligar pelo telefone <a href=\"tel:+16785032780\"><strong>678-503-2780<\/strong><\/a> Agende uma consulta gratuita e saiba mais sobre como podemos ajud\u00e1-lo(a).<\/p>\n\n\n\n<div class=\"wp-block-group has-accent-background-color has-background is-vertical is-layout-flex wp-container-core-group-is-layout-283d9697 wp-block-group-is-layout-flex\" style=\"border-top-left-radius:15px;border-top-right-radius:15px;margin-top:var(--wp--preset--spacing--30)\">\n<h2 class=\"wp-block-heading has-primary-color has-text-color has-link-color wp-elements-4164a61e17ffbe9e8a7446952ec87a5a\" id=\"aioseo-table-of-contents\">\u00cdNDICE<\/h2>\n<\/div>\n\n\n\n<div class=\"wp-block-group has-background is-vertical is-layout-flex wp-container-core-group-is-layout-d644fc7a wp-block-group-is-layout-flex\" style=\"border-bottom-left-radius:15px;border-bottom-right-radius:15px;background-color:#f3f3f3;margin-top:0\"><div class=\"wp-block-aioseo-table-of-contents\"><ul><li><a class=\"aioseo-toc-item\" href=\"#aioseo-company\">Empresa<\/a><\/li><li><a class=\"aioseo-toc-item\" href=\"#aioseo-contact-details\">Detalhes de contato<\/a><ul><\/ul><\/li><li><a class=\"aioseo-toc-item\" href=\"#aioseo-truck-accident-statistics-in-georgia\">Estat\u00edsticas de acidentes com caminh\u00f5es na Ge\u00f3rgia<\/a><\/li><li><a class=\"aioseo-toc-item\" href=\"#aioseo-what-should-you-do-after-a-truck-accident-in-atlanta-ga\">O que voc\u00ea deve fazer ap\u00f3s um acidente com caminh\u00e3o em Atlanta, Ge\u00f3rgia?<\/a><ul><li><a class=\"aioseo-toc-item\" href=\"#aioseo-get-help\">Obtenha ajuda<\/a><\/li><li><a class=\"aioseo-toc-item\" href=\"#aioseo-help-others-if-you-can\">Ajude os outros se puder.<\/a><\/li><li><a class=\"aioseo-toc-item\" href=\"#aioseo-collect-information\">Coletar informa\u00e7\u00f5es<\/a><\/li><li><a class=\"aioseo-toc-item\" href=\"#aioseo-document-the-scene\">Documente a cena<\/a><\/li><li><a class=\"aioseo-toc-item\" href=\"#aioseo-get-medical-attention\">Procure atendimento m\u00e9dico.<\/a><\/li><li><a class=\"aioseo-toc-item\" href=\"#aioseo-call-an-atlanta-truck-accident-lawyer\">Contate um advogado especializado em acidentes com caminh\u00f5es em Atlanta.<\/a><\/li><\/ul><\/li><li><a class=\"aioseo-toc-item\" href=\"#aioseo-what-are-the-laws-regarding-truck-accident-liability\">Quais s\u00e3o as leis relativas \u00e0 responsabilidade em acidentes com caminh\u00f5es?<\/a><\/li><li><a class=\"aioseo-toc-item\" href=\"#aioseo-how-can-a-truck-accident-lawyer-help\">Como um advogado especializado em acidentes com caminh\u00f5es pode ajudar?<\/a><ul><li><a class=\"aioseo-toc-item\" href=\"#aioseo-investigations\">Investiga\u00e7\u00f5es<\/a><\/li><li><a class=\"aioseo-toc-item\" href=\"#aioseo-filing-a-claim\">Apresenta\u00e7\u00e3o de uma reclama\u00e7\u00e3o<\/a><\/li><li><a class=\"aioseo-toc-item\" href=\"#aioseo-negotiations\">Negocia\u00e7\u00f5es<\/a><\/li><li><a class=\"aioseo-toc-item\" href=\"#aioseo-litigation\">Lit\u00edgio<\/a><\/li><\/ul><\/li><li><a class=\"aioseo-toc-item\" href=\"#aioseo-what-types-of-compensation-can-i-receive-in-georgia\">Que tipos de compensa\u00e7\u00e3o posso receber na Ge\u00f3rgia?<\/a><\/li><li><a class=\"aioseo-toc-item\" href=\"#aioseo-how-much-is-my-truck-accident-claim-worth\">Qual o valor da minha indeniza\u00e7\u00e3o por acidente com caminh\u00e3o?<\/a><\/li><li><a class=\"aioseo-toc-item\" href=\"#aioseo-is-there-a-deadline-for-filing-a-claim-in-georgia\">Existe um prazo limite para apresentar uma reclama\u00e7\u00e3o na Ge\u00f3rgia?<\/a><\/li><li><a class=\"aioseo-toc-item\" href=\"#aioseo-how-is-fault-in-a-truck-accident-determined\">Como se determina a culpa em um acidente com caminh\u00e3o?<\/a><\/li><li><a class=\"aioseo-toc-item\" href=\"#aioseo-can-a-lawyer-prove-the-truck-driver-was-negligent\">Um advogado pode provar que o motorista do caminh\u00e3o foi negligente?<\/a><\/li><li><a class=\"aioseo-toc-item\" href=\"#aioseo-who-can-be-held-liable\">Quem pode ser responsabilizado?<\/a><\/li><li><a class=\"aioseo-toc-item\" href=\"#aioseo-common-causes-of-truck-accidents\">Causas comuns de acidentes com caminh\u00f5es<\/a><\/li><li><a class=\"aioseo-toc-item\" href=\"#aioseo-let-our-seasoned-truck-accident-attorneys-in-atlanta-georgia-represent-you\">Deixe que nossos experientes advogados especializados em acidentes com caminh\u00f5es em Atlanta, Ge\u00f3rgia, representem voc\u00ea!<\/a><\/li><\/ul><\/div><\/div>\n\n\n\n<h2 class=\"wp-block-heading\" id=\"aioseo-truck-accident-statistics-in-georgia\" style=\"padding-top:var(--wp--preset--spacing--20)\">Estat\u00edsticas de acidentes com caminh\u00f5es na Ge\u00f3rgia<\/h2>\n\n\n\n<p>Os seguintes dados s\u00e3o provenientes de <strong><a href=\"https:\/\/www.gahighwaysafety.org\/\" target=\"_blank\" rel=\"noopener\">Escrit\u00f3rio de Seguran\u00e7a Rodovi\u00e1ria da Ge\u00f3rgia<\/a><\/strong> Pinta um quadro sombrio da situa\u00e7\u00e3o em rela\u00e7\u00e3o aos acidentes com caminh\u00f5es:<\/p>\n\n\n\n<ul class=\"wp-block-list\">\n<li>A Ge\u00f3rgia ocupa o quarto lugar no ranking de estados com maior incid\u00eancia de acidentes envolvendo ve\u00edculos comerciais pesados nos \u00faltimos cinco anos.<\/li>\n\n\n\n<li>Quase 350 vidas foram perdidas em acidentes com caminh\u00f5es em 2017 e 2018.<\/li>\n\n\n\n<li>Dos acidentes relatados, 57% ocorreram em \u00e1reas rurais.<\/li>\n\n\n\n<li>35% dos acidentes com caminh\u00f5es ocorreram em centros urbanos.<\/li>\n\n\n\n<li>Das mortes relatadas, 24% estavam relacionadas \u00e0 dire\u00e7\u00e3o sob efeito de \u00e1lcool.<\/li>\n\n\n\n<li>50% dos acidentes envolveram empresas de transporte rodovi\u00e1rio de fora do estado.<\/li>\n<\/ul>\n\n\n\n<h2 class=\"wp-block-heading\" id=\"aioseo-what-should-you-do-after-a-truck-accident-in-atlanta-ga\" style=\"padding-top:var(--wp--preset--spacing--20)\">O que voc\u00ea deve fazer ap\u00f3s um acidente com caminh\u00e3o em Atlanta, Ge\u00f3rgia?<\/h2>\n\n\n\n<p>Saber quais medidas tomar imediatamente ap\u00f3s um acidente com caminh\u00e3o pode fazer toda a diferen\u00e7a entre receber uma indeniza\u00e7\u00e3o ou perder essa oportunidade por causa de pequenos erros. Nossos advogados renomados sempre aconselham as pessoas a terem em mente as seguintes dicas:<\/p>\n\n\n\n<h4 class=\"wp-block-heading\" id=\"aioseo-get-help\">Obtenha ajuda<\/h4>\n\n\n\n<p>Ligue para o 911 para notificar a pol\u00edcia e os param\u00e9dicos para que se dirijam imediatamente ao local. A pol\u00edcia registrar\u00e1 o ocorrido e elaborar\u00e1 um relat\u00f3rio que poderemos usar para dar suporte \u00e0 sua reclama\u00e7\u00e3o. Os param\u00e9dicos prestar\u00e3o os primeiros socorros \u00e0s v\u00edtimas e encaminhar\u00e3o aquelas em estado grave ao hospital.<\/p>\n\n\n\n<h4 class=\"wp-block-heading\" id=\"aioseo-help-others-if-you-can\">Ajude os outros se puder.<\/h4>\n\n\n\n<p>Ajude os outros se voc\u00ea se sentir em condi\u00e7\u00f5es de prestar aux\u00edlio \u00e0s pessoas envolvidas no acidente. Ajude quem puder a chegar em seguran\u00e7a e preste os primeiros socorros a quem precisar, antes da chegada da equipe m\u00e9dica de emerg\u00eancia.<\/p>\n\n\n\n<h4 class=\"wp-block-heading\" id=\"aioseo-collect-information\">Coletar informa\u00e7\u00f5es<\/h4>\n\n\n\n<p>Troque informa\u00e7\u00f5es de contato com outras pessoas envolvidas no acidente, bem como com as testemunhas. Tente limitar a conversa a detalhes essenciais, como nomes, endere\u00e7os e n\u00fameros de telefone, e evite quaisquer declara\u00e7\u00f5es com implica\u00e7\u00f5es legais.<\/p>\n\n\n\n<h4 class=\"wp-block-heading\" id=\"aioseo-document-the-scene\">Documente a cena<\/h4>\n\n\n\n<p>Documente a cena e converse com as testemunhas, isso ajudar\u00e1 voc\u00ea a entender melhor o que aconteceu. Voc\u00ea pode usar seu smartphone para tirar fotos e gravar v\u00eddeos curtos.<\/p>\n\n\n\n<h4 class=\"wp-block-heading\" id=\"aioseo-get-medical-attention\">Procure atendimento m\u00e9dico.<\/h4>\n\n\n\n<p>Procure atendimento m\u00e9dico, mesmo que voc\u00ea ache que seus ferimentos n\u00e3o s\u00e3o graves ou se sinta bem ap\u00f3s sofrer uma pancada no acidente com o caminh\u00e3o. O ideal \u00e9 que um m\u00e9dico o examine e descarte quaisquer danos graves que possam surgir posteriormente.<\/p>\n\n\n\n<h4 class=\"wp-block-heading\" id=\"aioseo-call-an-atlanta-truck-accident-lawyer\">Contate um advogado especializado em acidentes com caminh\u00f5es em Atlanta.<\/h4>\n\n\n\n<p>Contate um advogado em Atlanta, Ge\u00f3rgia, especializado em indeniza\u00e7\u00f5es por acidentes automobil\u00edsticos, principalmente aqueles envolvendo ve\u00edculos comerciais pesados. Quanto antes voc\u00ea fizer isso, maiores ser\u00e3o suas chances de proteger seus direitos e receber a indeniza\u00e7\u00e3o devida.<\/p>\n\n\n\n<h2 class=\"wp-block-heading\" id=\"aioseo-what-are-the-laws-regarding-truck-accident-liability\" style=\"padding-top:var(--wp--preset--spacing--20)\">Quais s\u00e3o as leis relativas \u00e0 responsabilidade em acidentes com caminh\u00f5es?<\/h2>\n\n\n\n<p>Ve\u00edculos classificados como caminh\u00f5es comerciais pesados s\u00e3o grandes e possuem um GVWR (Peso Bruto Total do Ve\u00edculo) superior a 4.536 kg (10.000 libras). Alguns s\u00e3o ve\u00edculos de passageiros com capacidade para mais de 14 pessoas, incluindo o motorista. Caminh\u00f5es-guincho, caminh\u00f5es para transporte de toras, guindastes m\u00f3veis, cavalos mec\u00e2nicos, caminh\u00f5es de entrega, caminh\u00f5es plataforma e caminh\u00f5es basculantes atendem a esses requisitos.<\/p>\n\n\n\n<p>Os motoristas de caminh\u00e3o ser\u00e3o responsabilizados por acidentes decorrentes de atos imprudentes, negligentes ou indiferentes na estrada. Al\u00e9m disso, as leis da Ge\u00f3rgia sobre transporte rodovi\u00e1rio tamb\u00e9m estipulam que as empresas de transporte podem ser consideradas culpadas se n\u00e3o realizarem a manuten\u00e7\u00e3o e inspe\u00e7\u00e3o rotineiras de seus ve\u00edculos e n\u00e3o selecionarem os motoristas para garantir que sejam condutores de ve\u00edculos pesados qualificados.<\/p>\n\n\n\n<figure class=\"wp-block-image aligncenter\" style=\"margin-top:var(--wp--preset--spacing--20);margin-bottom:var(--wp--preset--spacing--20)\"><a href=\"https:\/\/dglawga.com\/wp-content\/uploads\/2022\/06\/Atlanta-truck-accident-lawyer-diaz.jpg\"><img loading=\"lazy\" decoding=\"async\" width=\"500\" height=\"333\" src=\"https:\/\/dglawga.com\/wp-content\/uploads\/2022\/06\/Atlanta-truck-accident-lawyer-diaz.jpg\" alt=\"Conceito de advogado de acidentes com caminh\u00f5es em Atlanta, caminh\u00e3o prestes a colidir com um carro\" class=\"wp-image-2808\" srcset=\"https:\/\/dglawga.com\/wp-content\/uploads\/2022\/06\/Atlanta-truck-accident-lawyer-diaz.jpg 500w, https:\/\/dglawga.com\/wp-content\/uploads\/2022\/06\/Atlanta-truck-accident-lawyer-diaz-300x200.jpg 300w\" sizes=\"auto, (max-width: 500px) 100vw, 500px\" \/><\/a><\/figure>\n\n\n\n<h2 class=\"wp-block-heading\" id=\"aioseo-how-can-a-truck-accident-lawyer-help\" style=\"padding-top:var(--wp--preset--spacing--20)\">Como um advogado especializado em acidentes com caminh\u00f5es pode ajudar?<\/h2>\n\n\n\n<p>Suas chances de obter indeniza\u00e7\u00e3o integral por seus ferimentos e preju\u00edzos s\u00e3o maiores se voc\u00ea contratar um advogado que entenda as leis pertinentes e saiba como conduzir o processo legal. No escrit\u00f3rio de advocacia Diaz &amp; Gaeta, nos comprometemos a garantir que supervisionaremos os seguintes aspectos ao represent\u00e1-lo e lutar por seus direitos e interesses:<\/p>\n\n\n\n<h4 class=\"wp-block-heading\" id=\"aioseo-investigations\">Investiga\u00e7\u00f5es<\/h4>\n\n\n\n<p>Seu advogado especializado em acidentes com caminh\u00f5es em Atlanta trabalhar\u00e1 em estreita colabora\u00e7\u00e3o com uma equipe de especialistas em diversas \u00e1reas para conduzir investiga\u00e7\u00f5es minuciosas que nos ajudar\u00e3o a compreender os fatos e as circunst\u00e2ncias do seu caso. Quanto antes iniciarmos o processo, maiores ser\u00e3o as chances de reunir informa\u00e7\u00f5es cruciais para construir uma defesa s\u00f3lida.<\/p>\n\n\n\n<h4 class=\"wp-block-heading\" id=\"aioseo-filing-a-claim\">Apresenta\u00e7\u00e3o de uma reclama\u00e7\u00e3o<\/h4>\n\n\n\n<p>Ap\u00f3s reunir toda a documenta\u00e7\u00e3o essencial que esclare\u00e7a o ocorrido e por que voc\u00ea deve ser indenizado por suas perdas, dor e sofrimento, o pr\u00f3ximo passo \u00e9 apresentar a reclama\u00e7\u00e3o. Nossos advogados compreendem os requisitos legais e os prazos.<\/p>\n\n\n\n<h4 class=\"wp-block-heading\" id=\"aioseo-negotiations\">Negocia\u00e7\u00f5es<\/h4>\n\n\n\n<p>Iremos nos reunir com a seguradora e sua equipe jur\u00eddica em uma mesa de negocia\u00e7\u00f5es e nos esfor\u00e7aremos para chegar a um acordo favor\u00e1vel. Seu advogado especializado em acidentes com caminh\u00f5es supervisionar\u00e1 a negocia\u00e7\u00e3o e o proteger\u00e1 de ser enganado e levado a aceitar ofertas muito baixas da seguradora.<\/p>\n\n\n\n<h4 class=\"wp-block-heading\" id=\"aioseo-litigation\">Lit\u00edgio<\/h4>\n\n\n\n<p>Somos um escrit\u00f3rio de advocacia ciente de que nem todas as negocia\u00e7\u00f5es s\u00e3o bem-sucedidas. Nessa situa\u00e7\u00e3o, estamos preparados para levar seu caso ao tribunal. Garantimos que voc\u00ea ter\u00e1 uma equipe de lit\u00edgio agressiva representando seus interesses.<\/p>\n\n\n\n<h2 class=\"wp-block-heading\" id=\"aioseo-what-types-of-compensation-can-i-receive-in-georgia\" style=\"padding-top:var(--wp--preset--spacing--20)\">Que tipos de compensa\u00e7\u00e3o posso receber na Ge\u00f3rgia?<\/h2>\n\n\n\n<p>Ao represent\u00e1-lo(a) em sua a\u00e7\u00e3o de indeniza\u00e7\u00e3o por acidente com caminh\u00e3o, nosso objetivo \u00e9 ajud\u00e1-lo(a) a obter a repara\u00e7\u00e3o dos danos sofridos. Nos concentraremos nas perdas que voc\u00ea sofreu e buscaremos um acordo favor\u00e1vel.<\/p>\n\n\n\n<ul class=\"wp-block-list\">\n<li><strong>Econ\u00f4mico<\/strong> <strong>Danos<\/strong> \u2013 Isso cobre perdas com valor monet\u00e1rio. Incluem suas contas hospitalares, custos com medicamentos, sal\u00e1rios perdidos, despesas com terapia e danos \u00e0 propriedade.<\/li>\n\n\n\n<li><strong>N\u00e3o econ\u00f4mico<\/strong> <strong>Danos<\/strong> \u2013 Trata-se de uma compensa\u00e7\u00e3o por perdas que t\u00eam valor monet\u00e1rio indetermin\u00e1vel, mas um impacto que altera a vida da pessoa. Exemplos incluem perda de companhia, redu\u00e7\u00e3o da qualidade de vida, sofrimento emocional e f\u00edsico, entre outros.<\/li>\n\n\n\n<li><strong>Punitivo<\/strong> <strong>Danos<\/strong> \u2013 Os danos punitivos s\u00e3o reservados para casos em que o r\u00e9u foi culpado de \u201cconduta dolosa\u201d ou neglig\u00eancia grave em rela\u00e7\u00e3o \u00e0 seguran\u00e7a de terceiros. Nossas investiga\u00e7\u00f5es mostrar\u00e3o se esses danos podem ser concedidos.<\/li>\n<\/ul>\n\n\n\n<h2 class=\"wp-block-heading\" id=\"aioseo-how-much-is-my-truck-accident-claim-worth\" style=\"padding-top:var(--wp--preset--spacing--20)\">Qual o valor da minha indeniza\u00e7\u00e3o por acidente com caminh\u00e3o?<\/h2>\n\n\n\n<p>Cada acidente com caminh\u00e3o \u00e9 \u00fanico. Fatores e circunst\u00e2ncias singulares determinam o valor de uma poss\u00edvel indeniza\u00e7\u00e3o. Trata-se de um processo complexo que exige conhecimento profundo das leis envolvidas. Levaremos em considera\u00e7\u00e3o sua dor e sofrimento, bem como todas as despesas incorridas, como tratamento, medicamentos, custos de terapia ou reparos em seu ve\u00edculo.<\/p>\n\n\n\n<h2 class=\"wp-block-heading\" id=\"aioseo-is-there-a-deadline-for-filing-a-claim-in-georgia\" style=\"padding-top:var(--wp--preset--spacing--20)\">Existe um prazo limite para apresentar uma reclama\u00e7\u00e3o na Ge\u00f3rgia?<\/h2>\n\n\n\n<p>As v\u00edtimas de acidentes com caminh\u00f5es t\u00eam <a href=\"http:\/\/ga.elaws.us\/law\/section9-3-33\" target=\"_blank\" rel=\"noopener\">dois anos<\/a> A partir da data do incidente, as v\u00edtimas t\u00eam at\u00e9 12 meses para apresentar seus pedidos de indeniza\u00e7\u00e3o. Elas podem perder o direito \u00e0 indeniza\u00e7\u00e3o se n\u00e3o apresentarem o pedido dentro do prazo estipulado. Observe que esse prazo \u00e9 menor se o processo for movido contra uma ag\u00eancia governamental estadual ou federal.<\/p>\n\n\n\n<figure class=\"wp-block-image aligncenter\" style=\"margin-top:var(--wp--preset--spacing--20);margin-bottom:var(--wp--preset--spacing--20)\"><a href=\"https:\/\/dglawga.com\/wp-content\/uploads\/2022\/06\/statute-of-limitations-law-book.jpg\"><img loading=\"lazy\" decoding=\"async\" width=\"500\" height=\"333\" src=\"https:\/\/dglawga.com\/wp-content\/uploads\/2022\/06\/statute-of-limitations-law-book.jpg\" alt=\"Um advogado especializado em acidentes com caminh\u00f5es em Atlanta analisar\u00e1 o prazo de prescri\u00e7\u00e3o do seu caso para que voc\u00ea seja indenizado. \" class=\"wp-image-2811\" srcset=\"https:\/\/dglawga.com\/wp-content\/uploads\/2022\/06\/statute-of-limitations-law-book.jpg 500w, https:\/\/dglawga.com\/wp-content\/uploads\/2022\/06\/statute-of-limitations-law-book-300x200.jpg 300w\" sizes=\"auto, (max-width: 500px) 100vw, 500px\" \/><\/a><\/figure>\n\n\n\n<p><\/p>\n\n\n\n<h2 class=\"wp-block-heading\" id=\"aioseo-how-is-fault-in-a-truck-accident-determined\" style=\"padding-top:var(--wp--preset--spacing--20)\">Como se determina a culpa em um acidente com caminh\u00e3o?<\/h2>\n\n\n\n<p>Como v\u00edtima do acidente, a lei exige que voc\u00ea prove que o r\u00e9u \u00e9 respons\u00e1vel pelo incidente e deve indeniz\u00e1-lo por seus ferimentos, perdas e sofrimento. Para isso, demonstraremos ao juiz e ao j\u00fari o seguinte:<\/p>\n\n\n\n<ul class=\"wp-block-list\">\n<li>O r\u00e9u tinha o dever de cuidar de voc\u00ea. Todos os motoristas de caminh\u00e3o t\u00eam a responsabilidade de seguir as leis de tr\u00e2nsito e <a href=\"https:\/\/www.fmcsa.dot.gov\/\" target=\"_blank\" rel=\"noopener\">Regras de seguran\u00e7a da FMCSA<\/a>.<\/li>\n\n\n\n<li>O r\u00e9u violou seu dever de cuidado ao se comportar de forma imprudente ou negligente.<\/li>\n\n\n\n<li>Prove que essa viola\u00e7\u00e3o do dever de cuidado resultou no acidente, nos seus ferimentos e nos seus preju\u00edzos.<\/li>\n\n\n\n<li>Demonstrar ao tribunal que voc\u00ea sofreu les\u00f5es e perdas reais.<\/li>\n<\/ul>\n\n\n\n<h2 class=\"wp-block-heading\" id=\"aioseo-can-a-lawyer-prove-the-truck-driver-was-negligent\" style=\"padding-top:var(--wp--preset--spacing--20)\">Um advogado pode provar que o motorista do caminh\u00e3o foi negligente?<\/h2>\n\n\n\n<p>A apresenta\u00e7\u00e3o de provas dos atos de neglig\u00eancia do motorista do caminh\u00e3o \u00e9 fundamental para determinar a responsabilidade. Evid\u00eancias importantes que demonstram as a\u00e7\u00f5es imprudentes ou negligentes do motorista podem incluir dados da caixa-preta, o boletim de ocorr\u00eancia policial, depoimentos de testemunhas, fotos e v\u00eddeos do local do acidente e testemunho de especialistas em reconstru\u00e7\u00e3o de acidentes.<\/p>\n\n\n\n<h2 class=\"wp-block-heading\" id=\"aioseo-who-can-be-held-liable\" style=\"padding-top:var(--wp--preset--spacing--20)\">Quem pode ser responsabilizado?<\/h2>\n\n\n\n<p>Diferentes partes podem ser responsabilizadas pelo acidente e ser\u00e3o obrigadas a indeniz\u00e1-lo por seus ferimentos, perdas, dor e sofrimento. Os potenciais culpados que j\u00e1 vimos serem responsabilizados por tais acidentes s\u00e3o:<\/p>\n\n\n\n<ul class=\"wp-block-list\">\n<li>O motorista do caminh\u00e3o, seja ele empregado ou propriet\u00e1rio do ve\u00edculo.<\/li>\n\n\n\n<li>A empresa de transporte rodovi\u00e1rio que contratou o motorista e \u00e9 propriet\u00e1ria do caminh\u00e3o.<\/li>\n\n\n\n<li>A empresa de carregamento foi responsabilizada por n\u00e3o ter assegurado a carga durante o transporte ou por sobrecarregar o ve\u00edculo pesado.<\/li>\n\n\n\n<li>O fabricante para a produ\u00e7\u00e3o de um ve\u00edculo com <strong><a href=\"https:\/\/dglawga.com\/pt\/atlanta\/advogado-de-responsabilidade-por-produtos-defeituosos\/\">pe\u00e7as defeituosas<\/a><\/strong>, o que contribuiu para o acidente.<\/li>\n<\/ul>\n\n\n\n<h2 class=\"wp-block-heading\" id=\"aioseo-common-causes-of-truck-accidents\" style=\"padding-top:var(--wp--preset--spacing--20)\">Causas comuns de acidentes com caminh\u00f5es<\/h2>\n\n\n\n<p>N\u00f3s, da Diaz &amp; Gaeta, j\u00e1 vimos diversas v\u00edtimas de acidentes com caminh\u00f5es procurarem nosso escrit\u00f3rio em busca de assessoria jur\u00eddica especializada e representa\u00e7\u00e3o para seus pedidos de indeniza\u00e7\u00e3o. Muitos acidentes com caminh\u00f5es s\u00e3o causados por:<\/p>\n\n\n\n<ul class=\"wp-block-list\">\n<li>Fadiga do motorista.<\/li>\n\n\n\n<li>Condu\u00e7\u00e3o imprudente.<\/li>\n\n\n\n<li>Condu\u00e7\u00e3o distra\u00edda.<\/li>\n\n\n\n<li>Abuso de subst\u00e2ncias (intoxica\u00e7\u00e3o).<\/li>\n\n\n\n<li>Carga com dimens\u00f5es excessivas ou acondicionada incorretamente.<\/li>\n\n\n\n<li>Condutores sem forma\u00e7\u00e3o ou experi\u00eancia.<\/li>\n\n\n\n<li>Manuten\u00e7\u00e3o inadequada do caminh\u00e3o.<\/li>\n\n\n\n<li>Mau funcionamento do equipamento ou de uma pe\u00e7a.<\/li>\n\n\n\n<li>M\u00e1s condi\u00e7\u00f5es da estrada.<\/li>\n<\/ul>\n\n\n\n<h2 class=\"wp-block-heading\" id=\"aioseo-let-our-seasoned-truck-accident-attorneys-in-atlanta-georgia-represent-you\" style=\"padding-top:var(--wp--preset--spacing--20)\">Deixe que nossos experientes advogados especializados em acidentes com caminh\u00f5es em Atlanta, Ge\u00f3rgia, representem voc\u00ea!<\/h2>\n\n\n\n<p>Se voc\u00ea busca indeniza\u00e7\u00e3o ap\u00f3s um acidente com caminh\u00e3o, aqueles que voc\u00ea est\u00e1 processando oferecer\u00e3o uma resist\u00eancia s\u00f3lida, e os requisitos legais podem ser um obst\u00e1culo assustador. No geral, as coisas podem se tornar extremamente complexas, e \u00e9 por isso que o melhor \u00e9 nos permitir cuidar dos assuntos legais em seu nome.<\/p>\n\n\n\n<p>No <a href=\"https:\/\/dglawga.com\/pt\/\"><strong>Diaz e Gaeta<\/strong><\/a>,Nossos advogados experientes sabem como lutar para garantir que os clientes recebam a indeniza\u00e7\u00e3o integral por suas perdas, dor e sofrimento. Voc\u00ea pode nos ligar pelo telefone <a href=\"tel:+16785032780\"><strong>678-503-2780<\/strong><\/a> Agende uma consulta com nossos advogados especializados em acidentes com caminh\u00f5es em Atlanta e saiba mais sobre como podemos ajud\u00e1-lo. Trabalhamos com honor\u00e1rios de conting\u00eancia, permitindo que voc\u00ea se concentre na sua recupera\u00e7\u00e3o em vez de se preocupar com os custos legais.<\/p>","protected":false},"excerpt":{"rendered":"<p>Georgia ranks fourth in the country for truck accidents, and these types of accidents often leave victims with devastating injuries. You should not have to bear the financial losses and suffering caused by someone&#8217;s negligence. You should contact a reputable Atlanta truck accident lawyer as soon as possible.&nbsp;Your odds of getting full compensation for your [&hellip;]<\/p>\n","protected":false},"author":34,"featured_media":0,"parent":55,"menu_order":0,"comment_status":"closed","ping_status":"closed","template":"wp-custom-template-atlanta-services","meta":{"_acf_changed":false,"_themeisle_gutenberg_block_has_review":false,"footnotes":""},"categories":[4],"tags":[124,123,120,21,122,59,126,58,121,125,119,26,118,116,117,22],"class_list":["post-1931","page","type-page","status-publish","hentry","category-atlanta-location","tag-abogado-coche-acidente","tag-abogado-gratis","tag-attorney-lawyer","tag-car-accidents","tag-car-accidents-lawyer","tag-family-law","tag-imigracion-abogados","tag-immigration","tag-immigration-lawyer","tag-marietta-abogado","tag-marietta-lawyer","tag-personal-injury","tag-top-lawyer-in-marietta","tag-top-lawyers-in-atlanta","tag-top-lawyers-in-smyrna","tag-truck-accident"],"acf":[],"aioseo_notices":[],"_links":{"self":[{"href":"https:\/\/dglawga.com\/pt\/wp-json\/wp\/v2\/pages\/1931","targetHints":{"allow":["GET"]}}],"collection":[{"href":"https:\/\/dglawga.com\/pt\/wp-json\/wp\/v2\/pages"}],"about":[{"href":"https:\/\/dglawga.com\/pt\/wp-json\/wp\/v2\/types\/page"}],"author":[{"embeddable":true,"href":"https:\/\/dglawga.com\/pt\/wp-json\/wp\/v2\/users\/34"}],"replies":[{"embeddable":true,"href":"https:\/\/dglawga.com\/pt\/wp-json\/wp\/v2\/comments?post=1931"}],"version-history":[{"count":2,"href":"https:\/\/dglawga.com\/pt\/wp-json\/wp\/v2\/pages\/1931\/revisions"}],"predecessor-version":[{"id":7713,"href":"https:\/\/dglawga.com\/pt\/wp-json\/wp\/v2\/pages\/1931\/revisions\/7713"}],"up":[{"embeddable":true,"href":"https:\/\/dglawga.com\/pt\/wp-json\/wp\/v2\/pages\/55"}],"wp:attachment":[{"href":"https:\/\/dglawga.com\/pt\/wp-json\/wp\/v2\/media?parent=1931"}],"wp:term":[{"taxonomy":"category","embeddable":true,"href":"https:\/\/dglawga.com\/pt\/wp-json\/wp\/v2\/categories?post=1931"},{"taxonomy":"post_tag","embeddable":true,"href":"https:\/\/dglawga.com\/pt\/wp-json\/wp\/v2\/tags?post=1931"}],"curies":[{"name":"wp","href":"https:\/\/api.w.org\/{rel}","templated":true}]}}