{"id":1937,"date":"2022-06-07T16:18:12","date_gmt":"2022-06-07T16:18:12","guid":{"rendered":"https:\/\/diazgaetalaw.wpengine.com\/?page_id=1937"},"modified":"2025-06-15T13:13:47","modified_gmt":"2025-06-15T18:13:47","slug":"advogado-de-acidentes-da-uber","status":"publish","type":"page","link":"https:\/\/dglawga.com\/pt\/atlanta-2\/uber-accident-lawyer\/","title":{"rendered":"Advogado de Acidentes com Uber em Atlanta"},"content":{"rendered":"<p>A popularidade de <strong><a href=\"https:\/\/edu.gcfglobal.org\/en\/sharingeconomy\/what-is-ridesharing\/1\/\" target=\"_blank\" rel=\"noopener nofollow\">carona compartilhada<\/a><\/strong> Os servi\u00e7os de transporte aumentaram exponencialmente nos \u00faltimos sete anos. Os passageiros esperam estar seguros ao usar esses servi\u00e7os, mas acidentes ainda ocorrem.<\/p>\n\n\n\n<p>A Uber e a Lyft estiveram envolvidas em milhares de acidentes, alguns dos quais resultaram em mortes.<\/p>\n\n\n\n<p>Os sobreviventes desses acidentes frequentemente ficam com contas m\u00e9dicas caras e sequelas permanentes. Nossos advogados especializados em acidentes com a Uber em Atlanta trabalham para ajudar esses sobreviventes a obter a indeniza\u00e7\u00e3o que merecem.<\/p>\n\n\n\n<p>Nosso escrit\u00f3rio em Atlanta se empenha em oferecer servi\u00e7os jur\u00eddicos confi\u00e1veis e acess\u00edveis a todos que precisarem.<\/p>\n\n\n\n<p>Nossos advogados s\u00e3o especializados em casos de les\u00f5es corporais e t\u00eam experi\u00eancia em lidar com casos que envolvem empresas de transporte por aplicativo.<\/p>\n\n\n\n<p>Na Diaz &amp; Gaeta, tratamos todos os nossos clientes como fam\u00edlia. Se voc\u00ea sofreu uma les\u00e3o em um acidente, entre em contato conosco. <strong><a href=\"https:\/\/dglawga.com\/pt\/atlanta\/advogado-de-acidentes-de-carro\/\">acidente de carro em Atlanta<\/a><\/strong> Se voc\u00ea estiver utilizando um servi\u00e7o de transporte por aplicativo, entre em contato com nossa equipe de atendimento o mais breve poss\u00edvel.<\/p>\n\n\n\n<p>Ligue-nos hoje mesmo para <a href=\"tel:+16785032780\"><strong>678-503-2780<\/strong><\/a> Para receber uma avalia\u00e7\u00e3o gratuita do seu caso.<\/p>\n\n\n\n<div class=\"wp-block-group has-accent-background-color has-background is-vertical is-layout-flex wp-container-core-group-is-layout-283d9697 wp-block-group-is-layout-flex\" style=\"border-top-left-radius:15px;border-top-right-radius:15px;margin-top:var(--wp--preset--spacing--30)\">\n<h2 class=\"wp-block-heading has-primary-color has-text-color has-link-color wp-elements-4164a61e17ffbe9e8a7446952ec87a5a\" id=\"aioseo-table-of-contents\">\u00cdNDICE<\/h2>\n<\/div>\n\n\n\n<div class=\"wp-block-group has-background is-vertical is-layout-flex wp-container-core-group-is-layout-d644fc7a wp-block-group-is-layout-flex\" style=\"border-bottom-left-radius:15px;border-bottom-right-radius:15px;background-color:#f3f3f3;margin-top:0\"><div class=\"wp-block-aioseo-table-of-contents\"><ul><li><a class=\"aioseo-toc-item\" href=\"#aioseo-company\">Empresa<\/a><\/li><li><a class=\"aioseo-toc-item\" href=\"#aioseo-contact-details\">Detalhes de contato<\/a><ul><\/ul><\/li><li><a class=\"aioseo-toc-item\" href=\"#aioseo-uber-and-lyft-accident-statistics\">Estat\u00edsticas de acidentes da Uber e da Lyft<\/a><\/li><li><a class=\"aioseo-toc-item\" href=\"#aioseo-what-are-the-most-common-types-of-uber-and-lyft-accidents\">Quais s\u00e3o os tipos mais comuns de acidentes envolvendo Uber e Lyft?<\/a><\/li><li><a class=\"aioseo-toc-item\" href=\"#aioseo-who-can-be-found-liable-in-an-uber-accident\">Quem pode ser responsabilizado em um acidente com um Uber?<\/a><ul><li><a class=\"aioseo-toc-item\" href=\"#aioseo-the-uber-or-lyft-driver\">O motorista da Uber ou da Lyft<\/a><\/li><li><a class=\"aioseo-toc-item\" href=\"#aioseo-the-rideshare-companies\">As empresas de transporte por aplicativo<\/a><\/li><li><a class=\"aioseo-toc-item\" href=\"#aioseo-potential-third-parties\">Potenciais Terceiros<\/a><\/li><\/ul><\/li><li><a class=\"aioseo-toc-item\" href=\"#aioseo-how-are-uber-accident-cases-different-from-regular-car-accident-cases\">Quais s\u00e3o as diferen\u00e7as entre acidentes com ve\u00edculos da Uber e acidentes de carro comuns?<\/a><\/li><li><a class=\"aioseo-toc-item\" href=\"#aioseo-does-uber-have-a-1-million-insurance-policy-for-accidents\">A Uber possui uma ap\u00f3lice de seguro de $1 milh\u00e3o para acidentes?<\/a><\/li><li><a class=\"aioseo-toc-item\" href=\"#aioseo-what-type-of-compensation-can-i-seek-in-an-uber-accident\">Que tipo de indeniza\u00e7\u00e3o posso solicitar em caso de acidente com um Uber?<\/a><\/li><li><a class=\"aioseo-toc-item\" href=\"#aioseo-should-i-just-accept-a-settlement-offer\">Devo simplesmente aceitar uma proposta de acordo?<\/a><\/li><li><a class=\"aioseo-toc-item\" href=\"#aioseo-how-much-will-an-atlanta-uber-accident-lawyer-cost\">Quanto custa um advogado especializado em acidentes com Uber em Atlanta?<\/a><\/li><li><a class=\"aioseo-toc-item\" href=\"#aioseo-are-there-time-limits-for-filing-an-uber-accident-claim\">Existe um prazo limite para apresentar uma reclama\u00e7\u00e3o por acidente com a Uber?<\/a><\/li><li><a class=\"aioseo-toc-item\" href=\"#aioseo-why-do-i-need-a-atlanta-uber-accident-lawyer\">Por que preciso de um advogado especializado em acidentes com Uber em Atlanta?<\/a><ul><li><a class=\"aioseo-toc-item\" href=\"#aioseo-case-prep-paperwork\">Prepara\u00e7\u00e3o do caso e documenta\u00e7\u00e3o<\/a><\/li><li><a class=\"aioseo-toc-item\" href=\"#aioseo-negotiations\">Negocia\u00e7\u00f5es<\/a><\/li><li><a class=\"aioseo-toc-item\" href=\"#aioseo-trial-prep-representation\">Prepara\u00e7\u00e3o para julgamento e representa\u00e7\u00e3o<\/a><\/li><\/ul><\/li><li><a class=\"aioseo-toc-item\" href=\"#aioseo-injured-in-a-uber-accident-call-your-atlanta-uber-accident-lawyer-today\">Sofreu um acidente com um Uber? Ligue hoje mesmo para um advogado especializado em acidentes com Uber em Atlanta!<\/a><\/li><\/ul><\/div><\/div>\n\n\n\n<h2 class=\"wp-block-heading\" id=\"aioseo-uber-and-lyft-accident-statistics\" style=\"padding-top:var(--wp--preset--spacing--20)\">Estat\u00edsticas de acidentes da Uber e da Lyft<\/h2>\n\n\n\n<p>Empresas como Uber e Lyft n\u00e3o est\u00e3o muito dispostas a divulgar suas estat\u00edsticas de acidentes. Elas querem que o p\u00fablico acredite que n\u00e3o h\u00e1 riscos envolvidos no uso de seus servi\u00e7os, mas, infelizmente, esse n\u00e3o \u00e9 o caso.<\/p>\n\n\n\n<p>Em 2017 e 2018, <strong><a href=\"https:\/\/www.uber-assets.com\/image\/upload\/v1575580686\/Documents\/Safety\/UberUSSafetyReport_201718_FullReport.pdf?uclick_id=4bdba197-72f4-46b2-bfa8-e32e2f3d633c\" target=\"_blank\" rel=\"noopener\">108 mortes<\/a><\/strong> estavam relacionadas a acidentes envolvendo motoristas da Uber. Mais da metade dessas mortes envolveram terceiros, que n\u00e3o o motorista ou o passageiro do ve\u00edculo.<\/p>\n\n\n\n<p>Acidentes s\u00e3o praticamente imposs\u00edveis de evitar completamente quando mais de 91 milh\u00f5es de clientes usam o Uber todos os meses. Muitos especialistas acreditam que esses servi\u00e7os t\u00eam <strong><a href=\"https:\/\/news.uchicago.edu\/story\/ride-hailing-services-may-be-driving-traffic-deaths\" target=\"_blank\" rel=\"noopener\">causou um aumento significativo nas mortes no tr\u00e2nsito<\/a><\/strong>.<\/p>\n\n\n\n<p>Mais de 90% desses acidentes ocorrem em \u00e1reas urbanas densamente povoadas.<\/p>\n\n\n\n<h2 class=\"wp-block-heading\" id=\"aioseo-what-are-the-most-common-types-of-uber-and-lyft-accidents\" style=\"padding-top:var(--wp--preset--spacing--20)\">Quais s\u00e3o os tipos mais comuns de acidentes envolvendo Uber e Lyft?<\/h2>\n\n\n\n<p>Acidentes envolvendo servi\u00e7os de transporte por aplicativo podem envolver v\u00e1rias partes e causar danos materiais a diversos ve\u00edculos. Nosso objetivo \u00e9 identificar o respons\u00e1vel pelo acidente e buscar indeniza\u00e7\u00e3o junto \u00e0 seguradora competente.<\/p>\n\n\n\n<p>Estes s\u00e3o alguns dos tipos mais comuns de acidentes com que lidamos regularmente:<\/p>\n\n\n\n<ul class=\"wp-block-list\">\n<li>Les\u00f5es sofridas por passageiros causadas pela neglig\u00eancia do motorista.<\/li>\n\n\n\n<li>Les\u00f5es sofridas por um passageiro foram causadas pela neglig\u00eancia de um motorista de aplicativo em outro ve\u00edculo.<\/li>\n\n\n\n<li>Les\u00f5es em passageiros e\/ou motoristas causadas por um <strong><a href=\"https:\/\/dglawga.com\/pt\/atlanta\/advogado-de-responsabilidade-por-produtos-defeituosos\/\">componente defeituoso do ve\u00edculo<\/a><\/strong>.<\/li>\n\n\n\n<li>Les\u00f5es a terceiros causadas pela neglig\u00eancia de um motorista da Uber ou da Lyft.<\/li>\n\n\n\n<li>Les\u00f5es do motorista causadas por sua pr\u00f3pria neglig\u00eancia.<\/li>\n\n\n\n<li>Les\u00e3o do condutor causada pela neglig\u00eancia de outro condutor.<\/li>\n\n\n\n<li>Danos materiais causados pela neglig\u00eancia de um motorista de aplicativo de transporte.<\/li>\n<\/ul>\n\n\n\n<h2 class=\"wp-block-heading\" id=\"aioseo-who-can-be-found-liable-in-an-uber-accident\" style=\"padding-top:var(--wp--preset--spacing--20)\">Quem pode ser responsabilizado em um acidente com um Uber?<\/h2>\n\n\n\n<p>Nossos advogados trabalham incansavelmente para determinar quem \u00e9 o respons\u00e1vel quando ocorre um acidente. Fazemos isso reunindo o m\u00e1ximo de provas poss\u00edvel relacionadas ao incidente.<\/p>\n\n\n\n<p>Isso pode incluir imagens de c\u00e2meras internas do ve\u00edculo, imagens de c\u00e2meras externas, depoimentos de testemunhas e relat\u00f3rios oficiais. Mas quem exatamente pode ser considerado respons\u00e1vel nesses casos?<\/p>\n\n\n\n<h4 class=\"wp-block-heading\" id=\"aioseo-the-uber-or-lyft-driver\">O motorista da Uber ou da Lyft<\/h4>\n\n\n\n<p>Essa \u00e9 a solu\u00e7\u00e3o mais comum. Se o motorista agiu de forma negligente e causou um acidente que resultou em ferimentos, ent\u00e3o ele \u00e9 respons\u00e1vel por indenizar as v\u00edtimas.<\/p>\n\n\n\n<p>O motorista est\u00e1 coberto por uma ap\u00f3lice de seguro da Uber, cujo valor varia dependendo de quando o acidente ocorreu. A Lyft possui uma ap\u00f3lice de seguro semelhante para seus motoristas.<\/p>\n\n\n\n<h4 class=\"wp-block-heading\" id=\"aioseo-the-rideshare-companies\">As empresas de transporte por aplicativo<\/h4>\n\n\n\n<p>\u00c9 muito raro que as pr\u00f3prias empresas sejam responsabilizadas por um acidente. Essas empresas n\u00e3o empregam tecnicamente os motoristas. Em vez disso, eles trabalham como contratados independentes.<\/p>\n\n\n\n<p>A Uber e a Lyft utilizam essa separa\u00e7\u00e3o para proteger suas empresas de responsabilidades legais. No entanto, processos contra a Uber e a Lyft n\u00e3o s\u00e3o totalmente incomuns.<\/p>\n\n\n\n<p>Um cliente processou recentemente a Uber em 1.663 milh\u00f5es de d\u00f3lares porque a empresa permitiu que um motorista com hist\u00f3rico de dire\u00e7\u00e3o imprudente dirigisse um Uber e causasse um acidente.<\/p>\n\n\n\n<h4 class=\"wp-block-heading\" id=\"aioseo-potential-third-parties\">Potenciais Terceiros<\/h4>\n\n\n\n<p>Existem algumas alternativas poss\u00edveis, dependendo das circunst\u00e2ncias do acidente. Por exemplo, um fabricante pode ser responsabilizado se uma de suas pe\u00e7as foi a causa do acidente. Se o acidente foi causado por m\u00e1 conserva\u00e7\u00e3o da estrada, ent\u00e3o a organiza\u00e7\u00e3o respons\u00e1vel pela manuten\u00e7\u00e3o pode ser responsabilizada.<\/p>\n\n\n\n<p>Em geral, comprovar a responsabilidade \u00e9 uma tarefa dif\u00edcil que exige advogados especializados em acidentes com a Uber em Atlanta, com experi\u00eancia nesse tipo de ocorr\u00eancia. Precisamos demonstrar que a pessoa respons\u00e1vel pelo acidente tinha o dever de agir com responsabilidade, que falhou nesse dever e que essa falha foi a causa do acidente.<\/p>\n\n\n\n<p>Em seguida, negociamos com as seguradoras para chegar a um acordo que reflita os preju\u00edzos da v\u00edtima.<\/p>\n\n\n\n<h2 class=\"wp-block-heading\" id=\"aioseo-how-are-uber-accident-cases-different-from-regular-car-accident-cases\" style=\"padding-top:var(--wp--preset--spacing--20)\">Quais s\u00e3o as diferen\u00e7as entre acidentes com ve\u00edculos da Uber e acidentes de carro comuns?<\/h2>\n\n\n\n<p>Em muitos aspectos, esses casos s\u00e3o tratados da mesma forma que qualquer outro acidente de autom\u00f3vel. A principal diferen\u00e7a entre um acidente envolvendo um ve\u00edculo de transporte por aplicativo e qualquer outro acidente de autom\u00f3vel est\u00e1 no seguro envolvido.<\/p>\n\n\n\n<p>Existe ainda a possibilidade de uma grande empresa ser responsabilizada pelos danos. De resto, o caso \u00e9 tratado de forma semelhante a outras a\u00e7\u00f5es de indeniza\u00e7\u00e3o por danos pessoais envolvendo ve\u00edculos.<\/p>\n\n\n\n<h2 class=\"wp-block-heading\" id=\"aioseo-does-uber-have-a-1-million-insurance-policy-for-accidents\" style=\"padding-top:var(--wp--preset--spacing--20)\">A Uber possui uma ap\u00f3lice de seguro de $1 milh\u00e3o para acidentes?<\/h2>\n\n\n\n<p>Sim. Ambos. <strong><a href=\"https:\/\/www.uber.com\/us\/en\/drive\/insurance\/\" target=\"_blank\" rel=\"noopener\">Uber<\/a><\/strong> e <strong><a href=\"https:\/\/www.lyft.com\/driver\/insurance\" target=\"_blank\" rel=\"noopener\">Lyft<\/a><\/strong> Possuem um seguro contra acidentes com cobertura m\u00e1xima de 1 milh\u00e3o de libras esterlinas. No entanto, essas ap\u00f3lices s\u00f3 est\u00e3o dispon\u00edveis em determinados per\u00edodos. Ambas as empresas dividem as viagens em tr\u00eas per\u00edodos.<\/p>\n\n\n\n<p>O primeiro per\u00edodo \u00e9 o tempo em que o aplicativo est\u00e1 desligado. Durante esse per\u00edodo, a cobertura do seguro pessoal do motorista continua v\u00e1lida.<\/p>\n\n\n\n<p>O segundo per\u00edodo se refere ao momento em que o motorista est\u00e1 conectado ao aplicativo da Uber, mas ainda n\u00e3o aceitou nenhuma corrida. Esse per\u00edodo tem abrang\u00eancia limitada, pois o motorista n\u00e3o est\u00e1 prestando servi\u00e7os para a Uber no momento.<\/p>\n\n\n\n<p>Os limites durante esse per\u00edodo s\u00e3o de $50.000 para cobertura de danos corporais por pessoa, $100.000 para cobertura de danos corporais por acidente e $25.000 para cobertura de danos materiais.<\/p>\n\n\n\n<p>O terceiro per\u00edodo \u00e9 o tempo em que o motorista da Uber est\u00e1 buscando ou transportando passageiros. Durante esse per\u00edodo, a ap\u00f3lice de seguro oferece cobertura de 1 a 6 milh\u00f5es de d\u00f3lares. Os mesmos per\u00edodos e valores de cobertura se aplicam tamb\u00e9m aos motoristas da Lyft.<\/p>\n\n\n\n<p>Uma cobertura de 1 milh\u00e3o de d\u00f3lares certamente ajuda, mas voc\u00ea ainda pode esperar que eles lutem contra o pagamento da indeniza\u00e7\u00e3o adequada. \u00c9 a\u00ed que entra a ajuda de um advogado especializado em acidentes com a Uber.<\/p>\n\n\n\n<p>Negociaremos um acordo adequado ou levaremos o caso ao tribunal e lutaremos pela sua indeniza\u00e7\u00e3o.<\/p>\n\n\n\n<figure class=\"wp-block-image aligncenter\"><a href=\"https:\/\/dglawga.com\/wp-content\/uploads\/2022\/06\/Atlanta-uber-accidnet-lawyer-diaz.jpg\"><img loading=\"lazy\" decoding=\"async\" width=\"500\" height=\"333\" src=\"https:\/\/dglawga.com\/wp-content\/uploads\/2022\/06\/Atlanta-uber-accidnet-lawyer-diaz.jpg\" alt=\"Aplicativo de transporte compartilhado, conceito de advogado de acidentes da Uber em Atlanta\" class=\"wp-image-2836\" srcset=\"https:\/\/dglawga.com\/wp-content\/uploads\/2022\/06\/Atlanta-uber-accidnet-lawyer-diaz.jpg 500w, https:\/\/dglawga.com\/wp-content\/uploads\/2022\/06\/Atlanta-uber-accidnet-lawyer-diaz-300x200.jpg 300w\" sizes=\"auto, (max-width: 500px) 100vw, 500px\" \/><\/a><\/figure>\n\n\n\n<h2 class=\"wp-block-heading\" id=\"aioseo-what-type-of-compensation-can-i-seek-in-an-uber-accident\" style=\"padding-top:var(--wp--preset--spacing--20)\">Que tipo de indeniza\u00e7\u00e3o posso solicitar em caso de acidente com um Uber?<\/h2>\n\n\n\n<p>Existem tr\u00eas tipos principais de indeniza\u00e7\u00e3o que podem ser concedidos \u00e0 v\u00edtima de um acidente envolvendo um ve\u00edculo da Uber ou de outro servi\u00e7o de transporte por aplicativo:<\/p>\n\n\n\n<ul class=\"wp-block-list\">\n<li><strong>Danos econ\u00f4micos:<\/strong> Esses danos representam a maior parte da maioria dos acordos. Eles cobrem perdas financeiras como perda de renda, despesas m\u00e9dicas, custos de reabilita\u00e7\u00e3o e custos de reparo de bens.<\/li>\n\n\n\n<li><strong>Danos n\u00e3o econ\u00f4micos:<\/strong> Essa indeniza\u00e7\u00e3o cobre o sofrimento mental e emocional causado pelo acidente. Exemplos comuns incluem dor e sofrimento, bem como a perda da qualidade de vida.<\/li>\n\n\n\n<li><strong>Danos punitivos:<\/strong> Os r\u00e9us podem ser condenados a pagar indeniza\u00e7\u00f5es punitivas, al\u00e9m de outras indeniza\u00e7\u00f5es, como forma de puni\u00e7\u00e3o. \u00c9 necess\u00e1rio comprovar que a parte respons\u00e1vel agiu de forma maliciosa ou intencionalmente imprudente.<\/li>\n<\/ul>\n\n\n\n<h2 class=\"wp-block-heading\" id=\"aioseo-should-i-just-accept-a-settlement-offer\" style=\"padding-top:var(--wp--preset--spacing--20)\">Devo simplesmente aceitar uma proposta de acordo?<\/h2>\n\n\n\n<p>Voc\u00ea nunca deve aceitar um acordo sem antes consultar um advogado especializado em acidentes com Uber em Atlanta. As seguradoras s\u00e3o conhecidas por oferecerem indeniza\u00e7\u00f5es baixas \u00e0s v\u00edtimas, pois isso lhes permite economizar dinheiro.<\/p>\n\n\n\n<p>Um advogado pode negociar com a seguradora em seu nome para garantir que ela ofere\u00e7a um acordo que cubra adequadamente suas perdas. Raramente ser\u00e1 a primeira oferta de acordo que voc\u00ea receber\u00e1.<\/p>\n\n\n\n<h2 class=\"wp-block-heading\" id=\"aioseo-how-much-will-an-atlanta-uber-accident-lawyer-cost\" style=\"padding-top:var(--wp--preset--spacing--20)\">Quanto custa um advogado especializado em acidentes com Uber em Atlanta?<\/h2>\n\n\n\n<p>Trabalhamos em casos de les\u00f5es corporais de acordo com um <strong><a href=\"https:\/\/www.americanbar.org\/groups\/public_education\/resources\/law_issues_for_consumers\/lawyerfees_contingent\/\" target=\"_blank\" rel=\"noopener\">honor\u00e1rios de conting\u00eancia<\/a><\/strong>. \u00c9 mais um motivo pelo qual lutaremos para obter a melhor indeniza\u00e7\u00e3o poss\u00edvel. Nossos honor\u00e1rios s\u00e3o cobrados como uma pequena porcentagem do valor do acordo, somente ap\u00f3s voc\u00ea ganhar o processo.<\/p>\n\n\n\n<p>Se voc\u00ea n\u00e3o receber o pagamento, n\u00f3s tamb\u00e9m n\u00e3o receberemos.<\/p>\n\n\n\n<h2 class=\"wp-block-heading\" id=\"aioseo-are-there-time-limits-for-filing-an-uber-accident-claim\" style=\"padding-top:var(--wp--preset--spacing--20)\">Existe um prazo limite para apresentar uma reclama\u00e7\u00e3o por acidente com a Uber?<\/h2>\n\n\n\n<p>Voc\u00ea ter\u00e1 <strong>2 anos<\/strong> a partir da data do acidente para apresentar um <strong><a href=\"https:\/\/dglawga.com\/pt\/atlanta\/advogado-de-lesoes-corporais\/\">a\u00e7\u00e3o de indeniza\u00e7\u00e3o por danos pessoais<\/a><\/strong> Em caso de les\u00e3o corporal, voc\u00ea tem 4 anos para apresentar uma reclama\u00e7\u00e3o por danos ao seu ve\u00edculo. Recomendamos que voc\u00ea fa\u00e7a sua reclama\u00e7\u00e3o o mais breve poss\u00edvel.<\/p>\n\n\n\n<p>A qualidade e a quantidade das provas dispon\u00edveis diminuir\u00e3o com o tempo. \u00c9 muito mais f\u00e1cil identificar o respons\u00e1vel logo ap\u00f3s o acidente.<\/p>\n\n\n\n<h2 class=\"wp-block-heading\" id=\"aioseo-why-do-i-need-a-atlanta-uber-accident-lawyer\" style=\"padding-top:var(--wp--preset--spacing--20)\">Por que preciso de um advogado especializado em acidentes com Uber em Atlanta?<\/h2>\n\n\n\n<p>Voc\u00ea pode estar se perguntando por que contratar um advogado especializado em acidentes com Uber em Atlanta seria ben\u00e9fico para voc\u00ea. Aqui est\u00e3o algumas das maneiras pelas quais podemos ajud\u00e1-lo:<\/p>\n\n\n\n<h4 class=\"wp-block-heading\" id=\"aioseo-case-prep-paperwork\">Prepara\u00e7\u00e3o do caso e documenta\u00e7\u00e3o<\/h4>\n\n\n\n<p>Entrar com uma a\u00e7\u00e3o judicial e preparar um caso exige tempo e experi\u00eancia. Se o seu acidente foi recente, voc\u00ea pode economizar esse tempo para se concentrar na sua recupera\u00e7\u00e3o. Contratar um advogado especializado em acidentes com Uber em Atlanta tamb\u00e9m garante que tudo seja protocolado corretamente e dentro do prazo, para que sua solicita\u00e7\u00e3o n\u00e3o seja negada.<\/p>\n\n\n\n<h4 class=\"wp-block-heading\" id=\"aioseo-negotiations\">Negocia\u00e7\u00f5es<\/h4>\n\n\n\n<p>As seguradoras querem pagar o m\u00ednimo poss\u00edvel aos clientes. \u00c9 assim que elas se mant\u00eam lucrativas. N\u00e3o vamos deixar isso acontecer. Entendemos as leis, os sistemas de ap\u00f3lices e a extens\u00e3o dos danos.<\/p>\n\n\n\n<p>N\u00e3o permitiremos que nossos clientes sejam explorados.<\/p>\n\n\n\n<h4 class=\"wp-block-heading\" id=\"aioseo-trial-prep-representation\">Prepara\u00e7\u00e3o e Representa\u00e7\u00e3o para o Julgamento<\/h4>\n\n\n\n<p>Em casos raros, n\u00e3o conseguimos chegar a um acordo extrajudicial. As seguradoras simplesmente n\u00e3o aceitam um valor justo de indeniza\u00e7\u00e3o. Mas \u00e9 por isso que \u00e9 importante ter um advogado especializado em acidentes com Uber em Atlanta ao seu lado.<\/p>\n\n\n\n<p>Podemos representar sua reivindica\u00e7\u00e3o perante um juiz e um j\u00fari para garantir que voc\u00ea receba a indeniza\u00e7\u00e3o correta.<\/p>\n\n\n\n<h2 class=\"wp-block-heading\" id=\"aioseo-injured-in-a-uber-accident-call-your-atlanta-uber-accident-lawyer-today\" style=\"padding-top:var(--wp--preset--spacing--20)\">Sofreu um acidente com um Uber? Ligue hoje mesmo para um advogado especializado em acidentes com Uber em Atlanta!<\/h2>\n\n\n\n<p>Na Diaz &amp; Gaeta, estamos aqui para ajudar os moradores de Atlanta a obter a indeniza\u00e7\u00e3o a que t\u00eam direito em caso de les\u00e3o. Suas chances de conseguir um acordo justo aumentam consideravelmente quando voc\u00ea trabalha com um advogado especializado em les\u00f5es pessoais.<\/p>\n\n\n\n<p>Ajudamos a apresentar a reclama\u00e7\u00e3o, reunir provas e negociar um acordo.<\/p>\n\n\n\n<p>Todos os nossos clientes s\u00e3o como fam\u00edlia e fazemos o melhor que podemos por eles. Se voc\u00ea sofreu ferimentos em um acidente com um servi\u00e7o de transporte por aplicativo nos \u00faltimos dois anos, podemos ajudar.<\/p>\n\n\n\n<p>Ligue para n\u00f3s em <a href=\"tel:+16785032780\"><strong>678-503-2780<\/strong><\/a> Para uma avalia\u00e7\u00e3o gratuita do seu caso, entre em contato com nossa equipe. <strong><a href=\"\/pt\/\">Advogados de Atlanta especializados em les\u00f5es corporais<\/a><\/strong>.<\/p>","protected":false},"excerpt":{"rendered":"<p>The popularity of rideshare services has skyrocketed over the last seven years. Passengers expect to be safe while using these services but accidents still occur. Uber and Lyft have been involved in thousands of accidents with some even leading to death. The survivors of these accidents are often left with expensive medical bills and lifelong [&hellip;]<\/p>\n","protected":false},"author":34,"featured_media":0,"parent":55,"menu_order":0,"comment_status":"closed","ping_status":"closed","template":"wp-custom-template-atlanta-services","meta":{"_acf_changed":false,"_themeisle_gutenberg_block_has_review":false,"footnotes":""},"categories":[4],"tags":[124,123,120,21,122,59,126,58,121,125,119,26,118,116,117,22,142,143,24],"class_list":["post-1937","page","type-page","status-publish","hentry","category-atlanta-location","tag-abogado-coche-acidente","tag-abogado-gratis","tag-attorney-lawyer","tag-car-accidents","tag-car-accidents-lawyer","tag-family-law","tag-imigracion-abogados","tag-immigration","tag-immigration-lawyer","tag-marietta-abogado","tag-marietta-lawyer","tag-personal-injury","tag-top-lawyer-in-marietta","tag-top-lawyers-in-atlanta","tag-top-lawyers-in-smyrna","tag-truck-accident","tag-truck-accident-attorneys","tag-truck-crash","tag-uber-accidents"],"acf":[],"aioseo_notices":[],"_links":{"self":[{"href":"https:\/\/dglawga.com\/pt\/wp-json\/wp\/v2\/pages\/1937","targetHints":{"allow":["GET"]}}],"collection":[{"href":"https:\/\/dglawga.com\/pt\/wp-json\/wp\/v2\/pages"}],"about":[{"href":"https:\/\/dglawga.com\/pt\/wp-json\/wp\/v2\/types\/page"}],"author":[{"embeddable":true,"href":"https:\/\/dglawga.com\/pt\/wp-json\/wp\/v2\/users\/34"}],"replies":[{"embeddable":true,"href":"https:\/\/dglawga.com\/pt\/wp-json\/wp\/v2\/comments?post=1937"}],"version-history":[{"count":4,"href":"https:\/\/dglawga.com\/pt\/wp-json\/wp\/v2\/pages\/1937\/revisions"}],"predecessor-version":[{"id":8570,"href":"https:\/\/dglawga.com\/pt\/wp-json\/wp\/v2\/pages\/1937\/revisions\/8570"}],"up":[{"embeddable":true,"href":"https:\/\/dglawga.com\/pt\/wp-json\/wp\/v2\/pages\/55"}],"wp:attachment":[{"href":"https:\/\/dglawga.com\/pt\/wp-json\/wp\/v2\/media?parent=1937"}],"wp:term":[{"taxonomy":"category","embeddable":true,"href":"https:\/\/dglawga.com\/pt\/wp-json\/wp\/v2\/categories?post=1937"},{"taxonomy":"post_tag","embeddable":true,"href":"https:\/\/dglawga.com\/pt\/wp-json\/wp\/v2\/tags?post=1937"}],"curies":[{"name":"wp","href":"https:\/\/api.w.org\/{rel}","templated":true}]}}