{"id":1981,"date":"2022-06-07T17:30:37","date_gmt":"2022-06-07T17:30:37","guid":{"rendered":"https:\/\/diazgaetalaw.wpengine.com\/?page_id=1981"},"modified":"2025-06-15T12:57:59","modified_gmt":"2025-06-15T17:57:59","slug":"advogado-de-defesa-criminal","status":"publish","type":"page","link":"https:\/\/dglawga.com\/pt\/atlanta-2\/criminal-defense-lawyer\/","title":{"rendered":"Advogado de Defesa Criminal em Atlanta"},"content":{"rendered":"<p>Os casos criminais tornaram-se frequentes em Atlanta, Ge\u00f3rgia. Por exemplo, somente em mar\u00e7o de 2022, mais de 400 r\u00e9us foram condenados em tribunais por contraven\u00e7\u00f5es e crimes graves. A experi\u00eancia pode ser traumatizante se voc\u00ea n\u00e3o tiver um advogado de defesa criminal para represent\u00e1-lo no tribunal.<\/p>\n\n\n\n<p>Um advogado criminalista profissional em Atlanta deve represent\u00e1-lo no tribunal e orient\u00e1-lo em cada etapa do processo para garantir que voc\u00ea receba uma senten\u00e7a justa. O advogado tamb\u00e9m o ajudar\u00e1 a negociar um acordo judicial, se necess\u00e1rio. Caso n\u00e3o esteja satisfeito com a decis\u00e3o, voc\u00ea sempre poder\u00e1 contratar um advogado para entrar com um recurso.<\/p>\n\n\n\n<p>No escrit\u00f3rio de advocacia Diaz &amp; Gaeta, nossos advogados de defesa criminal em Atlanta t\u00eam experi\u00eancia em lidar com seu caso e obter um julgamento favor\u00e1vel para voc\u00ea. H\u00e1 muitos anos, defendemos os moradores de Atlanta contra diversas acusa\u00e7\u00f5es criminais. Nossos advogados s\u00e3o especialistas em direito penal estadual e federal e est\u00e3o comprometidos com o seu sucesso.<\/p>\n\n\n\n<p>Ligue para o nosso <strong><a href=\"https:\/\/dglawga.com\/pt\/atlanta\/\">Escrit\u00f3rio de advocacia em Atlanta<\/a><\/strong> agora em <a href=\"tel:+16785032780\"><strong>678-503-2780<\/strong><\/a> Para discutir seu caso com um advogado de defesa criminal de boa reputa\u00e7\u00e3o.<\/p>\n\n\n\n<div class=\"wp-block-group has-accent-background-color has-background is-vertical is-layout-flex wp-container-core-group-is-layout-283d9697 wp-block-group-is-layout-flex\" style=\"border-top-left-radius:15px;border-top-right-radius:15px;margin-top:var(--wp--preset--spacing--30)\">\n<h2 class=\"wp-block-heading has-primary-color has-text-color has-link-color wp-elements-4164a61e17ffbe9e8a7446952ec87a5a\" id=\"aioseo-table-of-contents\">\u00cdNDICE<\/h2>\n<\/div>\n\n\n\n<div class=\"wp-block-group has-background is-vertical is-layout-flex wp-container-core-group-is-layout-d644fc7a wp-block-group-is-layout-flex\" style=\"border-bottom-left-radius:15px;border-bottom-right-radius:15px;background-color:#f3f3f3;margin-top:0\"><div class=\"wp-block-aioseo-table-of-contents\"><ul><li><a class=\"aioseo-toc-item\" href=\"#aioseo-what-are-the-rights-of-a-criminal-defendant-in-georgia\">Quais s\u00e3o os direitos de um r\u00e9u em um processo criminal na Ge\u00f3rgia?<\/a><ul><li><a class=\"aioseo-toc-item\" href=\"#aioseo-the-fourth-amendment\">A Quarta Emenda<\/a><\/li><li><a class=\"aioseo-toc-item\" href=\"#aioseo-the-fifth-amendment\">A Quinta Emenda<\/a><\/li><li><a class=\"aioseo-toc-item\" href=\"#aioseo-the-sixth-amendment\">A Sexta Emenda<\/a><\/li><li><a class=\"aioseo-toc-item\" href=\"#aioseo-the-eighth-amendment\">A Oitava Emenda<\/a><\/li><\/ul><\/li><li><a class=\"aioseo-toc-item\" href=\"#aioseo-what-is-a-misdemeanor-vs-a-felony-in-georgia\">Qual a diferen\u00e7a entre um delito menor e um crime grave na Ge\u00f3rgia?<\/a><ul><li><a class=\"aioseo-toc-item\" href=\"#aioseo-felony\">Crime<\/a><\/li><li><a class=\"aioseo-toc-item\" href=\"#aioseo-misdemeanor\">contraven\u00e7\u00e3o<\/a><\/li><\/ul><\/li><li><a class=\"aioseo-toc-item\" href=\"#aioseo-should-i-consult-an-atlanta-criminal-defense-lawyer-before-speaking-to-the-police\">Devo consultar um advogado de defesa criminal em Atlanta antes de falar com a pol\u00edcia?<\/a><\/li><li><a class=\"aioseo-toc-item\" href=\"#aioseo-what-is-the-habitual-offender-law\">O que \u00e9 a Lei de Reincid\u00eancia?<\/a><\/li><li><a class=\"aioseo-toc-item\" href=\"#aioseo-how-can-a-criminal-defense-lawyer-help-me\">Como um advogado de defesa criminal pode me ajudar?<\/a><\/li><li><a class=\"aioseo-toc-item\" href=\"#aioseo-what-is-the-cost-of-legal-representation-in-georgia\">Qual o custo da representa\u00e7\u00e3o legal na Ge\u00f3rgia?<\/a><\/li><li><a class=\"aioseo-toc-item\" href=\"#aioseo-are-there-benefits-to-hiring-a-private-atlanta-criminal-defense-attorney-vs-working-with-a-court-appointed-attorney\">Existem vantagens em contratar um advogado particular de defesa criminal em Atlanta em vez de trabalhar com um advogado nomeado pelo tribunal?<\/a><\/li><li><a class=\"aioseo-toc-item\" href=\"#aioseo-should-i-accept-a-plea-bargain\">Devo aceitar um acordo judicial?<\/a><\/li><li><a class=\"aioseo-toc-item\" href=\"#aioseo-appealing-a-conviction-in-georgia\">Recorrendo de uma condena\u00e7\u00e3o na Ge\u00f3rgia<\/a><\/li><li><a class=\"aioseo-toc-item\" href=\"#aioseo-protect-your-constitutional-rights-freedom-with-unmatched-legal-representation-in-atlanta\">Proteja seus direitos constitucionais e sua liberdade com representa\u00e7\u00e3o jur\u00eddica incompar\u00e1vel em Atlanta.<\/a><\/li><\/ul><\/div><\/div>\n\n\n\n<h2 class=\"wp-block-heading\" id=\"aioseo-what-are-the-rights-of-a-criminal-defendant-in-georgia\" style=\"padding-top:var(--wp--preset--spacing--20)\">Quais s\u00e3o os direitos de um r\u00e9u em um processo criminal na Ge\u00f3rgia?<\/h2>\n\n\n\n<p>Sempre que voc\u00ea for preso pela pol\u00edcia na Ge\u00f3rgia, voc\u00ea tem v\u00e1rios direitos legais que o protegem. Aqui est\u00e3o alguns desses direitos.<\/p>\n\n\n\n<h4 class=\"wp-block-heading\" id=\"aioseo-the-fourth-amendment\">A Quarta Emenda<\/h4>\n\n\n\n<p>A Quarta Emenda pro\u00edbe que as autoridades policiais realizem buscas ou apreens\u00f5es sem mandado judicial. Ela estipula que a pol\u00edcia precisa de justa causa para abordar algu\u00e9m e realizar uma busca sem mandado.<\/p>\n\n\n\n<p>A pol\u00edcia \u00e9 obrigada a obter um mandado judicial antes de realizar qualquer busca ou apreens\u00e3o. A lei tamb\u00e9m estipula que provas obtidas por meios ilegais n\u00e3o s\u00e3o admiss\u00edveis em ju\u00edzo.<\/p>\n\n\n\n<h4 class=\"wp-block-heading\" id=\"aioseo-the-fifth-amendment\">A Quinta Emenda<\/h4>\n\n\n\n<p>A Quinta Emenda abrange uma s\u00e9rie de prote\u00e7\u00f5es importantes para pessoas que enfrentam acusa\u00e7\u00f5es criminais, incluindo:<\/p>\n\n\n\n<ul class=\"wp-block-list\">\n<li>Prote\u00e7\u00e3o contra a autoincrimina\u00e7\u00e3o (direito de permanecer em sil\u00eancio).<\/li>\n\n\n\n<li>Prote\u00e7\u00e3o contra dupla puni\u00e7\u00e3o (ser processado duas vezes pela mesma acusa\u00e7\u00e3o criminal).<\/li>\n\n\n\n<li>O direito a um julgamento justo.<\/li>\n\n\n\n<li>O direito a um julgamento por j\u00fari.<\/li>\n<\/ul>\n\n\n\n<h4 class=\"wp-block-heading\" id=\"aioseo-the-sixth-amendment\">A Sexta Emenda<\/h4>\n\n\n\n<p>De acordo com a Sexta Emenda, os r\u00e9us em processos criminais devem ser informados das acusa\u00e7\u00f5es que lhes s\u00e3o imputadas. Ela tamb\u00e9m garante o direito a um julgamento p\u00fablico sem demora. A Sexta Emenda tamb\u00e9m garante aos r\u00e9us o direito de conhecer seus acusadores e confront\u00e1-los.<\/p>\n\n\n\n<p>Esta emenda tamb\u00e9m garante o seu direito \u00e0 representa\u00e7\u00e3o legal (o direito a um advogado). Para aqueles que n\u00e3o podem pagar um, o tribunal deve fornecer um. De acordo com esta emenda, a acusa\u00e7\u00e3o \u00e9 obrigada a revelar qualquer prova contra voc\u00ea que ser\u00e1 apresentada ao juiz e ao j\u00fari. Qualquer prova apresentada em ju\u00edzo pela acusa\u00e7\u00e3o que n\u00e3o tenha sido mencionada anteriormente viola a Sexta Emenda.<\/p>\n\n\n\n<h4 class=\"wp-block-heading\" id=\"aioseo-the-eighth-amendment\">A Oitava Emenda<\/h4>\n\n\n\n<p>A oitava emenda garante o seu direito \u00e0 fian\u00e7a e protege voc\u00ea contra fian\u00e7as ou multas excessivas, bem como contra puni\u00e7\u00f5es cru\u00e9is ou incomuns. Esta emenda pro\u00edbe os tribunais de aplicarem puni\u00e7\u00f5es desproporcionais baseadas em sentimentos pessoais ou preconceitos contra o r\u00e9u.<\/p>\n\n\n\n<h2 class=\"wp-block-heading\" id=\"aioseo-what-is-a-misdemeanor-vs-a-felony-in-georgia\" style=\"padding-top:var(--wp--preset--spacing--20)\">Qual a diferen\u00e7a entre um delito menor e um crime grave na Ge\u00f3rgia?<\/h2>\n\n\n\n<p>Muitos estados, incluindo a Ge\u00f3rgia, distinguem entre contraven\u00e7\u00e3o e crime, dependendo da dura\u00e7\u00e3o potencial da pena de pris\u00e3o. Abaixo, segue uma boa defini\u00e7\u00e3o de como os tribunais da Ge\u00f3rgia definem os dois termos:<\/p>\n\n\n\n<h4 class=\"wp-block-heading\" id=\"aioseo-felony\">Crime<\/h4>\n\n\n\n<p>Na Ge\u00f3rgia, um crime grave \u00e9 aquele cuja pena \u00e9 superior a um ano. A Ge\u00f3rgia n\u00e3o classifica os crimes graves por grau, e a maioria das penas de pris\u00e3o para esses crimes varia de um a vinte anos. No entanto, em alguns casos, o tribunal pode impor pris\u00e3o perp\u00e9tua ou pena de morte se o r\u00e9u cometeu um crime capital. Ap\u00f3s uma condena\u00e7\u00e3o por crime grave, a pena \u00e9 cumprida em uma pris\u00e3o estadual.<\/p>\n\n\n\n<h4 class=\"wp-block-heading\" id=\"aioseo-misdemeanor\">contraven\u00e7\u00e3o<\/h4>\n\n\n\n<p>A <strong><a href=\"https:\/\/casetext.com\/statute\/code-of-georgia\/title-17-criminal-procedure\/chapter-10-sentence-and-punishment\/article-1-procedure-for-sentencing-and-imposition-of-punishment\/section-17-10-3-punishment-for-misdemeanors-generally\" target=\"_blank\" rel=\"noopener nofollow\">contraven\u00e7\u00e3o<\/a> <\/strong>\u00c9 um crime menos grave do que um delito grave, com uma multa m\u00e1xima em torno de US$ 1.000 e uma pena m\u00e1xima de pris\u00e3o inferior a doze meses. Os tribunais da Ge\u00f3rgia geralmente dividem os casos de contraven\u00e7\u00e3o de acordo com sua gravidade para obter um veredicto justo. Se voc\u00ea for considerado culpado de uma contraven\u00e7\u00e3o, cumprir\u00e1 sua pena em uma penitenci\u00e1ria local ou do condado.<\/p>\n\n\n\n<h2 class=\"wp-block-heading\" id=\"aioseo-should-i-consult-an-atlanta-criminal-defense-lawyer-before-speaking-to-the-police\" style=\"padding-top:var(--wp--preset--spacing--20)\">Devo consultar um advogado de defesa criminal em Atlanta antes de falar com a pol\u00edcia?<\/h2>\n\n\n\n<p>Sim, sempre! Sempre que voc\u00ea for preso na Ge\u00f3rgia, voc\u00ea tem o direito de permanecer em sil\u00eancio at\u00e9 que um advogado chegue para ouvir o seu caso. Voc\u00ea sempre pode se recusar a fornecer qualquer informa\u00e7\u00e3o \u00e0 pol\u00edcia sem a ajuda de um advogado. Um advogado \u00e9 fundamental nesse caso para garantir que a pol\u00edcia n\u00e3o use suas palavras para testemunhar contra voc\u00ea.<\/p>\n\n\n\n<h2 class=\"wp-block-heading\" id=\"aioseo-what-is-the-habitual-offender-law\" style=\"padding-top:var(--wp--preset--spacing--20)\">O que \u00e9 a Lei de Reincid\u00eancia?<\/h2>\n\n\n\n<p>Voc\u00ea \u00e9 chamado de <strong><a href=\"https:\/\/casetext.com\/statute\/code-of-georgia\/title-17-criminal-procedure\/chapter-10-sentence-and-punishment\/article-1-procedure-for-sentencing-and-imposition-of-punishment\/section-17-10-7-punishment-of-repeat-offenders-punishment-and-eligibility-for-parole-of-persons-convicted-of-fourth-felony-offense\" target=\"_blank\" rel=\"noopener nofollow\">infrator habitual<\/a><\/strong> Se voc\u00ea cometer um determinado crime e for acusado dele v\u00e1rias vezes, o tribunal tem o direito de puni-lo com uma pena severa, conforme indicado pela lei dos tr\u00eas crimes.<\/p>\n\n\n\n<p>Na Ge\u00f3rgia, a lei de reincid\u00eancia determina que a pena deve ser proporcional ao crime cometido. No entanto, a penalidade pode, por vezes, incluir multas elevadas, programas intensivos de reabilita\u00e7\u00e3o e liberdade condicional supervisionada.<\/p>\n\n\n\n<figure class=\"wp-block-image aligncenter\" style=\"margin-top:var(--wp--preset--spacing--20);margin-bottom:var(--wp--preset--spacing--20)\"><a href=\"https:\/\/dglawga.com\/wp-content\/uploads\/2022\/06\/atlanta-criminal-defense-lawyer-diaz.jpg\"><img loading=\"lazy\" decoding=\"async\" width=\"600\" height=\"400\" src=\"https:\/\/dglawga.com\/wp-content\/uploads\/2022\/06\/atlanta-criminal-defense-lawyer-diaz.jpg\" alt=\"Advogado de defesa criminal de Atlanta falando com o juiz em nome de seu cliente. \" class=\"wp-image-2980\" srcset=\"https:\/\/dglawga.com\/wp-content\/uploads\/2022\/06\/atlanta-criminal-defense-lawyer-diaz.jpg 600w, https:\/\/dglawga.com\/wp-content\/uploads\/2022\/06\/atlanta-criminal-defense-lawyer-diaz-300x200.jpg 300w\" sizes=\"auto, (max-width: 600px) 100vw, 600px\" \/><\/a><\/figure>\n\n\n\n<h2 class=\"wp-block-heading\" id=\"aioseo-how-can-a-criminal-defense-lawyer-help-me\" style=\"padding-top:var(--wp--preset--spacing--20)\">Como um advogado de defesa criminal pode me ajudar?<\/h2>\n\n\n\n<p><a href=\"\/pt\/\"><strong>Um advogado<\/strong><\/a> \u00c9 essencial ter um advogado sempre que voc\u00ea for preso ou acusado de um crime. Um advogado de defesa criminal em Atlanta ir\u00e1 auxili\u00e1-lo nos seguintes passos:<\/p>\n\n\n\n<ul class=\"wp-block-list\">\n<li><strong>Prepare seu caso:<\/strong> Um advogado de defesa criminal \u00e9 especializado em focar nos fatos espec\u00edficos do seu caso, em vez de se ater aos argumentos apresentados. O advogado pode ajud\u00e1-lo a organizar os fatos de forma consistente para vencer o caso.<\/li>\n\n\n\n<li><strong>Negociando um acordo:<\/strong> Se voc\u00ea considera que a senten\u00e7a imposta \u00e9 injusta, seu advogado de defesa criminal pode sempre negociar um acordo para reduzir sua pena. No entanto, o advogado se empenhar\u00e1 para que o caso seja resolvido de forma a minimizar as chances de sua condena\u00e7\u00e3o.<\/li>\n\n\n\n<li><strong>Avalie os resultados do ensaio cl\u00ednico:<\/strong> Um advogado avalia as acusa\u00e7\u00f5es e as provas apresentadas para elaborar uma defesa adequada para voc\u00ea. O advogado o orienta em cada etapa do processo para facilitar o andamento do caso.<\/li>\n\n\n\n<li><strong>Representando voc\u00ea no julgamento:<\/strong> Um advogado de defesa criminal ir\u00e1 represent\u00e1-lo(a) em ju\u00edzo durante o seu julgamento. O advogado trabalha incansavelmente para obter um resultado positivo no julgamento, utilizando habilidades de negocia\u00e7\u00e3o impec\u00e1veis.<\/li>\n<\/ul>\n\n\n\n<h2 class=\"wp-block-heading\" id=\"aioseo-what-is-the-cost-of-legal-representation-in-georgia\" style=\"padding-top:var(--wp--preset--spacing--20)\">Qual o custo da representa\u00e7\u00e3o legal na Ge\u00f3rgia?<\/h2>\n\n\n\n<p>Em geral, \u00e9 dif\u00edcil determinar quanto uma condena\u00e7\u00e3o lhe custar\u00e1. A Ge\u00f3rgia possui diferentes tipos de condena\u00e7\u00e3o, e os diversos advogados de defesa criminal cobram valores diferentes dependendo do tipo de caso.<\/p>\n\n\n\n<h2 class=\"wp-block-heading\" id=\"aioseo-are-there-benefits-to-hiring-a-private-atlanta-criminal-defense-attorney-vs-working-with-a-court-appointed-attorney\" style=\"padding-top:var(--wp--preset--spacing--20)\">Existem vantagens em contratar um advogado particular de defesa criminal em Atlanta em vez de trabalhar com um advogado nomeado pelo tribunal?<\/h2>\n\n\n\n<p>Voc\u00ea tem <strong><a href=\"https:\/\/www.doubleobonding.com\/public-defender-vs-private-attorney-which-is-the-right-choice\/\" target=\"_blank\" rel=\"noopener\">duas op\u00e7\u00f5es<\/a><\/strong> Sempre que precisar de um advogado para representar seu caso no tribunal, voc\u00ea pode contratar um advogado particular ou solicitar um defensor p\u00fablico, ou ainda um advogado nomeado pelo tribunal.<\/p>\n\n\n\n<p>No entanto, seria \u00fatil se voc\u00ea entendesse que a maioria dos defensores p\u00fablicos enfrenta uma quantidade enorme de casos. Geralmente, eles t\u00eam dezenas de casos simult\u00e2neos e, devido ao tempo limitado para reunir as provas necess\u00e1rias, podem cometer erros ao representar o seu caso.<\/p>\n\n\n\n<p>A maioria dos casos representados por defensores p\u00fablicos geralmente termina em acordos judiciais devido ao grande volume de trabalho. O site dos tribunais dos EUA estima que mais de 901.000 casos representados por defensores p\u00fablicos terminam em acordos judiciais.<\/p>\n\n\n\n<p>\u00c9 sempre recomend\u00e1vel que voc\u00ea considere contratar um advogado particular ao ser preso. N\u00e3o deixe que um defensor p\u00fablico determine seu destino! Deixe que nossos advogados de defesa criminal em Atlanta lutem pela sua liberdade.<\/p>\n\n\n\n<h2 class=\"wp-block-heading\" id=\"aioseo-should-i-accept-a-plea-bargain\" style=\"padding-top:var(--wp--preset--spacing--20)\">Devo aceitar um acordo judicial?<\/h2>\n\n\n\n<p>\u00c0s vezes, o acordo judicial pode ser vantajoso para voc\u00ea, mas pode impedi-lo de recorrer. Se voc\u00ea aceitar a proposta, o juiz geralmente aplica uma pena mais leve, mas decide as penalidades a serem cumpridas durante o per\u00edodo de encarceramento.<\/p>\n\n\n\n<p>Nossos advogados de defesa se esfor\u00e7ar\u00e3o para aconselh\u00e1-lo sobre a conveni\u00eancia de aceitar um acordo judicial durante o julgamento. Tamb\u00e9m negociaremos a proposta caso voc\u00ea esteja enfrentando crimes graves e o juiz n\u00e3o a conceda de forma amig\u00e1vel.<\/p>\n\n\n\n<h2 class=\"wp-block-heading\" id=\"aioseo-appealing-a-conviction-in-georgia\" style=\"padding-top:var(--wp--preset--spacing--20)\">Recorrendo de uma condena\u00e7\u00e3o na Ge\u00f3rgia<\/h2>\n\n\n\n<p>Voc\u00ea sempre pode recorrer da sua senten\u00e7a na Ge\u00f3rgia se estiver insatisfeito com a decis\u00e3o inicial. Nossos advogados renomados ir\u00e3o ajud\u00e1-lo a apresentar um recurso e negociar para que seu veredicto seja anulado ou reduzido. \u00c9 importante entender que o processo n\u00e3o \u00e9 simples, pois envolve alguns requisitos.<\/p>\n\n\n\n<p>Voc\u00ea deve apresentar uma Mo\u00e7\u00e3o para Novo Julgamento ou um Aviso de Apela\u00e7\u00e3o 30 dias ap\u00f3s sua primeira senten\u00e7a. Nossos advogados de defesa criminal do escrit\u00f3rio Diaz &amp; Gaeta Law ir\u00e3o auxili\u00e1-lo(a) no preenchimento de qualquer um desses formul\u00e1rios. Em seguida, analisaremos os procedimentos do seu julgamento original para criar uma lista das possibilidades de apela\u00e7\u00e3o e elaborar estrat\u00e9gias eficazes para ajud\u00e1-lo(a) a obter sucesso na apela\u00e7\u00e3o.<\/p>\n\n\n\n<h2 class=\"wp-block-heading\" id=\"aioseo-protect-your-constitutional-rights-freedom-with-unmatched-legal-representation-in-atlanta\" style=\"padding-top:var(--wp--preset--spacing--20)\">Proteja seus direitos constitucionais e sua liberdade com representa\u00e7\u00e3o jur\u00eddica incompar\u00e1vel em Atlanta.<\/h2>\n\n\n\n<p>Enfrentar acusa\u00e7\u00f5es criminais, sejam elas graves ou leves, \u00e9 extremamente dif\u00edcil. Podemos ajud\u00e1-lo(a) no tribunal, oferecendo representa\u00e7\u00e3o e negociando a\u00e7\u00f5es. Nossos advogados de defesa criminal em Atlanta s\u00e3o especializados em todos os assuntos relacionados a acusa\u00e7\u00f5es criminais.<\/p>\n\n\n\n<p>No <strong><a href=\"https:\/\/dglawga.com\/pt\/\">Diaz &amp; Gaeta Law<\/a><\/strong>, Nos orgulhamos da nossa paix\u00e3o por vencer e, por isso, elaboramos estrat\u00e9gias sob diversas perspectivas para garantir a sua vit\u00f3ria no seu caso. N\u00e3o hesite em nos contatar sempre que tiver uma acusa\u00e7\u00e3o criminal em Atlanta, Ge\u00f3rgia. Estamos a apenas uma liga\u00e7\u00e3o de dist\u00e2ncia! Entre em contato conosco pelo telefone <a href=\"tel:+16785032780\"><strong>678-503-2780<\/strong><\/a> Para agendar uma consulta gratuita.<\/p>","protected":false},"excerpt":{"rendered":"<p>Criminal cases have become rampant in Atlanta, Georgia. For instance, in March 2022 alone, over 400 criminal defendants were convicted in courts for misdemeanor and felony cases. The experience can be traumatizing if you do not have a criminal defense attorney to represent you in court. A professional Atlanta criminal defense lawyer should represent you [&hellip;]<\/p>\n","protected":false},"author":34,"featured_media":0,"parent":55,"menu_order":0,"comment_status":"closed","ping_status":"closed","template":"wp-custom-template-atlanta-services","meta":{"_acf_changed":false,"_themeisle_gutenberg_block_has_review":false,"footnotes":""},"categories":[4],"tags":[124,123,120,21,122,57,59,126,58,121,125,119,26,118,116,117,22,142,143],"class_list":["post-1981","page","type-page","status-publish","hentry","category-atlanta-location","tag-abogado-coche-acidente","tag-abogado-gratis","tag-attorney-lawyer","tag-car-accidents","tag-car-accidents-lawyer","tag-criminal-defense","tag-family-law","tag-imigracion-abogados","tag-immigration","tag-immigration-lawyer","tag-marietta-abogado","tag-marietta-lawyer","tag-personal-injury","tag-top-lawyer-in-marietta","tag-top-lawyers-in-atlanta","tag-top-lawyers-in-smyrna","tag-truck-accident","tag-truck-accident-attorneys","tag-truck-crash"],"acf":[],"aioseo_notices":[],"_links":{"self":[{"href":"https:\/\/dglawga.com\/pt\/wp-json\/wp\/v2\/pages\/1981","targetHints":{"allow":["GET"]}}],"collection":[{"href":"https:\/\/dglawga.com\/pt\/wp-json\/wp\/v2\/pages"}],"about":[{"href":"https:\/\/dglawga.com\/pt\/wp-json\/wp\/v2\/types\/page"}],"author":[{"embeddable":true,"href":"https:\/\/dglawga.com\/pt\/wp-json\/wp\/v2\/users\/34"}],"replies":[{"embeddable":true,"href":"https:\/\/dglawga.com\/pt\/wp-json\/wp\/v2\/comments?post=1981"}],"version-history":[{"count":3,"href":"https:\/\/dglawga.com\/pt\/wp-json\/wp\/v2\/pages\/1981\/revisions"}],"predecessor-version":[{"id":7736,"href":"https:\/\/dglawga.com\/pt\/wp-json\/wp\/v2\/pages\/1981\/revisions\/7736"}],"up":[{"embeddable":true,"href":"https:\/\/dglawga.com\/pt\/wp-json\/wp\/v2\/pages\/55"}],"wp:attachment":[{"href":"https:\/\/dglawga.com\/pt\/wp-json\/wp\/v2\/media?parent=1981"}],"wp:term":[{"taxonomy":"category","embeddable":true,"href":"https:\/\/dglawga.com\/pt\/wp-json\/wp\/v2\/categories?post=1981"},{"taxonomy":"post_tag","embeddable":true,"href":"https:\/\/dglawga.com\/pt\/wp-json\/wp\/v2\/tags?post=1981"}],"curies":[{"name":"wp","href":"https:\/\/api.w.org\/{rel}","templated":true}]}}