{"id":1984,"date":"2022-06-07T17:31:37","date_gmt":"2022-06-07T17:31:37","guid":{"rendered":"https:\/\/diazgaetalaw.wpengine.com\/?page_id=1984"},"modified":"2025-06-15T13:04:54","modified_gmt":"2025-06-15T18:04:54","slug":"advogado-de-imigracao","status":"publish","type":"page","link":"https:\/\/dglawga.com\/pt\/atlanta\/immigration-lawyer\/","title":{"rendered":"Advogado de Imigra\u00e7\u00e3o em Atlanta"},"content":{"rendered":"<center><iframe loading=\"lazy\" width=\"720\" height=\"480\" src=\"https:\/\/www.youtube.com\/embed\/BUzd1EQIoZM?si=Pl6_xqHQ0RtkxBPP\" title=\"Reprodutor de v\u00eddeo do YouTube\" frameborder=\"0\" allow=\"accelerometer; autoplay; clipboard-write; encrypted-media; gyroscope; picture-in-picture; web-share\" referrerpolicy=\"strict-origin-when-cross-origin\" allowfullscreen><\/iframe><\/center>\n\n\n\n<p>\u00c9 sempre importante entender quais op\u00e7\u00f5es est\u00e3o dispon\u00edveis para voc\u00ea ao lidar com o processo de imigra\u00e7\u00e3o. <strong><a href=\"\/pt\/\">Atlanta<\/a><\/strong>. Voc\u00ea vai querer conhecer todos os detalhes do processo, bem como o que se espera de voc\u00ea durante o procedimento. \u00c9 por isso que voc\u00ea precisa de um advogado de imigra\u00e7\u00e3o qualificado em Atlanta.<\/p>\n\n\n\n<p>Na Diaz &amp; Gaeta, temos ajudado nossos clientes ao longo dos anos a percorrer esse processo passo a passo. Se voc\u00ea deseja ter controle sobre o desenrolar dos acontecimentos, certamente apreciar\u00e1 o trabalho que podemos realizar para voc\u00ea.<\/p>\n\n\n\n<p>Para saber mais sobre Diaz &amp; Gaeta e o que temos a oferecer como um <strong><a href=\"\/pt\/\">Escrit\u00f3rio de advocacia em Atlanta<\/a><\/strong>, ligue para n\u00f3s em <br><a href=\"tel:+16785032780\"><strong>678-503-2780<\/strong><\/a>. Agendaremos imediatamente uma consulta gratuita para iniciar o seu processo de naturaliza\u00e7\u00e3o. Nosso objetivo \u00e9 lutar pelos seus direitos e garantir que as medidas corretas sejam tomadas.<\/p>\n\n\n\n<div class=\"wp-block-group has-accent-background-color has-background is-vertical is-layout-flex wp-container-core-group-is-layout-283d9697 wp-block-group-is-layout-flex\" style=\"border-top-left-radius:15px;border-top-right-radius:15px;margin-top:var(--wp--preset--spacing--30)\">\n<h2 class=\"wp-block-heading has-primary-color has-text-color has-link-color wp-elements-4164a61e17ffbe9e8a7446952ec87a5a\" id=\"aioseo-table-of-contents\">\u00cdNDICE<\/h2>\n<\/div>\n\n\n\n<div class=\"wp-block-group has-background is-vertical is-layout-flex wp-container-core-group-is-layout-d644fc7a wp-block-group-is-layout-flex\" style=\"border-bottom-left-radius:15px;border-bottom-right-radius:15px;background-color:#f3f3f3;margin-top:0\"><div class=\"wp-block-aioseo-table-of-contents\"><ul><li><a class=\"aioseo-toc-item\" href=\"#aioseo-what-is-the-immigration-naturalization-process\">Qual \u00e9 o processo de imigra\u00e7\u00e3o\/naturaliza\u00e7\u00e3o?<\/a><ul><li><a class=\"aioseo-toc-item\" href=\"#aioseo-speak-to-a-immigration-lawyer-in-atlanta\">Fale com um advogado de imigra\u00e7\u00e3o em Atlanta.<\/a><\/li><li><a class=\"aioseo-toc-item\" href=\"#aioseo-fill-out-the-form\">Preencha o formul\u00e1rio<\/a><\/li><li><a class=\"aioseo-toc-item\" href=\"#aioseo-biometrics-assessment\">Avalia\u00e7\u00e3o biom\u00e9trica<\/a><\/li><li><a class=\"aioseo-toc-item\" href=\"#aioseo-citizenship-interview\">Entrevista de Cidadania<\/a><\/li><li><a class=\"aioseo-toc-item\" href=\"#aioseo-citizenship-test\">Teste de Cidadania<\/a><\/li><li><a class=\"aioseo-toc-item\" href=\"#aioseo-naturalization-ceremony\">Cerim\u00f4nia de Naturaliza\u00e7\u00e3o<\/a><\/li><\/ul><\/li><li><a class=\"aioseo-toc-item\" href=\"#aioseo-what-is-the-process-of-legally-working-in-the-united-states\">Qual \u00e9 o processo para trabalhar legalmente nos Estados Unidos?<\/a><\/li><li><a class=\"aioseo-toc-item\" href=\"#aioseo-can-your-firm-help-in-a-deportation-case\">Seu escrit\u00f3rio pode ajudar em um caso de deporta\u00e7\u00e3o?<\/a><\/li><li><a class=\"aioseo-toc-item\" href=\"#aioseo-why-choose-diaz-gaeta-to-represent-you\">Por que escolher Diaz &amp; Gaeta para represent\u00e1-lo(a)?<\/a><\/li><li><a class=\"aioseo-toc-item\" href=\"#aioseo-looking-for-a-top-immigration-lawyer-in-atlanta-call-us\">Procurando um advogado de imigra\u00e7\u00e3o de primeira linha em Atlanta? Ligue para n\u00f3s!<\/a><\/li><\/ul><\/div><\/div>\n\n\n\n<h2 class=\"wp-block-heading\" id=\"aioseo-what-is-the-immigration-naturalization-process\" style=\"padding-top:var(--wp--preset--spacing--20)\">Qual \u00e9 o processo de imigra\u00e7\u00e3o\/naturaliza\u00e7\u00e3o?<\/h2>\n\n\n\n<p>Quando chegar a hora de passar por isso <strong><a href=\"https:\/\/www.uscis.gov\/news\/news-releases\/naturalization-fact-sheet\" target=\"_blank\" rel=\"noopener\">processo de imigra\u00e7\u00e3o<\/a><\/strong>, \u00c9 importante garantir que tudo seja feito de forma profissional e legal. Existem alguns passos que costumam ser negligenciados por quem se encontra nessa situa\u00e7\u00e3o.<br>Com a nossa ajuda na Diaz &amp; Gaeta, voc\u00ea ter\u00e1 a certeza de que o processo ser\u00e1 f\u00e1cil de seguir e que voc\u00ea o concluir\u00e1 rapidamente. As etapas incluem:<\/p>\n\n\n\n<h4 class=\"wp-block-heading\" id=\"aioseo-speak-to-a-immigration-lawyer-in-atlanta\">Fale com um advogado de imigra\u00e7\u00e3o em Atlanta.<\/h4>\n\n\n\n<p>\u00c9 sempre melhor reservar um tempo para conversar com um advogado antes de tomar qualquer outra provid\u00eancia. Um erro comum cometido por clientes \u00e9 presumir que podem realizar algumas dessas etapas por conta pr\u00f3pria em Atlanta. Embora seja poss\u00edvel faz\u00ea-las sozinho, isso pode gerar obst\u00e1culos indesejados, atrasar o processo ou lev\u00e1-lo a um caminho equivocado.<\/p>\n\n\n\n<p>Ao contratar um bom advogado de imigra\u00e7\u00e3o em Atlanta, como os da Diaz &amp; Gaeta, voc\u00ea ter\u00e1 controle total do processo e tudo correr\u00e1 conforme o esperado. Por isso, o melhor \u00e9 sempre entrar em contato conosco e saber mais sobre o que podemos fazer por voc\u00ea.<\/p>\n\n\n\n<h4 class=\"wp-block-heading\" id=\"aioseo-fill-out-the-form\">Preencha o formul\u00e1rio<\/h4>\n\n\n\n<p>Ser\u00e1 necess\u00e1rio preencher um formul\u00e1rio legal para comunicar ao governo o seu desejo de se tornar cidad\u00e3o. Isso dar\u00e1 in\u00edcio ao processo, e ent\u00e3o o governo seguir\u00e1 os passos um a um, conforme listado.<\/p>\n\n\n\n<p>\u00c9 importante preencher este formul\u00e1rio com a ajuda de um advogado de imigra\u00e7\u00e3o em Atlanta. Esse profissional experiente saber\u00e1 como orient\u00e1-lo e quais informa\u00e7\u00f5es s\u00e3o necess\u00e1rias para prosseguir com os pr\u00f3ximos passos do processo legal.<\/p>\n\n\n\n<p>Com a nossa ajuda na Diaz &amp; Gaeta, voc\u00ea saber\u00e1 o que fazer e como fazer, inclusive preenchendo o formul\u00e1rio.<\/p>\n\n\n\n<h4 class=\"wp-block-heading\" id=\"aioseo-biometrics-assessment\">Avalia\u00e7\u00e3o biom\u00e9trica<\/h4>\n\n\n\n<p>Uma das partes cruciais do processo legal ser\u00e1 a avalia\u00e7\u00e3o biom\u00e9trica. Isso garantir\u00e1 que seus dados f\u00edsicos sejam armazenados em um banco de dados que possa ser usado para identific\u00e1-lo. Isso incluir\u00e1 suas impress\u00f5es digitais, foto e assinatura.<\/p>\n\n\n\n<p>Voc\u00ea precisar\u00e1 fazer isso com o USCIS e com muita aten\u00e7\u00e3o. Certifique-se de estar utilizando os servi\u00e7os da ag\u00eancia governamental e de realizar a avalia\u00e7\u00e3o biom\u00e9trica conforme solicitado. Isso ajudar\u00e1 a iniciar o restante do processo legal.<\/p>\n\n\n\n<p>Ap\u00f3s a avalia\u00e7\u00e3o, voc\u00ea dar\u00e1 in\u00edcio \u00e0s demais etapas do processo de cidadania at\u00e9 a cerim\u00f4nia de naturaliza\u00e7\u00e3o. \u00c9 importante realizar essa avalia\u00e7\u00e3o com aten\u00e7\u00e3o e garantir que tudo seja feito dentro do prazo estipulado na Ge\u00f3rgia.<\/p>\n\n\n\n<h4 class=\"wp-block-heading\" id=\"aioseo-citizenship-interview\">Entrevista de Cidadania<\/h4>\n\n\n\n<p>Haver\u00e1 uma entrevista detalhada sobre cidadania para avaliar se voc\u00ea deve ou n\u00e3o se tornar um cidad\u00e3o legal dos Estados Unidos. O objetivo \u00e9 que o entrevistador fa\u00e7a uma s\u00e9rie de perguntas para verificar a veracidade da sua solicita\u00e7\u00e3o e como voc\u00ea pretende prosseguir com o processo de cidadania.<\/p>\n\n\n\n<p>Essas perguntas n\u00e3o s\u00e3o dif\u00edceis, mas ainda assim \u00e9 importante estar o mais bem preparado poss\u00edvel. Caso contr\u00e1rio, voc\u00ea n\u00e3o obter\u00e1 os resultados desejados. Prepare-se para esta entrevista com a ajuda do nosso escrit\u00f3rio de advocacia, Diaz &amp; Gaeta. N\u00f3s garantiremos que o processo seja totalmente explicado.<\/p>\n\n\n\n<p>Sabemos que pode ser dif\u00edcil pensar em passar por uma entrevista como essa. No entanto, n\u00e3o h\u00e1 motivo para se preocupar, desde que voc\u00ea se prepare com a nossa ajuda. Nosso objetivo continuar\u00e1 sendo ajudar, e \u00e9 isso que faremos por voc\u00ea.<\/p>\n\n\n\n<figure class=\"wp-block-image aligncenter\" style=\"margin-top:var(--wp--preset--spacing--20);margin-bottom:var(--wp--preset--spacing--20)\"><a href=\"https:\/\/dglawga.com\/wp-content\/uploads\/2022\/06\/atlanta-immigration-lawyer-diaz.jpg\"><img decoding=\"async\" src=\"https:\/\/dglawga.com\/wp-content\/uploads\/2022\/06\/atlanta-immigration-lawyer-diaz.jpg\" alt=\"Bandeira americana e martelo de juiz, conceito de advogado de imigra\u00e7\u00e3o em Atlanta.\"\/><\/a><\/figure>\n\n\n\n<h4 class=\"wp-block-heading\" id=\"aioseo-citizenship-test\">Teste de Cidadania<\/h4>\n\n\n\n<p>Haver\u00e1 um teste de cidadania para verificar se voc\u00ea est\u00e1 preparado para se tornar um cidad\u00e3o. Este teste incluir\u00e1 informa\u00e7\u00f5es espec\u00edficas sobre o pa\u00eds e sua hist\u00f3ria. Queremos garantir que voc\u00ea esteja preparado para esta etapa do processo, pois \u00e9 necess\u00e1rio ser aprovado neste teste para que voc\u00ea possa participar da cerim\u00f4nia de naturaliza\u00e7\u00e3o.<\/p>\n\n\n\n<p>Se isso \u00e9 importante para voc\u00ea, ent\u00e3o \u00e9 hora de se preparar com Diaz &amp; Gaeta. N\u00f3s o guiaremos por todo o processo e garantiremos que voc\u00ea esteja pronto.<\/p>\n\n\n\n<h4 class=\"wp-block-heading\" id=\"aioseo-naturalization-ceremony\">Cerim\u00f4nia de Naturaliza\u00e7\u00e3o<\/h4>\n\n\n\n<p>A \u00faltima etapa ser\u00e1 aquela que voc\u00ea mais espera. Trata-se da cerim\u00f4nia de naturaliza\u00e7\u00e3o, na qual voc\u00ea se tornar\u00e1 oficialmente um cidad\u00e3o com todos os direitos que espera. \u00c9 um grande momento em sua vida e representar\u00e1 a conclus\u00e3o perfeita de todo o processo.<\/p>\n\n\n\n<p>Concentre-se nessas etapas e aprenda o que pode ser feito para otimizar suas chances nos Estados Unidos da Am\u00e9rica. Essas etapas ser\u00e3o importantes e voc\u00ea n\u00e3o pode ignorar nenhuma delas para fazer as coisas da maneira correta.<\/p>\n\n\n\n<p>Sabemos o qu\u00e3o desafiador isso pode ser e \u00e9 por isso que a Diaz &amp; Gaeta est\u00e1 sempre pronta para ajudar. Para nos dar a oportunidade de ajudar, ligue para <a href=\"tel:+16785032780\"><strong>678-503-2780<\/strong><\/a> Para obter mais informa\u00e7\u00f5es, entre em contato conosco. Agendaremos uma consulta para ajud\u00e1-lo(a) a seguir esses passos e a encontrar maneiras de facilitar o processo.<\/p>\n\n\n\n<h2 class=\"wp-block-heading\" id=\"aioseo-what-is-the-process-of-legally-working-in-the-united-states\" style=\"padding-top:var(--wp--preset--spacing--20)\">Qual \u00e9 o processo para trabalhar legalmente nos Estados Unidos?<\/h2>\n\n\n\n<p>Se o objetivo \u00e9 come\u00e7ar a trabalhar nos Estados Unidos, voc\u00ea precisar\u00e1 garantir que tudo seja feito legalmente. O primeiro passo \u00e9...<strong> <a href=\"https:\/\/www.uscis.gov\/green-card\/green-card-processes-and-procedures\/employment-authorization-document\" target=\"_blank\" rel=\"noopener\">solicitar um visto de trabalho<\/a><\/strong> pois este documento ser\u00e1 fundamental se voc\u00ea quiser ganhar dinheiro na regi\u00e3o.<\/p>\n\n\n\n<p>Um advogado de imigra\u00e7\u00e3o de confian\u00e7a em Atlanta pode ajudar com o processo e garantir que o visto de trabalho seja aprovado o mais r\u00e1pido poss\u00edvel. N\u00e3o perca tempo e assegure-se de estar no caminho certo com a nossa ajuda.<\/p>\n\n\n\n<p>Na Diaz &amp; Gaeta, nosso objetivo \u00e9 ajudar, e \u00e9 assim que come\u00e7aremos a trabalhar no processo quando chegar a hora de iniciar o pedido de visto de trabalho. Para saber mais sobre como podemos ajudar, ligue para n\u00f3s. <a href=\"tel:+16785032780\"><strong>678-503-2780<\/strong><\/a>.<\/p>\n\n\n\n<h2 class=\"wp-block-heading\" id=\"aioseo-can-your-firm-help-in-a-deportation-case\" style=\"padding-top:var(--wp--preset--spacing--20)\">Seu escrit\u00f3rio pode ajudar em um caso de deporta\u00e7\u00e3o?<\/h2>\n\n\n\n<p>Se voc\u00ea est\u00e1 lidando com um <strong><a href=\"https:\/\/www.usa.gov\/deportation\" target=\"_blank\" rel=\"noopener\">deporta\u00e7\u00e3o<\/a><\/strong> Nesse caso, voc\u00ea precisar\u00e1 pensar nos detalhes do processo. Isso inclui verificar se um profissional jur\u00eddico do estado pode ou n\u00e3o represent\u00e1-lo no tribunal.<\/p>\n\n\n\n<p>Sim, o escrit\u00f3rio Diaz &amp; Gaeta est\u00e1 plenamente preparado para represent\u00e1-lo em um caso de deporta\u00e7\u00e3o. Temos vasta experi\u00eancia nesse tipo de caso e o \u00fanico requisito \u00e9 que o profissional jur\u00eddico seja licenciado para exercer a advocacia no estado. Se atender a esses requisitos, voc\u00ea poder\u00e1 prosseguir com o processo sabendo que estaremos ao seu lado.<\/p>\n\n\n\n<h2 class=\"wp-block-heading\" id=\"aioseo-why-choose-diaz-gaeta-to-represent-you\" style=\"padding-top:var(--wp--preset--spacing--20)\">Por que escolher Diaz &amp; Gaeta para represent\u00e1-lo(a)?<\/h2>\n\n\n\n<p>O motivo para escolher o escrit\u00f3rio de advocacia Diaz &amp; Gaeta reside no profissionalismo. Atuamos na \u00e1rea h\u00e1 muito tempo e j\u00e1 auxiliamos milhares de clientes na regi\u00e3o. Essa experi\u00eancia nos permite ajud\u00e1-lo(a) a se preparar para a avalia\u00e7\u00e3o e a preencher corretamente os formul\u00e1rios legais.<\/p>\n\n\n\n<p>Nosso objetivo continua sendo auxiliar em cada etapa e garantir que voc\u00ea chegue \u00e0 cerim\u00f4nia da maneira que deseja. Somos um escrit\u00f3rio de advocacia bil\u00edngue e nossa equipe jur\u00eddica \u00e9 apaixonada pelo que fazemos. Giovanni Diaz e Zach Gaeta, s\u00f3cios do escrit\u00f3rio, s\u00e3o filhos de imigrantes.<\/p>\n\n\n\n<p>Cada etapa \u00e9 importante, e \u00e9 por isso que a Diaz &amp; Gaeta \u00e9 uma parceira confi\u00e1vel para clientes que buscam um advogado de imigra\u00e7\u00e3o em Atlanta.<\/p>\n\n\n\n<h2 class=\"wp-block-heading\" id=\"aioseo-looking-for-a-top-immigration-lawyer-in-atlanta-call-us\" style=\"padding-top:var(--wp--preset--spacing--20)\">Procurando um advogado de imigra\u00e7\u00e3o de primeira linha em Atlanta? Ligue para n\u00f3s!<\/h2>\n\n\n\n<p>Estar numa situa\u00e7\u00e3o em que voc\u00ea deseja dar in\u00edcio ao processo de imigra\u00e7\u00e3o pode ser confuso. Voc\u00ea pode saber por onde come\u00e7ar ou qual formul\u00e1rio precisa ser preenchido. Essa \u00e9 uma preocupa\u00e7\u00e3o comum e algo que vemos o tempo todo em [nome da empresa\/site]. <strong><a href=\"https:\/\/dglawga.com\/pt\/\">Diaz e Gaeta<\/a><\/strong>.<\/p>\n\n\n\n<p>No escrit\u00f3rio de advocacia Diaz &amp; Gaeta, atuamos h\u00e1 anos e j\u00e1 lidamos com sucesso com centenas de casos de imigra\u00e7\u00e3o. Somos um escrit\u00f3rio de advocacia totalmente bil\u00edngue, fundado por filhos de imigrantes.<\/p>\n\n\n\n<p>Queremos que voc\u00ea se sinta seguro durante todo o processo e que conhe\u00e7a seus direitos legais. Com isso em mente, voc\u00ea ficar\u00e1 satisfeito com o trabalho que podemos realizar para voc\u00ea. Para agendar uma consulta gratuita, entre em contato com Diaz &amp; Gaeta. <a href=\"tel:+16785032780\"><strong>678-503-2780<\/strong><\/a>. Garantimos que entregaremos uma solu\u00e7\u00e3o valiosa que ajudar\u00e1 a identificar o que funciona e o que n\u00e3o funciona.<\/p>","protected":false},"excerpt":{"rendered":"<p>Is always important to understand which options are available to you when dealing with the immigration process in Atlanta. You will want to know the ins and outs of the process along with what is expected of you during the proceedings. This is why you need a skilled immigration lawyer in Atlanta. At Diaz &amp; [&hellip;]<\/p>\n","protected":false},"author":34,"featured_media":0,"parent":55,"menu_order":0,"comment_status":"closed","ping_status":"closed","template":"wp-custom-template-atlanta-services","meta":{"_acf_changed":false,"_themeisle_gutenberg_block_has_review":false,"footnotes":""},"categories":[4],"tags":[124,123,120,21,122,59,126,58,121,125,119,26,118,116,117,22,142,143],"class_list":["post-1984","page","type-page","status-publish","hentry","category-atlanta-location","tag-abogado-coche-acidente","tag-abogado-gratis","tag-attorney-lawyer","tag-car-accidents","tag-car-accidents-lawyer","tag-family-law","tag-imigracion-abogados","tag-immigration","tag-immigration-lawyer","tag-marietta-abogado","tag-marietta-lawyer","tag-personal-injury","tag-top-lawyer-in-marietta","tag-top-lawyers-in-atlanta","tag-top-lawyers-in-smyrna","tag-truck-accident","tag-truck-accident-attorneys","tag-truck-crash"],"acf":[],"aioseo_notices":[],"_links":{"self":[{"href":"https:\/\/dglawga.com\/pt\/wp-json\/wp\/v2\/pages\/1984","targetHints":{"allow":["GET"]}}],"collection":[{"href":"https:\/\/dglawga.com\/pt\/wp-json\/wp\/v2\/pages"}],"about":[{"href":"https:\/\/dglawga.com\/pt\/wp-json\/wp\/v2\/types\/page"}],"author":[{"embeddable":true,"href":"https:\/\/dglawga.com\/pt\/wp-json\/wp\/v2\/users\/34"}],"replies":[{"embeddable":true,"href":"https:\/\/dglawga.com\/pt\/wp-json\/wp\/v2\/comments?post=1984"}],"version-history":[{"count":8,"href":"https:\/\/dglawga.com\/pt\/wp-json\/wp\/v2\/pages\/1984\/revisions"}],"predecessor-version":[{"id":8615,"href":"https:\/\/dglawga.com\/pt\/wp-json\/wp\/v2\/pages\/1984\/revisions\/8615"}],"up":[{"embeddable":true,"href":"https:\/\/dglawga.com\/pt\/wp-json\/wp\/v2\/pages\/55"}],"wp:attachment":[{"href":"https:\/\/dglawga.com\/pt\/wp-json\/wp\/v2\/media?parent=1984"}],"wp:term":[{"taxonomy":"category","embeddable":true,"href":"https:\/\/dglawga.com\/pt\/wp-json\/wp\/v2\/categories?post=1984"},{"taxonomy":"post_tag","embeddable":true,"href":"https:\/\/dglawga.com\/pt\/wp-json\/wp\/v2\/tags?post=1984"}],"curies":[{"name":"wp","href":"https:\/\/api.w.org\/{rel}","templated":true}]}}