{"id":1987,"date":"2022-06-07T17:32:21","date_gmt":"2022-06-07T17:32:21","guid":{"rendered":"https:\/\/diazgaetalaw.wpengine.com\/?page_id=1987"},"modified":"2025-06-15T13:08:45","modified_gmt":"2025-06-15T18:08:45","slug":"advogado-de-direito-familiar","status":"publish","type":"page","link":"https:\/\/dglawga.com\/pt\/atlanta-2\/family-law-attorney\/","title":{"rendered":"Advogado de Direito de Fam\u00edlia em Atlanta"},"content":{"rendered":"<p>O direito de fam\u00edlia trata de assuntos relacionados \u00e0 fam\u00edlia, como casamento, div\u00f3rcio, pens\u00e3o aliment\u00edcia, ado\u00e7\u00e3o e muito mais. N\u00e3o \u00e9 f\u00e1cil resolver problemas familiares sozinho. Mesmo ap\u00f3s a finaliza\u00e7\u00e3o do div\u00f3rcio, diversas quest\u00f5es ainda podem surgir.<\/p>\n\n\n\n<p>Navegar pelo complexo sistema jur\u00eddico n\u00e3o \u00e9 f\u00e1cil. Recomendamos fortemente que voc\u00ea contrate um advogado de direito familiar experiente e qualificado em Atlanta. Contratar um advogado pode lhe economizar dinheiro com despesas legais e lhe dar tranquilidade. Seu advogado pode proteg\u00ea-lo de intimida\u00e7\u00f5es, especialmente se seu c\u00f4njuge tamb\u00e9m tiver representa\u00e7\u00e3o legal.<\/p>\n\n\n\n<p>Na Diaz &amp; Gaeta, entendemos que terminar um casamento \u00e9 uma tarefa dif\u00edcil. Se voc\u00ea decidiu se divorciar, pode buscar a orienta\u00e7\u00e3o de nossos experientes e atenciosos advogados de direito familiar em Atlanta. Podemos ajud\u00e1-lo(a) a compreender seus direitos legais durante o processo de div\u00f3rcio. Entre em contato conosco. <strong><a href=\"https:\/\/dglawga.com\/pt\/atlanta\/\">Escrit\u00f3rio de advocacia em Atlanta<\/a><\/strong> no <a href=\"tel:+16785032780\"><strong>678-503-2780<\/strong><\/a> Para agendar uma consulta GRATUITA.<\/p>\n\n\n\n<div class=\"wp-block-group has-accent-background-color has-background is-vertical is-layout-flex wp-container-core-group-is-layout-283d9697 wp-block-group-is-layout-flex\" style=\"border-top-left-radius:15px;border-top-right-radius:15px;margin-top:var(--wp--preset--spacing--30)\">\n<h2 class=\"wp-block-heading has-primary-color has-text-color has-link-color wp-elements-4164a61e17ffbe9e8a7446952ec87a5a\" id=\"aioseo-table-of-contents\">\u00cdNDICE<\/h2>\n<\/div>\n\n\n\n<div class=\"wp-block-group has-background is-vertical is-layout-flex wp-container-core-group-is-layout-d644fc7a wp-block-group-is-layout-flex\" style=\"border-bottom-left-radius:15px;border-bottom-right-radius:15px;background-color:#f3f3f3;margin-top:0\"><div class=\"wp-block-aioseo-table-of-contents\"><ul><li><a class=\"aioseo-toc-item\" href=\"#aioseo-what-qualifies-as-a-family-law-case\">O que se qualifica como um caso de Direito de Fam\u00edlia?<\/a><ul><li><a class=\"aioseo-toc-item\" href=\"#aioseo-contested-and-uncontested-divorce\">Div\u00f3rcio consensual e litigioso<\/a><\/li><li><a class=\"aioseo-toc-item\" href=\"#aioseo-parental-rights-child-custody-and-child-support\">Direitos parentais, guarda dos filhos e pens\u00e3o aliment\u00edcia<\/a><\/li><li><a class=\"aioseo-toc-item\" href=\"#aioseo-spousal-support-and-alimony-agreements\">Acordos de Pens\u00e3o Aliment\u00edcia e Pens\u00e3o para o C\u00f4njuge<\/a><\/li><li><a class=\"aioseo-toc-item\" href=\"#aioseo-legal-name-changes-in-georgia\">Mudan\u00e7as legais de nome na Ge\u00f3rgia<\/a><\/li><li><a class=\"aioseo-toc-item\" href=\"#aioseo-restraining-orders\">Ordens de Restri\u00e7\u00e3o<\/a><\/li><li><a class=\"aioseo-toc-item\" href=\"#aioseo-dss-cases\">Casos do DSS<\/a><\/li><li><a class=\"aioseo-toc-item\" href=\"#aioseo-what-are-the-grounds-for-divorce-in-georgia\">Quais s\u00e3o os motivos para div\u00f3rcio na Ge\u00f3rgia?<\/a><\/li><\/ul><\/li><li><a class=\"aioseo-toc-item\" href=\"#aioseo-how-do-you-start-the-divorce-process\">Como iniciar o processo de div\u00f3rcio?<\/a><\/li><li><a class=\"aioseo-toc-item\" href=\"#aioseo-how-does-the-division-of-property-work-in-atlanta\">Como funciona a divis\u00e3o de bens em Atlanta?<\/a><\/li><li><a class=\"aioseo-toc-item\" href=\"#aioseo-how-is-child-custody-decided\">Como \u00e9 decidida a guarda dos filhos?<\/a><\/li><li><a class=\"aioseo-toc-item\" href=\"#aioseo-what-is-alimony-and-how-is-it-decided\">O que \u00e9 pens\u00e3o aliment\u00edcia e como ela \u00e9 definida?<\/a><\/li><li><a class=\"aioseo-toc-item\" href=\"#aioseo-get-help-from-a-trusted-family-law-attorney-in-atlanta\">Obtenha ajuda de um advogado de direito familiar de confian\u00e7a em Atlanta!<\/a><\/li><\/ul><\/div><\/div>\n\n\n\n<h2 class=\"wp-block-heading\" id=\"aioseo-what-qualifies-as-a-family-law-case\">O que se qualifica como um caso de Direito de Fam\u00edlia?<\/h2>\n\n\n\n<p>O direito de fam\u00edlia abrange diversas situa\u00e7\u00f5es que podem surgir no seio de uma fam\u00edlia. Algumas delas est\u00e3o listadas abaixo:<\/p>\n\n\n\n<h4 class=\"wp-block-heading\" id=\"aioseo-contested-and-uncontested-divorce\">Div\u00f3rcio consensual e litigioso<\/h4>\n\n\n\n<p>Se for do melhor interesse de voc\u00ea e do seu parceiro terminar o casamento, voc\u00ea pode conversar com um(a) terapeuta. <a href=\"\/pt\/\">advogado de direito familiar<\/a> Para ajudar voc\u00ea a encerrar seu casamento. Seu advogado garante que sua separa\u00e7\u00e3o ocorra sem problemas, seja um div\u00f3rcio litigioso ou consensual.<\/p>\n\n\n\n<h4 class=\"wp-block-heading\" id=\"aioseo-parental-rights-child-custody-and-child-support\">Direitos parentais, guarda dos filhos e pens\u00e3o aliment\u00edcia<\/h4>\n\n\n\n<p>Direitos parentais, <strong><a href=\"https:\/\/georgiacourts.gov\/self-help-resources-family-law-child-support\/\" target=\"_blank\" rel=\"noopener nofollow\">pens\u00e3o aliment\u00edcia para filhos<\/a><\/strong>, e <a href=\"https:\/\/georgiacourts.gov\/self-help-resources-family-law-child-custody\/\" target=\"_blank\" rel=\"noopener\"><strong>guarda da crian\u00e7a<\/strong><\/a> Pode afetar toda a sua fam\u00edlia. \u00c9 por isso que voc\u00ea precisa encontrar a melhor solu\u00e7\u00e3o. Sua solu\u00e7\u00e3o deve ser do melhor interesse de seus filhos. Seu advogado de Direito de Fam\u00edlia em Atlanta trabalhar\u00e1 diligentemente para chegar a um acordo justo.<\/p>\n\n\n\n<h4 class=\"wp-block-heading\" id=\"aioseo-spousal-support-and-alimony-agreements\">Acordos de Pens\u00e3o Aliment\u00edcia e Pens\u00e3o para o C\u00f4njuge<\/h4>\n\n\n\n<p>Separar-se do c\u00f4njuge \u00e9 dif\u00edcil e pode acarretar dificuldades financeiras. Para reduzir esses encargos, voc\u00ea pode solicitar pens\u00e3o aliment\u00edcia ou aux\u00edlio financeiro ao c\u00f4njuge.<\/p>\n\n\n\n<h4 class=\"wp-block-heading\" id=\"aioseo-legal-name-changes-in-georgia\">Mudan\u00e7as legais de nome na Ge\u00f3rgia<\/h4>\n\n\n\n<p>Geralmente, as mulheres mudam o sobrenome ao se casarem ou se divorciarem. Ap\u00f3s o div\u00f3rcio, pode ser necess\u00e1rio obter uma altera\u00e7\u00e3o legal de nome.<\/p>\n\n\n\n<h4 class=\"wp-block-heading\" id=\"aioseo-restraining-orders\">Ordens de Restri\u00e7\u00e3o<\/h4>\n\n\n\n<p>Se voc\u00ea for v\u00edtima de abuso, pode precisar de uma ordem de restri\u00e7\u00e3o. Se seu filho for v\u00edtima de ass\u00e9dio f\u00edsico, verbal ou mesmo sexual, voc\u00ea precisa buscar prote\u00e7\u00e3o.<\/p>\n\n\n\n<h4 class=\"wp-block-heading\" id=\"aioseo-dss-cases\">Casos do DSS<\/h4>\n\n\n\n<p>A Divis\u00e3o de Servi\u00e7os Sociais (DSS) investiga den\u00fancias de abuso e neglig\u00eancia infantil. Se a DSS estiver investigando voc\u00ea ou seu c\u00f4njuge, contrate o advogado de direito familiar certo em Atlanta para proteger seus direitos.<\/p>\n\n\n\n<h4 class=\"wp-block-heading\" id=\"aioseo-what-are-the-grounds-for-divorce-in-georgia\">Quais s\u00e3o os motivos para div\u00f3rcio na Ge\u00f3rgia?<\/h4>\n\n\n\n<p>Um ou ambos os c\u00f4njuges podem decidir se divorciar. De acordo com a lei da Ge\u00f3rgia, o div\u00f3rcio \u00e9 v\u00e1lido. <a href=\"http:\/\/ga.elaws.us\/law\/section19-5-3\" target=\"_blank\" rel=\"noopener nofollow\">jur\u00eddico <strong>motivos para um div\u00f3rcio<\/strong><\/a> incluem:<\/p>\n\n\n\n<ul class=\"wp-block-list\">\n<li>Os c\u00f4njuges s\u00e3o parentes muito pr\u00f3ximos para se casarem segundo a lei.<\/li>\n\n\n\n<li>Incapacidade mental no momento do casamento.<\/li>\n\n\n\n<li>Impot\u00eancia no momento do casamento.<\/li>\n\n\n\n<li>Uso de for\u00e7a, amea\u00e7a, coa\u00e7\u00e3o ou fraude para obter o casamento.<\/li>\n\n\n\n<li>A esposa estava gr\u00e1vida de outro homem na \u00e9poca do casamento, e o marido n\u00e3o sabia.<\/li>\n\n\n\n<li>Adult\u00e9rio por qualquer um dos c\u00f4njuges durante o casamento.<\/li>\n\n\n\n<li>Abandono volunt\u00e1rio por um ano.<\/li>\n\n\n\n<li>Loucura incur\u00e1vel.<\/li>\n\n\n\n<li>Embriaguez habitual.<\/li>\n\n\n\n<li>Tratamento cruel.<\/li>\n\n\n\n<li>O casamento est\u00e1 irremediavelmente rompido.<\/li>\n<\/ul>\n\n\n\n<p>Para dar entrada em um pedido de div\u00f3rcio, voc\u00ea ou seu c\u00f4njuge devem ter residido no condado por pelo menos 6 meses.<\/p>\n\n\n\n<figure class=\"wp-block-image aligncenter\" style=\"margin-top:var(--wp--preset--spacing--20);margin-bottom:var(--wp--preset--spacing--20)\"><a href=\"https:\/\/dglawga.com\/wp-content\/uploads\/2022\/06\/atlanta-family-law-attorney-diaz.jpg\"><img loading=\"lazy\" decoding=\"async\" width=\"500\" height=\"333\" src=\"https:\/\/dglawga.com\/wp-content\/uploads\/2022\/06\/atlanta-family-law-attorney-diaz.jpg\" alt=\"Advogado de direito familiar em Atlanta observa casal discutir.\" class=\"wp-image-2923\" srcset=\"https:\/\/dglawga.com\/wp-content\/uploads\/2022\/06\/atlanta-family-law-attorney-diaz.jpg 500w, https:\/\/dglawga.com\/wp-content\/uploads\/2022\/06\/atlanta-family-law-attorney-diaz-300x200.jpg 300w\" sizes=\"auto, (max-width: 500px) 100vw, 500px\" \/><\/a><\/figure>\n\n\n\n<h2 class=\"wp-block-heading\" id=\"aioseo-how-do-you-start-the-divorce-process\" style=\"padding-top:var(--wp--preset--spacing--20)\">Como iniciar o processo de div\u00f3rcio?<\/h2>\n\n\n\n<p>Ap\u00f3s decidir terminar o casamento, voc\u00ea deve seguir alguns procedimentos listados abaixo:<\/p>\n\n\n\n<ul class=\"wp-block-list\">\n<li><strong>Passo 1<\/strong> \u2013 Em primeiro lugar, voc\u00ea deve garantir que atende aos requisitos de elegibilidade para <a href=\"https:\/\/georgia.gov\/file-divorce\" target=\"_blank\" rel=\"noopener nofollow\"><strong>apresentar uma \u201cA\u00e7\u00e3o de Div\u00f3rcio Absoluto\u201d<\/strong>\u201d<\/a> com o tribunal.<\/li>\n\n\n\n<li><strong>Etapa 2<\/strong> \u2013 Em segundo lugar, voc\u00ea deve registrar a queixa e pagar as taxas de registro.<\/li>\n\n\n\n<li><strong>Etapa 3<\/strong> \u2013 Em terceiro lugar, voc\u00ea precisa entregar uma c\u00f3pia da sua reclama\u00e7\u00e3o ao seu c\u00f4njuge.<\/li>\n<\/ul>\n\n\n\n<p>Um bom advogado pode ajud\u00e1-lo a preparar os documentos necess\u00e1rios e orient\u00e1-lo durante todo o processo de div\u00f3rcio.<\/p>\n\n\n\n<h2 class=\"wp-block-heading\" id=\"aioseo-how-does-the-division-of-property-work-in-atlanta\" style=\"padding-top:var(--wp--preset--spacing--20)\">Como funciona a divis\u00e3o de bens em Atlanta?<\/h2>\n\n\n\n<p>Voc\u00ea e seu c\u00f4njuge podem decidir chegar a um acordo sobre a partilha de bens sem envolver o tribunal. Nem sempre \u00e9 necess\u00e1rio recorrer ao tribunal para a partilha de bens. No entanto, se decidirem faz\u00ea-lo, dever\u00e3o cumprir os procedimentos obrigat\u00f3rios.<\/p>\n\n\n\n<p>Na Ge\u00f3rgia, existem duas classifica\u00e7\u00f5es de propriedade:<\/p>\n\n\n\n<ul class=\"wp-block-list\">\n<li><strong>Bens conjugais<\/strong> \u2013 Trata-se do im\u00f3vel que voc\u00ea e seu c\u00f4njuge adquiriram durante o casamento e que atualmente fazem parte de sua propriedade.<\/li>\n\n\n\n<li><strong>Propriedade separada<\/strong> \u2013 S\u00e3o os bens adquiridos por voc\u00ea ou seu c\u00f4njuge durante o casamento, por doa\u00e7\u00e3o ou heran\u00e7a. Tamb\u00e9m inclui os bens que voc\u00ea ou seu c\u00f4njuge possu\u00edam antes do casamento.<\/li>\n<\/ul>\n\n\n\n<p>Os bens classificados como propriedade individual permanecem com o propriet\u00e1rio original. De acordo com o princ\u00edpio da &quot;distribui\u00e7\u00e3o equitativa&quot;, o tribunal busca dividir os bens conjugais de forma justa entre os c\u00f4njuges. Isso n\u00e3o significa necessariamente uma divis\u00e3o 50\/50.<\/p>\n\n\n\n<h2 class=\"wp-block-heading\" id=\"aioseo-how-is-child-custody-decided\" style=\"padding-top:var(--wp--preset--spacing--20)\">Como \u00e9 decidida a guarda dos filhos?<\/h2>\n\n\n\n<p>As leis de guarda de filhos em Atlanta, Ge\u00f3rgia, visam proteger a crian\u00e7a. Por isso, os tribunais de fam\u00edlia t\u00eam jurisdi\u00e7\u00e3o em casos de guarda. O tribunal concede a guarda com base no melhor interesse da crian\u00e7a. Tamb\u00e9m determina se a guarda exclusiva ou compartilhada \u00e9 apropriada. O tribunal n\u00e3o favorece um dos pais em detrimento do outro.<\/p>\n\n\n\n<p>\u00c9 dif\u00edcil entender as complexas leis de guarda de filhos. Recomendamos fortemente que voc\u00ea converse com nosso advogado especializado em Direito de Fam\u00edlia em Atlanta. Se voc\u00ea est\u00e1 enfrentando problemas de guarda de filhos, precisa de uma representa\u00e7\u00e3o legal adequada para evitar colocar seus direitos em risco.<\/p>\n\n\n\n<h2 class=\"wp-block-heading\" id=\"aioseo-what-is-alimony-and-how-is-it-decided\" style=\"padding-top:var(--wp--preset--spacing--20)\">O que \u00e9 pens\u00e3o aliment\u00edcia e como ela \u00e9 definida?<\/h2>\n\n\n\n<p>A pens\u00e3o aliment\u00edcia \u00e9 o suporte financeiro que o tribunal determina que um c\u00f4njuge pague ao outro ap\u00f3s o div\u00f3rcio. Assim que o div\u00f3rcio for finalizado, o tribunal pode ordenar que voc\u00ea forne\u00e7a suporte financeiro ao seu c\u00f4njuge.<\/p>\n\n\n\n<p>Existem diretrizes estabelecidas para determinar a pens\u00e3o aliment\u00edcia. Portanto, o juiz respons\u00e1vel pelo seu caso decide o valor a ser concedido ao seu c\u00f4njuge. Se voc\u00ea e seu c\u00f4njuge tiverem rendimentos relativamente semelhantes, o juiz pode n\u00e3o conceder a pens\u00e3o aliment\u00edcia.<\/p>\n\n\n\n<p>O tribunal utiliza os seguintes fatores para determinar o valor e a dura\u00e7\u00e3o das obriga\u00e7\u00f5es de pens\u00e3o aliment\u00edcia:<\/p>\n\n\n\n<ul class=\"wp-block-list\">\n<li>Dura\u00e7\u00e3o do casamento.<\/li>\n\n\n\n<li>Necessidades razo\u00e1veis de cada c\u00f4njuge.<\/li>\n\n\n\n<li>A capacidade do c\u00f4njuge de pagar pens\u00e3o aliment\u00edcia.<\/li>\n\n\n\n<li>O padr\u00e3o de vida do c\u00f4njuge dependente.<\/li>\n\n\n\n<li>A forma\u00e7\u00e3o educacional do c\u00f4njuge dependente.<\/li>\n\n\n\n<li>Conduta conjugal inadequada.<\/li>\n<\/ul>\n\n\n\n<p>O tribunal leva em considera\u00e7\u00e3o a dura\u00e7\u00e3o do casamento para determinar o per\u00edodo de pagamento da pens\u00e3o aliment\u00edcia. Se voc\u00ea foi casado(a) por v\u00e1rios anos, \u00e9 mais prov\u00e1vel que pague pens\u00e3o aliment\u00edcia por um per\u00edodo mais longo. Al\u00e9m disso, se sua renda for alta, \u00e9 mais prov\u00e1vel que pague um valor maior de pens\u00e3o aliment\u00edcia.<\/p>\n\n\n\n<p>Voc\u00ea pode conversar com um advogado especializado em direito de fam\u00edlia em Atlanta para entender as leis de pens\u00e3o aliment\u00edcia nessa regi\u00e3o.<\/p>\n\n\n\n<h2 class=\"wp-block-heading\" id=\"aioseo-get-help-from-a-trusted-family-law-attorney-in-atlanta\" style=\"padding-top:var(--wp--preset--spacing--20)\">Obtenha ajuda de um advogado de direito familiar de confian\u00e7a em Atlanta!<\/h2>\n\n\n\n<p>Terminar um casamento \u00e9 estressante e dif\u00edcil. H\u00e1 muitas coisas a fazer. Ali\u00e1s, a quantidade de coisas a fazer pode ser avassaladora. Pode ser necess\u00e1rio negociar a partilha de bens com o c\u00f4njuge, lutar pela guarda dos filhos, preencher a documenta\u00e7\u00e3o necess\u00e1ria e muito mais.<\/p>\n\n\n\n<p>Voc\u00ea precisar\u00e1 dos servi\u00e7os de um advogado de direito familiar experiente e renomado em Atlanta. Um bom advogado pode ajud\u00e1-lo a preparar os documentos necess\u00e1rios e orient\u00e1-lo durante todo o processo de div\u00f3rcio. Ter um advogado ao seu lado pode reduzir seu estresse e at\u00e9 mesmo economizar dinheiro a longo prazo.<\/p>\n\n\n\n<p>No <a href=\"\/pt\/\">Diaz e Gaeta<\/a>, Estamos prontos para ajud\u00e1-lo(a) a entender seus direitos legais e defend\u00ea-lo(a). Protegeremos seus direitos. Oferecemos aconselhamento jur\u00eddico, representa\u00e7\u00e3o em ju\u00edzo e negociamos com seu c\u00f4njuge em seu nome. Podemos lidar com suas necessidades em direito de fam\u00edlia. Responderemos \u00e0s suas perguntas jur\u00eddicas. Ligue para <a href=\"tel:+16785032780\"><strong>678-503-2780<\/strong><\/a> Para uma consulta GRATUITA.<\/p>","protected":false},"excerpt":{"rendered":"<p>Family law deals with matters relating to the family, such as marriage, divorce, child support, adoption, and more. It is not easy to solve family issues on your own. Once you finalize your divorce, several issues can still arise. It is not easy to navigate the complex legal system. We highly encourage you to hire [&hellip;]<\/p>\n","protected":false},"author":34,"featured_media":0,"parent":55,"menu_order":0,"comment_status":"closed","ping_status":"closed","template":"wp-custom-template-atlanta-services","meta":{"_acf_changed":false,"_themeisle_gutenberg_block_has_review":false,"footnotes":""},"categories":[4],"tags":[124,123,120,21,122,59,126,58,121,125,119,26,118,116,117,22,142,143],"class_list":["post-1987","page","type-page","status-publish","hentry","category-atlanta-location","tag-abogado-coche-acidente","tag-abogado-gratis","tag-attorney-lawyer","tag-car-accidents","tag-car-accidents-lawyer","tag-family-law","tag-imigracion-abogados","tag-immigration","tag-immigration-lawyer","tag-marietta-abogado","tag-marietta-lawyer","tag-personal-injury","tag-top-lawyer-in-marietta","tag-top-lawyers-in-atlanta","tag-top-lawyers-in-smyrna","tag-truck-accident","tag-truck-accident-attorneys","tag-truck-crash"],"acf":[],"aioseo_notices":[],"_links":{"self":[{"href":"https:\/\/dglawga.com\/pt\/wp-json\/wp\/v2\/pages\/1987","targetHints":{"allow":["GET"]}}],"collection":[{"href":"https:\/\/dglawga.com\/pt\/wp-json\/wp\/v2\/pages"}],"about":[{"href":"https:\/\/dglawga.com\/pt\/wp-json\/wp\/v2\/types\/page"}],"author":[{"embeddable":true,"href":"https:\/\/dglawga.com\/pt\/wp-json\/wp\/v2\/users\/34"}],"replies":[{"embeddable":true,"href":"https:\/\/dglawga.com\/pt\/wp-json\/wp\/v2\/comments?post=1987"}],"version-history":[{"count":2,"href":"https:\/\/dglawga.com\/pt\/wp-json\/wp\/v2\/pages\/1987\/revisions"}],"predecessor-version":[{"id":7743,"href":"https:\/\/dglawga.com\/pt\/wp-json\/wp\/v2\/pages\/1987\/revisions\/7743"}],"up":[{"embeddable":true,"href":"https:\/\/dglawga.com\/pt\/wp-json\/wp\/v2\/pages\/55"}],"wp:attachment":[{"href":"https:\/\/dglawga.com\/pt\/wp-json\/wp\/v2\/media?parent=1987"}],"wp:term":[{"taxonomy":"category","embeddable":true,"href":"https:\/\/dglawga.com\/pt\/wp-json\/wp\/v2\/categories?post=1987"},{"taxonomy":"post_tag","embeddable":true,"href":"https:\/\/dglawga.com\/pt\/wp-json\/wp\/v2\/tags?post=1987"}],"curies":[{"name":"wp","href":"https:\/\/api.w.org\/{rel}","templated":true}]}}