{"id":2000,"date":"2022-06-07T17:35:14","date_gmt":"2022-06-07T17:35:14","guid":{"rendered":"https:\/\/diazgaetalaw.wpengine.com\/?page_id=2000"},"modified":"2025-06-15T08:32:07","modified_gmt":"2025-06-15T13:32:07","slug":"advogado-especializado-em-acidentes-com-caminhoes","status":"publish","type":"page","link":"https:\/\/dglawga.com\/pt\/smyrna\/truck-accident-lawyer\/","title":{"rendered":"Advogado especializado em acidentes com caminh\u00f5es em Smyrna"},"content":{"rendered":"<p>Infelizmente, acidentes com caminh\u00f5es s\u00e3o comuns. O tamanho e a robustez de um caminh\u00e3o aumentam a probabilidade de les\u00f5es em um acidente envolvendo esse tipo de ve\u00edculo. As empresas de transporte rodovi\u00e1rio possuem peritos de seguros cujo objetivo \u00e9 pagar o m\u00ednimo poss\u00edvel em indeniza\u00e7\u00f5es. Se voc\u00ea se envolver em um acidente com caminh\u00e3o, precisar\u00e1 de um advogado especializado em acidentes com caminh\u00f5es em Smyrna para represent\u00e1-lo.<\/p>\n\n\n\n<p>No escrit\u00f3rio de advocacia Diaz &amp; Gaeta, ajudamos voc\u00ea a obter a indeniza\u00e7\u00e3o que merece. Ligue para n\u00f3s. <strong><a href=\"https:\/\/dglawga.com\/pt\/esmirna\/advogado-de-acidentes-de-carro\/\">Advogados especializados em acidentes de carro em Smyrna<\/a><\/strong> hoje <a href=\"tel:+16785032780\"><strong>678-503-2780<\/strong><\/a> Para uma consulta gratuita.<\/p>\n\n\n\n<div class=\"wp-block-group has-accent-background-color has-background is-vertical is-layout-flex wp-container-core-group-is-layout-283d9697 wp-block-group-is-layout-flex\" style=\"border-top-left-radius:15px;border-top-right-radius:15px;margin-top:var(--wp--preset--spacing--30)\">\n<h2 class=\"wp-block-heading has-primary-color has-text-color has-link-color wp-elements-4164a61e17ffbe9e8a7446952ec87a5a\" id=\"aioseo-table-of-contents\">\u00cdNDICE<\/h2>\n<\/div>\n\n\n\n<div class=\"wp-block-group has-background is-vertical is-layout-flex wp-container-core-group-is-layout-d644fc7a wp-block-group-is-layout-flex\" style=\"border-bottom-left-radius:15px;border-bottom-right-radius:15px;background-color:#f3f3f3;margin-top:0\"><div class=\"wp-block-aioseo-table-of-contents\"><ul><li><a class=\"aioseo-toc-item\" href=\"#aioseo-truck-accident-statistics\">Estat\u00edsticas de acidentes com caminh\u00f5es<\/a><\/li><li><a class=\"aioseo-toc-item\" href=\"#aioseo-what-should-you-do-after-a-smyrna-truck-accident\">O que voc\u00ea deve fazer ap\u00f3s um acidente com caminh\u00e3o em Smyrna?<\/a><ul><li><a class=\"aioseo-toc-item\" href=\"#aioseo-call-911\">Ligue para o 911<\/a><\/li><li><a class=\"aioseo-toc-item\" href=\"#aioseo-help-others\">Ajude os outros<\/a><\/li><li><a class=\"aioseo-toc-item\" href=\"#aioseo-exchange-information\">Informa\u00e7\u00f5es de troca<\/a><\/li><li><a class=\"aioseo-toc-item\" href=\"#aioseo-document-the-scene-speak-with-witnesses\">Documente a cena, fale com as testemunhas.<\/a><\/li><li><a class=\"aioseo-toc-item\" href=\"#aioseo-seek-medical-attention\">Procure atendimento m\u00e9dico.<\/a><\/li><li><a class=\"aioseo-toc-item\" href=\"#aioseo-contact-an-smyrna-truck-accident-lawyer\">Contate um advogado especializado em acidentes com caminh\u00f5es em Smyrna.<\/a><\/li><\/ul><\/li><li><a class=\"aioseo-toc-item\" href=\"#aioseo-how-can-a-smyrna-truck-accident-lawyer-help\">Como um advogado especializado em acidentes com caminh\u00f5es em Smyrna pode ajudar?<\/a><ul><li><a class=\"aioseo-toc-item\" href=\"#aioseo-investigation\">Investiga\u00e7\u00e3o<\/a><\/li><li><a class=\"aioseo-toc-item\" href=\"#aioseo-filing-a-claim\">Apresenta\u00e7\u00e3o de uma reclama\u00e7\u00e3o<\/a><\/li><li><a class=\"aioseo-toc-item\" href=\"#aioseo-negotiations\">Negocia\u00e7\u00f5es<\/a><\/li><li><a class=\"aioseo-toc-item\" href=\"#aioseo-litigation\">Lit\u00edgio<\/a><\/li><\/ul><\/li><li><a class=\"aioseo-toc-item\" href=\"#aioseo-what-types-of-compensation-can-i-receive\">Que tipos de compensa\u00e7\u00e3o posso receber?<\/a><ul><li><a class=\"aioseo-toc-item\" href=\"#aioseo-economic-damages\">Danos econ\u00f4micos<\/a><\/li><li><a class=\"aioseo-toc-item\" href=\"#aioseo-non-economic-damages\">Danos n\u00e3o econ\u00f4micos<\/a><\/li><li><a class=\"aioseo-toc-item\" href=\"#aioseo-punitive-damages\">Danos punitivos<\/a><\/li><\/ul><\/li><li><a class=\"aioseo-toc-item\" href=\"#aioseo-how-much-can-i-expect-to-recover-through-my-truck-accident-claim\">Quanto posso esperar receber de indeniza\u00e7\u00e3o por um acidente com caminh\u00e3o?<\/a><\/li><li><a class=\"aioseo-toc-item\" href=\"#aioseo-is-there-a-time-limit-for-filing-a-truck-accident-claim\">Existe um prazo limite para apresentar uma reclama\u00e7\u00e3o por acidente com caminh\u00e3o?<\/a><\/li><li><a class=\"aioseo-toc-item\" href=\"#aioseo-how-is-fault-in-a-truck-accident-determined\">Como se determina a culpa em um acidente com caminh\u00e3o?<\/a><\/li><li><a class=\"aioseo-toc-item\" href=\"#aioseo-georgias-modified-comparative-negligence-rule\">Regra de Neglig\u00eancia Comparativa Modificada da Ge\u00f3rgia<\/a><\/li><li><a class=\"aioseo-toc-item\" href=\"#aioseo-can-a-smyrna-truck-accident-lawyer-prove-the-truck-driver-was-negligent\">Um advogado especializado em acidentes com caminh\u00f5es em Smyrna pode provar que o motorista do caminh\u00e3o foi negligente?<\/a><\/li><li><a class=\"aioseo-toc-item\" href=\"#aioseo-who-can-be-held-liable\">Quem pode ser responsabilizado?<\/a><\/li><li><a class=\"aioseo-toc-item\" href=\"#aioseo-common-causes-of-truck-accidents\">Causas comuns de acidentes com caminh\u00f5es<\/a><\/li><li><a class=\"aioseo-toc-item\" href=\"#aioseo-experienced-smyrna-truck-accident-attorneys\">Advogados experientes em acidentes com caminh\u00f5es em Smyrna<\/a><\/li><\/ul><\/div><\/div>\n\n\n\n<h2 class=\"wp-block-heading\" id=\"aioseo-truck-accident-statistics\" style=\"padding-top:var(--wp--preset--spacing--20);padding-bottom:0\">Estat\u00edsticas de acidentes com caminh\u00f5es<\/h2>\n\n\n\n<p>Em um relat\u00f3rio divulgado em 2017 pela Administra\u00e7\u00e3o Nacional de Seguran\u00e7a Rodovi\u00e1ria (NHTSA), 841 v\u00edtimas fatais envolvidas em acidentes eram ocupantes de caminh\u00f5es. Al\u00e9m disso, 3.450 ocupantes de outros ve\u00edculos envolvidos em acidentes com caminh\u00f5es de grande porte tamb\u00e9m faleceram.<\/p>\n\n\n\n<p>Em 2018, 135 mortes na Ge\u00f3rgia foram resultado de acidentes com caminh\u00f5es. Constatou-se que 241 desses acidentes foram causados por motoristas embriagados. Em 2016, a Ge\u00f3rgia ocupava o 4\u00ba lugar no ranking nacional de casos de acidentes com caminh\u00f5es.<\/p>\n\n\n\n<h2 class=\"wp-block-heading\" id=\"aioseo-what-should-you-do-after-a-smyrna-truck-accident\" style=\"padding-top:var(--wp--preset--spacing--20);padding-bottom:0\">O que voc\u00ea deve fazer ap\u00f3s um acidente com caminh\u00e3o em Smyrna?<\/h2>\n\n\n\n<p>Um acidente com caminh\u00e3o provavelmente deixar\u00e1 voc\u00ea sem saber o que fazer em seguida. Aqui est\u00e3o os passos mais importantes a serem tomados ap\u00f3s um acidente com caminh\u00e3o:<\/p>\n\n\n\n<h4 class=\"wp-block-heading\" id=\"aioseo-call-911\">Ligue para o 911<\/h4>\n\n\n\n<p>Ap\u00f3s um acidente com caminh\u00e3o, ligar para o 911 \u00e9 \u00fatil, especialmente se algu\u00e9m ficou ferido ou morreu no local. Voc\u00ea tamb\u00e9m pode optar por ligar para os policiais rodovi\u00e1rios respons\u00e1veis por registrar o boletim de ocorr\u00eancia, avaliar a situa\u00e7\u00e3o e orient\u00e1-lo sobre os pr\u00f3ximos passos.<\/p>\n\n\n\n<h4 class=\"wp-block-heading\" id=\"aioseo-help-others\">Ajude os outros<\/h4>\n\n\n\n<p>Acidentes causam muita confus\u00e3o. O melhor que voc\u00ea pode fazer por qualquer pessoa envolvida no acidente \u00e9 ajud\u00e1-la de acordo com a necessidade dela. No entanto, por favor, evite ajudar pessoas gravemente feridas, pois a situa\u00e7\u00e3o delas deve ser tratada por profissionais.<\/p>\n\n\n\n<h4 class=\"wp-block-heading\" id=\"aioseo-exchange-information\">Informa\u00e7\u00f5es de troca<\/h4>\n\n\n\n<p>\u00c9 dif\u00edcil encontrar as pessoas envolvidas em um acidente com voc\u00ea depois que elas deixam o local. Trocar informa\u00e7\u00f5es ajudar\u00e1 voc\u00ea a localiz\u00e1-las facilmente sempre que necess\u00e1rio. Certifique-se de trocar informa\u00e7\u00f5es de contato e do seguro com a outra parte.<\/p>\n\n\n\n<h4 class=\"wp-block-heading\" id=\"aioseo-document-the-scene-speak-with-witnesses\">Documente a cena, fale com as testemunhas.<\/h4>\n\n\n\n<p>Voc\u00ea deve tirar fotos e gravar v\u00eddeos do local, mostrando os danos aos ve\u00edculos, feridos, condi\u00e7\u00f5es da estrada, etc. Anote o contato de quaisquer testemunhas presentes no local.<\/p>\n\n\n\n<h4 class=\"wp-block-heading\" id=\"aioseo-seek-medical-attention\">Procure atendimento m\u00e9dico.<\/h4>\n\n\n\n<p>Sua sa\u00fade \u00e9 importante. Voc\u00ea deve ir ao hospital ap\u00f3s um acidente, mesmo que esteja convencido de que n\u00e3o se machucou. A adrenalina pode estar mascarando a dor de les\u00f5es. Ter documenta\u00e7\u00e3o m\u00e9dica \u00e9 fundamental para reivindicar uma indeniza\u00e7\u00e3o.<\/p>\n\n\n\n<h4 class=\"wp-block-heading\" id=\"aioseo-contact-an-smyrna-truck-accident-lawyer\">Contate um advogado especializado em acidentes com caminh\u00f5es em Smyrna.<\/h4>\n\n\n\n<p>Consulte um advogado especializado em acidentes com caminh\u00f5es se voc\u00ea acredita que n\u00e3o teve culpa no acidente. Um advogado o ajudar\u00e1 a lidar com o caso e a obter a indeniza\u00e7\u00e3o adequada.<\/p>\n\n\n\n<h2 class=\"wp-block-heading\" id=\"aioseo-how-can-a-smyrna-truck-accident-lawyer-help\" style=\"padding-top:var(--wp--preset--spacing--20);padding-bottom:0\">Como um advogado especializado em acidentes com caminh\u00f5es em Smyrna pode ajudar?<\/h2>\n\n\n\n<p>Um advogado especializado em acidentes com caminh\u00f5es desempenha in\u00fameras fun\u00e7\u00f5es para garantir que voc\u00ea tenha acesso \u00e0 justi\u00e7a. Algumas dessas fun\u00e7\u00f5es incluem:<\/p>\n\n\n\n<h4 class=\"wp-block-heading\" id=\"aioseo-investigation\">Investiga\u00e7\u00e3o<\/h4>\n\n\n\n<p>Nossos advogados especializados em acidentes com caminh\u00f5es em Smyrna examinam o caso utilizando registros m\u00e9dicos, boletins de ocorr\u00eancia, os dados da caixa-preta do caminh\u00e3o e outros documentos dispon\u00edveis. Tamb\u00e9m entrevistamos as testemunhas para garantir que nada seja deixado ao acaso. Nossos advogados sabem onde procurar para provar que voc\u00ea n\u00e3o foi o culpado.<\/p>\n\n\n\n<h4 class=\"wp-block-heading\" id=\"aioseo-filing-a-claim\">Apresenta\u00e7\u00e3o de uma reclama\u00e7\u00e3o<\/h4>\n\n\n\n<p>Casos de acidentes com caminh\u00f5es exigem muita documenta\u00e7\u00e3o com a qual voc\u00ea pode n\u00e3o estar familiarizado. Se a documenta\u00e7\u00e3o for preenchida incorretamente, isso afeta suas chances de ganhar o caso. Nossos advogados garantem que toda a documenta\u00e7\u00e3o seja feita de forma correta e dentro do prazo.<\/p>\n\n\n\n<h4 class=\"wp-block-heading\" id=\"aioseo-negotiations\">Negocia\u00e7\u00f5es<\/h4>\n\n\n\n<p>As seguradoras nunca est\u00e3o do seu lado durante um processo de indeniza\u00e7\u00e3o. Em muitos casos, elas tentar\u00e3o pression\u00e1-lo a aceitar um valor de acordo inferior ao que voc\u00ea merece. Seus advogados especializados em acidentes com caminh\u00f5es em Smyrna est\u00e3o aqui para garantir que voc\u00ea receba a indeniza\u00e7\u00e3o necess\u00e1ria.<\/p>\n\n\n\n<h4 class=\"wp-block-heading\" id=\"aioseo-litigation\">Lit\u00edgio<\/h4>\n\n\n\n<p>A maioria dos casos termina com um acordo. No entanto, se a seguradora n\u00e3o cooperar e n\u00e3o lhe pagar uma indeniza\u00e7\u00e3o justa, nossos advogados especializados em acidentes com caminh\u00f5es em Smyrna est\u00e3o mais do que preparados para represent\u00e1-lo no tribunal. Sabemos como construir uma defesa s\u00f3lida e apresentar as provas perante o juiz e o j\u00fari.<\/p>\n\n\n\n<h2 class=\"wp-block-heading\" id=\"aioseo-what-types-of-compensation-can-i-receive\" style=\"padding-top:var(--wp--preset--spacing--20);padding-bottom:0\">Que tipos de compensa\u00e7\u00e3o posso receber?<\/h2>\n\n\n\n<p>Na Ge\u00f3rgia, voc\u00ea pode ter acesso a diversas compensa\u00e7\u00f5es classificadas em tr\u00eas categorias principais. S\u00e3o elas:<\/p>\n\n\n\n<h4 class=\"wp-block-heading\" id=\"aioseo-economic-damages\">Danos econ\u00f4micos<\/h4>\n\n\n\n<p>Essas s\u00e3o indeniza\u00e7\u00f5es que podem ser quantificadas monetariamente. Os valores variam de acordo com a extens\u00e3o e a causa do dano. Elas incluem:;<\/p>\n\n\n\n<ul class=\"wp-block-list\">\n<li>Benef\u00edcios perdidos<\/li>\n\n\n\n<li>Perda de rendimentos<\/li>\n\n\n\n<li>Perda da capacidade de ganho.<\/li>\n\n\n\n<li>despesas m\u00e9dicas<\/li>\n\n\n\n<li>Custos de substitui\u00e7\u00e3o e reparo<\/li>\n<\/ul>\n\n\n\n<figure class=\"wp-block-image aligncenter size-full\" style=\"margin-top:var(--wp--preset--spacing--20);margin-bottom:var(--wp--preset--spacing--20)\"><img loading=\"lazy\" decoding=\"async\" width=\"500\" height=\"333\" src=\"https:\/\/dglawga.com\/wp-content\/uploads\/2025\/06\/smyrna-truck-accident-lawyer-diaz.jpg?wsr\" alt=\"\" class=\"wp-image-7656\" srcset=\"https:\/\/dglawga.com\/wp-content\/uploads\/2025\/06\/smyrna-truck-accident-lawyer-diaz.jpg 500w, https:\/\/dglawga.com\/wp-content\/uploads\/2025\/06\/smyrna-truck-accident-lawyer-diaz-300x200.jpg 300w\" sizes=\"auto, (max-width: 500px) 100vw, 500px\" \/><\/figure>\n\n\n\n<h4 class=\"wp-block-heading\" id=\"aioseo-non-economic-damages\">Danos n\u00e3o econ\u00f4micos<\/h4>\n\n\n\n<p>Essas se referem a perdas intang\u00edveis que n\u00e3o podem ser quantificadas monetariamente. Elas incluem:<\/p>\n\n\n\n<ul class=\"wp-block-list\">\n<li>Ansiedade<\/li>\n\n\n\n<li>Depress\u00e3o<\/li>\n\n\n\n<li>Dor emocional<\/li>\n\n\n\n<li>Dor e sofrimento<\/li>\n\n\n\n<li>Estresse<\/li>\n<\/ul>\n\n\n\n<h4 class=\"wp-block-heading\" id=\"aioseo-punitive-damages\">Danos punitivos<\/h4>\n\n\n\n<p>O tribunal pode ordenar que o r\u00e9u pague <strong><a href=\"http:\/\/ga.elaws.us\/law\/section51-12-5.1\" target=\"_blank\" rel=\"noopener nofollow\">danos punitivos<\/a><\/strong> Se eles se envolveram em atos imprudentes que demonstraram desrespeito pela vida alheia, isso tem o objetivo de servir como puni\u00e7\u00e3o e forma de desencorajar tal comportamento.<\/p>\n\n\n\n<h2 class=\"wp-block-heading\" id=\"aioseo-how-much-can-i-expect-to-recover-through-my-truck-accident-claim\" style=\"padding-top:var(--wp--preset--spacing--20);padding-bottom:0\">Quanto posso esperar receber de indeniza\u00e7\u00e3o por um acidente com caminh\u00e3o?<\/h2>\n\n\n\n<p>S\u00f3 podemos determinar o valor da sua indeniza\u00e7\u00e3o por acidente com caminh\u00e3o investigando diversos fatores. Esses fatores incluem:<\/p>\n\n\n\n<ul class=\"wp-block-list\">\n<li>Natureza e gravidade de uma les\u00e3o<\/li>\n\n\n\n<li>Perdas e despesas financeiras<\/li>\n\n\n\n<li>Evid\u00eancia de culpa<\/li>\n\n\n\n<li>atendimento m\u00e9dico imediato<\/li>\n\n\n\n<li>Estilo de vida p\u00f3s-acidente<\/li>\n\n\n\n<li>Cobertura de seguro<\/li>\n\n\n\n<li>Condi\u00e7\u00f5es pr\u00e9-existentes<\/li>\n\n\n\n<li>Suas declara\u00e7\u00f5es e a\u00e7\u00f5es<\/li>\n<\/ul>\n\n\n\n<p>Sem a ajuda de um advogado especializado em acidentes com caminh\u00f5es em Smyrna, as seguradoras provavelmente oferecer\u00e3o um acordo r\u00e1pido e injustificado que n\u00e3o cobre todos os aspectos do seu caso. Aceitar um acordo r\u00e1pido pode gerar dificuldades financeiras futuras. Entre em contato com um advogado de confian\u00e7a especializado em acidentes com caminh\u00f5es em Smyrna para obter a indeniza\u00e7\u00e3o completa que voc\u00ea merece.<\/p>\n\n\n\n<h2 class=\"wp-block-heading\" id=\"aioseo-is-there-a-time-limit-for-filing-a-truck-accident-claim\" style=\"padding-top:var(--wp--preset--spacing--20);padding-bottom:0\">Existe um prazo limite para apresentar uma reclama\u00e7\u00e3o por acidente com caminh\u00e3o?<\/h2>\n\n\n\n<p>Se voc\u00ea sofreu ferimentos em um acidente com caminh\u00e3o, as leis da Ge\u00f3rgia sobre acidentes com caminh\u00e3o exigem que voc\u00ea entre com um pedido de indeniza\u00e7\u00e3o por danos em at\u00e9 dois anos. Converse com um advogado de confian\u00e7a especializado em acidentes com caminh\u00e3o em Smyrna o mais r\u00e1pido poss\u00edvel para dar in\u00edcio ao seu processo.<\/p>\n\n\n\n<h2 class=\"wp-block-heading\" id=\"aioseo-how-is-fault-in-a-truck-accident-determined\">Como se determina a culpa em um acidente com caminh\u00e3o?<\/h2>\n\n\n\n<p>Nossos advogados especializados em les\u00f5es corporais ajudam voc\u00ea a determinar quem foi o culpado e por qu\u00ea. Eles fazem isso identificando os elementos de neglig\u00eancia listados abaixo:<\/p>\n\n\n\n<ul class=\"wp-block-list\">\n<li><strong>Dever de cuidado:<\/strong> Os motoristas de caminh\u00e3o t\u00eam o dever de seguir as leis de tr\u00e2nsito e <a href=\"https:\/\/www.fmcsa.dot.gov\/\" target=\"_blank\" rel=\"noopener\"><strong>Regulamentos da FMCSA<\/strong><\/a>. As empresas de transporte rodovi\u00e1rio devem contratar motoristas qualificados.<\/li>\n\n\n\n<li><strong>Viola\u00e7\u00e3o do dever de cuidado:<\/strong> Seu advogado deve provar que o r\u00e9u n\u00e3o cumpriu com o dever de cuidado aplic\u00e1vel.<\/li>\n\n\n\n<li><strong>Danos:<\/strong> Os advogados devem provar que a v\u00edtima sofreu les\u00f5es e perdas reais.<\/li>\n\n\n\n<li><strong>Causalidade:<\/strong> O advogado precisa provar que o dano sofrido pelo demandante resultou da conduta negligente do r\u00e9u.<\/li>\n<\/ul>\n\n\n\n<h2 class=\"wp-block-heading\" id=\"aioseo-georgias-modified-comparative-negligence-rule\" style=\"padding-top:var(--wp--preset--spacing--20);padding-bottom:0\">Regra de Neglig\u00eancia Comparativa Modificada da Ge\u00f3rgia<\/h2>\n\n\n\n<p>A vers\u00e3o modificada <a href=\"https:\/\/www.investopedia.com\/terms\/c\/comparative-negligence.asp\" target=\"_blank\" rel=\"noopener nofollow\"><strong>neglig\u00eancia comparativa<\/strong><\/a> A lei na Ge\u00f3rgia determina que voc\u00ea s\u00f3 recebe indeniza\u00e7\u00e3o do r\u00e9u se o seu grau de culpa em um acidente com caminh\u00e3o for inferior a 50%. A lei tamb\u00e9m reduz o valor da indeniza\u00e7\u00e3o que voc\u00ea recebe de acordo com o seu grau de culpa. Portanto, se voc\u00ea for considerado 20% culpado, o r\u00e9u pagar\u00e1 apenas 80%.<\/p>\n\n\n\n<h2 class=\"wp-block-heading\" id=\"aioseo-can-a-smyrna-truck-accident-lawyer-prove-the-truck-driver-was-negligent\" style=\"padding-top:var(--wp--preset--spacing--20);padding-bottom:0\">Um advogado especializado em acidentes com caminh\u00f5es em Smyrna pode provar que o motorista do caminh\u00e3o foi negligente?<\/h2>\n\n\n\n<p>Utilizamos diversos m\u00e9todos para comprovar que o motorista do caminh\u00e3o agiu com neglig\u00eancia, causando o acidente. Alguns desses m\u00e9todos incluem:<\/p>\n\n\n\n<ul class=\"wp-block-list\">\n<li>Documenta\u00e7\u00e3o de treinamento<\/li>\n\n\n\n<li>Registros de telefonia celular<\/li>\n\n\n\n<li>Registros de reparo e manuten\u00e7\u00e3o<\/li>\n\n\n\n<li>marcas de derrapagem<\/li>\n\n\n\n<li>Fotos da cena<\/li>\n\n\n\n<li>Grava\u00e7\u00f5es de \u00e1udio<\/li>\n\n\n\n<li>Resultados dos testes de drogas e \u00e1lcool<\/li>\n<\/ul>\n\n\n\n<h2 class=\"wp-block-heading\" id=\"aioseo-who-can-be-held-liable\" style=\"padding-top:var(--wp--preset--spacing--20);padding-bottom:0\">Quem pode ser responsabilizado?<\/h2>\n\n\n\n<p>Seu advogado especializado em acidentes com caminh\u00f5es em Smyrna deve determinar se uma \u00fanica pessoa ou mais de uma pessoa foi respons\u00e1vel pelo acidente. \u00c9 prov\u00e1vel que v\u00e1rias pessoas sejam responsabilizadas em um acidente com caminh\u00e3o. Entre elas:<\/p>\n\n\n\n<ul class=\"wp-block-list\">\n<li><strong>O motorista de caminh\u00e3o:<\/strong> Um motorista de caminh\u00e3o \u00e9 responsabilizado se estiver distra\u00eddo, for imprudente ou infringir a lei.<\/li>\n\n\n\n<li><strong>A empresa de caminh\u00f5es:<\/strong> A empresa pode ser responsabilizada se n\u00e3o tiver selecionado adequadamente os candidatos, n\u00e3o tiver fornecido treinamento adequado ou tiver pressionado os motoristas a dirigir por mais tempo do que o permitido pelos regulamentos.<\/li>\n\n\n\n<li><strong>A empresa que carregou o caminh\u00e3o:<\/strong> Os carregadores de carga podem ser responsabilizados por inspe\u00e7\u00e3o incompleta ou por n\u00e3o terem fixado a carga adequadamente.<\/li>\n\n\n\n<li><strong>Fabricantes de ve\u00edculos ou pe\u00e7as:<\/strong> O fabricante \u00e9 responsabilizado quando um advogado determina que um defeito mec\u00e2nico no caminh\u00e3o causou o acidente.<\/li>\n<\/ul>\n\n\n\n<h2 class=\"wp-block-heading\" id=\"aioseo-common-causes-of-truck-accidents\" style=\"padding-top:var(--wp--preset--spacing--20);padding-bottom:0\">Causas comuns de acidentes com caminh\u00f5es<\/h2>\n\n\n\n<p>A seguir, apresentamos as causas mais comuns de acidentes com caminh\u00f5es que nossa empresa j\u00e1 presenciou:<\/p>\n\n\n\n<ul class=\"wp-block-list\">\n<li><strong>Fadiga do motorista:<\/strong> \u00c9 comum que os chefes estabele\u00e7am hor\u00e1rios de chegada irreais para os caminhoneiros. Frequentemente, os caminhoneiros dirigem por muitas horas sem fazer pausas, aumentando a probabilidade de acidentes.<\/li>\n\n\n\n<li><strong>Condu\u00e7\u00e3o imprudente:<\/strong> Exceder o limite de velocidade \u00e9 um dos fatores mais comuns na condu\u00e7\u00e3o imprudente.<\/li>\n\n\n\n<li><strong>Condu\u00e7\u00e3o distra\u00edda:<\/strong> O grande porte e o maior tempo de frenagem dos caminh\u00f5es tornam a dire\u00e7\u00e3o distra\u00edda ainda mais perigosa.<\/li>\n\n\n\n<li><strong>Motoristas mal treinados ou inexperientes:<\/strong> Os caminhoneiros precisam passar por treinamento adequado antes de come\u00e7arem a trabalhar. Motoristas mal treinados ou inexperientes t\u00eam maior probabilidade de causar acidentes.<\/li>\n\n\n\n<li><strong>Uso de drogas:<\/strong> O uso de drogas prejudica o julgamento do caminhoneiro na estrada. \u00c0s vezes, essas drogas podem ser prescritas e n\u00e3o ilegais.<\/li>\n\n\n\n<li><strong>M\u00e1s condi\u00e7\u00f5es da estrada:<\/strong> Condi\u00e7\u00f5es como detritos soltos ou buracos na pista podem facilmente fazer com que os motoristas percam o controle da trajet\u00f3ria, especialmente quando dirigem em alta velocidade.<\/li>\n\n\n\n<li><strong>Mau funcionamento do equipamento:<\/strong> Qualquer mau funcionamento do equipamento pode facilmente fazer com que o caminh\u00e3o perca o controle.<\/li>\n\n\n\n<li><strong>Carga com dimens\u00f5es excessivas ou mal acondicionada:<\/strong> Carga acondicionada incorretamente pode ser tanto uma carga que excede os limites estabelecidos quanto uma carga que n\u00e3o est\u00e1 distribu\u00edda uniformemente. Qualquer um desses fatores aumenta as chances de um acidente com caminh\u00e3o.<\/li>\n\n\n\n<li><strong>Falta de manuten\u00e7\u00e3o dos caminh\u00f5es:<\/strong> Os caminh\u00f5es s\u00e3o submetidos a muito uso e, portanto, precisam de manuten\u00e7\u00e3o de rotina. A falta de manuten\u00e7\u00e3o pode afetar a capacidade do motorista de controlar o caminh\u00e3o.<\/li>\n<\/ul>\n\n\n\n<h2 class=\"wp-block-heading\" id=\"aioseo-experienced-smyrna-truck-accident-attorneys\" style=\"padding-top:var(--wp--preset--spacing--20);padding-bottom:0\">Advogados experientes em acidentes com caminh\u00f5es em Smyrna<\/h2>\n\n\n\n<p>Se voc\u00ea ou um ente querido se envolveu em um acidente com caminh\u00e3o no qual voc\u00ea n\u00e3o \u00e9 respons\u00e1vel, n\u00e3o carregue esse fardo sozinho. Deixe nossa equipe experiente de advogados especializados em acidentes com caminh\u00e3o em Smyrna cuidar do seu caso enquanto voc\u00ea se concentra na sua recupera\u00e7\u00e3o. Essa \u00e9 a melhor maneira de garantir que voc\u00ea receba a indeniza\u00e7\u00e3o que merece!<\/p>\n\n\n\n<p>Ligue para n\u00f3s em <a href=\"tel:+16785032780\"><strong>678-503-2780<\/strong><\/a> Para agendar uma consulta com nossos advogados especializados em acidentes com caminh\u00f5es em Smyrna, entre em contato pelo telefone [inserir n\u00famero de telefone]. <strong><a href=\"https:\/\/dglawga.com\/pt\/\">Diaz e Gaeta<\/a><\/strong>.<\/p>","protected":false},"excerpt":{"rendered":"<p>Sadly, truck accidents are a common occurrence. The bulkiness of a truck increases the likelihood of getting injured in an accident involving a truck. Trucking companies have insurance adjusters whose goal is to pay as little as possible in claims. You need an expert Smyrna truck accident lawyer to represent you if you get involved [&hellip;]<\/p>\n","protected":false},"author":34,"featured_media":0,"parent":1994,"menu_order":0,"comment_status":"closed","ping_status":"closed","template":"wp-custom-template-smyrna-services","meta":{"_acf_changed":false,"_themeisle_gutenberg_block_has_review":false,"footnotes":""},"categories":[51],"tags":[124,123,120,21,122,59,126,58,121,125,119,26,118,116,117,22],"class_list":["post-2000","page","type-page","status-publish","hentry","category-smyrna-location","tag-abogado-coche-acidente","tag-abogado-gratis","tag-attorney-lawyer","tag-car-accidents","tag-car-accidents-lawyer","tag-family-law","tag-imigracion-abogados","tag-immigration","tag-immigration-lawyer","tag-marietta-abogado","tag-marietta-lawyer","tag-personal-injury","tag-top-lawyer-in-marietta","tag-top-lawyers-in-atlanta","tag-top-lawyers-in-smyrna","tag-truck-accident"],"acf":[],"aioseo_notices":[],"_links":{"self":[{"href":"https:\/\/dglawga.com\/pt\/wp-json\/wp\/v2\/pages\/2000","targetHints":{"allow":["GET"]}}],"collection":[{"href":"https:\/\/dglawga.com\/pt\/wp-json\/wp\/v2\/pages"}],"about":[{"href":"https:\/\/dglawga.com\/pt\/wp-json\/wp\/v2\/types\/page"}],"author":[{"embeddable":true,"href":"https:\/\/dglawga.com\/pt\/wp-json\/wp\/v2\/users\/34"}],"replies":[{"embeddable":true,"href":"https:\/\/dglawga.com\/pt\/wp-json\/wp\/v2\/comments?post=2000"}],"version-history":[{"count":4,"href":"https:\/\/dglawga.com\/pt\/wp-json\/wp\/v2\/pages\/2000\/revisions"}],"predecessor-version":[{"id":7658,"href":"https:\/\/dglawga.com\/pt\/wp-json\/wp\/v2\/pages\/2000\/revisions\/7658"}],"up":[{"embeddable":true,"href":"https:\/\/dglawga.com\/pt\/wp-json\/wp\/v2\/pages\/1994"}],"wp:attachment":[{"href":"https:\/\/dglawga.com\/pt\/wp-json\/wp\/v2\/media?parent=2000"}],"wp:term":[{"taxonomy":"category","embeddable":true,"href":"https:\/\/dglawga.com\/pt\/wp-json\/wp\/v2\/categories?post=2000"},{"taxonomy":"post_tag","embeddable":true,"href":"https:\/\/dglawga.com\/pt\/wp-json\/wp\/v2\/tags?post=2000"}],"curies":[{"name":"wp","href":"https:\/\/api.w.org\/{rel}","templated":true}]}}