{"id":2007,"date":"2022-06-07T17:37:18","date_gmt":"2022-06-07T17:37:18","guid":{"rendered":"https:\/\/diazgaetalaw.wpengine.com\/?page_id=2007"},"modified":"2025-06-15T09:04:42","modified_gmt":"2025-06-15T14:04:42","slug":"advogado-de-acidentes-da-uber","status":"publish","type":"page","link":"https:\/\/dglawga.com\/pt\/smyrna\/uber-accident-lawyer\/","title":{"rendered":"Advogado de Acidentes com Uber em Smyrna"},"content":{"rendered":"<p>Os servi\u00e7os de transporte por aplicativo se tornaram a forma mais popular de locomo\u00e7\u00e3o em \u00e1reas urbanas, principalmente devido \u00e0 sua conveni\u00eancia e pre\u00e7o acess\u00edvel. Apesar de todas as vantagens, o transporte por aplicativo tamb\u00e9m apresenta desvantagens, sendo a principal delas o risco de acidentes.<\/p>\n\n\n\n<p>As chances de se envolver em um acidente s\u00e3o as mesmas que com outros ve\u00edculos, e \u00e9 por isso que existem regras rigorosas para proteger as v\u00edtimas.<\/p>\n\n\n\n<p>Infelizmente, a responsabilidade em acidentes envolvendo ve\u00edculos de transporte por aplicativo \u00e9 complexa, principalmente devido \u00e0s pol\u00edticas de acidentes da Uber e da Lyft e \u00e0s partes envolvidas.<\/p>\n\n\n\n<p>Mas n\u00e3o se preocupe, pois existem advogados especializados em acidentes com a Uber em Smyrna, como os da Diaz &amp; Gaeta, com vasta experi\u00eancia nessa \u00e1rea.<\/p>\n\n\n\n<p>Se voc\u00ea ou um ente querido sofreu ferimentos em um acidente com um ve\u00edculo da Uber, voc\u00ea merece uma indeniza\u00e7\u00e3o e estamos aqui para ajudar.<\/p>\n\n\n\n<p>Nosso <strong><a href=\"https:\/\/dglawga.com\/pt\/esmirna\/advogado-de-acidentes-de-carro\/\">Advogados especializados em acidentes de carro em Smyrna<\/a><\/strong> Analisaremos seu caso, reuniremos as provas relevantes e criaremos uma reivindica\u00e7\u00e3o s\u00f3lida para garantir a m\u00e1xima indeniza\u00e7\u00e3o.<\/p>\n\n\n\n<p>Ligue-nos hoje mesmo para <a href=\"tel:+16785032780\"><strong>678-503-2780<\/strong><\/a> Agende uma consulta inicial gratuita e saiba mais sobre suas op\u00e7\u00f5es legais.<\/p>\n\n\n\n<div class=\"wp-block-group has-accent-background-color has-background is-vertical is-layout-flex wp-container-core-group-is-layout-283d9697 wp-block-group-is-layout-flex\" style=\"border-top-left-radius:15px;border-top-right-radius:15px;margin-top:var(--wp--preset--spacing--30)\">\n<h2 class=\"wp-block-heading has-primary-color has-text-color has-link-color wp-elements-4164a61e17ffbe9e8a7446952ec87a5a\" id=\"aioseo-table-of-contents\">\u00cdNDICE<\/h2>\n<\/div>\n\n\n\n<div class=\"wp-block-group has-background is-vertical is-layout-flex wp-container-core-group-is-layout-d644fc7a wp-block-group-is-layout-flex\" style=\"border-bottom-left-radius:15px;border-bottom-right-radius:15px;background-color:#f3f3f3;margin-top:0\"><div class=\"wp-block-aioseo-table-of-contents\"><ul><li><a class=\"aioseo-toc-item\" href=\"#aioseo-rideshare-accident-statistics\">Estat\u00edsticas de acidentes com servi\u00e7os de transporte por aplicativo<\/a><\/li><li><a class=\"aioseo-toc-item\" href=\"#aioseo-common-types-of-rideshare-accidents\">Tipos comuns de acidentes com ve\u00edculos de transporte por aplicativo<\/a><\/li><li><a class=\"aioseo-toc-item\" href=\"#aioseo-who-is-liable-for-an-uber-or-lyft-accident\">Quem \u00e9 o respons\u00e1vel por um acidente envolvendo Uber ou Lyft?<\/a><ul><li><a class=\"aioseo-toc-item\" href=\"#aioseo-uber-driver\">Motorista da Uber<\/a><\/li><li><a class=\"aioseo-toc-item\" href=\"#aioseo-rideshare-companies\">Empresas de transporte por aplicativo<\/a><\/li><li><a class=\"aioseo-toc-item\" href=\"#aioseo-any-related-third-party\">Qualquer terceiro relacionado<\/a><\/li><\/ul><\/li><li><a class=\"aioseo-toc-item\" href=\"#aioseo-how-are-uber-accident-cases-different-from-regular-car-accident-cases\">Quais s\u00e3o as diferen\u00e7as entre acidentes com ve\u00edculos da Uber e acidentes de carro comuns?<\/a><\/li><li><a class=\"aioseo-toc-item\" href=\"#aioseo-does-uber-have-a-1-million-insurance-policy-for-accidents\">A Uber possui uma ap\u00f3lice de seguro de $1 milh\u00e3o para acidentes?<\/a><\/li><li><a class=\"aioseo-toc-item\" href=\"#aioseo-what-type-of-compensation-can-you-expect-from-a-rideshare-accident-claim\">Que tipo de indeniza\u00e7\u00e3o voc\u00ea pode esperar em um processo por acidente com um servi\u00e7o de transporte por aplicativo?<\/a><ul><li><a class=\"aioseo-toc-item\" href=\"#aioseo-economic-damages\">Danos econ\u00f4micos<\/a><\/li><li><a class=\"aioseo-toc-item\" href=\"#aioseo-non-economic-damages\">Danos n\u00e3o econ\u00f4micos<\/a><\/li><li><a class=\"aioseo-toc-item\" href=\"#aioseo-punitive-damages\">Danos punitivos<\/a><\/li><\/ul><\/li><li><a class=\"aioseo-toc-item\" href=\"#aioseo-should-you-just-accept-a-settlement-offer\">Voc\u00ea deve simplesmente aceitar uma proposta de acordo?<\/a><\/li><li><a class=\"aioseo-toc-item\" href=\"#aioseo-how-much-does-it-cost-to-hire-a-smyrna-uber-accident-lawyer\">Quanto custa contratar um advogado especializado em acidentes com Uber em Smyrna?<\/a><\/li><li><a class=\"aioseo-toc-item\" href=\"#aioseo-is-there-a-time-limit-for-filing-an-uber-accident-claim\">Existe um prazo limite para apresentar uma reclama\u00e7\u00e3o por acidente com a Uber?<\/a><\/li><li><a class=\"aioseo-toc-item\" href=\"#aioseo-why-hire-a-smyrna-uber-accident-lawyer\">Por que contratar um advogado especializado em acidentes com Uber em Smyrna?<\/a><ul><li><a class=\"aioseo-toc-item\" href=\"#aioseo-case-preparation\">Prepara\u00e7\u00e3o do caso<\/a><\/li><li><a class=\"aioseo-toc-item\" href=\"#aioseo-settlement-negotiation\">Negocia\u00e7\u00e3o de Acordo<\/a><\/li><li><a class=\"aioseo-toc-item\" href=\"#aioseo-trial-preparation-and-representation\">Prepara\u00e7\u00e3o e Representa\u00e7\u00e3o em Julgamento<\/a><\/li><\/ul><\/li><li><a class=\"aioseo-toc-item\" href=\"#aioseo-hire-the-best-smyrna-uber-accident-lawyer-today\">Contrate hoje mesmo o melhor advogado especializado em acidentes com Uber em Smyrna!<\/a><\/li><\/ul><\/div><\/div>\n\n\n\n<h2 class=\"wp-block-heading\" id=\"aioseo-rideshare-accident-statistics\" style=\"padding-top:var(--wp--preset--spacing--20)\">Estat\u00edsticas de acidentes com servi\u00e7os de transporte por aplicativo<\/h2>\n\n\n\n<p>De acordo com um <strong><a href=\"https:\/\/news.uchicago.edu\/story\/ride-hailing-services-may-be-driving-traffic-deaths\" target=\"_blank\" rel=\"noopener\">Relat\u00f3rio da Escola de Neg\u00f3cios da Universidade de Chicago<\/a><\/strong>, Houve um aumento de 31,5 milh\u00f5es de d\u00f3lares em acidentes de carro fatais desde a entrada de empresas como Lyft e Uber no mercado. Isso contraria o que se poderia esperar, visto que menos pessoas precisam dirigir.<\/p>\n\n\n\n<p>De acordo com <strong><a href=\"https:\/\/www.uber-assets.com\/image\/upload\/v1575580686\/Documents\/Safety\/UberUSSafetyReport_201718_FullReport.pdf?uclick_id=4bdba197-72f4-46b2-bfa8-e32e2f3d633c\" target=\"_blank\" rel=\"noopener\">Relat\u00f3rio de seguran\u00e7a da Uber nos Estados Unidos<\/a><\/strong> Entre 2017 e 2018, as plataformas de transporte por aplicativo estiveram envolvidas em 97 acidentes fatais, com 108 v\u00edtimas fatais. O relat\u00f3rio revela que 671 pessoas falecidas eram usu\u00e1rias do Uber, enquanto 331 n\u00e3o eram passageiras.<\/p>\n\n\n\n<h2 class=\"wp-block-heading\" id=\"aioseo-common-types-of-rideshare-accidents\" style=\"padding-top:var(--wp--preset--spacing--20)\">Tipos comuns de acidentes com ve\u00edculos de transporte por aplicativo<\/h2>\n\n\n\n<p>Os acidentes envolvendo ve\u00edculos de transporte por aplicativo ocorrem de diversas maneiras e afetam diferentes partes, incluindo motoristas, passageiros e terceiros. Os tipos mais comuns de acidentes com ve\u00edculos de transporte por aplicativo em Smyrna, Ge\u00f3rgia, incluem:<\/p>\n\n\n\n<ul class=\"wp-block-list\">\n<li>Passageiros feridos devido \u00e0 neglig\u00eancia de um motorista da Uber.<\/li>\n\n\n\n<li>Passageiros feridos devido \u00e0 neglig\u00eancia de outro motorista da Uber.<\/li>\n\n\n\n<li>Les\u00f5es sofridas por terceiros devido \u00e0 neglig\u00eancia de um motorista da Uber.<\/li>\n\n\n\n<li>Motorista da Uber sofre les\u00f5es devido \u00e0 sua pr\u00f3pria neglig\u00eancia.<\/li>\n\n\n\n<li>Motorista da Uber sofre les\u00e3o devido \u00e0 neglig\u00eancia de outro motorista.<\/li>\n\n\n\n<li>Danos materiais causados pela neglig\u00eancia do motorista da Uber.<\/li>\n\n\n\n<li>Danos materiais causados pela neglig\u00eancia de outro motorista da Uber.<\/li>\n\n\n\n<li>Motorista e passageiro devido a uma pe\u00e7a do ve\u00edculo com defeito ou mau funcionamento.<\/li>\n<\/ul>\n\n\n\n<p>A natureza variada desses acidentes torna a maioria dessas reivindica\u00e7\u00f5es complexas. Por isso, \u00e9 sensato contratar um advogado experiente em acidentes com a Uber para aumentar suas chances de obter uma indeniza\u00e7\u00e3o justa.<\/p>\n\n\n\n<h2 class=\"wp-block-heading\" id=\"aioseo-who-is-liable-for-an-uber-or-lyft-accident\" style=\"padding-top:var(--wp--preset--spacing--20)\">Quem \u00e9 o respons\u00e1vel por um acidente envolvendo Uber ou Lyft?<\/h2>\n\n\n\n<p>A equipe da Diaz &amp; Gaeta avaliar\u00e1 seu acidente e identificar\u00e1 o respons\u00e1vel pelos seus ferimentos. Lembre-se de que as seguradoras podem atribuir neglig\u00eancia a qualquer pessoa ap\u00f3s um acidente.<\/p>\n\n\n\n<p>Nossos advogados analisar\u00e3o os fatos do seu acidente e avaliar\u00e3o as evid\u00eancias para determinar a parte respons\u00e1vel. As partes que podem ser responsabilizadas incluem:<\/p>\n\n\n\n<h4 class=\"wp-block-heading\" id=\"aioseo-uber-driver\">Motorista da Uber<\/h4>\n\n\n\n<p>Na maioria das vezes, os motoristas da Uber s\u00e3o respons\u00e1veis por acidentes. Seu motorista pode ter estado em alta velocidade ou distra\u00eddo ao volante, resultando em um acidente.<\/p>\n\n\n\n<h4 class=\"wp-block-heading\" id=\"aioseo-rideshare-companies\">Empresas de transporte por aplicativo<\/h4>\n\n\n\n<p>A Lyft e a Uber tamb\u00e9m podem ser responsabilizadas pela conduta negligente de seus motoristas. Os motoristas da Uber s\u00e3o tecnicamente trabalhadores aut\u00f4nomos, o que permite \u00e0 empresa evitar processos judiciais.<\/p>\n\n\n\n<p>Ainda assim, as empresas de transporte por aplicativo t\u00eam a responsabilidade de proteger os interesses dos passageiros. Elas s\u00e3o obrigadas a realizar verifica\u00e7\u00f5es de antecedentes completas e garantir que contratem motoristas com hist\u00f3rico id\u00f4neo e que n\u00e3o coloquem em risco a vida de seus clientes.<\/p>\n\n\n\n<p>Contratar motoristas com hist\u00f3rico de dire\u00e7\u00e3o sob efeito de \u00e1lcool, roubo, etc., demonstra neglig\u00eancia e, portanto, a empresa pode ser responsabilizada.<\/p>\n\n\n\n<h4 class=\"wp-block-heading\" id=\"aioseo-any-related-third-party\">Qualquer terceiro relacionado<\/h4>\n\n\n\n<p>Acidentes envolvendo ve\u00edculos de transporte por aplicativo podem ocorrer devido \u00e0 neglig\u00eancia de terceiros. Nessa situa\u00e7\u00e3o, voc\u00ea pode registrar uma reclama\u00e7\u00e3o contra a parte respons\u00e1vel ou sua seguradora.<\/p>\n\n\n\n<p>Voc\u00ea tamb\u00e9m pode processar fabricantes de pe\u00e7as de ve\u00edculos por <strong><a href=\"https:\/\/dglawga.com\/pt\/esmirna\/advogado-de-responsabilidade-por-produtos-defeituosos\/\">pe\u00e7as defeituosas<\/a><\/strong> e \u00e0s entidades governamentais pelas m\u00e1s condi\u00e7\u00f5es das estradas que resultaram no acidente.<\/p>\n\n\n\n<p>Em outras situa\u00e7\u00f5es, o motorista de outro carro pode ser o respons\u00e1vel pelo acidente.<\/p>\n\n\n\n<p>Por exemplo, se um motorista embriagado bater no seu Uber ou Lyft, causando ferimentos graves, ele poder\u00e1 ser responsabilizado pelos ferimentos e preju\u00edzos.<\/p>\n\n\n\n<h2 class=\"wp-block-heading\" id=\"aioseo-how-are-uber-accident-cases-different-from-regular-car-accident-cases\" style=\"padding-top:var(--wp--preset--spacing--20)\">Quais s\u00e3o as diferen\u00e7as entre acidentes com ve\u00edculos da Uber e acidentes de carro comuns?<\/h2>\n\n\n\n<p>A cobertura de seguro \u00e9 a principal diferen\u00e7a entre acidentes de carro da Uber e acidentes convencionais. As empresas de transporte por aplicativo exigem que os motoristas em Smyrna tenham sua pr\u00f3pria ap\u00f3lice de seguro. No entanto, a Uber e a Lyft ainda mant\u00eam o seguro auto dos passageiros enquanto eles utilizam suas plataformas.<\/p>\n\n\n\n<h2 class=\"wp-block-heading\" id=\"aioseo-does-uber-have-a-1-million-insurance-policy-for-accidents\" style=\"padding-top:var(--wp--preset--spacing--20)\">A Uber possui uma ap\u00f3lice de seguro de $1 milh\u00e3o para acidentes?<\/h2>\n\n\n\n<p>Sim! Ap\u00f3s um acidente envolvendo um ve\u00edculo da Uber, a empresa... <strong><a href=\"https:\/\/www.uber.com\/us\/en\/drive\/insurance\/\" target=\"_blank\" rel=\"noopener\">$1 milh\u00e3o em cobertura de responsabilidade civil perante terceiros<\/a><\/strong>. No entanto, isso s\u00f3 se aplica quando o motorista da Uber est\u00e1 a caminho para te buscar e durante a viagem.<\/p>\n\n\n\n<figure class=\"wp-block-image aligncenter\" style=\"margin-top:var(--wp--preset--spacing--20);margin-bottom:var(--wp--preset--spacing--20)\"><a href=\"https:\/\/dglawga.com\/wp-content\/uploads\/2022\/06\/smyrna-uber-accident-lawyer-diaz.jpg\"><img loading=\"lazy\" decoding=\"async\" width=\"500\" height=\"333\" src=\"https:\/\/dglawga.com\/wp-content\/uploads\/2022\/06\/smyrna-uber-accident-lawyer-diaz.jpg\" alt=\"Aplicativo de transporte compartilhado, conceito de advogado de acidentes da Uber em Smyrna\" class=\"wp-image-2992\" srcset=\"https:\/\/dglawga.com\/wp-content\/uploads\/2022\/06\/smyrna-uber-accident-lawyer-diaz.jpg 500w, https:\/\/dglawga.com\/wp-content\/uploads\/2022\/06\/smyrna-uber-accident-lawyer-diaz-300x200.jpg 300w\" sizes=\"auto, (max-width: 500px) 100vw, 500px\" \/><\/a><\/figure>\n\n\n\n<h2 class=\"wp-block-heading\" id=\"aioseo-what-type-of-compensation-can-you-expect-from-a-rideshare-accident-claim\" style=\"padding-top:var(--wp--preset--spacing--20)\">Que tipo de indeniza\u00e7\u00e3o voc\u00ea pode esperar em um processo por acidente com um servi\u00e7o de transporte por aplicativo?<\/h2>\n\n\n\n<p>Em casos de acidentes envolvendo Uber e Lyft, as v\u00edtimas podem receber dois tipos de indeniza\u00e7\u00e3o: danos materiais e danos morais. Basicamente, s\u00e3o valores monet\u00e1rios destinados a compensar as v\u00edtimas pelos ferimentos ou preju\u00edzos causados por um acidente com um ve\u00edculo de transporte por aplicativo. Tamb\u00e9m \u00e9 poss\u00edvel receber indeniza\u00e7\u00e3o por danos punitivos ap\u00f3s um acidente de carro na Ge\u00f3rgia, mas essa op\u00e7\u00e3o geralmente n\u00e3o est\u00e1 dispon\u00edvel na maioria dos casos de acidentes com Uber.<\/p>\n\n\n\n<h4 class=\"wp-block-heading\" id=\"aioseo-economic-damages\">Danos econ\u00f4micos<\/h4>\n\n\n\n<p>Esses danos englobam quaisquer custos que possam ser quantificados ap\u00f3s um acidente envolvendo um ve\u00edculo de transporte por aplicativo.<\/p>\n\n\n\n<p>S\u00e3o f\u00e1ceis de calcular, pois constam em contas e recibos. Exemplos incluem perda de renda, despesas m\u00e9dicas, danos materiais, perda da capacidade de ganho e despesas diversas, como custos de viagem ap\u00f3s o acidente.<\/p>\n\n\n\n<h4 class=\"wp-block-heading\" id=\"aioseo-non-economic-damages\">Danos n\u00e3o econ\u00f4micos<\/h4>\n\n\n\n<p>Esses danos s\u00e3o baseados em preju\u00edzos subjetivos e n\u00e3o s\u00e3o f\u00e1ceis de calcular. Exemplos incluem ang\u00fastia emocional, incapacidade, dor e sofrimento, perda de reputa\u00e7\u00e3o, perda de companhia, perda do prazer de viver, etc.<\/p>\n\n\n\n<h4 class=\"wp-block-heading\" id=\"aioseo-punitive-damages\">Danos punitivos<\/h4>\n\n\n\n<p><strong><a href=\"http:\/\/ga.elaws.us\/law\/section51-12-5.1\" target=\"_blank\" rel=\"noopener nofollow\">Danos punitivos<\/a><\/strong> As indeniza\u00e7\u00f5es por danos pessoais v\u00e3o al\u00e9m das indeniza\u00e7\u00f5es convencionais. Elas visam punir a parte respons\u00e1vel por sua neglig\u00eancia ou imprud\u00eancia extrema. O j\u00fari tamb\u00e9m pode conceder essas indeniza\u00e7\u00f5es se constatar que houve dolo em causar danos a terceiros.<\/p>\n\n\n\n<h2 class=\"wp-block-heading\" id=\"aioseo-should-you-just-accept-a-settlement-offer\" style=\"padding-top:var(--wp--preset--spacing--20)\">Voc\u00ea deve simplesmente aceitar uma proposta de acordo?<\/h2>\n\n\n\n<p>Nunca \u00e9 aconselh\u00e1vel aceitar uma proposta de acordo da outra parte ou da sua seguradora sem antes consultar um advogado experiente em acidentes com a Uber em Smyrna.<\/p>\n\n\n\n<p>As seguradoras s\u00f3 t\u00eam interesse em seus lucros e, portanto, oferecer\u00e3o um acordo muito baixo que n\u00e3o cobre todos os seus danos. Um advogado experiente analisar\u00e1 o caso e determinar\u00e1 o valor justo da sua indeniza\u00e7\u00e3o.<\/p>\n\n\n\n<p>Al\u00e9m disso, um advogado experiente em acidentes com a Uber em Smyrna pode avaliar a solidez do seu caso, reunir provas e determinar o valor real dos seus danos, incluindo despesas m\u00e9dicas, sal\u00e1rios perdidos e danos morais. Ele poder\u00e1 ent\u00e3o negociar com a seguradora ou a parte contr\u00e1ria em seu nome e garantir que voc\u00ea receba uma indeniza\u00e7\u00e3o justa pelos seus ferimentos e preju\u00edzos.<\/p>\n\n\n\n<h2 class=\"wp-block-heading\" id=\"aioseo-how-much-does-it-cost-to-hire-a-smyrna-uber-accident-lawyer\" style=\"padding-top:var(--wp--preset--spacing--20)\">Quanto custa contratar um advogado especializado em acidentes com Uber em Smyrna?<\/h2>\n\n\n\n<p>Em casos de les\u00f5es corporais, escrit\u00f3rios competentes como Diaz &amp; Gaeta n\u00e3o cobram honor\u00e1rios iniciais. Em vez disso, trabalhamos com honor\u00e1rios de \u00eaxito.<\/p>\n\n\n\n<p>Isso significa que voc\u00ea s\u00f3 pagar\u00e1 se ganharmos o caso. Esse tipo de contrato entre advogado e cliente permite que voc\u00ea se concentre na sua recupera\u00e7\u00e3o, sabendo que nossa equipe est\u00e1 trabalhando arduamente para obter a indeniza\u00e7\u00e3o que voc\u00ea merece.<\/p>\n\n\n\n<h2 class=\"wp-block-heading\" id=\"aioseo-is-there-a-time-limit-for-filing-an-uber-accident-claim\" style=\"padding-top:var(--wp--preset--spacing--20)\">Existe um prazo limite para apresentar uma reclama\u00e7\u00e3o por acidente com a Uber?<\/h2>\n\n\n\n<p>No estado da Ge\u00f3rgia, todos os pedidos de indeniza\u00e7\u00e3o por danos pessoais, incluindo acidentes com Uber, t\u00eam um prazo de prescri\u00e7\u00e3o de 2 anos. Esse prazo come\u00e7a a contar a partir da data do acidente. Entrar com um pedido de indeniza\u00e7\u00e3o ap\u00f3s esse per\u00edodo significa que voc\u00ea n\u00e3o ter\u00e1 fundamentos legais para buscar um acordo.<\/p>\n\n\n\n<p>Para pedidos de indeniza\u00e7\u00e3o por danos materiais, no entanto, o prazo limite \u00e9 de 4 anos.<\/p>\n\n\n\n<h2 class=\"wp-block-heading\" id=\"aioseo-why-hire-a-smyrna-uber-accident-lawyer\" style=\"padding-top:var(--wp--preset--spacing--20)\">Por que contratar um advogado especializado em acidentes com Uber em Smyrna?<\/h2>\n\n\n\n<p>A Uber \u00e9 a plataforma de transporte por aplicativo mais popular do mundo atualmente. Se voc\u00ea se envolver em um acidente, pode ter certeza de que eles ter\u00e3o os melhores advogados internos para tentar negar ou limitar sua indeniza\u00e7\u00e3o.<\/p>\n\n\n\n<p>Eles tamb\u00e9m est\u00e3o preparados para limitar indeniza\u00e7\u00f5es exorbitantes caso seu processo v\u00e1 a julgamento.<\/p>\n\n\n\n<p>Portanto, se voc\u00ea est\u00e1 pensando em se representar sozinho ap\u00f3s um acidente com um Uber, \u00e9 melhor repensar. A melhor abordagem \u00e9 contratar um advogado experiente. <strong><a href=\"https:\/\/dglawga.com\/pt\/esmirna\/advogado-de-lesoes-corporais\/\">Advogado de les\u00f5es corporais em Smyrna<\/a><\/strong>. Nossa experiente equipe de advogados especializados em acidentes com a Uber em Smyrna estar\u00e1 preparada para lutar pela sua indeniza\u00e7\u00e3o.<\/p>\n\n\n\n<p>Ao contratar os servi\u00e7os de advogados especializados em acidentes com a Uber em Smyrna, nossa equipe ajudar\u00e1 voc\u00ea com o seguinte:<\/p>\n\n\n\n<h4 class=\"wp-block-heading\" id=\"aioseo-case-preparation\">Prepara\u00e7\u00e3o do caso<\/h4>\n\n\n\n<p>Ap\u00f3s um acidente envolvendo um ve\u00edculo de transporte por aplicativo, nossa equipe ajudar\u00e1 voc\u00ea a construir um caso s\u00f3lido. Estamos prontos para coletar e analisar as evid\u00eancias necess\u00e1rias para determinar quem \u00e9 o respons\u00e1vel por seus ferimentos e preju\u00edzos. Isso pode incluir laudos m\u00e9dicos, imagens de c\u00e2meras veiculares, depoimentos de testemunhas e boletins de ocorr\u00eancia.<\/p>\n\n\n\n<h4 class=\"wp-block-heading\" id=\"aioseo-settlement-negotiation\">Negocia\u00e7\u00e3o de Acordo<\/h4>\n\n\n\n<p>Voc\u00ea precisa da ajuda de uma equipe de representa\u00e7\u00e3o agressiva quando se trata de negocia\u00e7\u00f5es. Afinal, voc\u00ea quer a indeniza\u00e7\u00e3o m\u00e1xima. Nossa equipe est\u00e1 pronta para lutar pela compensa\u00e7\u00e3o que voc\u00ea merece. Negociaremos com a parte respons\u00e1vel e suas seguradoras para garantir isso.<\/p>\n\n\n\n<p>Entendemos que acidentes envolvendo ve\u00edculos da Uber podem ser complexos, envolvendo m\u00faltiplas partes e seguradoras. Nossa equipe de advogados especializados em acidentes com a Uber em Smyrna possui o conhecimento e a experi\u00eancia necess\u00e1rios para navegar pelo sistema jur\u00eddico e negociar com a parte respons\u00e1vel e suas seguradoras em seu nome.<\/p>\n\n\n\n<h4 class=\"wp-block-heading\" id=\"aioseo-trial-preparation-and-representation\">Prepara\u00e7\u00e3o e Representa\u00e7\u00e3o em Julgamento<\/h4>\n\n\n\n<p>Se as negocia\u00e7\u00f5es n\u00e3o forem bem-sucedidas, nossos experientes advogados de acidentes com a Uber em Smyrna est\u00e3o prontos para levar o caso a julgamento. Prepararemos uma defesa s\u00f3lida e a apresentaremos ao j\u00fari da melhor maneira poss\u00edvel. Se necess\u00e1rio, convocaremos testemunhas especialistas, incluindo policiais e m\u00e9dicos, para garantir o melhor resultado.<\/p>\n\n\n\n<h2 class=\"wp-block-heading\" id=\"aioseo-hire-the-best-smyrna-uber-accident-lawyer-today\" style=\"padding-top:var(--wp--preset--spacing--20)\">Contrate hoje mesmo o melhor advogado especializado em acidentes com Uber em Smyrna!<\/h2>\n\n\n\n<p>Acidentes envolvendo Uber e Lyft podem ser complexos, especialmente quando se trata de comprovar neglig\u00eancia. A equipe da <strong><a href=\"https:\/\/dglawga.com\/pt\/\">Diaz e Gaeta<\/a><\/strong> Est\u00e1 pronta para orient\u00e1-lo(a) durante todo o processo de reclama\u00e7\u00e3o e lutar pelos seus direitos para garantir que voc\u00ea receba a indeniza\u00e7\u00e3o m\u00e1xima por suas perdas e les\u00f5es.<\/p>\n\n\n\n<p>Comece ligando para <a href=\"tel:+16785032780\"><strong>678-503-2780<\/strong><\/a> hoje!<\/p>","protected":false},"excerpt":{"rendered":"<p>Ridesharing companies have become the most popular way to navigate in urban areas, primarily due to their convenience and affordability. As beneficial as ridesharing is, it comes with its fair share of downsides, the biggest one being the risk of an accident. The chances of getting into an accident are the same as with other [&hellip;]<\/p>\n","protected":false},"author":34,"featured_media":0,"parent":1994,"menu_order":0,"comment_status":"closed","ping_status":"closed","template":"wp-custom-template-smyrna-services","meta":{"_acf_changed":false,"_themeisle_gutenberg_block_has_review":false,"footnotes":""},"categories":[51],"tags":[124,123,120,21,122,59,126,58,121,125,119,26,118,116,117,24],"class_list":["post-2007","page","type-page","status-publish","hentry","category-smyrna-location","tag-abogado-coche-acidente","tag-abogado-gratis","tag-attorney-lawyer","tag-car-accidents","tag-car-accidents-lawyer","tag-family-law","tag-imigracion-abogados","tag-immigration","tag-immigration-lawyer","tag-marietta-abogado","tag-marietta-lawyer","tag-personal-injury","tag-top-lawyer-in-marietta","tag-top-lawyers-in-atlanta","tag-top-lawyers-in-smyrna","tag-uber-accidents"],"acf":[],"aioseo_notices":[],"_links":{"self":[{"href":"https:\/\/dglawga.com\/pt\/wp-json\/wp\/v2\/pages\/2007","targetHints":{"allow":["GET"]}}],"collection":[{"href":"https:\/\/dglawga.com\/pt\/wp-json\/wp\/v2\/pages"}],"about":[{"href":"https:\/\/dglawga.com\/pt\/wp-json\/wp\/v2\/types\/page"}],"author":[{"embeddable":true,"href":"https:\/\/dglawga.com\/pt\/wp-json\/wp\/v2\/users\/34"}],"replies":[{"embeddable":true,"href":"https:\/\/dglawga.com\/pt\/wp-json\/wp\/v2\/comments?post=2007"}],"version-history":[{"count":3,"href":"https:\/\/dglawga.com\/pt\/wp-json\/wp\/v2\/pages\/2007\/revisions"}],"predecessor-version":[{"id":7668,"href":"https:\/\/dglawga.com\/pt\/wp-json\/wp\/v2\/pages\/2007\/revisions\/7668"}],"up":[{"embeddable":true,"href":"https:\/\/dglawga.com\/pt\/wp-json\/wp\/v2\/pages\/1994"}],"wp:attachment":[{"href":"https:\/\/dglawga.com\/pt\/wp-json\/wp\/v2\/media?parent=2007"}],"wp:term":[{"taxonomy":"category","embeddable":true,"href":"https:\/\/dglawga.com\/pt\/wp-json\/wp\/v2\/categories?post=2007"},{"taxonomy":"post_tag","embeddable":true,"href":"https:\/\/dglawga.com\/pt\/wp-json\/wp\/v2\/tags?post=2007"}],"curies":[{"name":"wp","href":"https:\/\/api.w.org\/{rel}","templated":true}]}}