{"id":2014,"date":"2022-06-07T17:39:30","date_gmt":"2022-06-07T17:39:30","guid":{"rendered":"https:\/\/diazgaetalaw.wpengine.com\/?page_id=2014"},"modified":"2025-12-04T11:26:32","modified_gmt":"2025-12-04T16:26:32","slug":"advogado-de-casos-de-escorregoes-e-quedas","status":"publish","type":"page","link":"https:\/\/dglawga.com\/pt\/smyrna\/slip-and-fall-lawyer\/","title":{"rendered":"Advogado especializado em casos de escorreg\u00f5es e quedas em Smyrna"},"content":{"rendered":"<p>Acidentes acontecem em quase todos os lugares, mas a ideia de escorregar, cair e se machucar raramente passa pela cabe\u00e7a das pessoas. Escorreg\u00f5es e quedas tendem a ser ignorados, mas, de acordo com o Centro de Controle e Preven\u00e7\u00e3o de Doen\u00e7as (CDC), eles s\u00e3o respons\u00e1veis por 211.050 visitas a prontos-socorros no pa\u00eds. Voc\u00ea pode escorregar e cair em qualquer lugar, seja na cal\u00e7ada, no parque ou at\u00e9 mesmo no shopping. Se voc\u00ea sofrer uma les\u00e3o grave em decorr\u00eancia de um escorreg\u00e3o e queda na propriedade de outra pessoa, voc\u00ea pode ter direito a indeniza\u00e7\u00e3o.<\/p>\n\n\n\n<p>Infelizmente, provar neglig\u00eancia geralmente \u00e9 complicado e, quando voc\u00ea est\u00e1 se machucando, a \u00faltima coisa que deseja \u00e9 se estressar com o processo de indeniza\u00e7\u00e3o. \u00c9 a\u00ed que a Diaz &amp; Gaeta entra em cena. Nossos experientes advogados de Smyrna, especializados em casos de escorreg\u00f5es e quedas, assumir\u00e3o seu caso e o guiar\u00e3o em cada etapa do processo para garantir que voc\u00ea receba a indeniza\u00e7\u00e3o que merece. Ligue para n\u00f3s. <strong><a href=\"https:\/\/dglawga.com\/pt\/esmirna\/advogado-de-lesoes-corporais\/\">Advogados de les\u00f5es pessoais em Smyrna<\/a><\/strong> hoje em <a href=\"tel:+16785032780\"><strong>678-503-2780<\/strong><\/a> Agende uma consulta gratuita!<\/p>\n\n\n\n<div class=\"wp-block-group has-accent-background-color has-background is-vertical is-layout-flex wp-container-core-group-is-layout-283d9697 wp-block-group-is-layout-flex\" style=\"border-top-left-radius:15px;border-top-right-radius:15px;margin-top:var(--wp--preset--spacing--30)\">\n<h2 class=\"wp-block-heading has-primary-color has-text-color has-link-color wp-elements-4164a61e17ffbe9e8a7446952ec87a5a\" id=\"aioseo-table-of-contents\">\u00cdNDICE<\/h2>\n<\/div>\n\n\n\n<div class=\"wp-block-group has-background is-vertical is-layout-flex wp-container-core-group-is-layout-d644fc7a wp-block-group-is-layout-flex\" style=\"border-bottom-left-radius:15px;border-bottom-right-radius:15px;background-color:#f3f3f3;margin-top:0\"><div class=\"wp-block-aioseo-table-of-contents\"><ul><li><a class=\"aioseo-toc-item\" href=\"#aioseo-common-slip-and-fall-accidents\">Acidentes comuns por escorreg\u00f5es e quedas<\/a><\/li><li><a class=\"aioseo-toc-item\" href=\"#aioseo-how-a-smyrna-slip-and-fall-lawyer-can-help-with-your-case\">Como um advogado especializado em casos de quedas em Smyrna pode ajudar no seu caso.<\/a><ul><li><a class=\"aioseo-toc-item\" href=\"#aioseo-investigate-the-accident-and-collect-evidence\">Investigar o acidente e coletar evid\u00eancias<\/a><\/li><li><a class=\"aioseo-toc-item\" href=\"#aioseo-claim-evaluation\">Avalia\u00e7\u00e3o de Reclama\u00e7\u00f5es<\/a><\/li><li><a class=\"aioseo-toc-item\" href=\"#aioseo-dealing-with-the-insurance-company-and-litigation\">Lidando com a Companhia de Seguros e Processos Judiciais<\/a><\/li><\/ul><\/li><li><a class=\"aioseo-toc-item\" href=\"#aioseo-what-should-i-do-after-a-slip-fall-accident\">O que devo fazer ap\u00f3s um acidente de escorreg\u00e3o e queda?<\/a><ul><li><a class=\"aioseo-toc-item\" href=\"#aioseo-seek-medical-attention\">Procure atendimento m\u00e9dico.<\/a><\/li><li><a class=\"aioseo-toc-item\" href=\"#aioseo-report-the-accident\">Denuncie o acidente<\/a><\/li><li><a class=\"aioseo-toc-item\" href=\"#aioseo-record-the-scene\">Grave a cena<\/a><\/li><li><a class=\"aioseo-toc-item\" href=\"#aioseo-get-contact-information\">Obtenha informa\u00e7\u00f5es de contato<\/a><\/li><li><a class=\"aioseo-toc-item\" href=\"#aioseo-save-your-clothes\">Guarde suas roupas<\/a><\/li><li><a class=\"aioseo-toc-item\" href=\"#aioseo-avoid-discussing-the-incident\">Evite falar sobre o incidente.<\/a><\/li><li><a class=\"aioseo-toc-item\" href=\"#aioseo-do-not-give-recorded-statements-or-sign-any-documents\">N\u00e3o d\u00ea depoimentos gravados nem assine nenhum documento.<\/a><\/li><\/ul><\/li><li><a class=\"aioseo-toc-item\" href=\"#aioseo-how-is-a-slip-fall-accident-proved-in-georgia\">Como se comprova um acidente por escorreg\u00e3o e queda na Ge\u00f3rgia?<\/a><\/li><li><a class=\"aioseo-toc-item\" href=\"#aioseo-how-is-liability-determined-in-a-smyrna-slip-fall-case\">Como \u00e9 determinada a responsabilidade em um caso de queda em Smyrna?<\/a><\/li><li><a class=\"aioseo-toc-item\" href=\"#aioseo-how-much-is-my-claim-worth\">Qual o valor da minha indeniza\u00e7\u00e3o?<\/a><\/li><li><a class=\"aioseo-toc-item\" href=\"#aioseo-are-the-time-limits-for-slip-fall-claims\">Existem prazos limite para reclama\u00e7\u00f5es por quedas?<\/a><\/li><li><a class=\"aioseo-toc-item\" href=\"#aioseo-hire-a-smyrna-slip-fall-accident-attorney-today\">Contrate um advogado especializado em acidentes por escorreg\u00f5es e quedas em Smyrna hoje mesmo!<\/a><\/li><\/ul><\/div><\/div>\n\n\n\n<h2 class=\"wp-block-heading\" id=\"aioseo-common-slip-and-fall-accidents\">Acidentes comuns por escorreg\u00f5es e quedas<\/h2>\n\n\n\n<p>O <strong><a href=\"https:\/\/www.cdc.gov\/falls\/facts.html\" target=\"_blank\" rel=\"noopener nofollow\">CDC<\/a><\/strong> Relat\u00f3rios indicam que as quedas s\u00e3o uma das principais causas de morte por les\u00f5es entre idosos. Acidentes decorrentes de quedas costumam ser graves, resultando em les\u00f5es como fraturas \u00f3sseas, traumatismo cranioencef\u00e1lico e les\u00f5es na medula espinhal. Por isso, os propriet\u00e1rios de im\u00f3veis na Ge\u00f3rgia s\u00e3o legalmente obrigados a manter suas propriedades seguras.<\/p>\n\n\n\n<p>No entanto, algumas pessoas ainda n\u00e3o cumprem essas regras. Aqui est\u00e3o algumas das causas comuns de acidentes por escorreg\u00f5es e quedas:<\/p>\n\n\n\n<ul class=\"wp-block-list\">\n<li>Pisos, passarelas ou escadas escorregadias ou molhadas<\/li>\n\n\n\n<li>Trechos de corredores e passagens em mau estado de conserva\u00e7\u00e3o.<\/li>\n\n\n\n<li>Condi\u00e7\u00f5es clim\u00e1ticas, como quando a neve n\u00e3o \u00e9 removida ou quando n\u00e3o se usa sal.<\/li>\n\n\n\n<li>Derramamentos em hospitais, lares de idosos, shoppings, lojas, etc., que n\u00e3o s\u00e3o limpos.<\/li>\n\n\n\n<li>Manuten\u00e7\u00e3o inadequada ou falhas estruturais, resultando em degraus desnivelados, escadas, buracos, carpetes rasgados, cal\u00e7adas rachadas ou pisos quebrados.<\/li>\n\n\n\n<li>Corrim\u00e3os ausentes nas escadas, escadas danificadas, elevadores fora de servi\u00e7o, etc.<\/li>\n\n\n\n<li>A falta de restri\u00e7\u00e3o das \u00e1reas afetadas ou de sinaliza\u00e7\u00e3o durante condi\u00e7\u00f5es perigosas<\/li>\n\n\n\n<li>A falta de instala\u00e7\u00e3o de calhas, dispositivos antiderrapantes e drenos pluviais resulta em condi\u00e7\u00f5es perigosas durante o mau tempo.<\/li>\n\n\n\n<li>Detritos perigosos que n\u00e3o s\u00e3o recolhidos, como galhos de \u00e1rvores ou grama cortada.<\/li>\n<\/ul>\n\n\n\n<h2 class=\"wp-block-heading\" id=\"aioseo-how-a-smyrna-slip-and-fall-lawyer-can-help-with-your-case\">Como um advogado especializado em casos de quedas em Smyrna pode ajudar no seu caso.<\/h2>\n\n\n\n<p>Um advogado competente pode ajud\u00e1-lo de diversas maneiras e lhe dar a melhor chance de obter a indeniza\u00e7\u00e3o m\u00e1xima. Veja algumas das maneiras pelas quais a equipe da Diaz &amp; Gaeta pode ajud\u00e1-lo:<\/p>\n\n\n\n<h4 class=\"wp-block-heading\" id=\"aioseo-investigate-the-accident-and-collect-evidence\">Investigar o acidente e coletar evid\u00eancias<\/h4>\n\n\n\n<p>Para obter sucesso em um processo por escorreg\u00e3o e les\u00e3o, \u00e9 necess\u00e1rio demonstrar que o propriet\u00e1rio do im\u00f3vel agiu de forma negligente, resultando no acidente e, consequentemente, nos ferimentos. Isso \u00e9 dif\u00edcil na maioria dos casos, mas um advogado experiente realizar\u00e1 uma investiga\u00e7\u00e3o completa para comprovar que o propriet\u00e1rio tinha conhecimento, ou deveria ter tido conhecimento, da condi\u00e7\u00e3o perigosa.<\/p>\n\n\n\n<p>Voc\u00ea precisa de provas s\u00f3lidas para construir um caso forte. Nossos advogados competentes conhecem as provas necess\u00e1rias em casos de quedas e escorreg\u00f5es, incluindo imagens de c\u00e2meras de vigil\u00e2ncia e depoimentos de testemunhas.<\/p>\n\n\n\n<h4 class=\"wp-block-heading\" id=\"aioseo-claim-evaluation\">Avalia\u00e7\u00e3o de Reclama\u00e7\u00f5es<\/h4>\n\n\n\n<p>Existem diversos tipos de indeniza\u00e7\u00e3o dispon\u00edveis nesses casos. Danos como despesas m\u00e9dicas s\u00e3o f\u00e1ceis de calcular, enquanto outros, como sofrimento emocional, dor e ang\u00fastia, s\u00e3o mais complexos e dif\u00edceis de determinar. Nossa equipe saber\u00e1 avaliar da melhor forma o seu caso de queda e o valor da indeniza\u00e7\u00e3o a ser solicitada.<\/p>\n\n\n\n<h4 class=\"wp-block-heading\" id=\"aioseo-dealing-with-the-insurance-company-and-litigation\">Lidando com a Companhia de Seguros e Processos Judiciais<\/h4>\n\n\n\n<p>Quando se trata de fazer uma reclama\u00e7\u00e3o por queda, as seguradoras n\u00e3o s\u00e3o suas amigas. Elas tentam ao m\u00e1ximo evitar pagar o valor total que voc\u00ea merece. Nossos advogados conhecem todas as estrat\u00e9gias que os peritos das seguradoras usam para reduzir ou negar indeniza\u00e7\u00f5es e os responsabilizar\u00e3o pelo pagamento do valor que voc\u00ea tem direito.<\/p>\n\n\n\n<p>Seu advogado atuar\u00e1 como seu defensor durante todo o processo e representar\u00e1 seus melhores interesses. Embora a maioria dos casos seja resolvida com um acordo, <strong><a href=\"https:\/\/www.americanbar.org\/groups\/public_education\/resources\/law_issues_for_consumers\/injury_settle\/\" target=\"_blank\" rel=\"noopener\">povoado<\/a><\/strong>, Estamos bem preparados para lutar por voc\u00ea no tribunal caso a seguradora n\u00e3o ofere\u00e7a uma indeniza\u00e7\u00e3o justa.<\/p>\n\n\n\n<h2 class=\"wp-block-heading\" id=\"aioseo-what-should-i-do-after-a-slip-fall-accident\">O que devo fazer ap\u00f3s um acidente de escorreg\u00e3o e queda?<\/h2>\n\n\n\n<p>O que voc\u00ea fizer ap\u00f3s um acidente de escorreg\u00e3o e queda ser\u00e1 crucial para o valor da sua indeniza\u00e7\u00e3o. Nossa equipe sugere que voc\u00ea fa\u00e7a o seguinte:<\/p>\n\n\n\n<h4 class=\"wp-block-heading\" id=\"aioseo-seek-medical-attention\">Procure atendimento m\u00e9dico.<\/h4>\n\n\n\n<p>Voc\u00ea deve consultar um m\u00e9dico mesmo que as les\u00f5es n\u00e3o pare\u00e7am graves. Alguns sintomas levam dias para se manifestar e voc\u00ea pode ter sofrido les\u00f5es internas que podem ser fatais se n\u00e3o forem tratadas. Al\u00e9m disso, a consulta m\u00e9dica estabelecer\u00e1 uma liga\u00e7\u00e3o entre o incidente e suas les\u00f5es, um elemento que voc\u00ea precisa comprovar ao fazer uma reclama\u00e7\u00e3o.<\/p>\n\n\n\n<h4 class=\"wp-block-heading\" id=\"aioseo-report-the-accident\">Denuncie o acidente<\/h4>\n\n\n\n<p>Certifique-se de comunicar o acidente ao propriet\u00e1rio ou gerente imediatamente ap\u00f3s a queda. Isso serve para que eles tenham conhecimento do ocorrido. Al\u00e9m disso, obtenha uma c\u00f3pia do boletim de ocorr\u00eancia para o seu advogado.<\/p>\n\n\n\n<h4 class=\"wp-block-heading\" id=\"aioseo-record-the-scene\">Grave a cena<\/h4>\n\n\n\n<p>\u00c9 importante que voc\u00ea registre a causa da queda e os ferimentos sofridos tirando fotos e gravando v\u00eddeos. Isso servir\u00e1 como prova posteriormente.<\/p>\n\n\n\n<figure class=\"wp-block-image aligncenter\" style=\"margin-top:var(--wp--preset--spacing--20);margin-bottom:var(--wp--preset--spacing--20)\"><a href=\"https:\/\/dglawga.com\/wp-content\/uploads\/2022\/06\/Smyrna-slip-and-fall-lawyer-diaz.jpg\"><img loading=\"lazy\" decoding=\"async\" width=\"500\" height=\"333\" src=\"https:\/\/dglawga.com\/wp-content\/uploads\/2022\/06\/Smyrna-slip-and-fall-lawyer-diaz.jpg\" alt=\"Conceito de advogado para casos de queda em Smyrna, homem com relat\u00f3rio de acidente por queda\" class=\"wp-image-2987\" srcset=\"https:\/\/dglawga.com\/wp-content\/uploads\/2022\/06\/Smyrna-slip-and-fall-lawyer-diaz.jpg 500w, https:\/\/dglawga.com\/wp-content\/uploads\/2022\/06\/Smyrna-slip-and-fall-lawyer-diaz-300x200.jpg 300w\" sizes=\"auto, (max-width: 500px) 100vw, 500px\" \/><\/a><\/figure>\n\n\n\n<h4 class=\"wp-block-heading\" id=\"aioseo-get-contact-information\">Obtenha informa\u00e7\u00f5es de contato<\/h4>\n\n\n\n<p>Obtenha as informa\u00e7\u00f5es de contato do propriet\u00e1rio ou administrador do im\u00f3vel, da seguradora e de quaisquer testemunhas do acidente.<\/p>\n\n\n\n<h4 class=\"wp-block-heading\" id=\"aioseo-save-your-clothes\">Guarde suas roupas<\/h4>\n\n\n\n<p>\u00c9 importante guardar as roupas que voc\u00ea usava durante o incidente, pois elas podem servir como prova substancial de que voc\u00ea sofreu uma les\u00e3o, principalmente se estiverem rasgadas ou ensanguentadas.<\/p>\n\n\n\n<h4 class=\"wp-block-heading\" id=\"aioseo-avoid-discussing-the-incident\">Evite falar sobre o incidente.<\/h4>\n\n\n\n<p>Evite falar sobre qualquer assunto relacionado ao seu acidente e ferimentos com qualquer pessoa que n\u00e3o seja seu advogado. Discutir o caso, especialmente nas redes sociais, pode prejudicar o processo e o valor da indeniza\u00e7\u00e3o que voc\u00ea merece.<\/p>\n\n\n\n<h4 class=\"wp-block-heading\" id=\"aioseo-do-not-give-recorded-statements-or-sign-any-documents\">N\u00e3o d\u00ea depoimentos gravados nem assine nenhum documento.<\/h4>\n\n\n\n<p>Evite assinar qualquer documento, como um termo de quita\u00e7\u00e3o de acordo ou prestar depoimentos gravados, sem consultar primeiro seu advogado.<\/p>\n\n\n\n<h2 class=\"wp-block-heading\" id=\"aioseo-how-is-a-slip-fall-accident-proved-in-georgia\">Como se comprova um acidente por escorreg\u00e3o e queda na Ge\u00f3rgia?<\/h2>\n\n\n\n<p>Como mencionado anteriormente, os propriet\u00e1rios de im\u00f3veis s\u00e3o legalmente obrigados a manter suas propriedades em um n\u00edvel razo\u00e1vel de seguran\u00e7a e a reparar quaisquer riscos em tempo h\u00e1bil. No entanto, quando ocorre um acidente, pode ser dif\u00edcil provar que o propriet\u00e1rio ou administrador foi negligente ou respons\u00e1vel pelos ferimentos.<\/p>\n\n\n\n<p>Geralmente, eles argumentam que voc\u00ea teve culpa parcial ou total pelo incidente. No estado da Ge\u00f3rgia, voc\u00ea precisa demonstrar o seguinte para provar que o propriet\u00e1rio foi negligente e respons\u00e1vel:<\/p>\n\n\n\n<ul class=\"wp-block-list\">\n<li>O propriet\u00e1rio tinha conhecimento da situa\u00e7\u00e3o perigosa ou deveria ter tido conhecimento dela.<\/li>\n\n\n\n<li>O propriet\u00e1rio ou gerente tinha conhecimento do perigo, mas n\u00e3o tomou as medidas necess\u00e1rias para avis\u00e1-lo ou repar\u00e1-lo.<\/li>\n\n\n\n<li>Voc\u00ea n\u00e3o tinha conhecimento da situa\u00e7\u00e3o perigosa, ou seja, n\u00e3o havia sinaliza\u00e7\u00e3o indicando o problema e voc\u00ea n\u00e3o conseguiu v\u00ea-lo a tempo.<\/li>\n<\/ul>\n\n\n\n<h2 class=\"wp-block-heading\" id=\"aioseo-how-is-liability-determined-in-a-smyrna-slip-fall-case\">Como \u00e9 determinada a responsabilidade em um caso de queda em Smyrna?<\/h2>\n\n\n\n<p>Para comprovar a responsabilidade em casos de escorreg\u00f5es e quedas em Smyrna, voc\u00ea precisa demonstrar que desconhecia a exist\u00eancia da condi\u00e7\u00e3o perigosa que resultou na les\u00e3o. Se o perigo era &quot;\u00f3bvio e evidente&quot; ou &quot;\u00e0 vista de todos&quot;, pode ser dif\u00edcil provar que o propriet\u00e1rio do im\u00f3vel foi respons\u00e1vel pelos seus ferimentos. Durante o processo de reclama\u00e7\u00e3o, espere perguntas como:<\/p>\n\n\n\n<ul class=\"wp-block-list\">\n<li>O gerente ou propriet\u00e1rio emitiu algum alerta sobre a condi\u00e7\u00e3o perigosa que resultou no ferimento?<\/li>\n\n\n\n<li>Voc\u00ea tinha algum motivo leg\u00edtimo para estar no local no momento do incidente?<\/li>\n\n\n\n<li>Voc\u00ea se envolveu em alguma atividade que possa ter contribu\u00eddo para o incidente?<\/li>\n\n\n\n<li>Uma pessoa razoavelmente prudente, na mesma situa\u00e7\u00e3o, teria evitado ou interrompido a condi\u00e7\u00e3o se n\u00e3o estivesse distra\u00edda de alguma forma?<\/li>\n<\/ul>\n\n\n\n<p>Lembre-se de que, na Ge\u00f3rgia, uma v\u00edtima de queda pode ser considerada parcialmente respons\u00e1vel pelos ferimentos. Por exemplo, se voc\u00ea estava correndo de forma imprudente ou ignorou sinais de alerta, isso pode ser considerado comportamento negligente. De acordo com a lei de neglig\u00eancia comparativa do estado, o valor da sua indeniza\u00e7\u00e3o ser\u00e1 reduzido na propor\u00e7\u00e3o da sua culpa.<\/p>\n\n\n\n<p>Portanto, se voc\u00ea for considerado respons\u00e1vel pelo incidente em 20% e seus danos totais chegarem a $50.000, voc\u00ea ter\u00e1 direito a apenas $40.000. Al\u00e9m disso, lembre-se de que voc\u00ea s\u00f3 poder\u00e1 receber uma indeniza\u00e7\u00e3o se sua responsabilidade pelo incidente for inferior a 50%.<\/p>\n\n\n\n<h2 class=\"wp-block-heading\" id=\"aioseo-how-much-is-my-claim-worth\">Qual o valor da minha indeniza\u00e7\u00e3o?<\/h2>\n\n\n\n<p>\u00c9 natural se perguntar quanto dinheiro voc\u00ea pode receber com sua indeniza\u00e7\u00e3o. Bem, cada caso \u00e9 diferente e a \u00fanica maneira de obter uma estimativa relativamente precisa \u00e9 consultando um advogado. A equipe da Smyrna avaliar\u00e1 os detalhes da sua reclama\u00e7\u00e3o, informar\u00e1 se voc\u00ea tem um caso vi\u00e1vel e fornecer\u00e1 uma an\u00e1lise completa de quanto voc\u00ea pode esperar receber.<\/p>\n\n\n\n<h2 class=\"wp-block-heading\" id=\"aioseo-are-the-time-limits-for-slip-fall-claims\">Existem prazos limite para reclama\u00e7\u00f5es por quedas?<\/h2>\n\n\n\n<p>Sim! Na Ge\u00f3rgia, o <strong><a href=\"http:\/\/ga.elaws.us\/law\/section9-3-33\" target=\"_blank\" rel=\"noopener nofollow\">prazo de prescri\u00e7\u00e3o para reclama\u00e7\u00f5es por quedas<\/a><\/strong> O prazo \u00e9 de 2 anos a partir da data do acidente. Ap\u00f3s esse per\u00edodo, voc\u00ea n\u00e3o ter\u00e1 fundamentos legais para apresentar uma reclama\u00e7\u00e3o.<\/p>\n\n\n\n<h2 class=\"wp-block-heading\" id=\"aioseo-hire-a-smyrna-slip-fall-accident-attorney-today\">Contrate um advogado especializado em acidentes por escorreg\u00f5es e quedas em Smyrna hoje mesmo!<\/h2>\n\n\n\n<p>Se voc\u00ea ou um ente querido sofreu ferimentos em um acidente de escorreg\u00e3o e queda, n\u00e3o hesite em entrar em contato com <strong><a href=\"https:\/\/dglawga.com\/pt\/\">Diaz e Gaeta<\/a><\/strong> O mais breve poss\u00edvel. Acidentes por escorreg\u00e3o e queda costumam ser dif\u00edceis de comprovar a responsabilidade, por isso, voc\u00ea vai querer especialistas no caso o quanto antes. Ligue para nossos escrit\u00f3rios em <a href=\"tel:+16785032780\"><strong>678-503-2780<\/strong><\/a> Comece hoje mesmo agendando uma consulta gratuita com um advogado especializado em casos de quedas e escorreg\u00f5es em Smyrna.<\/p>","protected":false},"excerpt":{"rendered":"<p>Accidents occur almost everywhere, but the thought of slipping, falling, and sustaining injury rarely crosses people\u2019s minds. Slips and falls tend to be overlooked, but according to the Center for Disease Control (CDC), they account for 21% of emergency room visits in the country. You can slip and fall anywhere, be it on a sidewalk, [&hellip;]<\/p>\n","protected":false},"author":34,"featured_media":0,"parent":1994,"menu_order":0,"comment_status":"closed","ping_status":"closed","template":"wp-custom-template-smyrna-services","meta":{"_acf_changed":false,"_themeisle_gutenberg_block_has_review":false,"footnotes":""},"categories":[51],"tags":[124,123,120,21,122,59,126,58,121,125,119,26,61,118,116,117],"class_list":["post-2014","page","type-page","status-publish","hentry","category-smyrna-location","tag-abogado-coche-acidente","tag-abogado-gratis","tag-attorney-lawyer","tag-car-accidents","tag-car-accidents-lawyer","tag-family-law","tag-imigracion-abogados","tag-immigration","tag-immigration-lawyer","tag-marietta-abogado","tag-marietta-lawyer","tag-personal-injury","tag-slip-and-fall","tag-top-lawyer-in-marietta","tag-top-lawyers-in-atlanta","tag-top-lawyers-in-smyrna"],"acf":[],"aioseo_notices":[],"_links":{"self":[{"href":"https:\/\/dglawga.com\/pt\/wp-json\/wp\/v2\/pages\/2014","targetHints":{"allow":["GET"]}}],"collection":[{"href":"https:\/\/dglawga.com\/pt\/wp-json\/wp\/v2\/pages"}],"about":[{"href":"https:\/\/dglawga.com\/pt\/wp-json\/wp\/v2\/types\/page"}],"author":[{"embeddable":true,"href":"https:\/\/dglawga.com\/pt\/wp-json\/wp\/v2\/users\/34"}],"replies":[{"embeddable":true,"href":"https:\/\/dglawga.com\/pt\/wp-json\/wp\/v2\/comments?post=2014"}],"version-history":[{"count":4,"href":"https:\/\/dglawga.com\/pt\/wp-json\/wp\/v2\/pages\/2014\/revisions"}],"predecessor-version":[{"id":8386,"href":"https:\/\/dglawga.com\/pt\/wp-json\/wp\/v2\/pages\/2014\/revisions\/8386"}],"up":[{"embeddable":true,"href":"https:\/\/dglawga.com\/pt\/wp-json\/wp\/v2\/pages\/1994"}],"wp:attachment":[{"href":"https:\/\/dglawga.com\/pt\/wp-json\/wp\/v2\/media?parent=2014"}],"wp:term":[{"taxonomy":"category","embeddable":true,"href":"https:\/\/dglawga.com\/pt\/wp-json\/wp\/v2\/categories?post=2014"},{"taxonomy":"post_tag","embeddable":true,"href":"https:\/\/dglawga.com\/pt\/wp-json\/wp\/v2\/tags?post=2014"}],"curies":[{"name":"wp","href":"https:\/\/api.w.org\/{rel}","templated":true}]}}