{"id":2017,"date":"2022-06-07T17:40:31","date_gmt":"2022-06-07T17:40:31","guid":{"rendered":"https:\/\/diazgaetalaw.wpengine.com\/?page_id=2017"},"modified":"2025-06-15T09:52:01","modified_gmt":"2025-06-15T14:52:01","slug":"advogado-de-morte-por-negligencia","status":"publish","type":"page","link":"https:\/\/dglawga.com\/pt\/smyrna\/wrongful-death-lawyer\/","title":{"rendered":"Advogado de Smyrna especializado em casos de morte por neglig\u00eancia"},"content":{"rendered":"<p style=\"padding-top:0;padding-bottom:0\">Perder um ente querido, especialmente de forma repentina, pode ser devastador. A dor pode ser insuport\u00e1vel se um membro da fam\u00edlia faleceu devido \u00e0s a\u00e7\u00f5es imprudentes ou negligentes de terceiros.<\/p>\n\n\n\n<p style=\"padding-top:0;padding-bottom:0\">Felizmente, em <a rel=\"nofollow\" href=\"https:\/\/dglawga.com\/pt\/areas-que-atendemos\/\"><strong>Ge\u00f3rgia<\/strong><\/a>, Voc\u00ea pode buscar justi\u00e7a entrando com uma a\u00e7\u00e3o por morte culposa. Isso permite que os familiares sobreviventes recebam uma indeniza\u00e7\u00e3o financeira. Embora nenhuma quantia em dinheiro possa substituir um ente querido, a indeniza\u00e7\u00e3o ajuda a cobrir os obst\u00e1culos financeiros que surgem com a morte inesperada de um familiar. Seu advogado especializado em casos de morte culposa em Smyrna o ajudar\u00e1 com a sua indeniza\u00e7\u00e3o.<\/p>\n\n\n\n<p style=\"padding-top:0;padding-bottom:0\">No entanto, n\u00e3o \u00e9 aconselh\u00e1vel enfrentar o processo sozinho. Voc\u00ea deve ter a oportunidade de vivenciar o luto sem o estresse de lidar com o complexo processo de indeniza\u00e7\u00e3o. \u00c9 a\u00ed que entram em cena os advogados especializados em casos de morte por neglig\u00eancia do escrit\u00f3rio Diaz &amp; Gaeta, em Smyrna.<\/p>\n\n\n\n<p style=\"padding-top:0;padding-bottom:0\">Temos experi\u00eancia nesta \u00e1rea e trabalharemos incansavelmente para obter a indeniza\u00e7\u00e3o que voc\u00ea merece. Calcularemos o valor da sua indeniza\u00e7\u00e3o e lutaremos para garantir que voc\u00ea receba justi\u00e7a.<\/p>\n\n\n\n<p style=\"padding-top:0;padding-bottom:0\">Ligue para o nosso <strong><a href=\"https:\/\/dglawga.com\/pt\/esmirna\/advogado-de-lesoes-corporais\/\">Advogados de les\u00f5es pessoais em Smyrna<\/a><\/strong> hoje em <a href=\"tel:+16785032780\"><strong>678-503-2780<\/strong><\/a> Para uma consulta inicial gratuita!<\/p>\n\n\n\n<div class=\"wp-block-group has-accent-background-color has-background is-vertical is-layout-flex wp-container-core-group-is-layout-283d9697 wp-block-group-is-layout-flex\" style=\"border-top-left-radius:15px;border-top-right-radius:15px;margin-top:var(--wp--preset--spacing--30)\">\n<h2 class=\"wp-block-heading has-primary-color has-text-color has-link-color wp-elements-4164a61e17ffbe9e8a7446952ec87a5a\" id=\"aioseo-table-of-contents\">\u00cdNDICE<\/h2>\n<\/div>\n\n\n\n<div class=\"wp-block-group has-background is-vertical is-layout-flex wp-container-core-group-is-layout-d644fc7a wp-block-group-is-layout-flex\" style=\"border-bottom-left-radius:15px;border-bottom-right-radius:15px;background-color:#f3f3f3;margin-top:0\"><div class=\"wp-block-aioseo-table-of-contents\"><ul><li><a class=\"aioseo-toc-item\" href=\"#aioseo-what-is-wrongful-death\">O que \u00e9 homic\u00eddio culposo?<\/a><\/li><li><a class=\"aioseo-toc-item\" href=\"#aioseo-who-is-eligible-for-filing-a-wrongful-death-claim-in-georgia\">Quem tem direito a apresentar uma a\u00e7\u00e3o por morte culposa na Ge\u00f3rgia?<\/a><\/li><li><a class=\"aioseo-toc-item\" href=\"#aioseo-what-types-of-damages-can-be-recovered-from-a-wrongful-death-claim\">Que tipos de indeniza\u00e7\u00e3o podem ser obtidos em um processo por morte culposa?<\/a><ul><li><a class=\"aioseo-toc-item\" href=\"#aioseo-full-value-of-life-damages\">Valor total dos danos \u00e0 vida<\/a><\/li><li><a class=\"aioseo-toc-item\" href=\"#aioseo-economic-value\">Valor econ\u00f4mico<\/a><\/li><li><a class=\"aioseo-toc-item\" href=\"#aioseo-non-economic-value\">Valor n\u00e3o econ\u00f4mico<\/a><\/li><li><a class=\"aioseo-toc-item\" href=\"#aioseo-medical-funeral-burial-and-other-expenses\">Despesas m\u00e9dicas, funer\u00e1rias, de sepultamento e outras.<\/a><\/li><\/ul><\/li><li><a class=\"aioseo-toc-item\" href=\"#aioseo-can-the-surviving-family-members-file-for-punitive-damages\">Os familiares sobreviventes podem entrar com um pedido de indeniza\u00e7\u00e3o por danos punitivos?<\/a><\/li><li><a class=\"aioseo-toc-item\" href=\"#aioseo-how-is-negligence-proven-in-a-wrongful-death-claim-in-georgia\">Como se comprova a neglig\u00eancia em um processo por morte culposa na Ge\u00f3rgia?<\/a><ul><li><a class=\"aioseo-toc-item\" href=\"#aioseo-duty-of-care\">Dever de Cuidado<\/a><\/li><li><a class=\"aioseo-toc-item\" href=\"#aioseo-breach-of-duty-of-care\">Viola\u00e7\u00e3o do dever de cuidado<\/a><\/li><li><a class=\"aioseo-toc-item\" href=\"#aioseo-causation\">Causalidade<\/a><\/li><li><a class=\"aioseo-toc-item\" href=\"#aioseo-damages\">Danos<\/a><\/li><\/ul><\/li><li><a class=\"aioseo-toc-item\" href=\"#aioseo-how-do-you-start-a-wrongful-death-claim-in-georgia\">Como iniciar um processo por morte culposa na Ge\u00f3rgia?<\/a><\/li><li><a class=\"aioseo-toc-item\" href=\"#aioseo-what-is-the-difference-between-a-wrongful-death-claim-an-estate-claim\">Qual a diferen\u00e7a entre uma a\u00e7\u00e3o por morte culposa e uma a\u00e7\u00e3o de invent\u00e1rio?<\/a><\/li><li><a class=\"aioseo-toc-item\" href=\"#aioseo-contact-our-experienced-smyrna-wrongful-death-lawyers-today\">Entre em contato hoje mesmo com nossos experientes advogados de Smyrna especializados em casos de morte por neglig\u00eancia!<\/a><\/li><\/ul><\/div><\/div>\n\n\n\n<h2 class=\"wp-block-heading\" id=\"aioseo-what-is-wrongful-death\">O que \u00e9 homic\u00eddio culposo?<\/h2>\n\n\n\n<p>No estado da Ge\u00f3rgia, homic\u00eddio culposo \u00e9 definido como a morte de um indiv\u00edduo em decorr\u00eancia de atos intencionais, imprudentes, criminosos ou negligentes de outra parte (empresa ou pessoa).<\/p>\n\n\n\n<p>A neglig\u00eancia, neste contexto, ocorre quando uma das partes deixa de agir com o cuidado razo\u00e1vel que tem o dever de fazer. \u00c9 por isso que \u00e9 obrigat\u00f3rio comprovar a neglig\u00eancia em uma a\u00e7\u00e3o por morte culposa.<\/p>\n\n\n\n<p>Na Ge\u00f3rgia, os poss\u00edveis fundamentos legais para uma a\u00e7\u00e3o por morte culposa incluem:<\/p>\n\n\n\n<ul class=\"wp-block-list\">\n<li><a href=\"https:\/\/dglawga.com\/pt\/esmirna\/advogado-de-responsabilidade-por-produtos-defeituosos\/\"><strong>Produtos defeituosos<\/strong><\/a><\/li>\n\n\n\n<li>Mortes em acidentes com pedestres<\/li>\n\n\n\n<li>atos criminosos<\/li>\n\n\n\n<li>Servi\u00e7o de \u00e1lcool inadequado ou ilegal<\/li>\n\n\n\n<li>Neglig\u00eancia em lares de idosos<\/li>\n\n\n\n<li><strong><a href=\"https:\/\/dglawga.com\/pt\/esmirna\/advogado-de-acidentes-de-carro\/\">Dirigir sob influ\u00eancia de \u00e1lcool ou drogas.<\/a><\/strong><\/li>\n\n\n\n<li>Neglig\u00eancia na engenharia e constru\u00e7\u00e3o defeituosa.<\/li>\n<\/ul>\n\n\n\n<h2 class=\"wp-block-heading\" id=\"aioseo-who-is-eligible-for-filing-a-wrongful-death-claim-in-georgia\">Quem tem direito a apresentar uma a\u00e7\u00e3o por morte culposa na Ge\u00f3rgia?<\/h2>\n\n\n\n<p>A legisla\u00e7\u00e3o do estado da Ge\u00f3rgia \u00e9 espec\u00edfica para as partes que <strong>qualificar para apresentar uma a\u00e7\u00e3o por morte culposa<\/strong>. De acordo com a Lei de Morte Indevida da Ge\u00f3rgia, os entes queridos do falecido podem entrar com uma a\u00e7\u00e3o judicial por morte indevida.<\/p>\n\n\n\n<p>A primeira pessoa autorizada a apresentar uma a\u00e7\u00e3o por morte culposa no estado \u00e9 o c\u00f4njuge do falecido. Ele(a) tamb\u00e9m pode representar os interesses de seus filhos no tribunal, caso os tenha tido com o falecido.<\/p>\n\n\n\n<p>\u00c9 importante ressaltar que o c\u00f4njuge recebe pelo menos um ter\u00e7o do valor do acordo, independentemente do n\u00famero de filhos.<\/p>\n\n\n\n<p>Os filhos podem apresentar uma reclama\u00e7\u00e3o se n\u00e3o houver c\u00f4njuge sobrevivente, seguidos pelos pais do falecido se n\u00e3o houver c\u00f4njuge sobrevivente ou filhos do falecido.<\/p>\n\n\n\n<p>Por fim, o representante do esp\u00f3lio do falecido pode apresentar uma reclama\u00e7\u00e3o se o falecido n\u00e3o deixou c\u00f4njuge, filhos ou pais sobreviventes.<\/p>\n\n\n\n<p>O esp\u00f3lio det\u00e9m a indeniza\u00e7\u00e3o e a utiliza em benef\u00edcio dos parentes mais pr\u00f3ximos do falecido, caso a a\u00e7\u00e3o por morte culposa seja julgada procedente.<\/p>\n\n\n\n<h2 class=\"wp-block-heading\" id=\"aioseo-what-types-of-damages-can-be-recovered-from-a-wrongful-death-claim\">Que tipos de indeniza\u00e7\u00e3o podem ser obtidos em um processo por morte culposa?<\/h2>\n\n\n\n<p>Os familiares do falecido podem ser indenizados pelos seguintes tipos de danos:<\/p>\n\n\n\n<h4 class=\"wp-block-heading\" id=\"aioseo-full-value-of-life-damages\">Valor total dos danos \u00e0 vida<\/h4>\n\n\n\n<p>Esses tipos de indeniza\u00e7\u00e3o visam atribuir um valor monet\u00e1rio \u00e0 vida do falecido. \u00c9 dif\u00edcil determinar o valor exato, portanto, o j\u00fari atribui um montante que considera justo. O valor total da indeniza\u00e7\u00e3o por morte pode ser dividido em duas partes:<\/p>\n\n\n\n<h4 class=\"wp-block-heading\" id=\"aioseo-economic-value\">Valor econ\u00f4mico<\/h4>\n\n\n\n<p>Isso implica na capacidade de ganho do falecido. \u00c9 f\u00e1cil calcular o total se o falecido era um indiv\u00edduo que trabalhava. O valor econ\u00f4mico leva em considera\u00e7\u00e3o o tempo restante de trabalho, os benef\u00edcios, a aposentadoria, bem como o sal\u00e1rio.<\/p>\n\n\n\n<p>No entanto, \u00e9 dif\u00edcil calcular o valor total para uma crian\u00e7a, uma v\u00edtima desempregada, um pai ou m\u00e3e que fica em casa cuidando dos filhos ou um idoso. A Ge\u00f3rgia acredita em atribuir valor \u00e0 vida do indiv\u00edduo. Assim, o j\u00fari tratar\u00e1 cada caso de forma diferente para conceder a melhor indeniza\u00e7\u00e3o poss\u00edvel.<\/p>\n\n\n\n<p>Al\u00e9m disso, a lei da Ge\u00f3rgia reconhece que atribuir um valor monet\u00e1rio espec\u00edfico \u00e0 vida de uma pessoa pode ser dif\u00edcil e inadequado. Portanto, em casos de morte por neglig\u00eancia, o j\u00fari tem permiss\u00e3o para usar seu julgamento e experi\u00eancia para determinar um valor apropriado de indeniza\u00e7\u00e3o pela perda da vida da v\u00edtima e pelo impacto que isso teve sobre seus familiares sobreviventes.<\/p>\n\n\n\n<p>No escrit\u00f3rio de advocacia Diaz &amp; Gaeta, nossa equipe experiente de advogados especializados em casos de morte por neglig\u00eancia em Smyrna compreende o impacto emocional que a perda de um ente querido pode causar a voc\u00ea e sua fam\u00edlia. Estamos comprometidos em lutar pela indeniza\u00e7\u00e3o e justi\u00e7a que voc\u00ea merece.<\/p>\n\n\n\n<h4 class=\"wp-block-heading\" id=\"aioseo-non-economic-value\">Valor n\u00e3o econ\u00f4mico<\/h4>\n\n\n\n<p>Isso leva em considera\u00e7\u00e3o o fato de que a vida da v\u00edtima foi interrompida precocemente. Assim, seus familiares perder\u00e3o a oportunidade de viver uma vida feliz e plena com seus entes queridos. Portanto, o j\u00fari concede a indeniza\u00e7\u00e3o que considera justa aos familiares do falecido.<\/p>\n\n\n\n<p>Calcular os danos n\u00e3o econ\u00f4micos pode ser um desafio, pois s\u00e3o subjetivos e dif\u00edceis de quantificar. No entanto, o j\u00fari pode considerar diversos fatores, como a idade e o parentesco do falecido com seus familiares sobreviventes, bem como o impacto emocional e psicol\u00f3gico da perda.<\/p>\n\n\n\n<p>No escrit\u00f3rio de advocacia Diaz &amp; Gaeta, nossa equipe de advogados especializados em casos de morte por neglig\u00eancia em Smyrna tem experi\u00eancia em lidar com essas situa\u00e7\u00f5es e se dedica a lutar pelos direitos de nossos clientes.<\/p>\n\n\n\n<h4 class=\"wp-block-heading\" id=\"aioseo-medical-funeral-burial-and-other-expenses\">Despesas m\u00e9dicas, funer\u00e1rias, de sepultamento e outras.<\/h4>\n\n\n\n<p>Essas indeniza\u00e7\u00f5es s\u00e3o concedidas para ajudar os familiares do falecido a arcar com as despesas m\u00e9dicas, funer\u00e1rias, de sepultamento e outras relacionadas. Nesse sentido, voc\u00ea deve fazer uma lista de todas as despesas e entreg\u00e1-la ao seu advogado especializado em casos de morte por neglig\u00eancia em Smyrna, pois as indeniza\u00e7\u00f5es costumam ser abrangentes.<\/p>\n\n\n\n<p>Ao contratar nossa equipe, poderemos avaliar sua lista de danos e determinar o valor que voc\u00ea pode recuperar por meio de indeniza\u00e7\u00e3o.<\/p>\n\n\n\n<h2 class=\"wp-block-heading\" id=\"aioseo-can-the-surviving-family-members-file-for-punitive-damages\">Os familiares sobreviventes podem entrar com um pedido de indeniza\u00e7\u00e3o por danos punitivos?<\/h2>\n\n\n\n<p>A Lei de Morte Indevida da Ge\u00f3rgia n\u00e3o menciona danos punitivos. Portanto, os ju\u00edzes interpretam a lei estritamente e n\u00e3o permitem a concess\u00e3o de indeniza\u00e7\u00f5es punitivas em a\u00e7\u00f5es por morte indevida.<\/p>\n\n\n\n<p>No entanto, danos punitivos s\u00e3o poss\u00edveis em uma a\u00e7\u00e3o de invent\u00e1rio. Nesse tipo de a\u00e7\u00e3o, o esp\u00f3lio busca recuperar despesas como custos funer\u00e1rios e contas m\u00e9dicas do falecido.<\/p>\n\n\n\n<p>O esp\u00f3lio tamb\u00e9m pode buscar indeniza\u00e7\u00e3o por danos morais e materiais causados ao falecido, caso este n\u00e3o tenha falecido imediatamente.<br>Mesmo que o falecido tenha sobrevivido apenas por alguns segundos, \u00e9 poss\u00edvel buscar indeniza\u00e7\u00e3o por danos punitivos.<\/p>\n\n\n\n<p>Assim como nos casos de les\u00e3o corporal, os danos punitivos em a\u00e7\u00f5es de invent\u00e1rio s\u00e3o concedidos quando o tribunal decide que a parte culpada tinha a inten\u00e7\u00e3o de prejudicar o falecido ou quando demonstrou extremo desrespeito pelo bem-estar dos outros.<br>A\u00e7\u00f5es judiciais por danos punitivos costumam ser dif\u00edceis de comprovar e voc\u00ea precisar\u00e1 de um excelente advogado ao seu lado. \u00c9 a\u00ed que entra a equipe de advogados especializados em casos de morte por neglig\u00eancia do escrit\u00f3rio Diaz &amp; Gaeta Law, em Smyrna.<\/p>\n\n\n\n<p>Entendemos os desafios envolvidos em comprovar conduta dolosa ou intencional, mas estamos comprometidos em lutar pela m\u00e1xima indeniza\u00e7\u00e3o poss\u00edvel para nossos clientes.<\/p>\n\n\n\n<p>Nossa equipe de advogados especializados em casos de morte por neglig\u00eancia em Smyrna possui o conhecimento, a experi\u00eancia e os recursos necess\u00e1rios para investigar seu caso minuciosamente, reunir provas e construir uma defesa s\u00f3lida em seu nome.<\/p>\n\n\n\n<p>Trabalhamos incansavelmente para garantir que voc\u00ea receba uma indeniza\u00e7\u00e3o justa por suas perdas, incluindo indeniza\u00e7\u00e3o compensat\u00f3ria.<\/p>\n\n\n\n<figure class=\"wp-block-image aligncenter size-full\" style=\"margin-top:var(--wp--preset--spacing--20);margin-bottom:var(--wp--preset--spacing--20)\"><img loading=\"lazy\" decoding=\"async\" width=\"500\" height=\"333\" src=\"https:\/\/dglawga.com\/wp-content\/uploads\/2025\/06\/smyrna-wrongful-death-lawyer-diaz.jpg?wsr\" alt=\"\" class=\"wp-image-7680\" srcset=\"https:\/\/dglawga.com\/wp-content\/uploads\/2025\/06\/smyrna-wrongful-death-lawyer-diaz.jpg 500w, https:\/\/dglawga.com\/wp-content\/uploads\/2025\/06\/smyrna-wrongful-death-lawyer-diaz-300x200.jpg 300w\" sizes=\"auto, (max-width: 500px) 100vw, 500px\" \/><\/figure>\n\n\n\n<h2 class=\"wp-block-heading\" id=\"aioseo-how-is-negligence-proven-in-a-wrongful-death-claim-in-georgia\">Como se comprova a neglig\u00eancia em um processo por morte culposa na Ge\u00f3rgia?<\/h2>\n\n\n\n<p>Para obter indeniza\u00e7\u00e3o em um caso de morte por neglig\u00eancia na Ge\u00f3rgia, \u00e9 necess\u00e1rio comprovar que houve neglig\u00eancia.<\/p>\n\n\n\n<p>No entanto, isso \u00e9 mais f\u00e1cil dizer do que fazer, especialmente se voc\u00ea n\u00e3o tiver uma representa\u00e7\u00e3o legal adequada. Nossos advogados especializados em casos de morte por neglig\u00eancia em Smyrna sabem como comprovar a responsabilidade nesses casos.<\/p>\n\n\n\n<p>Para ter um caso v\u00e1lido de morte por neglig\u00eancia, voc\u00ea precisa comprovar os seguintes aspectos da neglig\u00eancia:<\/p>\n\n\n\n<h4 class=\"wp-block-heading\" id=\"aioseo-duty-of-care\">Dever de Cuidado<\/h4>\n\n\n\n<p>Em primeiro lugar, a parte respons\u00e1vel deve ter tido o dever de cuidar do falecido. Por exemplo, um lar de idosos tem a responsabilidade de cuidar adequadamente dos residentes, e todos os motoristas t\u00eam a responsabilidade de seguir as leis de tr\u00e2nsito.<\/p>\n\n\n\n<h4 class=\"wp-block-heading\" id=\"aioseo-breach-of-duty-of-care\">Viola\u00e7\u00e3o do dever de cuidado<\/h4>\n\n\n\n<p>Em segundo lugar, voc\u00ea precisa demonstrar que a outra parte violou o dever de cuidado. Exemplos disso incluem um motorista que avan\u00e7a o sinal vermelho e uma casa de repouso que n\u00e3o oferece treinamento adequado aos seus funcion\u00e1rios.<\/p>\n\n\n\n<h4 class=\"wp-block-heading\" id=\"aioseo-causation\">Causalidade<\/h4>\n\n\n\n<p>Em terceiro lugar, voc\u00ea precisa apresentar provas que demonstrem a causa da morte. Voc\u00ea precisa mostrar que a morte foi resultado de a\u00e7\u00f5es imprudentes ou negligentes do r\u00e9u. Isso significa encontrar provas s\u00f3lidas.<\/p>\n\n\n\n<h4 class=\"wp-block-heading\" id=\"aioseo-damages\">Danos<\/h4>\n\n\n\n<p>Em quarto lugar, voc\u00ea s\u00f3 poder\u00e1 receber indeniza\u00e7\u00e3o ap\u00f3s comprovar que o falecido e sua fam\u00edlia sofreram preju\u00edzos. Nesse sentido, voc\u00ea dever\u00e1 apresentar comprovantes de contas m\u00e9dicas n\u00e3o pagas, perdas financeiras inesperadas, custos funer\u00e1rios, etc.<\/p>\n\n\n\n<h2 class=\"wp-block-heading\" id=\"aioseo-how-do-you-start-a-wrongful-death-claim-in-georgia\">Como iniciar um processo por morte culposa na Ge\u00f3rgia?<\/h2>\n\n\n\n<p>Antes de mais nada, voc\u00ea precisa se certificar de que est\u00e1 dentro do prazo legal. No estado da Ge\u00f3rgia, voc\u00ea tem um <a href=\"http:\/\/ga.elaws.us\/law\/section9-3-33\" target=\"_blank\" rel=\"noopener nofollow\"><strong>limite de 2 anos<\/strong><\/a> Voc\u00ea tem at\u00e9 dez anos para entrar com uma a\u00e7\u00e3o por morte culposa ap\u00f3s o falecimento de um ente querido. Ap\u00f3s esse per\u00edodo, a lei n\u00e3o permite que voc\u00ea busque qualquer indeniza\u00e7\u00e3o. Seus advogados especializados em casos de morte culposa em Smyrna ir\u00e3o orient\u00e1-lo durante todo o processo.<\/p>\n\n\n\n<p>Existem exce\u00e7\u00f5es, no entanto, particularmente quando h\u00e1 um processo criminal em andamento relacionado aos mesmos eventos que o seu caso. Isso resulta na suspens\u00e3o do prazo at\u00e9 a conclus\u00e3o do processo criminal.<\/p>\n\n\n\n<p>Al\u00e9m disso, nos casos em que o esp\u00f3lio do falecido n\u00e3o tenha sido submetido a invent\u00e1rio, o prazo pode ser estendido em 5 anos.<br>Dadas as complica\u00e7\u00f5es inerentes a esses casos, contratar um advogado especializado em casos de morte por neglig\u00eancia em Smyrna \u00e9 a melhor abordagem. Ele fornecer\u00e1 aconselhamento jur\u00eddico e poder\u00e1 avaliar as chances de sucesso do seu caso.<\/p>\n\n\n\n<p>Al\u00e9m disso, eles investigar\u00e3o minuciosamente a causa da morte de seu ente querido e criar\u00e3o um caso s\u00f3lido que comprove a neglig\u00eancia do r\u00e9u no tribunal.<\/p>\n\n\n\n<p>Al\u00e9m disso, eles garantir\u00e3o que voc\u00ea cumpra as leis e siga os procedimentos adequados para evitar erros.<\/p>\n\n\n\n<p>Processos por morte culposa podem ser complexos e emocionalmente desgastantes, sendo importante contar com um advogado experiente e compassivo em casos de morte culposa em Smyrna, que possa orient\u00e1-lo durante todo o processo legal.<\/p>\n\n\n\n<p>Seu advogado especializado em casos de morte por neglig\u00eancia em Smyrna pode ajud\u00e1-lo a entender seus direitos e op\u00e7\u00f5es legais, reunir provas para fundamentar sua reivindica\u00e7\u00e3o e defend\u00ea-lo para garantir que voc\u00ea receba uma indeniza\u00e7\u00e3o justa por suas perdas.<\/p>\n\n\n\n<h2 class=\"wp-block-heading\" id=\"aioseo-what-is-the-difference-between-a-wrongful-death-claim-an-estate-claim\">Qual a diferen\u00e7a entre uma a\u00e7\u00e3o por morte culposa e uma a\u00e7\u00e3o de invent\u00e1rio?<\/h2>\n\n\n\n<p>Os familiares sobreviventes entram com uma a\u00e7\u00e3o por morte culposa para buscar indeniza\u00e7\u00e3o pelo valor da vida de seu ente querido. Por outro lado, o esp\u00f3lio entra com uma a\u00e7\u00e3o de invent\u00e1rio para buscar indeniza\u00e7\u00e3o pelas despesas financeiras relacionadas ao falecimento.<\/p>\n\n\n\n<p>Em uma a\u00e7\u00e3o de invent\u00e1rio, o representante nomeado no testamento do falecido ou designado pelo tribunal \u00e9 obrigado a apresentar a a\u00e7\u00e3o em nome do esp\u00f3lio. Os danos pleiteados em uma a\u00e7\u00e3o de invent\u00e1rio podem incluir despesas m\u00e9dicas, despesas com funeral e sepultamento, e quaisquer outras despesas relacionadas ao falecimento.<\/p>\n\n\n\n<p>Em alguns casos, uma a\u00e7\u00e3o de invent\u00e1rio tamb\u00e9m pode buscar indeniza\u00e7\u00e3o punitiva se a conduta do r\u00e9u for particularmente grave. A indeniza\u00e7\u00e3o punitiva visa punir o r\u00e9u e dissuadir comportamentos semelhantes no futuro.<\/p>\n\n\n\n<p>\u00c9 importante trabalhar com nossos experientes advogados de Smyrna especializados em casos de morte por neglig\u00eancia, que podem ajud\u00e1-lo a determinar quais a\u00e7\u00f5es s\u00e3o apropriadas para sua situa\u00e7\u00e3o e orient\u00e1-lo durante todo o processo legal.<\/p>\n\n\n\n<p>No escrit\u00f3rio de advocacia Diaz &amp; Gaeta, nossos advogados dedicam-se a lutar pelos direitos de nossos clientes e a garantir que recebam a indeniza\u00e7\u00e3o e a justi\u00e7a que merecem. Se voc\u00ea perdeu um ente querido devido \u00e0 neglig\u00eancia ou ato il\u00edcito de terceiros, entre em contato com seu advogado especializado em casos de morte por neglig\u00eancia em Smyrna para agendar uma consulta e discutir suas op\u00e7\u00f5es legais.<\/p>\n\n\n\n<h2 class=\"wp-block-heading\" id=\"aioseo-contact-our-experienced-smyrna-wrongful-death-lawyers-today\">Entre em contato hoje mesmo com nossos experientes advogados de Smyrna especializados em casos de morte por neglig\u00eancia!<\/h2>\n\n\n\n<p>Aceitar a perda de um ente querido n\u00e3o \u00e9 f\u00e1cil, especialmente se a causa foi intencional ou negligente, por parte de terceiros. A dor \u00e9 ainda maior ao saber que essa pessoa poderia ter sobrevivido. Um advogado experiente em casos de morte por neglig\u00eancia em Smyrna avaliar\u00e1 seu caso e determinar\u00e1 se voc\u00ea tem um caso s\u00f3lido para uma a\u00e7\u00e3o judicial.<\/p>\n\n\n\n<p>Se voc\u00ea perdeu um ente querido devido \u00e0 neglig\u00eancia ou ato il\u00edcito de terceiros, n\u00e3o hesite em entrar em contato. <a href=\"\/pt\/\"><strong>Diaz &amp; Gaeta Law<\/strong><\/a> Agende uma consulta com um de nossos experientes advogados especializados em casos de morte por neglig\u00eancia. Estamos aqui para ajud\u00e1-lo(a) a obter a indeniza\u00e7\u00e3o e a justi\u00e7a que voc\u00ea merece. Entre em contato com seu advogado especializado em casos de morte por neglig\u00eancia em Smyrna. <br>no <a href=\"tel:+16785032780\"><strong>678-503-2780<\/strong><\/a> hoje!<\/p>","protected":false},"excerpt":{"rendered":"<p>Losing a loved one, especially in a sudden fashion can be devastating. The pain can be unbearable if a family member passed away because of the reckless or negligent actions of another party. Thankfully, in Georgia, you can seek justice by filing a wrongful death claim. This allows surviving family members to get monetary compensation. [&hellip;]<\/p>\n","protected":false},"author":34,"featured_media":0,"parent":1994,"menu_order":0,"comment_status":"closed","ping_status":"closed","template":"wp-custom-template-smyrna-services","meta":{"_acf_changed":false,"_themeisle_gutenberg_block_has_review":false,"footnotes":""},"categories":[51],"tags":[124,123,120,21,122,59,126,58,121,125,119,26,118,116,117,28],"class_list":["post-2017","page","type-page","status-publish","hentry","category-smyrna-location","tag-abogado-coche-acidente","tag-abogado-gratis","tag-attorney-lawyer","tag-car-accidents","tag-car-accidents-lawyer","tag-family-law","tag-imigracion-abogados","tag-immigration","tag-immigration-lawyer","tag-marietta-abogado","tag-marietta-lawyer","tag-personal-injury","tag-top-lawyer-in-marietta","tag-top-lawyers-in-atlanta","tag-top-lawyers-in-smyrna","tag-wrongful-death"],"acf":[],"aioseo_notices":[],"_links":{"self":[{"href":"https:\/\/dglawga.com\/pt\/wp-json\/wp\/v2\/pages\/2017","targetHints":{"allow":["GET"]}}],"collection":[{"href":"https:\/\/dglawga.com\/pt\/wp-json\/wp\/v2\/pages"}],"about":[{"href":"https:\/\/dglawga.com\/pt\/wp-json\/wp\/v2\/types\/page"}],"author":[{"embeddable":true,"href":"https:\/\/dglawga.com\/pt\/wp-json\/wp\/v2\/users\/34"}],"replies":[{"embeddable":true,"href":"https:\/\/dglawga.com\/pt\/wp-json\/wp\/v2\/comments?post=2017"}],"version-history":[{"count":15,"href":"https:\/\/dglawga.com\/pt\/wp-json\/wp\/v2\/pages\/2017\/revisions"}],"predecessor-version":[{"id":8565,"href":"https:\/\/dglawga.com\/pt\/wp-json\/wp\/v2\/pages\/2017\/revisions\/8565"}],"up":[{"embeddable":true,"href":"https:\/\/dglawga.com\/pt\/wp-json\/wp\/v2\/pages\/1994"}],"wp:attachment":[{"href":"https:\/\/dglawga.com\/pt\/wp-json\/wp\/v2\/media?parent=2017"}],"wp:term":[{"taxonomy":"category","embeddable":true,"href":"https:\/\/dglawga.com\/pt\/wp-json\/wp\/v2\/categories?post=2017"},{"taxonomy":"post_tag","embeddable":true,"href":"https:\/\/dglawga.com\/pt\/wp-json\/wp\/v2\/tags?post=2017"}],"curies":[{"name":"wp","href":"https:\/\/api.w.org\/{rel}","templated":true}]}}