{"id":2026,"date":"2022-06-07T17:44:05","date_gmt":"2022-06-07T17:44:05","guid":{"rendered":"https:\/\/diazgaetalaw.wpengine.com\/?page_id=2026"},"modified":"2025-06-15T09:51:16","modified_gmt":"2025-06-15T14:51:16","slug":"advogado-de-responsabilidade-por-produtos-defeituosos","status":"publish","type":"page","link":"https:\/\/dglawga.com\/pt\/smyrna\/product-liability-lawyer\/","title":{"rendered":"Advogado de Responsabilidade Civil por Produtos Defeituosos em Smyrna"},"content":{"rendered":"<p>Produtos defeituosos s\u00e3o a origem de in\u00fameros ferimentos sem sentido e at\u00e9 mesmo de algumas mortes nos Estados Unidos todos os anos, e Smyrna, Ge\u00f3rgia, n\u00e3o \u00e9 exce\u00e7\u00e3o. Ainda assim, os fabricantes t\u00eam a obriga\u00e7\u00e3o de criar produtos seguros para os consumidores e, quando n\u00e3o o fazem, seus produtos podem causar danos a compradores inocentes.<\/p>\n\n\n\n<p>Se voc\u00ea ou um ente querido sofreu ferimentos ap\u00f3s usar um produto defeituoso, pode contar com os advogados especializados em responsabilidade por produtos defeituosos do escrit\u00f3rio Diaz &amp; Gaeta, em Smyrna, para ajud\u00e1-lo a determinar quem deve ser responsabilizado. Temos o conhecimento, as habilidades e os recursos para lidar at\u00e9 mesmo com os casos mais complexos. Ligue para n\u00f3s hoje mesmo! <a href=\"tel:+16785032780\"><strong>678-503-2780<\/strong><\/a> Para discutir suas op\u00e7\u00f5es legais com um advogado experiente. <strong><a href=\"https:\/\/dglawga.com\/pt\/esmirna\/advogado-de-lesoes-corporais\/\">Advogado de les\u00f5es pessoais em Smyrna<\/a><\/strong>.<\/p>\n\n\n\n<div class=\"wp-block-group has-accent-background-color has-background is-vertical is-layout-flex wp-container-core-group-is-layout-283d9697 wp-block-group-is-layout-flex\" style=\"border-top-left-radius:15px;border-top-right-radius:15px;margin-top:var(--wp--preset--spacing--30)\">\n<h2 class=\"wp-block-heading has-primary-color has-text-color has-link-color wp-elements-4164a61e17ffbe9e8a7446952ec87a5a\" id=\"aioseo-table-of-contents\">\u00cdNDICE<\/h2>\n<\/div>\n\n\n\n<div class=\"wp-block-group has-background is-vertical is-layout-flex wp-container-core-group-is-layout-d644fc7a wp-block-group-is-layout-flex\" style=\"border-bottom-left-radius:15px;border-bottom-right-radius:15px;background-color:#f3f3f3;margin-top:0\"><div class=\"wp-block-aioseo-table-of-contents\"><ul><li><a class=\"aioseo-toc-item\" href=\"#aioseo-georgia-laws-for-product-liability-cases\">Leis da Ge\u00f3rgia para casos de responsabilidade por produtos defeituosos<\/a><\/li><li><a class=\"aioseo-toc-item\" href=\"#aioseo-common-causes-for-legal-action\">Causas comuns para a\u00e7\u00f5es judiciais<\/a><ul><li><a class=\"aioseo-toc-item\" href=\"#aioseo-defective-design\">Projeto defeituoso<\/a><\/li><li><a class=\"aioseo-toc-item\" href=\"#aioseo-manufacturing-defects\">Defeitos de fabrica\u00e7\u00e3o<\/a><\/li><li><a class=\"aioseo-toc-item\" href=\"#aioseo-labeling-defects\">Defeitos de rotulagem<\/a><\/li><\/ul><\/li><li><a class=\"aioseo-toc-item\" href=\"#aioseo-how-is-liability-determined\">Como se determina a responsabilidade?<\/a><ul><li><a class=\"aioseo-toc-item\" href=\"#aioseo-strict-liability\">Responsabilidade objetiva<\/a><\/li><li><a class=\"aioseo-toc-item\" href=\"#aioseo-negligence\">Neglig\u00eancia<\/a><\/li><li><a class=\"aioseo-toc-item\" href=\"#aioseo-failure-to-warn\">Falha em alertar<\/a><\/li><\/ul><\/li><li><a class=\"aioseo-toc-item\" href=\"#aioseo-who-can-be-held-responsible-for-my-damages\">Quem pode ser responsabilizado pelos meus danos?<\/a><ul><li><a class=\"aioseo-toc-item\" href=\"#aioseo-manufacturer\">Fabricante<\/a><\/li><li><a class=\"aioseo-toc-item\" href=\"#aioseo-wholesaler\">Atacadista<\/a><\/li><li><a class=\"aioseo-toc-item\" href=\"#aioseo-retailer\">Varejista<\/a><\/li><li><a class=\"aioseo-toc-item\" href=\"#aioseo-hospital-or-medical-clinic\">Hospital ou Cl\u00ednica M\u00e9dica<\/a><\/li><li><a class=\"aioseo-toc-item\" href=\"#aioseo-doctor\">Doutor<\/a><\/li><\/ul><\/li><li><a class=\"aioseo-toc-item\" href=\"#aioseo-contact-our-smyrna-product-liability-lawyers-for-help-today\">Entre em contato com nossos advogados especializados em responsabilidade por produtos defeituosos em Smyrna hoje mesmo para obter ajuda!<\/a><\/li><\/ul><\/div><\/div>\n\n\n\n<h2 class=\"wp-block-heading\" id=\"aioseo-georgia-laws-for-product-liability-cases\" style=\"padding-top:var(--wp--preset--spacing--20)\">Leis da Ge\u00f3rgia para casos de responsabilidade por produtos defeituosos<\/h2>\n\n\n\n<p><a href=\"http:\/\/ga.elaws.us\/law\/section51-1-11\" target=\"_blank\" rel=\"noopener nofollow\"><strong>C\u00f3digo da Ge\u00f3rgia, Se\u00e7\u00e3o 51-1-11<\/strong><\/a> O texto descreve detalhadamente as leis de responsabilidade por produtos defeituosos no estado. O c\u00f3digo estabelece que as partes lesadas por produtos defeituosos n\u00e3o precisam comprovar a compra do produto para entrar com uma a\u00e7\u00e3o judicial contra o fabricante.<\/p>\n\n\n\n<p>Na Ge\u00f3rgia, voc\u00ea pode entrar com uma a\u00e7\u00e3o judicial em nome de um ente querido ou por les\u00f5es sofridas ao usar um produto emprestado, mesmo que n\u00e3o tenha sido voc\u00ea quem o comprou. Para que o tribunal decida a seu favor em uma a\u00e7\u00e3o de responsabilidade por produto defeituoso, voc\u00ea ter\u00e1 que comprovar quatro elementos:<\/p>\n\n\n\n<ul class=\"wp-block-list\">\n<li>O produto apresentava um defeito no momento da les\u00e3o.<\/li>\n\n\n\n<li>O defeito causou ferimentos ou morte.<\/li>\n\n\n\n<li>O produto estava essencialmente nas mesmas condi\u00e7\u00f5es em que saiu da f\u00e1brica.<\/li>\n\n\n\n<li>O produto foi utilizado conforme as instru\u00e7\u00f5es do fabricante.<\/li>\n<\/ul>\n\n\n\n<p>Na maioria dos casos, voc\u00ea n\u00e3o precisar\u00e1 provar que o fabricante foi negligente de alguma forma, o que resultou no incidente. As rigorosas leis de responsabilidade por produtos defeituosos da Ge\u00f3rgia responsabilizam o fabricante estritamente por les\u00f5es causadas por um item defeituoso, independentemente da quest\u00e3o da neglig\u00eancia.<\/p>\n\n\n\n<p>Hoje em dia, praticamente qualquer pessoa lesada por um produto defeituoso pode entrar com uma a\u00e7\u00e3o judicial por danos pessoais ou morte culposa na Ge\u00f3rgia. No entanto, uma a\u00e7\u00e3o bem-sucedida exige um advogado experiente em responsabilidade por produtos defeituosos, como os da Diaz &amp; Gaeta em Smyrna, Ge\u00f3rgia.<\/p>\n\n\n\n<h2 class=\"wp-block-heading\" id=\"aioseo-common-causes-for-legal-action\" style=\"padding-top:var(--wp--preset--spacing--20)\">Causas comuns para a\u00e7\u00f5es judiciais<\/h2>\n\n\n\n<p>Os 3 principais tipos de defeitos em um produto que podem causar danos ao consumidor e dar origem a uma a\u00e7\u00e3o judicial s\u00e3o:<\/p>\n\n\n\n<h4 class=\"wp-block-heading\" id=\"aioseo-defective-design\">Projeto defeituoso<\/h4>\n\n\n\n<p>Um defeito de projeto significa que o produto em si apresenta uma falha fundamental em seu design. O produto foi projetado de forma que n\u00e3o seja seguro e possa causar danos potenciais. O defeito em si n\u00e3o ocorreu durante a fabrica\u00e7\u00e3o, mas o design do produto \u00e9 perigoso, independentemente de ter sido fabricado de acordo com os padr\u00f5es do fabricante.<\/p>\n\n\n\n<h4 class=\"wp-block-heading\" id=\"aioseo-manufacturing-defects\">Defeitos de fabrica\u00e7\u00e3o<\/h4>\n\n\n\n<p>Defeitos de fabrica\u00e7\u00e3o significam que o projeto do produto \u00e9 seguro, mas o defeito ocorreu em algum ponto da linha de produ\u00e7\u00e3o. Significa que o projeto do produto est\u00e1 correto, mas houve um problema ou falha durante o processo de fabrica\u00e7\u00e3o. Outros produtos com o mesmo projeto e fabricados da mesma maneira s\u00e3o seguros, com exce\u00e7\u00e3o deste lote.<\/p>\n\n\n\n<h4 class=\"wp-block-heading\" id=\"aioseo-labeling-defects\">Defeitos de rotulagem<\/h4>\n\n\n\n<p>Defeitos na rotulagem significam que o produto foi projetado com seguran\u00e7a e n\u00e3o apresenta defeitos de fabrica\u00e7\u00e3o, mas houve falha em alertar ou informar o consumidor sobre o manuseio ou consumo correto do produto, e o perigo potencial se manifestar de outra forma. Defeitos na rotulagem est\u00e3o principalmente associados a medicamentos ou eletrodom\u00e9sticos.<\/p>\n\n\n\n<h2 class=\"wp-block-heading\" id=\"aioseo-how-is-liability-determined\" style=\"padding-top:var(--wp--preset--spacing--20)\">Como se determina a responsabilidade?<\/h2>\n\n\n\n<p>Para apresentar uma reclama\u00e7\u00e3o de responsabilidade por produto defeituoso em Smyrna, Ge\u00f3rgia, voc\u00ea precisar\u00e1 primeiro comprovar que o produto era defeituoso, resultando em doen\u00e7as ou les\u00f5es. Para determinar a responsabilidade, voc\u00ea precisa comprovar os seguintes fundamentos legais:<\/p>\n\n\n\n<h4 class=\"wp-block-heading\" id=\"aioseo-strict-liability\">Responsabilidade objetiva<\/h4>\n\n\n\n<p><strong><a href=\"https:\/\/legal-dictionary.thefreedictionary.com\/strict+liability\" target=\"_blank\" rel=\"noopener\">Responsabilidade objetiva<\/a><\/strong> Permite que voc\u00ea receba indeniza\u00e7\u00e3o da parte culpada ap\u00f3s comprovar que o produto causou danos e era defeituoso. A responsabilidade objetiva ainda se aplica mesmo quando a parte culpada tomou as devidas precau\u00e7\u00f5es para garantir que o produto fosse seguro para uso.<\/p>\n\n\n\n<p>Desde que o produto seja considerado perigosamente defeituoso ou apresente defeitos significativos quando chegar ao consumidor, o r\u00e9u ser\u00e1 responsabilizado pelos danos associados ao seu uso.<\/p>\n\n\n\n<figure class=\"wp-block-image aligncenter\" style=\"margin-top:var(--wp--preset--spacing--20);margin-bottom:var(--wp--preset--spacing--20)\"><a href=\"https:\/\/dglawga.com\/wp-content\/uploads\/2022\/06\/Smyrna-product-liability-lawyer-diaz.jpg\"><img loading=\"lazy\" decoding=\"async\" width=\"500\" height=\"375\" src=\"https:\/\/dglawga.com\/wp-content\/uploads\/2022\/06\/Smyrna-product-liability-lawyer-diaz.jpg\" alt=\"Advogado de responsabilidade civil por produtos defeituosos em Smyrna\" class=\"wp-image-2969\" srcset=\"https:\/\/dglawga.com\/wp-content\/uploads\/2022\/06\/Smyrna-product-liability-lawyer-diaz.jpg 500w, https:\/\/dglawga.com\/wp-content\/uploads\/2022\/06\/Smyrna-product-liability-lawyer-diaz-300x225.jpg 300w\" sizes=\"auto, (max-width: 500px) 100vw, 500px\" \/><\/a><\/figure>\n\n\n\n<h4 class=\"wp-block-heading\" id=\"aioseo-negligence\">Neglig\u00eancia<\/h4>\n\n\n\n<p>O elemento de neglig\u00eancia centra-se nas a\u00e7\u00f5es do r\u00e9u. Se a sua reclama\u00e7\u00e3o se baseia em neglig\u00eancia, qualquer parte pode ser responsabilizada por danos se a sua neglig\u00eancia ou imprud\u00eancia tornou o produto perigosamente defeituoso.<\/p>\n\n\n\n<p>Para que a parte culpada em uma a\u00e7\u00e3o de responsabilidade por produto seja responsabilizada por danos com base em neglig\u00eancia, ser\u00e1 necess\u00e1rio comprovar o seguinte:<\/p>\n\n\n\n<ul class=\"wp-block-list\">\n<li>A parte tinha o dever de cuidar de voc\u00ea.<\/li>\n\n\n\n<li>O partido violou esse dever de cuidado.<\/li>\n\n\n\n<li>A neglig\u00eancia da parte envolvida causou seus ferimentos.<\/li>\n\n\n\n<li>Voc\u00ea sofreu danos reais e indeniz\u00e1veis ap\u00f3s usar o produto.<\/li>\n<\/ul>\n\n\n\n<h4 class=\"wp-block-heading\" id=\"aioseo-failure-to-warn\">Falha em alertar<\/h4>\n\n\n\n<p>A lei de responsabilidade por produtos defeituosos da Ge\u00f3rgia exige que fabricantes e fornecedores incluam avisos f\u00e1ceis de entender nos r\u00f3tulos, revelando quaisquer perigos que possam n\u00e3o ser imediatamente aparentes para o consumidor final. Se os produtos n\u00e3o fornecerem avisos adequados sobre os perigos ou riscos associados ao seu uso, isso \u00e9 considerado uma falha na advert\u00eancia.<\/p>\n\n\n\n<p>O manual do propriet\u00e1rio inclu\u00eddo na embalagem do produto, juntamente com os avisos de seguran\u00e7a presentes no produto, devem ser claros e concisos. Al\u00e9m disso, precisam explicar todos os perigos e riscos potenciais associados ao uso do produto.<\/p>\n\n\n\n<h2 class=\"wp-block-heading\" id=\"aioseo-who-can-be-held-responsible-for-my-damages\" style=\"padding-top:var(--wp--preset--spacing--20)\">Quem pode ser responsabilizado pelos meus danos?<\/h2>\n\n\n\n<p>Na Ge\u00f3rgia, as partes que podem ser responsabilizadas pelos seus danos em um caso de responsabilidade por produto s\u00e3o todos os envolvidos na cadeia de distribui\u00e7\u00e3o do produto, ou seja, o caminho percorrido pelo produto desde o fabricante at\u00e9 o consumidor. Isso inclui:<\/p>\n\n\n\n<h4 class=\"wp-block-heading\" id=\"aioseo-manufacturer\">Fabricante<\/h4>\n\n\n\n<p>Se o defeito ocorreu durante o processo de fabrica\u00e7\u00e3o do produto, a pessoa ou empresa que o fabricou \u00e9 a culpada. Se houver v\u00e1rios fabricantes envolvidos na fabrica\u00e7\u00e3o do produto ou de suas pe\u00e7as, o fabricante respons\u00e1vel pelo defeito \u00e9 o responsabilizado.<\/p>\n\n\n\n<h4 class=\"wp-block-heading\" id=\"aioseo-wholesaler\">Atacadista<\/h4>\n\n\n\n<p>Atacadistas e distribuidores s\u00e3o pe\u00e7as-chave na cadeia de suprimentos, desempenhando um papel fundamental para que os produtos cheguem \u00e0s m\u00e3os dos clientes. Isso significa que \u00e9 de sua responsabilidade garantir que esses produtos sejam seguros e podem ser responsabilizados caso n\u00e3o o sejam.<\/p>\n\n\n\n<h4 class=\"wp-block-heading\" id=\"aioseo-retailer\">Varejista<\/h4>\n\n\n\n<p>Um varejista que anuncia um produto \u00e0 venda est\u00e1 implicitamente garantindo que ele \u00e9 seguro e adequado para uso. Se um consumidor acabar comprando um produto defeituoso, o vendedor (varejista) ainda poder\u00e1 ser responsabilizado por danos, mesmo que n\u00e3o tenha participado de sua fabrica\u00e7\u00e3o.<\/p>\n\n\n\n<p>No caso de produtos m\u00e9dicos, existem outros dois grupos que podem ser responsabilizados:<\/p>\n\n\n\n<h4 class=\"wp-block-heading\" id=\"aioseo-hospital-or-medical-clinic\">Hospital ou Cl\u00ednica M\u00e9dica<\/h4>\n\n\n\n<p>Qualquer estabelecimento m\u00e9dico, incluindo hospitais ou cl\u00ednicas que fa\u00e7am parte da cadeia de distribui\u00e7\u00e3o do produto, entre o fabricante e voc\u00ea, o consumidor, pode ser responsabilizado por seus ferimentos ou doen\u00e7as.<\/p>\n\n\n\n<h4 class=\"wp-block-heading\" id=\"aioseo-doctor\">Doutor<\/h4>\n\n\n\n<p>Os profissionais de sa\u00fade que recomendaram um produto m\u00e9dico podem ser responsabilizados por n\u00e3o alertarem sobre os perigos e riscos ou por n\u00e3o fornecerem instru\u00e7\u00f5es suficientes sobre como usar o produto corretamente.<\/p>\n\n\n\n<h2 class=\"wp-block-heading\" id=\"aioseo-contact-our-smyrna-product-liability-lawyers-for-help-today\" style=\"padding-top:var(--wp--preset--spacing--20)\">Entre em contato com nossos advogados especializados em responsabilidade por produtos defeituosos em Smyrna hoje mesmo para obter ajuda!<\/h2>\n\n\n\n<p>Se voc\u00ea ou um ente querido sofreu ferimentos devido a um produto defeituoso, voc\u00ea pode ter direito a indeniza\u00e7\u00e3o pelo dano sofrido junto ao fabricante, distribuidor ou vendedor do produto. N\u00e3o aceite menos do que voc\u00ea merece; por isso, voc\u00ea precisa dos advogados certos para represent\u00e1-lo.<\/p>\n\n\n\n<p>Os advogados de responsabilidade por produtos defeituosos de Smyrna em <strong><a href=\"https:\/\/dglawga.com\/pt\/\">Diaz e Gaeta<\/a><\/strong> Possuem vasta experi\u00eancia nesta \u00e1rea do direito de danos pessoais e sabem como negociar com a seguradora, podendo at\u00e9 mesmo levar o seu caso a julgamento, se necess\u00e1rio.<\/p>\n\n\n\n<p>Ligue-nos hoje mesmo para <a href=\"tel:+16785032780\"><strong>678-503-2780<\/strong><\/a> Agende sua consulta gratuita e sem compromisso para discutir as op\u00e7\u00f5es legais dispon\u00edveis para voc\u00ea! Aguardamos seu contato.<\/p>","protected":false},"excerpt":{"rendered":"<p>Defective products are the source for numerous senseless injuries and even some deaths of people in the United States each year and Smyrna, GA isn\u2019t an exception. Still, manufacturers have an obligation to create products that are safe for consumers and when they fail to do so, their products may cause harm to innocent buyers [&hellip;]<\/p>\n","protected":false},"author":34,"featured_media":0,"parent":1994,"menu_order":0,"comment_status":"closed","ping_status":"closed","template":"wp-custom-template-smyrna-services","meta":{"_acf_changed":false,"_themeisle_gutenberg_block_has_review":false,"footnotes":""},"categories":[51],"tags":[55],"class_list":["post-2026","page","type-page","status-publish","hentry","category-smyrna-location","tag-product-liability"],"acf":[],"aioseo_notices":[],"_links":{"self":[{"href":"https:\/\/dglawga.com\/pt\/wp-json\/wp\/v2\/pages\/2026","targetHints":{"allow":["GET"]}}],"collection":[{"href":"https:\/\/dglawga.com\/pt\/wp-json\/wp\/v2\/pages"}],"about":[{"href":"https:\/\/dglawga.com\/pt\/wp-json\/wp\/v2\/types\/page"}],"author":[{"embeddable":true,"href":"https:\/\/dglawga.com\/pt\/wp-json\/wp\/v2\/users\/34"}],"replies":[{"embeddable":true,"href":"https:\/\/dglawga.com\/pt\/wp-json\/wp\/v2\/comments?post=2026"}],"version-history":[{"count":2,"href":"https:\/\/dglawga.com\/pt\/wp-json\/wp\/v2\/pages\/2026\/revisions"}],"predecessor-version":[{"id":7691,"href":"https:\/\/dglawga.com\/pt\/wp-json\/wp\/v2\/pages\/2026\/revisions\/7691"}],"up":[{"embeddable":true,"href":"https:\/\/dglawga.com\/pt\/wp-json\/wp\/v2\/pages\/1994"}],"wp:attachment":[{"href":"https:\/\/dglawga.com\/pt\/wp-json\/wp\/v2\/media?parent=2026"}],"wp:term":[{"taxonomy":"category","embeddable":true,"href":"https:\/\/dglawga.com\/pt\/wp-json\/wp\/v2\/categories?post=2026"},{"taxonomy":"post_tag","embeddable":true,"href":"https:\/\/dglawga.com\/pt\/wp-json\/wp\/v2\/tags?post=2026"}],"curies":[{"name":"wp","href":"https:\/\/api.w.org\/{rel}","templated":true}]}}