{"id":2029,"date":"2022-06-07T17:44:39","date_gmt":"2022-06-07T17:44:39","guid":{"rendered":"https:\/\/diazgaetalaw.wpengine.com\/?page_id=2029"},"modified":"2025-06-15T09:56:04","modified_gmt":"2025-06-15T14:56:04","slug":"advogado-de-defesa-criminal","status":"publish","type":"page","link":"https:\/\/dglawga.com\/pt\/smyrna\/criminal-defense-lawyer\/","title":{"rendered":"Advogado de Defesa Criminal em Smyrna"},"content":{"rendered":"<p>Encontrar um advogado de defesa criminal confi\u00e1vel em Smyrna, Ge\u00f3rgia, \u00e9 sua tarefa principal quando voc\u00ea ou um ente querido \u00e9 acusado de um crime. O sistema de justi\u00e7a criminal na Ge\u00f3rgia \u00e9 bastante complexo, e voc\u00ea precisa de um advogado experiente e de boa reputa\u00e7\u00e3o para navegar pelo sistema e proteger seus direitos legais durante todo o processo. Muitas pessoas pesquisam no Google por &quot;advogados de defesa criminal em Smyrna&quot; ao procurar o melhor profissional para lidar com o caso. Sua pesquisa detalhada \u00e9 crucial para encontrar o melhor advogado para defender seus interesses.<\/p>\n\n\n\n<p>Diaz &amp; Gaeta \u00e9 a sua empresa de confian\u00e7a. <strong><a href=\"https:\/\/dglawga.com\/pt\/esmirna\/\">Escrit\u00f3rio de advocacia em Smyrna, Ge\u00f3rgia<\/a><\/strong> Nosso objetivo \u00e9 lidar com seu caso e reduzir ao m\u00e1ximo o impacto das acusa\u00e7\u00f5es, ou at\u00e9 mesmo conseguir que elas sejam retiradas por completo. A principal fun\u00e7\u00e3o do nosso advogado de defesa criminal \u00e9 combater os esfor\u00e7os do Estado para penaliz\u00e1-lo, criando uma ficha criminal permanente.<\/p>\n\n\n\n<p>Voc\u00ea n\u00e3o precisa passar por esse sofrimento sozinho quando pode escolher o melhor advogado de defesa criminal para representar seu caso. Quando um advogado de defesa criminal de alto n\u00edvel da Diaz &amp; Gaeta representa seu caso, voc\u00ea ou seu ente querido t\u00eam a garantia de que tudo o que for poss\u00edvel ser\u00e1 feito para defender seus direitos.<\/p>\n\n\n\n<p>Os advogados de defesa criminal do escrit\u00f3rio Diaz &amp; Gaeta obtiveram alguns dos melhores resultados poss\u00edveis para seus clientes sem sequer comparecerem a um tribunal. Nossa equipe especializada alcan\u00e7a esse sucesso por meio de an\u00e1lises criteriosas e prepara\u00e7\u00e3o minuciosa. Auxiliamos muitos clientes que enfrentam acusa\u00e7\u00f5es criminais com amplo conhecimento, respeito e compreens\u00e3o das leis estaduais, federais e locais.<\/p>\n\n\n\n<p>Ligue para Diaz &amp; Gaeta hoje mesmo pelo telefone <a href=\"tel:+16785032780\"><strong>678-503-2780<\/strong><\/a> Para agendar sua consulta gratuita.<\/p>\n\n\n\n<div class=\"wp-block-group has-accent-background-color has-background is-vertical is-layout-flex wp-container-core-group-is-layout-283d9697 wp-block-group-is-layout-flex\" style=\"border-top-left-radius:15px;border-top-right-radius:15px;margin-top:var(--wp--preset--spacing--30)\">\n<h2 class=\"wp-block-heading has-primary-color has-text-color has-link-color wp-elements-4164a61e17ffbe9e8a7446952ec87a5a\" id=\"aioseo-table-of-contents\">\u00cdNDICE<\/h2>\n<\/div>\n\n\n\n<div class=\"wp-block-group has-background is-vertical is-layout-flex wp-container-core-group-is-layout-d644fc7a wp-block-group-is-layout-flex\" style=\"border-bottom-left-radius:15px;border-bottom-right-radius:15px;background-color:#f3f3f3;margin-top:0\"><div class=\"wp-block-aioseo-table-of-contents\"><ul><li><a class=\"aioseo-toc-item\" href=\"#aioseo-what-are-your-rights-as-a-criminal-defendant-in-georgia\">Quais s\u00e3o os seus direitos como r\u00e9u em um processo criminal na Ge\u00f3rgia?<\/a><ul><li><a class=\"aioseo-toc-item\" href=\"#aioseo-the-right-to-remain-silent\">O Direito de Permanecer em Sil\u00eancio<\/a><\/li><li><a class=\"aioseo-toc-item\" href=\"#aioseo-the-right-to-confront-witnesses\">O direito de confrontar testemunhas<\/a><\/li><li><a class=\"aioseo-toc-item\" href=\"#aioseo-the-right-to-a-jury-trial\">O Direito a um Julgamento por J\u00fari<\/a><\/li><li><a class=\"aioseo-toc-item\" href=\"#aioseo-the-right-to-adequate-representation-by-an-attorney\">O direito \u00e0 representa\u00e7\u00e3o adequada por um advogado.<\/a><\/li><\/ul><\/li><li><a class=\"aioseo-toc-item\" href=\"#aioseo-what-is-a-misdemeanor-vs-a-felony-in-georgia\">Qual a diferen\u00e7a entre um delito menor e um crime grave na Ge\u00f3rgia?<\/a><\/li><li><a class=\"aioseo-toc-item\" href=\"#aioseo-should-i-consult-a-lawyer-before-speaking-to-police\">Devo consultar um advogado antes de falar com a pol\u00edcia?<\/a><\/li><li><a class=\"aioseo-toc-item\" href=\"#aioseo-what-is-the-habitual-offender-law\">O que \u00e9 a Lei de Reincid\u00eancia?<\/a><\/li><li><a class=\"aioseo-toc-item\" href=\"#aioseo-how-can-a-smyrna-criminal-defense-lawyer-help-me\">Como um advogado de defesa criminal em Smyrna pode me ajudar?<\/a><\/li><li><a class=\"aioseo-toc-item\" href=\"#aioseo-what-is-the-cost-of-legal-representation\">Qual o custo da representa\u00e7\u00e3o legal?<\/a><\/li><li><a class=\"aioseo-toc-item\" href=\"#aioseo-is-there-a-benefit-to-having-a-private-attorney-vs-a-court-appointed-attorney\">H\u00e1 alguma vantagem em ter um advogado particular em vez de um advogado nomeado pelo tribunal?<\/a><\/li><li><a class=\"aioseo-toc-item\" href=\"#aioseo-can-you-represent-yourself\">Voc\u00ea pode se representar?<\/a><\/li><li><a class=\"aioseo-toc-item\" href=\"#aioseo-should-i-accept-a-plea-bargain\">Devo aceitar um acordo judicial?<\/a><\/li><li><a class=\"aioseo-toc-item\" href=\"#aioseo-appealing-a-conviction-in-georgia\">Recorrendo de uma condena\u00e7\u00e3o na Ge\u00f3rgia<\/a><\/li><li><a class=\"aioseo-toc-item\" href=\"#aioseo-call-our-smyrna-criminal-defense-lawyers-today\">Ligue hoje mesmo para nossos advogados de defesa criminal em Smyrna!<\/a><\/li><\/ul><\/div><\/div>\n\n\n\n<h2 class=\"wp-block-heading\" id=\"aioseo-what-are-your-rights-as-a-criminal-defendant-in-georgia\">Quais s\u00e3o os seus direitos como r\u00e9u em um processo criminal na Ge\u00f3rgia?<\/h2>\n\n\n\n<p>Se voc\u00ea foi preso por um poss\u00edvel crime, pode estar se perguntando quais s\u00e3o seus direitos. A Constitui\u00e7\u00e3o dos EUA garante muitos direitos aos r\u00e9us em processos criminais. Aqui est\u00e3o os direitos mais importantes que um r\u00e9u em um processo criminal na Ge\u00f3rgia possui:<\/p>\n\n\n\n<h4 class=\"wp-block-heading\" id=\"aioseo-the-right-to-remain-silent\">O Direito de Permanecer em Sil\u00eancio<\/h4>\n\n\n\n<p>Isso faz parte dos Direitos de Miranda, que o policial pode ler para voc\u00ea no momento da sua pris\u00e3o. Veja como exercer corretamente o direito de permanecer em sil\u00eancio. Primeiro, assim que voc\u00ea solicitar um advogado, o policial deve parar de falar com voc\u00ea. Segundo, voc\u00ea pode invocar o direito \u00e0 Quinta Emenda, que garante ao r\u00e9u o direito de n\u00e3o depor nem se incriminar.<\/p>\n\n\n\n<h4 class=\"wp-block-heading\" id=\"aioseo-the-right-to-confront-witnesses\">O direito de confrontar testemunhas<\/h4>\n\n\n\n<p>A Sexta Emenda permite que voc\u00ea confronte quaisquer testemunhas de acusa\u00e7\u00e3o durante o seu julgamento. As testemunhas devem estar sujeitas ao escrut\u00ednio do j\u00fari e ter o direito de serem interrogadas pelo advogado de defesa.<\/p>\n\n\n\n<h4 class=\"wp-block-heading\" id=\"aioseo-the-right-to-a-jury-trial\">O Direito a um Julgamento por J\u00fari<\/h4>\n\n\n\n<p>A Sexta Emenda tamb\u00e9m garante ao r\u00e9u o direito a um julgamento por j\u00fari. Ela permite que o r\u00e9u seja julgado por um grupo de pessoas da mesma classe social, em vez de apenas pelo tribunal.<\/p>\n\n\n\n<h4 class=\"wp-block-heading\" id=\"aioseo-the-right-to-adequate-representation-by-an-attorney\">O direito \u00e0 representa\u00e7\u00e3o adequada por um advogado.<\/h4>\n\n\n\n<p>Voc\u00ea tem o direito de contratar um advogado para lidar com o seu caso. Se n\u00e3o tiver condi\u00e7\u00f5es de pagar um, o tribunal deve nomear um advogado qualificado para represent\u00e1-lo. Ali\u00e1s, al\u00e9m de contratar um advogado, voc\u00ea tamb\u00e9m tem o direito a uma representa\u00e7\u00e3o adequada por parte desse advogado.<\/p>\n\n\n\n<h2 class=\"wp-block-heading\" id=\"aioseo-what-is-a-misdemeanor-vs-a-felony-in-georgia\">Qual a diferen\u00e7a entre um delito menor e um crime grave na Ge\u00f3rgia?<\/h2>\n\n\n\n<p>A diferen\u00e7a entre um delito menor e um crime grave na Ge\u00f3rgia pode ser descrita como a acusa\u00e7\u00e3o de um crime menos s\u00e9rio versus a acusa\u00e7\u00e3o de um crime mais s\u00e9rio. De fato, um delito menor \u00e9 uma infra\u00e7\u00e3o menor, enquanto um crime grave \u00e9 uma infra\u00e7\u00e3o mais s\u00e9ria.<\/p>\n\n\n\n<p>A <a href=\"https:\/\/casetext.com\/statute\/code-of-georgia\/title-17-criminal-procedure\/chapter-10-sentence-and-punishment\/article-1-procedure-for-sentencing-and-imposition-of-punishment\/section-17-10-3-punishment-for-misdemeanors-generally\" target=\"_blank\" rel=\"noopener nofollow\">contraven\u00e7\u00e3o<\/a> No estado da Ge\u00f3rgia, a pena m\u00e1xima para contraven\u00e7\u00f5es \u00e9 de 1.600 d\u00f3lares e 1.000 d\u00f3lares e 12 meses de pris\u00e3o. O valor da multa pode variar dependendo do crime cometido. As contraven\u00e7\u00f5es s\u00e3o geralmente classificadas de acordo com a gravidade e severidade do delito. Contraven\u00e7\u00f5es graves e agravadas acarretam penalidades mais severas em compara\u00e7\u00e3o com contraven\u00e7\u00f5es simples \u2013 a multa pode chegar a 5.000 d\u00f3lares ou mais por crimes graves.<\/p>\n\n\n\n<p>Por outro lado, um crime grave na Ge\u00f3rgia acarreta uma pena m\u00ednima de mais de 12 meses. A maioria dos crimes graves no estado prev\u00ea penas que variam de 1 a 20 anos de pris\u00e3o.<\/p>\n\n\n\n<h2 class=\"wp-block-heading\" id=\"aioseo-should-i-consult-a-lawyer-before-speaking-to-police\">Devo consultar um advogado antes de falar com a pol\u00edcia?<\/h2>\n\n\n\n<p>Os casos de defesa criminal s\u00e3o complexos. Voc\u00ea deve sempre consultar um advogado antes de falar com a pol\u00edcia quando for acusado de um crime. Esses processos devem ser tratados com o m\u00e1ximo cuidado, pois se voc\u00ea disser algo errado durante a pris\u00e3o, isso poder\u00e1 ser usado contra voc\u00ea em um tribunal.<\/p>\n\n\n\n<p>Um advogado de defesa criminal qualificado e experiente em Smyrna ir\u00e1 aconselh\u00e1-lo sobre o que dizer e o que n\u00e3o dizer \u00e0 pol\u00edcia. Os advogados de defesa criminal experientes do escrit\u00f3rio Diaz &amp; Gaeta podem ajudar a reduzir o impacto das acusa\u00e7\u00f5es ao m\u00e1ximo ou at\u00e9 mesmo conseguir que elas sejam retiradas por completo.<\/p>\n\n\n\n<h2 class=\"wp-block-heading\" id=\"aioseo-what-is-the-habitual-offender-law\">O que \u00e9 a Lei de Reincid\u00eancia?<\/h2>\n\n\n\n<p>A lei de reincid\u00eancia permite que um juiz imponha uma pena mais severa a quem j\u00e1 cumpriu uma pena anteriormente. <a href=\"https:\/\/casetext.com\/statute\/code-of-georgia\/title-17-criminal-procedure\/chapter-10-sentence-and-punishment\/article-1-procedure-for-sentencing-and-imposition-of-punishment\/section-17-10-7-punishment-of-repeat-offenders-punishment-and-eligibility-for-parole-of-persons-convicted-of-fourth-felony-offense\" target=\"_blank\" rel=\"noopener nofollow\">reincidentes<\/a>. Na verdade, quanto mais crimes voc\u00ea cometer, mais severas ser\u00e3o as penas de acordo com esta lei. A lei da Ge\u00f3rgia define um infrator habitual como qualquer pessoa que tenha sido condenada por pelo menos tr\u00eas crimes graves nos \u00faltimos cinco anos.<\/p>\n\n\n\n<figure class=\"wp-block-image aligncenter\" style=\"margin-top:var(--wp--preset--spacing--20);margin-bottom:var(--wp--preset--spacing--20)\"><a href=\"https:\/\/dglawga.com\/wp-content\/uploads\/2022\/06\/Smyrna-criminal-defense-lawyer-diaz.jpg\"><img loading=\"lazy\" decoding=\"async\" width=\"500\" height=\"333\" src=\"https:\/\/dglawga.com\/wp-content\/uploads\/2022\/06\/Smyrna-criminal-defense-lawyer-diaz.jpg\" alt=\"Conceito de advogado de defesa criminal em Smyrna, martelo de juiz e algemas.\" class=\"wp-image-2974\" srcset=\"https:\/\/dglawga.com\/wp-content\/uploads\/2022\/06\/Smyrna-criminal-defense-lawyer-diaz.jpg 500w, https:\/\/dglawga.com\/wp-content\/uploads\/2022\/06\/Smyrna-criminal-defense-lawyer-diaz-300x200.jpg 300w\" sizes=\"auto, (max-width: 500px) 100vw, 500px\" \/><\/a><\/figure>\n\n\n\n<p><\/p>\n\n\n\n<h2 class=\"wp-block-heading\" id=\"aioseo-how-can-a-smyrna-criminal-defense-lawyer-help-me\">Como um advogado de defesa criminal em Smyrna pode me ajudar?<\/h2>\n\n\n\n<p>Enfrentar uma acusa\u00e7\u00e3o criminal \u00e9 considerado uma perspectiva assustadora para qualquer cidad\u00e3o da Ge\u00f3rgia. A maioria dos r\u00e9us fica sem saber o que fazer nessas circunst\u00e2ncias. A melhor maneira de lidar com uma acusa\u00e7\u00e3o criminal \u00e9 trabalhar com um advogado de defesa criminal confi\u00e1vel e experiente em Smyrna, Ge\u00f3rgia.<\/p>\n\n\n\n<p>Eis como um advogado pode ajud\u00e1-lo caso voc\u00ea esteja enfrentando acusa\u00e7\u00f5es criminais em Smyrna, Ge\u00f3rgia:<\/p>\n\n\n\n<ul class=\"wp-block-list\">\n<li><strong>Prepara\u00e7\u00e3o do caso<\/strong> Um bom advogado pode ajud\u00e1-lo a preparar seu caso de forma adequada e eficaz, entrevistando testemunhas e apresentando os documentos corretos.<\/li>\n\n\n\n<li><strong>Acordos de confiss\u00e3o de culpa<\/strong> \u2013 Os acordos de confiss\u00e3o s\u00e3o uma forma de resolver um caso. Trata-se de um acordo pr\u00e9-julgamento entre o r\u00e9u e a promotoria (o estado da Ge\u00f3rgia).<\/li>\n\n\n\n<li><strong>Capacidade de avaliar os resultados dos casos<\/strong> \u2013 Os advogados de defesa criminal j\u00e1 lidaram com centenas de casos criminais e est\u00e3o em posi\u00e7\u00e3o de avaliar o resultado do seu caso.<\/li>\n\n\n\n<li><strong>Conhecimento da lei e das normas judiciais<\/strong> \u2013 Eles t\u00eam conhecimento das leis penais e das normas judiciais da Ge\u00f3rgia.<\/li>\n\n\n\n<li><strong>Experi\u00eancia de teste<\/strong> \u2013 A equipe de advogados de defesa criminal da Diaz &amp; Gaeta possui vasta experi\u00eancia em julgamentos para levar seu caso a julgamento, se necess\u00e1rio.<\/li>\n<\/ul>\n\n\n\n<h2 class=\"wp-block-heading\" id=\"aioseo-what-is-the-cost-of-legal-representation\">Qual o custo da representa\u00e7\u00e3o legal?<\/h2>\n\n\n\n<p>Cada caso criminal \u00e9 diferente. O valor que voc\u00ea pode esperar pagar por um advogado criminalista particular varia dependendo de diversos fatores, incluindo o tipo de caso, a gravidade do crime, a experi\u00eancia do advogado e sua situa\u00e7\u00e3o financeira. Se o seu caso for a julgamento, voc\u00ea acabar\u00e1 pagando mais.<\/p>\n\n\n\n<p>Mas, no geral, se voc\u00ea n\u00e3o tem condi\u00e7\u00f5es de pagar um advogado de defesa criminal particular, ainda tem direito a um defensor p\u00fablico.<\/p>\n\n\n\n<h2 class=\"wp-block-heading\" id=\"aioseo-is-there-a-benefit-to-having-a-private-attorney-vs-a-court-appointed-attorney\">H\u00e1 alguma vantagem em ter um advogado particular em vez de um advogado nomeado pelo tribunal?<\/h2>\n\n\n\n<p>Sim. Advogados particulares n\u00e3o s\u00e3o nomeados pelo tribunal. Eles s\u00e3o escolhidos pessoalmente pelo r\u00e9u ou por sua fam\u00edlia. Ali\u00e1s, um advogado particular precisa de clientes satisfeitos para manter seu neg\u00f3cio e sua reputa\u00e7\u00e3o. Isso lhe dar\u00e1 um incentivo para fazer um trabalho melhor e satisfazer o cliente.<\/p>\n\n\n\n<h2 class=\"wp-block-heading\" id=\"aioseo-can-you-represent-yourself\">Voc\u00ea pode se representar?<\/h2>\n\n\n\n<p>Em um processo criminal, se voc\u00ea n\u00e3o tiver condi\u00e7\u00f5es de contratar um advogado, o tribunal nomear\u00e1 um para represent\u00e1-lo (defensor p\u00fablico). J\u00e1 em um processo c\u00edvel, se voc\u00ea n\u00e3o puder contratar um advogado, poder\u00e1 se representar em ju\u00edzo. Voc\u00ea n\u00e3o tem direito a um advogado nomeado pelo tribunal em um processo c\u00edvel.<\/p>\n\n\n\n<h2 class=\"wp-block-heading\" id=\"aioseo-should-i-accept-a-plea-bargain\">Devo aceitar um acordo judicial?<\/h2>\n\n\n\n<p>Seu advogado de defesa criminal \u00e9 a pessoa mais indicada para aconselh\u00e1-lo a aceitar um acordo judicial. Ele o aconselhar\u00e1 a aceitar um acordo judicial somente se isso for do seu melhor interesse. Se o promotor n\u00e3o estiver oferecendo um acordo, seu advogado de defesa criminal pode negociar um acordo judicial para reduzir as acusa\u00e7\u00f5es contra voc\u00ea. Isso o ajudar\u00e1 a evitar acusa\u00e7\u00f5es e penalidades mais graves.<\/p>\n\n\n\n<h2 class=\"wp-block-heading\" id=\"aioseo-appealing-a-conviction-in-georgia\">Recorrendo de uma condena\u00e7\u00e3o na Ge\u00f3rgia<\/h2>\n\n\n\n<p>Se voc\u00ea n\u00e3o estiver satisfeito com a decis\u00e3o, pode apresentar um recurso. Os casos de homic\u00eddio s\u00e3o levados \u00e0 inst\u00e2ncia superior. <strong><a href=\"https:\/\/www.gasupreme.us\/\" target=\"_blank\" rel=\"noopener\">Suprema Corte da Ge\u00f3rgia<\/a><\/strong> enquanto outros casos criminais s\u00e3o levados \u00e0 aprecia\u00e7\u00e3o do <a href=\"https:\/\/www.gaappeals.us\/\" target=\"_blank\" rel=\"noopener\"><strong>Tribunal de Apela\u00e7\u00f5es<\/strong><\/a>. Aqui est\u00e3o alguns exemplos de situa\u00e7\u00f5es em que voc\u00ea pode recorrer de uma condena\u00e7\u00e3o na Ge\u00f3rgia:<\/p>\n\n\n\n<ul class=\"wp-block-list\">\n<li>Representa\u00e7\u00e3o deficiente no julgamento.<\/li>\n\n\n\n<li>Irregularidades no j\u00fari.<\/li>\n\n\n\n<li>Veredictos tendenciosos\/inconsistentes ou problemas de divulga\u00e7\u00e3o.<\/li>\n\n\n\n<li>Erros ou conduta impr\u00f3pria do juiz do julgamento.<\/li>\n<\/ul>\n\n\n\n<h2 class=\"wp-block-heading\" id=\"aioseo-call-our-smyrna-criminal-defense-lawyers-today\">Ligue hoje mesmo para nossos advogados de defesa criminal em Smyrna!<\/h2>\n\n\n\n<p>Quando voc\u00ea ou um membro da sua fam\u00edlia for acusado de um crime em Smyrna, Ge\u00f3rgia, voc\u00ea deve contratar o melhor advogado de defesa criminal da regi\u00e3o para representar o seu caso. Se voc\u00ea n\u00e3o tiver condi\u00e7\u00f5es de pagar um advogado, o tribunal nomear\u00e1 um defensor p\u00fablico em seu nome. No entanto, um defensor p\u00fablico pode n\u00e3o oferecer o mesmo servi\u00e7o que um advogado de defesa criminal particular.<\/p>\n\n\n\n<p>Os advogados da <strong><a href=\"https:\/\/dglawga.com\/pt\/\">Diaz e Gaeta<\/a><\/strong> Estamos sempre prontos para representar seu caso e reduzir o impacto das acusa\u00e7\u00f5es ao m\u00e1ximo ou at\u00e9 mesmo conseguir que elas sejam retiradas por completo. Ligue para Diaz &amp; Gaeta hoje mesmo pelo telefone [inserir n\u00famero de telefone]. <a href=\"tel:+16785032780\"><strong>678-503-2780<\/strong><\/a> Para defender-se de acusa\u00e7\u00f5es criminais em Smyrna, Ge\u00f3rgia.<\/p>","protected":false},"excerpt":{"rendered":"<p>Finding a reliable criminal defense attorney in Smyrna, GA is your #1 task when you or a loved one is charged with a criminal offense. The criminal justice system in Georgia is quite complex, and you need a reputable and experienced lawyer to navigate the system and protect your legal rights in the process. Many [&hellip;]<\/p>\n","protected":false},"author":34,"featured_media":0,"parent":1994,"menu_order":0,"comment_status":"closed","ping_status":"closed","template":"wp-custom-template-smyrna-services","meta":{"_acf_changed":false,"_themeisle_gutenberg_block_has_review":false,"footnotes":""},"categories":[51],"tags":[124,123,120,21,122,57,59,126,58,121,125,119,26,118,116,117],"class_list":["post-2029","page","type-page","status-publish","hentry","category-smyrna-location","tag-abogado-coche-acidente","tag-abogado-gratis","tag-attorney-lawyer","tag-car-accidents","tag-car-accidents-lawyer","tag-criminal-defense","tag-family-law","tag-imigracion-abogados","tag-immigration","tag-immigration-lawyer","tag-marietta-abogado","tag-marietta-lawyer","tag-personal-injury","tag-top-lawyer-in-marietta","tag-top-lawyers-in-atlanta","tag-top-lawyers-in-smyrna"],"acf":[],"aioseo_notices":[],"_links":{"self":[{"href":"https:\/\/dglawga.com\/pt\/wp-json\/wp\/v2\/pages\/2029","targetHints":{"allow":["GET"]}}],"collection":[{"href":"https:\/\/dglawga.com\/pt\/wp-json\/wp\/v2\/pages"}],"about":[{"href":"https:\/\/dglawga.com\/pt\/wp-json\/wp\/v2\/types\/page"}],"author":[{"embeddable":true,"href":"https:\/\/dglawga.com\/pt\/wp-json\/wp\/v2\/users\/34"}],"replies":[{"embeddable":true,"href":"https:\/\/dglawga.com\/pt\/wp-json\/wp\/v2\/comments?post=2029"}],"version-history":[{"count":2,"href":"https:\/\/dglawga.com\/pt\/wp-json\/wp\/v2\/pages\/2029\/revisions"}],"predecessor-version":[{"id":7693,"href":"https:\/\/dglawga.com\/pt\/wp-json\/wp\/v2\/pages\/2029\/revisions\/7693"}],"up":[{"embeddable":true,"href":"https:\/\/dglawga.com\/pt\/wp-json\/wp\/v2\/pages\/1994"}],"wp:attachment":[{"href":"https:\/\/dglawga.com\/pt\/wp-json\/wp\/v2\/media?parent=2029"}],"wp:term":[{"taxonomy":"category","embeddable":true,"href":"https:\/\/dglawga.com\/pt\/wp-json\/wp\/v2\/categories?post=2029"},{"taxonomy":"post_tag","embeddable":true,"href":"https:\/\/dglawga.com\/pt\/wp-json\/wp\/v2\/tags?post=2029"}],"curies":[{"name":"wp","href":"https:\/\/api.w.org\/{rel}","templated":true}]}}