{"id":2032,"date":"2022-06-07T17:45:35","date_gmt":"2022-06-07T17:45:35","guid":{"rendered":"https:\/\/diazgaetalaw.wpengine.com\/?page_id=2032"},"modified":"2025-12-05T07:50:08","modified_gmt":"2025-12-05T12:50:08","slug":"advogado-de-imigracao","status":"publish","type":"page","link":"https:\/\/dglawga.com\/pt\/smyrna\/immigration-lawyer\/","title":{"rendered":"Advogado de Imigra\u00e7\u00e3o em Smyrna"},"content":{"rendered":"<p>Obter a cidadania \u00e9 um passo importante na vida e pode ser repleto de complica\u00e7\u00f5es. Jurar lealdade a um novo pa\u00eds n\u00e3o \u00e9 algo que se deva encarar de forma leviana. <br>Com v\u00e1rias etapas complexas a serem conclu\u00eddas e formul\u00e1rios a serem preenchidos, os erros s\u00e3o um problema comum que pode levar a grandes complica\u00e7\u00f5es no processo de imigra\u00e7\u00e3o\/naturaliza\u00e7\u00e3o.<\/p>\n\n\n\n<p>Contar com um advogado de imigra\u00e7\u00e3o profissional pode ser de grande ajuda para facilitar ao m\u00e1ximo o seu processo de cidadania. Se voc\u00ea est\u00e1 pensando em obter a cidadania americana ap\u00f3s ser residente permanente legal, os advogados de imigra\u00e7\u00e3o do escrit\u00f3rio Diaz &amp; Gaeta, em Smyrna, podem orient\u00e1-lo em todo o processo.<\/p>\n\n\n\n<p>Ligue para o nosso <strong><a href=\"https:\/\/dglawga.com\/pt\/esmirna\/\">Escrit\u00f3rio de advocacia em Smyrna, Ge\u00f3rgia<\/a><\/strong> hoje em <a href=\"tel:+16785032780\"><strong>678-503-2780<\/strong><\/a> Para agendar uma consulta gratuita com um advogado experiente.<\/p>\n\n\n\n<div class=\"wp-block-group has-accent-background-color has-background is-vertical is-layout-flex wp-container-core-group-is-layout-283d9697 wp-block-group-is-layout-flex\" style=\"border-top-left-radius:15px;border-top-right-radius:15px;margin-top:var(--wp--preset--spacing--30)\">\n<h2 class=\"wp-block-heading has-primary-color has-text-color has-link-color wp-elements-4164a61e17ffbe9e8a7446952ec87a5a\" id=\"aioseo-table-of-contents\">\u00cdNDICE<\/h2>\n<\/div>\n\n\n\n<div class=\"wp-block-group has-background is-vertical is-layout-flex wp-container-core-group-is-layout-d644fc7a wp-block-group-is-layout-flex\" style=\"border-bottom-left-radius:15px;border-bottom-right-radius:15px;background-color:#f3f3f3;margin-top:0\"><div class=\"wp-block-aioseo-table-of-contents\"><ul><li><a class=\"aioseo-toc-item\" href=\"#aioseo-what-is-naturalization\">O que \u00e9 a naturaliza\u00e7\u00e3o?<\/a><\/li><li><a class=\"aioseo-toc-item\" href=\"#aioseo-eligibility-for-naturalization\">Elegibilidade para Naturaliza\u00e7\u00e3o<\/a><\/li><li><a class=\"aioseo-toc-item\" href=\"#aioseo-what-is-the-immigration-naturalization-process\">Qual \u00e9 o processo de imigra\u00e7\u00e3o\/naturaliza\u00e7\u00e3o?<\/a><ul><li><a class=\"aioseo-toc-item\" href=\"#aioseo-biometrics\">Biometria<\/a><\/li><\/ul><\/li><li><a class=\"aioseo-toc-item\" href=\"#aioseo-what-is-the-process-of-legally-working-in-the-united-states\">Qual \u00e9 o processo para trabalhar legalmente nos Estados Unidos?<\/a><ul><li><a class=\"aioseo-toc-item\" href=\"#aioseo-h-1b-visa\">Visto H-1B<\/a><\/li><li><a class=\"aioseo-toc-item\" href=\"#aioseo-h-2-visa\">Visto H-2<\/a><\/li><li><a class=\"aioseo-toc-item\" href=\"#aioseo-b-1-visa\">Visto B-1<\/a><\/li><li><a class=\"aioseo-toc-item\" href=\"#aioseo-j-visa\">Visto J<\/a><\/li><li><a class=\"aioseo-toc-item\" href=\"#aioseo-l-1-visa\">Visto L-1<\/a><\/li><li><a class=\"aioseo-toc-item\" href=\"#aioseo-o-visa\">Visto O<\/a><\/li><li><a class=\"aioseo-toc-item\" href=\"#aioseo-p-visa\">Visto P<\/a><\/li><li><a class=\"aioseo-toc-item\" href=\"#aioseo-r-visa\">Visto R<\/a><\/li><li><a class=\"aioseo-toc-item\" href=\"#aioseo-tn-visa\">Visto TN<\/a><\/li><\/ul><\/li><li><a class=\"aioseo-toc-item\" href=\"#aioseo-can-your-firm-represent-me-in-a-deportation-case\">Seu escrit\u00f3rio pode me representar em um caso de deporta\u00e7\u00e3o?<\/a><\/li><li><a class=\"aioseo-toc-item\" href=\"#aioseo-why-should-i-choose-diaz-gaeta-to-represent-me\">Por que devo escolher Diaz &amp; Gaeta para me representar?<\/a><\/li><li><a class=\"aioseo-toc-item\" href=\"#aioseo-need-help-with-an-immigration-naturalization-issue-call-us-today\">Precisa de ajuda com uma quest\u00e3o de imigra\u00e7\u00e3o\/naturaliza\u00e7\u00e3o? Ligue para n\u00f3s hoje mesmo!<\/a><\/li><\/ul><\/div><\/div>\n\n\n\n<h2 class=\"wp-block-heading\" id=\"aioseo-what-is-naturalization\" style=\"padding-top:var(--wp--preset--spacing--20)\">O que \u00e9 a naturaliza\u00e7\u00e3o?<\/h2>\n\n\n\n<p>A naturaliza\u00e7\u00e3o refere-se ao processo legal pelo qual um estrangeiro ou cidad\u00e3o americano pode se tornar cidad\u00e3o dos Estados Unidos. Para ser naturalizado, o solicitante precisa primeiro atender a certos crit\u00e9rios para requerer a cidadania.<\/p>\n\n\n\n<h2 class=\"wp-block-heading\" id=\"aioseo-eligibility-for-naturalization\" style=\"padding-top:var(--wp--preset--spacing--20)\">Elegibilidade para Naturaliza\u00e7\u00e3o<\/h2>\n\n\n\n<p>O Servi\u00e7o de Cidadania e Imigra\u00e7\u00e3o dos Estados Unidos (USCIS) define os seguintes requisitos de elegibilidade para os candidatos \u00e0 naturaliza\u00e7\u00e3o antes que possam solicitar a cidadania dos Estados Unidos:<\/p>\n\n\n\n<ul class=\"wp-block-list\">\n<li>Voc\u00ea deve ter pelo menos 18 anos de idade.<\/li>\n\n\n\n<li>Voc\u00ea deve ter sido residente permanente legal dos EUA por pelo menos 5 anos antes de solicitar a naturaliza\u00e7\u00e3o.<\/li>\n\n\n\n<li>Voc\u00ea deve ter residido fisicamente nos EUA por um per\u00edodo m\u00ednimo de 5 anos no momento da solicita\u00e7\u00e3o.<\/li>\n\n\n\n<li>Voc\u00ea precisa ser capaz de falar e entender ingl\u00eas.<\/li>\n\n\n\n<li>Voc\u00ea deve ter boa reputa\u00e7\u00e3o moral.<\/li>\n<\/ul>\n\n\n\n<p>Se voc\u00ea atender aos requisitos acima, poder\u00e1 solicitar a naturaliza\u00e7\u00e3o. O processo para isso est\u00e1 descrito resumidamente abaixo.<\/p>\n\n\n\n<h2 class=\"wp-block-heading\" id=\"aioseo-what-is-the-immigration-naturalization-process\" style=\"padding-top:var(--wp--preset--spacing--20)\">Qual \u00e9 o processo de imigra\u00e7\u00e3o\/naturaliza\u00e7\u00e3o?<\/h2>\n\n\n\n<p>O USCIS (Servi\u00e7os de Cidadania e Imigra\u00e7\u00e3o dos Estados Unidos) disponibiliza uma planilha abrangente de elegibilidade para naturaliza\u00e7\u00e3o, auxiliando os candidatos a determinar se possuem os requisitos legais e mentais para obter a cidadania. Caso tenha alguma d\u00favida sobre qualquer item da planilha, nossos advogados de imigra\u00e7\u00e3o em Smyrna, Ge\u00f3rgia, podem orient\u00e1-lo durante todo o processo.<\/p>\n\n\n\n<p>O <a href=\"https:\/\/www.uscis.gov\/news\/news-releases\/naturalization-fact-sheet\" target=\"_blank\" rel=\"noopener\"><strong>processo de naturaliza\u00e7\u00e3o<\/strong><\/a> Em si \u00e9 bastante complexo, mas aqui est\u00e1 um breve resumo de como funciona:<\/p>\n\n\n\n<ul class=\"wp-block-list\">\n<li>Primeiro voc\u00ea completa o <strong><a href=\"https:\/\/www.uscis.gov\/n-400\" target=\"_blank\" rel=\"noopener\">Formul\u00e1rio N-400 ou formul\u00e1rio de pedido de cidadania<\/a><\/strong> Envie tudo para o USCIS juntamente com uma c\u00f3pia do seu green card, as fotos necess\u00e1rias e um cheque para a taxa de processamento. Nossos advogados de imigra\u00e7\u00e3o da Diaz &amp; Gaeta podem ajudar com o processo.<\/li>\n\n\n\n<li>Em seguida, voc\u00ea dever\u00e1 comparecer a uma entrevista presencial, cujo agendamento pode levar v\u00e1rios meses, dependendo do ac\u00famulo de processos. A entrevista avaliar\u00e1 seu conhecimento b\u00e1sico da hist\u00f3ria dos EUA, sua trajet\u00f3ria e dedica\u00e7\u00e3o aos EUA, al\u00e9m de sua profici\u00eancia em ingl\u00eas.<\/li>\n\n\n\n<li>O pr\u00f3ximo passo \u00e9 agendar uma consulta para coleta de dados biom\u00e9tricos em um escrit\u00f3rio local do USCIS. Voc\u00ea tamb\u00e9m precisar\u00e1 prestar o Juramento de Fidelidade aos EUA para demonstrar seu compromisso em ser um cidad\u00e3o dos Estados Unidos.<\/li>\n<\/ul>\n\n\n\n<h4 class=\"wp-block-heading\" id=\"aioseo-biometrics\">Biometria<\/h4>\n\n\n\n<p>Seus dados biom\u00e9tricos desempenhar\u00e3o um papel importante no processo de naturaliza\u00e7\u00e3o e, se voc\u00ea n\u00e3o seguir cuidadosamente as instru\u00e7\u00f5es relativas ao seu agendamento, poder\u00e1 sofrer atrasos na finaliza\u00e7\u00e3o do seu processo de cidadania. O USCIS disponibiliza recursos para ajud\u00e1-lo a se preparar para o agendamento da coleta de dados biom\u00e9tricos.<\/p>\n\n\n\n<p>O processo come\u00e7a com a inclus\u00e3o de duas fotos 3x4 e as impress\u00f5es digitais coletadas junto com o formul\u00e1rio N-400 preenchido no momento da solicita\u00e7\u00e3o. No dia do agendamento, voc\u00ea dever\u00e1 levar o comprovante de agendamento e um documento de identidade com foto v\u00e1lido.<\/p>\n\n\n\n<h2 class=\"wp-block-heading\" id=\"aioseo-what-is-the-process-of-legally-working-in-the-united-states\" style=\"padding-top:var(--wp--preset--spacing--20)\">Qual \u00e9 o processo para trabalhar legalmente nos Estados Unidos?<\/h2>\n\n\n\n<p>Se voc\u00ea tem interesse em trabalhar legalmente nos Estados Unidos, deve considerar a possibilidade de obter um visto de trabalho tempor\u00e1rio ou um visto permanente. <strong><a href=\"https:\/\/www.uscis.gov\/green-card\/how-to-apply-for-a-green-card\" target=\"_blank\" rel=\"noopener\">green card baseado em emprego<\/a><\/strong>. Existem diversos tipos de vistos de trabalho tempor\u00e1rio dispon\u00edveis, e cada um deles permite que voc\u00ea permane\u00e7a no pa\u00eds por um per\u00edodo espec\u00edfico.<\/p>\n\n\n\n<p>Aqui est\u00e3o os diferentes tipos de vistos de trabalho que nossos advogados de imigra\u00e7\u00e3o em Smyrna, Ge\u00f3rgia, podem ajud\u00e1-lo a solicitar:<\/p>\n\n\n\n<h4 class=\"wp-block-heading\" id=\"aioseo-h-1b-visa\">Visto H-1B<\/h4>\n\n\n\n<p>O visto H1-B permite que empresas nos Estados Unidos contratem trabalhadores internacionais com forma\u00e7\u00e3o superior para cargos e \u00e1reas de especializa\u00e7\u00e3o onde simplesmente n\u00e3o h\u00e1 profissionais suficientes nos Estados Unidos. Empresas l\u00edderes como Facebook, Google e Apple utilizam esse visto para contratar alguns de seus talentos.<\/p>\n\n\n\n<h4 class=\"wp-block-heading\" id=\"aioseo-h-2-visa\">Visto H-2<\/h4>\n\n\n\n<p>O visto H-2 est\u00e1 dispon\u00edvel para trabalhadores estrangeiros em \u00e1reas n\u00e3o agr\u00edcolas, caso n\u00e3o haja trabalhadores suficientes nos Estados Unidos para preencher essas vagas. Geralmente, esses vistos s\u00e3o utilizados para trabalhos sazonais, como em parques de divers\u00f5es, resorts de praia, esta\u00e7\u00f5es de esqui, etc.<\/p>\n\n\n\n<h4 class=\"wp-block-heading\" id=\"aioseo-b-1-visa\">Visto B-1<\/h4>\n\n\n\n<p>Se voc\u00ea precisar viajar aos EUA para uma curta viagem de neg\u00f3cios, como para negociar um contrato, resolver quest\u00f5es de heran\u00e7a ou participar de uma confer\u00eancia, poder\u00e1 se qualificar para um visto B-1. O per\u00edodo inicial de perman\u00eancia no pa\u00eds \u00e9 de cerca de 1 a 6 meses, mas \u00e9 poss\u00edvel solicitar uma prorroga\u00e7\u00e3o.<\/p>\n\n\n\n<h4 class=\"wp-block-heading\" id=\"aioseo-j-visa\">Visto J<\/h4>\n\n\n\n<p>O visto J \u00e9 um visto de visitante de interc\u00e2mbio que permite a entrada nos EUA como parte de um programa de interc\u00e2mbio cultural. Geralmente, \u00e9 concedido a m\u00e9dicos, au pairs e professores. O trabalho \u00e9 autorizado como parte dos termos do programa de interc\u00e2mbio.<\/p>\n\n\n\n<h4 class=\"wp-block-heading\" id=\"aioseo-l-1-visa\">Visto L-1<\/h4>\n\n\n\n<p>Um funcion\u00e1rio, gerente ou executivo estrangeiro com habilidades especializadas pode, por vezes, ser transferido para uma subsidi\u00e1ria, afiliada, divis\u00e3o ou filial matriz de uma empresa internacional nos EUA. O visto L-1 concede uma autoriza\u00e7\u00e3o de trabalho ao c\u00f4njuge do trabalhador estrangeiro transferido.<\/p>\n\n\n\n<figure class=\"wp-block-image aligncenter\" style=\"margin-top:var(--wp--preset--spacing--20);margin-bottom:var(--wp--preset--spacing--20)\"><a href=\"https:\/\/dglawga.com\/wp-content\/uploads\/2022\/06\/smyrna-immigration-lawyer-diaz.jpg\"><img decoding=\"async\" src=\"https:\/\/dglawga.com\/wp-content\/uploads\/2022\/06\/smyrna-immigration-lawyer-diaz.jpg\" alt=\"Livro sobre direito imigrat\u00f3rio, conceito de advogado de imigra\u00e7\u00e3o em Smyrna\"\/><\/a><\/figure>\n\n\n\n<h4 class=\"wp-block-heading\" id=\"aioseo-o-visa\">Visto O<\/h4>\n\n\n\n<p>O visto O \u00e9 emitido para artistas, educadores, cientistas, artistas de entretenimento, atletas e empres\u00e1rios estrangeiros com habilidades extraordin\u00e1rias que desejam vir temporariamente aos EUA para trabalhar em sua \u00e1rea de atua\u00e7\u00e3o.<\/p>\n\n\n\n<p>Os vistos O-1A s\u00e3o geralmente emitidos para atletas, educadores, empres\u00e1rios ou cientistas. J\u00e1 os vistos O-1B s\u00e3o emitidos para artistas perform\u00e1ticos, visuais e liter\u00e1rios, como escritores, fot\u00f3grafos, diretores, artistas pl\u00e1sticos, atores, cantores, etc.<\/p>\n\n\n\n<h4 class=\"wp-block-heading\" id=\"aioseo-p-visa\">Visto P<\/h4>\n\n\n\n<p>O visto P \u00e9 concedido a atletas, artistas e profissionais do entretenimento que desejam se apresentar ou competir temporariamente nos EUA, seja em equipe ou individualmente, em um evento espec\u00edfico. Os vistos P-2 s\u00e3o concedidos a artistas e atletas que participam de um programa de interc\u00e2mbio rec\u00edproco. J\u00e1 os vistos P-3 s\u00e3o concedidos a artistas e profissionais do entretenimento que desejam lecionar, treinar, se apresentar ou compartilhar seus talentos em um programa cultural.<\/p>\n\n\n\n<h4 class=\"wp-block-heading\" id=\"aioseo-r-visa\">Visto R<\/h4>\n\n\n\n<p>O visto R \u00e9 emitido para trabalhadores religiosos estrangeiros que desejam entrar temporariamente nos EUA. Um trabalhador religioso \u00e9 considerado uma pessoa que se dedica continuamente a uma atividade relacionada a uma fun\u00e7\u00e3o religiosa tradicional, como catequistas, mission\u00e1rios, tradutores religiosos, irm\u00e3os, lit\u00fargicos, cantores, monges, freiras, etc.<\/p>\n\n\n\n<h4 class=\"wp-block-heading\" id=\"aioseo-tn-visa\">Visto TN<\/h4>\n\n\n\n<p>Os vistos TN est\u00e3o dispon\u00edveis para trabalhadores qualificados do M\u00e9xico e do Canad\u00e1, ao abrigo do Tratado Norte-Americano de Livre Com\u00e9rcio (NAFTA). Os vistos TN permitem que cidad\u00e3os do M\u00e9xico e do Canad\u00e1 entrem temporariamente nos EUA para trabalhar em uma ocupa\u00e7\u00e3o aprovada pelo NAFTA.<\/p>\n\n\n\n<p>Obter um visto de trabalho que permita trabalhar legalmente nos EUA \u00e9 um processo particularmente complexo. De acordo com a lei, tanto o empregador quanto o candidato devem atender a certos requisitos e apresentar peti\u00e7\u00f5es a diversas ag\u00eancias governamentais.<\/p>\n\n\n\n<p>Considerando essa complexidade, a assist\u00eancia de um advogado de imigra\u00e7\u00e3o experiente \u00e9 altamente recomendada para garantir que todos os requisitos sejam cumpridos, as provas sejam apresentadas de forma eficaz e nenhum erro seja cometido que possa causar atrasos ou mesmo a recusa do pedido.<\/p>\n\n\n\n<h2 class=\"wp-block-heading\" id=\"aioseo-can-your-firm-represent-me-in-a-deportation-case\" style=\"padding-top:var(--wp--preset--spacing--20)\">Seu escrit\u00f3rio pode me representar em um caso de deporta\u00e7\u00e3o?<\/h2>\n\n\n\n<p>Sim. Entendemos que o medo da deporta\u00e7\u00e3o \u00e9 um dos aspectos mais estressantes da vida de muitos imigrantes. Seja voc\u00ea um imigrante que se mudou para os EUA para trabalhar ou para ficar perto da fam\u00edlia, <strong><a href=\"https:\/\/www.usa.gov\/deportation\" target=\"_blank\" rel=\"noopener\">deporta\u00e7\u00e3o<\/a><\/strong> pode mudar completamente a sua vida.<\/p>\n\n\n\n<p>Al\u00e9m disso, defender-se da deporta\u00e7\u00e3o n\u00e3o \u00e9 f\u00e1cil, visto que a legisla\u00e7\u00e3o imigrat\u00f3ria est\u00e1 em constante mudan\u00e7a. Felizmente, os experientes advogados de imigra\u00e7\u00e3o de Smyrna, do escrit\u00f3rio Diaz &amp; Gaeta, conhecem as leis vigentes e sabem como aplic\u00e1-las ao seu caso para construir a defesa mais s\u00f3lida poss\u00edvel.<\/p>\n\n\n\n<h2 class=\"wp-block-heading\" id=\"aioseo-why-should-i-choose-diaz-gaeta-to-represent-me\" style=\"padding-top:var(--wp--preset--spacing--20)\">Por que devo escolher Diaz &amp; Gaeta para me representar?<\/h2>\n\n\n\n<p>As leis de imigra\u00e7\u00e3o nos EUA n\u00e3o s\u00e3o apenas complexas, mas tamb\u00e9m est\u00e3o em constante mudan\u00e7a, o que pode dificultar, ou mesmo impossibilitar, a navega\u00e7\u00e3o dos imigrantes pelo sistema. \u00c9 por isso que voc\u00ea deve contratar nossos experientes advogados de imigra\u00e7\u00e3o da Diaz &amp; Gaeta para represent\u00e1-lo(a).<\/p>\n\n\n\n<p>Aqui est\u00e3o os 3 principais motivos pelos quais voc\u00ea deve considerar nos contratar:<\/p>\n\n\n\n<ul class=\"wp-block-list\">\n<li><strong>Conhecimento especializado:<\/strong> Nossos advogados de imigra\u00e7\u00e3o em Smyrna possuem vasta experi\u00eancia em direito imigrat\u00f3rio para ajud\u00e1-lo a desenvolver a melhor estrat\u00e9gia para o seu caso, aumentando suas chances de um resultado positivo.<\/li>\n\n\n\n<li><strong>Dedica\u00e7\u00e3o ao atendimento ao cliente:<\/strong> Nossos advogados de imigra\u00e7\u00e3o sempre priorizam obter os melhores resultados poss\u00edveis para os clientes, tomando todas as medidas para atender \u00e0s suas necessidades e alcan\u00e7ar o melhor resultado poss\u00edvel em cada caso.<\/li>\n\n\n\n<li><strong>Consultas gratuitas:<\/strong> Naturaliza\u00e7\u00e3o, deporta\u00e7\u00e3o e remo\u00e7\u00e3o s\u00e3o processos legais que custam dinheiro. Nosso escrit\u00f3rio de advocacia especializado em imigra\u00e7\u00e3o em Smyrna, Ge\u00f3rgia, oferece avalia\u00e7\u00f5es gratuitas, permitindo que voc\u00ea verifique se somos os advogados certos para o seu caso antes de investir seu dinheiro.<\/li>\n<\/ul>\n\n\n\n<h2 class=\"wp-block-heading\" id=\"aioseo-need-help-with-an-immigration-naturalization-issue-call-us-today\" style=\"padding-top:var(--wp--preset--spacing--20)\">Precisa de ajuda com uma quest\u00e3o de imigra\u00e7\u00e3o\/naturaliza\u00e7\u00e3o? Ligue para n\u00f3s hoje mesmo!<\/h2>\n\n\n\n<p>Para passar com sucesso pelo processo de imigra\u00e7\u00e3o\/naturaliza\u00e7\u00e3o nos EUA, \u00e9 necess\u00e1rio compreender bem as etapas envolvidas, al\u00e9m de se preparar adequadamente em cada fase para evitar atrasos desnecess\u00e1rios ou at\u00e9 mesmo a recusa do pedido.<\/p>\n\n\n\n<p>Se voc\u00ea est\u00e1 considerando se tornar cidad\u00e3o dos Estados Unidos por meio da naturaliza\u00e7\u00e3o, entre em contato com os experientes advogados de imigra\u00e7\u00e3o de Smyrna. <strong><a href=\"https:\/\/dglawga.com\/pt\/\">Diaz e Gaeta<\/a><\/strong> que ir\u00e1 orient\u00e1-lo em cada etapa do processo. Ligue para n\u00f3s hoje mesmo em <a href=\"tel:+16785032780\"><strong>678-503-2780<\/strong><\/a> Para agendar sua consulta gratuita.<\/p>","protected":false},"excerpt":{"rendered":"<p>Citizenship is a major step in your life and can be full of complications. Pledging your allegiance to a new country is not something you should take lightly. With several complex steps to complete and forms to fill out, mistakes are a common issue that can lead to major problems in the immigration\/naturalization process. Having [&hellip;]<\/p>\n","protected":false},"author":34,"featured_media":0,"parent":1994,"menu_order":0,"comment_status":"closed","ping_status":"closed","template":"wp-custom-template-smyrna-services","meta":{"_acf_changed":false,"_themeisle_gutenberg_block_has_review":false,"footnotes":""},"categories":[51],"tags":[58],"class_list":["post-2032","page","type-page","status-publish","hentry","category-smyrna-location","tag-immigration"],"acf":[],"aioseo_notices":[],"_links":{"self":[{"href":"https:\/\/dglawga.com\/pt\/wp-json\/wp\/v2\/pages\/2032","targetHints":{"allow":["GET"]}}],"collection":[{"href":"https:\/\/dglawga.com\/pt\/wp-json\/wp\/v2\/pages"}],"about":[{"href":"https:\/\/dglawga.com\/pt\/wp-json\/wp\/v2\/types\/page"}],"author":[{"embeddable":true,"href":"https:\/\/dglawga.com\/pt\/wp-json\/wp\/v2\/users\/34"}],"replies":[{"embeddable":true,"href":"https:\/\/dglawga.com\/pt\/wp-json\/wp\/v2\/comments?post=2032"}],"version-history":[{"count":20,"href":"https:\/\/dglawga.com\/pt\/wp-json\/wp\/v2\/pages\/2032\/revisions"}],"predecessor-version":[{"id":8614,"href":"https:\/\/dglawga.com\/pt\/wp-json\/wp\/v2\/pages\/2032\/revisions\/8614"}],"up":[{"embeddable":true,"href":"https:\/\/dglawga.com\/pt\/wp-json\/wp\/v2\/pages\/1994"}],"wp:attachment":[{"href":"https:\/\/dglawga.com\/pt\/wp-json\/wp\/v2\/media?parent=2032"}],"wp:term":[{"taxonomy":"category","embeddable":true,"href":"https:\/\/dglawga.com\/pt\/wp-json\/wp\/v2\/categories?post=2032"},{"taxonomy":"post_tag","embeddable":true,"href":"https:\/\/dglawga.com\/pt\/wp-json\/wp\/v2\/tags?post=2032"}],"curies":[{"name":"wp","href":"https:\/\/api.w.org\/{rel}","templated":true}]}}