{"id":2035,"date":"2022-06-07T17:46:24","date_gmt":"2022-06-07T17:46:24","guid":{"rendered":"https:\/\/diazgaetalaw.wpengine.com\/?page_id=2035"},"modified":"2025-06-15T10:13:09","modified_gmt":"2025-06-15T15:13:09","slug":"advogado-de-direito-familiar","status":"publish","type":"page","link":"https:\/\/dglawga.com\/pt\/smyrna\/family-law-attorney\/","title":{"rendered":"Advogado de Direito Familiar em Smyrna"},"content":{"rendered":"<p>Existem muitos problemas que podem surgir dentro de uma fam\u00edlia, sejam eles relacionados a casamento, uni\u00e3o est\u00e1vel ou mesmo uni\u00e3o civil. Contar com um bom advogado de direito familiar em Smyrna ser\u00e1 crucial para lidar com essas quest\u00f5es.<\/p>\n\n\n\n<p>Advogados de fam\u00edlia s\u00e3o profissionais que lidam com casos jur\u00eddicos relacionados ao direito de fam\u00edlia. Eles atuam em quest\u00f5es legais que envolvem a fam\u00edlia que representam. Essas quest\u00f5es incluem guarda de filhos, div\u00f3rcio e tutela, entre outras. Al\u00e9m disso, costumam atuar como mediadores em casos de disputas familiares.<\/p>\n\n\n\n<p>Na Diaz &amp; Gaeta, temos experi\u00eancia em lidar com casos de direito familiar em <strong><a href=\"https:\/\/dglawga.com\/pt\/esmirna\/\">Smyrna, Ge\u00f3rgia<\/a><\/strong> e nas \u00e1reas circundantes. Entre em contato conosco pelo endere\u00e7o: <a href=\"tel:+16785032780\"><strong>678-503-2780<\/strong><\/a> Entre em contato hoje mesmo para saber mais sobre o que podemos fazer por voc\u00ea.<\/p>\n\n\n\n<div class=\"wp-block-group has-accent-background-color has-background is-vertical is-layout-flex wp-container-core-group-is-layout-283d9697 wp-block-group-is-layout-flex\" style=\"border-top-left-radius:15px;border-top-right-radius:15px;margin-top:var(--wp--preset--spacing--30)\">\n<h2 class=\"wp-block-heading has-primary-color has-text-color has-link-color wp-elements-4164a61e17ffbe9e8a7446952ec87a5a\" id=\"aioseo-table-of-contents\">\u00cdNDICE<\/h2>\n<\/div>\n\n\n\n<div class=\"wp-block-group has-background is-vertical is-layout-flex wp-container-core-group-is-layout-d644fc7a wp-block-group-is-layout-flex\" style=\"border-bottom-left-radius:15px;border-bottom-right-radius:15px;background-color:#f3f3f3;margin-top:0\"><div class=\"wp-block-aioseo-table-of-contents\"><ul><li><a class=\"aioseo-toc-item\" href=\"#aioseo-benefits-of-having-a-family-law-attorney-in-smyrna\">Benef\u00edcios de ter um advogado especializado em Direito de Fam\u00edlia em Smyrna<\/a><ul><li><a class=\"aioseo-toc-item\" href=\"#aioseo-terminates-toxic-relationship\">Termina um relacionamento t\u00f3xico<\/a><\/li><li><a class=\"aioseo-toc-item\" href=\"#aioseo-parenting-and-custody-disputes\">Disputas sobre guarda e cust\u00f3dia dos filhos<\/a><\/li><\/ul><\/li><li><a class=\"aioseo-toc-item\" href=\"#aioseo-what-qualifies-as-a-family-law-case\">O que se qualifica como um caso de Direito de Fam\u00edlia?<\/a><ul><li><a class=\"aioseo-toc-item\" href=\"#aioseo-contested-and-uncontested-divorce\">Div\u00f3rcio consensual e litigioso<\/a><\/li><li><a class=\"aioseo-toc-item\" href=\"#aioseo-spousal-support-and-alimony-agreements\">Acordos de Pens\u00e3o Aliment\u00edcia e Pens\u00e3o para o C\u00f4njuge<\/a><\/li><li><a class=\"aioseo-toc-item\" href=\"#aioseo-restraining-order\">Ordem de Restri\u00e7\u00e3o<\/a><\/li><li><a class=\"aioseo-toc-item\" href=\"#aioseo-legal-name-changes-in-georgia\">Mudan\u00e7as legais de nome na Ge\u00f3rgia<\/a><\/li><li><a class=\"aioseo-toc-item\" href=\"#aioseo-dss-cases\">Casos do DSS<\/a><\/li><\/ul><\/li><li><a class=\"aioseo-toc-item\" href=\"#aioseo-what-are-the-grounds-for-divorce-in-ga\">Quais s\u00e3o os motivos para div\u00f3rcio na Ge\u00f3rgia?<\/a><\/li><li><a class=\"aioseo-toc-item\" href=\"#aioseo-how-do-you-start-the-divorce-process\">Como iniciar o processo de div\u00f3rcio?<\/a><\/li><li><a class=\"aioseo-toc-item\" href=\"#aioseo-how-does-the-division-of-property-work-in-georgia\">Como funciona a divis\u00e3o de bens na Ge\u00f3rgia?<\/a><\/li><li><a class=\"aioseo-toc-item\" href=\"#aioseo-how-is-child-custody-decided\">Como \u00e9 decidida a guarda dos filhos?<\/a><\/li><li><a class=\"aioseo-toc-item\" href=\"#aioseo-what-is-alimony-and-how-is-it-decided\">O que \u00e9 pens\u00e3o aliment\u00edcia e como ela \u00e9 definida?<\/a><\/li><li><a class=\"aioseo-toc-item\" href=\"#aioseo-get-in-touch-with-a-smyrna-family-law-attorney-today\">Entre em contato com um advogado especializado em Direito de Fam\u00edlia em Smyrna hoje mesmo!<\/a><\/li><\/ul><\/div><\/div>\n\n\n\n<h2 class=\"wp-block-heading\" id=\"aioseo-benefits-of-having-a-family-law-attorney-in-smyrna\" style=\"padding-top:var(--wp--preset--spacing--20)\">Benef\u00edcios de ter um advogado especializado em Direito de Fam\u00edlia em Smyrna<\/h2>\n\n\n\n<p>A separa\u00e7\u00e3o de uma fam\u00edlia pode ser dif\u00edcil e repleta de incertezas. Por exemplo, quando os pais consideram o div\u00f3rcio, ficam bastante preocupados com o impacto que toda a situa\u00e7\u00e3o ter\u00e1 nos filhos. De modo geral, pesquisas mostram que as crian\u00e7as superam a separa\u00e7\u00e3o dos pais em um ou at\u00e9 dois anos. Al\u00e9m disso, tamb\u00e9m constataram que crian\u00e7as que cresceram em ambientes t\u00f3xicos apresentam mais traumas e dificuldades para superar.<\/p>\n\n\n\n<p>Quando uma situa\u00e7\u00e3o chega a um ponto sem retorno, \u00e9 o momento certo para voc\u00ea entrar em contato com os advogados de direito familiar da Diaz &amp; Gaeta. Representamos clientes em Smyrna, Ge\u00f3rgia. Entre em contato conosco hoje mesmo e aproveite os benef\u00edcios de contratar um profissional. Os benef\u00edcios de contratar um advogado de direito familiar s\u00e3o os seguintes:<\/p>\n\n\n\n<h4 class=\"wp-block-heading\" id=\"aioseo-terminates-toxic-relationship\">Termina um relacionamento t\u00f3xico<\/h4>\n\n\n\n<p>\u00c9 muito f\u00e1cil se ver preso em um relacionamento t\u00f3xico. O pior \u00e9 que voc\u00ea pode n\u00e3o perceber que est\u00e1 em um at\u00e9 que seja tarde demais. Algumas das caracter\u00edsticas de um relacionamento t\u00f3xico s\u00e3o abuso emocional e f\u00edsico, desrespeito, competi\u00e7\u00e3o e at\u00e9 mesmo conflitos entre o casal. Se voc\u00ea se encontra em uma situa\u00e7\u00e3o t\u00e3o infeliz, esse \u00e9 o momento certo para consultar um advogado e conhecer seus direitos legais.<\/p>\n\n\n\n<h4 class=\"wp-block-heading\" id=\"aioseo-parenting-and-custody-disputes\">Disputas sobre guarda e cust\u00f3dia dos filhos<\/h4>\n\n\n\n<p>\u00c9 isso que acontece imediatamente ap\u00f3s a separa\u00e7\u00e3o de um casal. O tempo de conviv\u00eancia e a guarda dos filhos se tornam uma batalha di\u00e1ria sobre quem deve fazer o qu\u00ea e quando. Consultar um advogado especializado em direito de fam\u00edlia pode orient\u00e1-lo sobre a melhor forma de proceder, beneficiando todos os envolvidos. Os tribunais geralmente n\u00e3o gostam de interferir no bem-estar de menores, a menos que haja uma quest\u00e3o grave que precise ser resolvida imediatamente.<\/p>\n\n\n\n<p>Voc\u00ea reside em Smyrna, Ge\u00f3rgia, e est\u00e1 procurando um bom advogado de direito familiar? Ent\u00e3o, n\u00e3o procure mais: o escrit\u00f3rio Diaz &amp; Gaeta Law \u00e9 a solu\u00e7\u00e3o. Nossa equipe experiente de advogados dedicados e qualificados pode ajud\u00e1-lo(a) a reconstruir seu futuro.<\/p>\n\n\n\n<h2 class=\"wp-block-heading\" id=\"aioseo-what-qualifies-as-a-family-law-case\" style=\"padding-top:var(--wp--preset--spacing--20)\">O que se qualifica como um caso de Direito de Fam\u00edlia?<\/h2>\n\n\n\n<p>Direitos parentais, guarda dos filhos e pens\u00e3o aliment\u00edcia. Todos os direitos individuais devem ser levados em considera\u00e7\u00e3o, desde os direitos dos pais at\u00e9 os direitos dos filhos.<\/p>\n\n\n\n<h4 class=\"wp-block-heading\" id=\"aioseo-contested-and-uncontested-divorce\">Div\u00f3rcio consensual e litigioso<\/h4>\n\n\n\n<p>Esses s\u00e3o os dois tipos de div\u00f3rcio que a maioria dos casais enfrenta. O div\u00f3rcio litigioso ocorre quando os c\u00f4njuges n\u00e3o conseguem chegar a um acordo e o caso acaba em tribunal, onde o juiz decide por eles. J\u00e1 o div\u00f3rcio consensual acontece quando o c\u00f4njuge n\u00e3o contesta os motivos que levam o outro a pedir o div\u00f3rcio.<\/p>\n\n\n\n<h4 class=\"wp-block-heading\" id=\"aioseo-spousal-support-and-alimony-agreements\">Acordos de Pens\u00e3o Aliment\u00edcia e Pens\u00e3o para o C\u00f4njuge<\/h4>\n\n\n\n<p>Este \u00e9 o montante que um c\u00f4njuge deve pagar ao outro como forma de aux\u00edlio financeiro ap\u00f3s o div\u00f3rcio.<\/p>\n\n\n\n<h4 class=\"wp-block-heading\" id=\"aioseo-restraining-order\">Ordem de Restri\u00e7\u00e3o<\/h4>\n\n\n\n<p>Trata-se de uma ordem judicial tempor\u00e1ria que impede um indiv\u00edduo de participar de certas atividades, especialmente de contatar ou entrar em contato com determinadas pessoas.<\/p>\n\n\n\n<h4 class=\"wp-block-heading\" id=\"aioseo-legal-name-changes-in-georgia\">Mudan\u00e7as legais de nome na Ge\u00f3rgia<\/h4>\n\n\n\n<p>Na Ge\u00f3rgia, a mudan\u00e7a de nome \u00e9 um processo legal que precisa ser aprovado pelas autoridades. Voc\u00ea deve apresentar sua peti\u00e7\u00e3o ao tribunal superior local e aguardar pelo menos 30 dias para receber uma resposta.<\/p>\n\n\n\n<h4 class=\"wp-block-heading\" id=\"aioseo-dss-cases\">Casos do DSS<\/h4>\n\n\n\n<p>Uma das principais fun\u00e7\u00f5es deste departamento \u00e9 proteger as crian\u00e7as contra abusos e neglig\u00eancia. O Departamento de Servi\u00e7os Sociais (DSS) assegura o recebimento de relatos de crian\u00e7as que sofreram abusos e realiza uma investiga\u00e7\u00e3o completa dos casos.<\/p>\n\n\n\n<h2 class=\"wp-block-heading\" id=\"aioseo-what-are-the-grounds-for-divorce-in-ga\" style=\"padding-top:var(--wp--preset--spacing--20)\">Quais s\u00e3o os motivos para div\u00f3rcio na Ge\u00f3rgia?<\/h2>\n\n\n\n<p>Existem diversas raz\u00f5es pelas quais algu\u00e9m pode querer se divorciar do c\u00f4njuge. A seguir, apresentamos o que constitui... <strong><a href=\"http:\/\/ga.elaws.us\/law\/section19-5-3\" target=\"_blank\" rel=\"noopener nofollow\">motivos para div\u00f3rcio na Ge\u00f3rgia<\/a><\/strong>:<\/p>\n\n\n\n<ul class=\"wp-block-list\">\n<li>Tratamento cruel.<\/li>\n\n\n\n<li>Uso habitual de drogas.<\/li>\n\n\n\n<li>Condena\u00e7\u00e3o por determinados crimes.<\/li>\n\n\n\n<li>Incapacidade mental no momento do casamento.<\/li>\n\n\n\n<li>Adult\u00e9rio durante o casamento.<\/li>\n\n\n\n<li>Impot\u00eancia no momento do casamento.<\/li>\n\n\n\n<li>Ser condenado por um crime de &quot;deprava\u00e7\u00e3o moral&quot; que acarreta uma pena de pris\u00e3o de dois anos ou mais.<\/li>\n\n\n\n<li>Deser\u00e7\u00e3o.<\/li>\n\n\n\n<li>Doen\u00e7a mental incur\u00e1vel.<\/li>\n\n\n\n<li>Uso de for\u00e7a, fraude, coa\u00e7\u00e3o ou amea\u00e7a para obter o casamento.<\/li>\n\n\n\n<li>Ruptura inevit\u00e1vel do casamento.<\/li>\n\n\n\n<li>Casamento entre pessoas com la\u00e7os de parentesco que pro\u00edbem o casamento.<\/li>\n<\/ul>\n\n\n\n<figure class=\"wp-block-image aligncenter\" style=\"margin-top:var(--wp--preset--spacing--20);margin-bottom:var(--wp--preset--spacing--20)\"><a href=\"https:\/\/dglawga.com\/wp-content\/uploads\/2022\/06\/smyrna-family-law-attorney-diaz.jpg\"><img loading=\"lazy\" decoding=\"async\" width=\"500\" height=\"343\" src=\"https:\/\/dglawga.com\/wp-content\/uploads\/2022\/06\/smyrna-family-law-attorney-diaz.jpg\" alt=\"Div\u00f3rcio, conceito de advogado de direito familiar em Smyrna\" class=\"wp-image-3034\" srcset=\"https:\/\/dglawga.com\/wp-content\/uploads\/2022\/06\/smyrna-family-law-attorney-diaz.jpg 500w, https:\/\/dglawga.com\/wp-content\/uploads\/2022\/06\/smyrna-family-law-attorney-diaz-300x206.jpg 300w\" sizes=\"auto, (max-width: 500px) 100vw, 500px\" \/><\/a><\/figure>\n\n\n\n<h2 class=\"wp-block-heading\" id=\"aioseo-how-do-you-start-the-divorce-process\" style=\"padding-top:var(--wp--preset--spacing--20)\">Como iniciar o processo de div\u00f3rcio?<\/h2>\n\n\n\n<p>Primeiro, voc\u00ea precisa se certificar de que preenche os requisitos para o div\u00f3rcio. Se voc\u00ea e seu c\u00f4njuge residem na Ge\u00f3rgia h\u00e1 pelo menos seis meses, ent\u00e3o podem dar entrada no pedido de div\u00f3rcio. Segundo, voc\u00ea precisa ter motivos para o div\u00f3rcio. Uma vez estabelecidos esses motivos, voc\u00ea pode apresentar a peti\u00e7\u00e3o inicial de div\u00f3rcio.<\/p>\n\n\n\n<p>Na peti\u00e7\u00e3o inicial, voc\u00ea dever\u00e1 apresentar os fundamentos e comprovar resid\u00eancia. Tamb\u00e9m dever\u00e1 indicar quaisquer outras quest\u00f5es que deseje que o tribunal aborde, como pens\u00e3o aliment\u00edcia, guarda de filhos ou animais de estima\u00e7\u00e3o, ou partilha de bens.<\/p>\n\n\n\n<p>Se voc\u00ea for a pessoa que est\u00e1 entrando com o pedido, sua se\u00e7\u00e3o ser\u00e1 a requerente e seu c\u00f4njuge, o requerido. O tribunal disponibiliza formul\u00e1rios online para iniciar o processo de div\u00f3rcio. Voc\u00ea tamb\u00e9m ter\u00e1 acesso a v\u00eddeos, instru\u00e7\u00f5es e uma lista de verifica\u00e7\u00e3o para orient\u00e1-lo(a) durante todo o processo.<\/p>\n\n\n\n<p>Se voc\u00ea reside em Smyrna, Ge\u00f3rgia, dever\u00e1 apresentar a peti\u00e7\u00e3o de div\u00f3rcio no seguinte endere\u00e7o: <strong><a href=\"https:\/\/www.cobbsuperiorcourtclerk.com\/\" target=\"_blank\" rel=\"noopener\">Escriv\u00e3o do Tribunal Superior do Condado de Cobb<\/a><\/strong>. Observe que h\u00e1 uma taxa para isso, que geralmente varia entre duzentos e trezentos d\u00f3lares. O valor pode variar dependendo de qualquer documenta\u00e7\u00e3o adicional que voc\u00ea possa apresentar.<\/p>\n\n\n\n<p>Ap\u00f3s o protocolo do processo, seu c\u00f4njuge ser\u00e1 notificado(a) da intima\u00e7\u00e3o. Mesmo que ele(a) tenha concordado com a notifica\u00e7\u00e3o informal, voc\u00ea ainda dever\u00e1 obter um comprovante de recebimento, que ele(a) dever\u00e1 assinar. Caso contr\u00e1rio, a intima\u00e7\u00e3o ser\u00e1 entregue ao seu c\u00f4njuge por um oficial de justi\u00e7a.<\/p>\n\n\n\n<h2 class=\"wp-block-heading\" id=\"aioseo-how-does-the-division-of-property-work-in-georgia\" style=\"padding-top:var(--wp--preset--spacing--20)\">Como funciona a divis\u00e3o de bens na Ge\u00f3rgia?<\/h2>\n\n\n\n<p>Os bens a serem divididos s\u00e3o categorizados em bens conjugais e bens particulares. Bens particulares s\u00e3o aqueles que um c\u00f4njuge possu\u00eda antes do casamento. Al\u00e9m disso, quaisquer bens deixados em testamento especificamente para um c\u00f4njuge, mesmo durante o casamento, s\u00e3o considerados bens particulares.<\/p>\n\n\n\n<p>Os bens adquiridos durante o casamento s\u00e3o classificados como patrim\u00f4nio conjugal. Isso se aplica tanto aos bens registrados em nome de um quanto aos registrados em nome de ambos os c\u00f4njuges.<\/p>\n\n\n\n<p>A partilha de bens conjugais raramente \u00e9 feita de forma igualit\u00e1ria, pois o tribunal leva em considera\u00e7\u00e3o diversos fatores. Isso inclui as contribui\u00e7\u00f5es financeiras e n\u00e3o financeiras feitas por cada c\u00f4njuge durante o casamento. A melhor maneira de garantir uma divis\u00e3o justa dos bens conjugais \u00e9 consultar um advogado.<\/p>\n\n\n\n<p>Nossos advogados de direito familiar em Smyrna podem identificar e impedir qualquer oculta\u00e7\u00e3o de bens por parte do seu c\u00f4njuge. Sabemos o que procurar para garantir que os bens conjugais e os bens particulares sejam classificados e contabilizados corretamente.<\/p>\n\n\n\n<h2 class=\"wp-block-heading\" id=\"aioseo-how-is-child-custody-decided\" style=\"padding-top:var(--wp--preset--spacing--20)\">Como \u00e9 decidida a guarda dos filhos?<\/h2>\n\n\n\n<p>A guarda \u00e9 concedida ao genitor mais merecedor, de acordo com o melhor interesse da crian\u00e7a. A Ge\u00f3rgia possui uma lista de fatores a serem considerados ao avaliar o melhor acordo de guarda. Os principais s\u00e3o:<\/p>\n\n\n\n<ul class=\"wp-block-list\">\n<li>O amor e a liga\u00e7\u00e3o emocional que existem entre os pais e os filhos.<\/li>\n\n\n\n<li>A capacidade e a disposi\u00e7\u00e3o dos pais em prover as necessidades b\u00e1sicas essenciais da crian\u00e7a, como alimenta\u00e7\u00e3o, cuidados m\u00e9dicos, vestu\u00e1rio, etc.<\/li>\n\n\n\n<li>A disposi\u00e7\u00e3o e a capacidade de qualquer um dos pais de possibilitar e incentivar um relacionamento pr\u00f3ximo e cont\u00ednuo entre o menor e o outro genitor, de acordo com o melhor interesse da crian\u00e7a.<\/li>\n<\/ul>\n\n\n\n<h2 class=\"wp-block-heading\" id=\"aioseo-what-is-alimony-and-how-is-it-decided\" style=\"padding-top:var(--wp--preset--spacing--20)\">O que \u00e9 pens\u00e3o aliment\u00edcia e como ela \u00e9 definida?<\/h2>\n\n\n\n<p>A pens\u00e3o aliment\u00edcia \u00e9 o pagamento que um c\u00f4njuge faz ao seu ex-c\u00f4njuge. \u00c9 determinada judicialmente e visa manter o padr\u00e3o de vida que um dos c\u00f4njuges tinha antes do div\u00f3rcio. Tamb\u00e9m pode servir para auxiliar o c\u00f4njuge de menor renda, garantindo sua estabilidade durante e ap\u00f3s o div\u00f3rcio.<\/p>\n\n\n\n<p>A pens\u00e3o aliment\u00edcia \u00e9 concedida em casos onde n\u00e3o houve abandono do lar ou adult\u00e9rio. N\u00e3o existe uma f\u00f3rmula espec\u00edfica para calcular a pens\u00e3o aliment\u00edcia. Ela \u00e9 concedida se houver necessidade e capacidade do outro c\u00f4njuge de pag\u00e1-la.<\/p>\n\n\n\n<p>Fatores como a dura\u00e7\u00e3o do casamento, os recursos financeiros de ambos os c\u00f4njuges, a situa\u00e7\u00e3o financeira de ambos os c\u00f4njuges e quaisquer outros fatores considerados equitativos pelo tribunal.<\/p>\n\n\n\n<h2 class=\"wp-block-heading\" id=\"aioseo-get-in-touch-with-a-smyrna-family-law-attorney-today\" style=\"padding-top:var(--wp--preset--spacing--20)\">Entre em contato com um advogado especializado em Direito de Fam\u00edlia em Smyrna hoje mesmo!<\/h2>\n\n\n\n<p>Chamar <a href=\"https:\/\/dglawga.com\/pt\/\"><strong>Diaz e Gaeta<\/strong><\/a> Ligue hoje mesmo para obter uma equipe de advogados determinados e experientes para represent\u00e1-lo(a) em seu caso de div\u00f3rcio em Smyrna, Ge\u00f3rgia. N\u00f3s cuidaremos de todo o trabalho \u00e1rduo enquanto voc\u00ea lida com os momentos emocionalmente dif\u00edceis que acompanham o processo de div\u00f3rcio. Ligue hoje mesmo para <a href=\"tel:+16785032780\"><strong>678-503-2780<\/strong><\/a> e receba uma consulta gratuita.<\/p>","protected":false},"excerpt":{"rendered":"<p>There are plenty of problems that may arise within a family, it could be marriage, domestic partnership, or even civil union problems. Having a good Smyrna family law attorney will play a crucial role as far as handling such matters is concerned. Family lawyers are professionals that handle legal cases about family law. They deal [&hellip;]<\/p>\n","protected":false},"author":34,"featured_media":0,"parent":1994,"menu_order":0,"comment_status":"closed","ping_status":"closed","template":"wp-custom-template-smyrna-services","meta":{"_acf_changed":false,"_themeisle_gutenberg_block_has_review":false,"footnotes":""},"categories":[51],"tags":[124,123,120,21,122,59,126,58,121,125,119,26,118,116,117],"class_list":["post-2035","page","type-page","status-publish","hentry","category-smyrna-location","tag-abogado-coche-acidente","tag-abogado-gratis","tag-attorney-lawyer","tag-car-accidents","tag-car-accidents-lawyer","tag-family-law","tag-imigracion-abogados","tag-immigration","tag-immigration-lawyer","tag-marietta-abogado","tag-marietta-lawyer","tag-personal-injury","tag-top-lawyer-in-marietta","tag-top-lawyers-in-atlanta","tag-top-lawyers-in-smyrna"],"acf":[],"aioseo_notices":[],"_links":{"self":[{"href":"https:\/\/dglawga.com\/pt\/wp-json\/wp\/v2\/pages\/2035","targetHints":{"allow":["GET"]}}],"collection":[{"href":"https:\/\/dglawga.com\/pt\/wp-json\/wp\/v2\/pages"}],"about":[{"href":"https:\/\/dglawga.com\/pt\/wp-json\/wp\/v2\/types\/page"}],"author":[{"embeddable":true,"href":"https:\/\/dglawga.com\/pt\/wp-json\/wp\/v2\/users\/34"}],"replies":[{"embeddable":true,"href":"https:\/\/dglawga.com\/pt\/wp-json\/wp\/v2\/comments?post=2035"}],"version-history":[{"count":4,"href":"https:\/\/dglawga.com\/pt\/wp-json\/wp\/v2\/pages\/2035\/revisions"}],"predecessor-version":[{"id":7700,"href":"https:\/\/dglawga.com\/pt\/wp-json\/wp\/v2\/pages\/2035\/revisions\/7700"}],"up":[{"embeddable":true,"href":"https:\/\/dglawga.com\/pt\/wp-json\/wp\/v2\/pages\/1994"}],"wp:attachment":[{"href":"https:\/\/dglawga.com\/pt\/wp-json\/wp\/v2\/media?parent=2035"}],"wp:term":[{"taxonomy":"category","embeddable":true,"href":"https:\/\/dglawga.com\/pt\/wp-json\/wp\/v2\/categories?post=2035"},{"taxonomy":"post_tag","embeddable":true,"href":"https:\/\/dglawga.com\/pt\/wp-json\/wp\/v2\/tags?post=2035"}],"curies":[{"name":"wp","href":"https:\/\/api.w.org\/{rel}","templated":true}]}}